{"id":14696,"date":"2021-09-21T10:47:52","date_gmt":"2021-09-21T08:47:52","guid":{"rendered":"http:\/\/www.felymalaser.sk\/?page_id=14696"},"modified":"2022-04-20T16:22:34","modified_gmt":"2022-04-20T14:22:34","slug":"cyber-blade","status":"publish","type":"page","link":"https:\/\/www.felymalaser.sk\/index.php\/cyber-blade\/","title":{"rendered":"Cyber BLADE"},"content":{"rendered":"<div class=\"fusion-fullwidth fullwidth-box fusion-builder-row-1 fusion-flex-container nonhundred-percent-fullwidth non-hundred-percent-height-scrolling\" style=\"--awb-border-radius-top-left:0px;--awb-border-radius-top-right:0px;--awb-border-radius-bottom-right:0px;--awb-border-radius-bottom-left:0px;--awb-flex-wrap:wrap;\" ><div class=\"fusion-builder-row fusion-row fusion-flex-align-items-flex-start fusion-flex-content-wrap\" style=\"max-width:1216.8px;margin-left: calc(-4% \/ 2 );margin-right: calc(-4% \/ 2 );\"><div class=\"fusion-layout-column fusion_builder_column fusion-builder-column-0 fusion_builder_column_1_1 1_1 fusion-flex-column\" style=\"--awb-bg-size:cover;--awb-width-large:100%;--awb-margin-top-large:0px;--awb-spacing-right-large:1.92%;--awb-margin-bottom-large:0px;--awb-spacing-left-large:1.92%;--awb-width-medium:100%;--awb-spacing-right-medium:1.92%;--awb-spacing-left-medium:1.92%;--awb-width-small:100%;--awb-spacing-right-small:1.92%;--awb-spacing-left-small:1.92%;\"><div class=\"fusion-column-wrapper fusion-flex-justify-content-flex-start fusion-content-layout-column\"><div class=\"fusion-title title fusion-title-1 fusion-sep-none fusion-title-text fusion-title-size-one\"><h1 class=\"fusion-title-heading title-heading-left\" style=\"margin:0;\"><h2>Cyber BLADE<\/h2><\/h1><\/div><div class=\"fusion-text fusion-text-1\" style=\"--awb-text-transform:none;\"><table class=\" aligncenter\" style=\"width: 80%; border-collapse: collapse;\">\n<tbody>\n<tr>\n<td style=\"width: 33.3333%;\"><img decoding=\"async\" class=\"aligncenter\" src=\"https:\/\/www.felymalaser.sk\/wp-content\/uploads\/2021\/09\/bez_udrzby.png\" sizes=\"(max-width: 150px) 100vw, 150px\" srcset=\"https:\/\/www.felymalaser.sk\/wp-content\/uploads\/2021\/09\/bez_udrzby-66x66.png 66w, https:\/\/www.felymalaser.sk\/wp-content\/uploads\/2021\/09\/bez_udrzby.png 150w\" alt=\"\" width=\"150\" height=\"150\" \/><\/td>\n<td style=\"width: 33.3333%;\"><img decoding=\"async\" class=\"aligncenter\" src=\"https:\/\/www.felymalaser.sk\/wp-content\/uploads\/2021\/09\/nenarocny.png\" sizes=\"(max-width: 150px) 100vw, 150px\" srcset=\"https:\/\/www.felymalaser.sk\/wp-content\/uploads\/2021\/09\/nenarocny-66x66.png 66w, https:\/\/www.felymalaser.sk\/wp-content\/uploads\/2021\/09\/nenarocny.png 150w\" alt=\"\" width=\"150\" height=\"150\" \/><\/td>\n<td style=\"width: 33.3333%;\"><img decoding=\"async\" class=\"aligncenter\" src=\"https:\/\/www.felymalaser.sk\/wp-content\/uploads\/2021\/09\/bez_oneskorenia.png\" sizes=\"(max-width: 150px) 100vw, 150px\" srcset=\"https:\/\/www.felymalaser.sk\/wp-content\/uploads\/2021\/09\/bez_oneskorenia-66x66.png 66w, https:\/\/www.felymalaser.sk\/wp-content\/uploads\/2021\/09\/bez_oneskorenia.png 150w\" alt=\"\" width=\"150\" height=\"150\" \/><\/td>\n<\/tr>\n<tr>\n<td style=\"text-align: center;\">\n<h4><span style=\"font-size: 14px; font-family: helvetica, arial, sans-serif;\">Bez \u00fadr\u017eby<\/span><br \/>\n<span style=\"font-size: 14px; font-family: helvetica, arial, sans-serif;\">Bez servisu<\/span><\/h4>\n<\/td>\n<td style=\"text-align: center;\">\n<h4><span style=\"font-size: 14px; font-family: helvetica, arial, sans-serif;\">Nie je \u010dasovo n\u00e1ro\u010dn\u00fd<\/span><br \/>\n<span style=\"font-size: 14px; font-family: helvetica, arial, sans-serif;\">a\u00a0drah\u00fd na prepracovanie<\/span><\/h4>\n<\/td>\n<td style=\"text-align: center;\">\n<h4><span style=\"font-size: 14px; font-family: helvetica, arial, sans-serif;\">\u017diadne oneskorenie kv\u00f4li opakovan\u00e9mu pou\u017eitiu morcel\u00e1tora<\/span><\/h4>\n<\/td>\n<\/tr>\n<tr>\n<td style=\"width: 33.3333%; text-align: center;\">\n<h4 style=\"text-align: center;\"><img decoding=\"async\" style=\"font-weight: 400; text-align: start;\" src=\"https:\/\/www.felymalaser.sk\/wp-content\/uploads\/2021\/09\/kompletne_balenia.png\" sizes=\"(max-width: 150px) 100vw, 150px\" srcset=\"https:\/\/www.felymalaser.sk\/wp-content\/uploads\/2021\/09\/kompletne_balenia-66x66.png 66w, https:\/\/www.felymalaser.sk\/wp-content\/uploads\/2021\/09\/kompletne_balenia.png 150w\" alt=\"\" width=\"150\" height=\"150\" \/><em><br \/>\n<\/em><\/h4>\n<\/td>\n<td style=\"width: 33.3333%; text-align: center;\">\n<h4 style=\"text-align: center;\"><img decoding=\"async\" style=\"font-weight: 400; text-align: start;\" src=\"https:\/\/www.felymalaser.sk\/wp-content\/uploads\/2021\/09\/bez_rizika.png\" sizes=\"(max-width: 150px) 100vw, 150px\" srcset=\"https:\/\/www.felymalaser.sk\/wp-content\/uploads\/2021\/09\/bez_rizika-66x66.png 66w, https:\/\/www.felymalaser.sk\/wp-content\/uploads\/2021\/09\/bez_rizika.png 150w\" alt=\"\" width=\"150\" height=\"150\" \/><em><br \/>\n<\/em><\/h4>\n<\/td>\n<td style=\"width: 33.3333%; text-align: center;\"><img decoding=\"async\" src=\"https:\/\/www.felymalaser.sk\/wp-content\/uploads\/2021\/09\/ostra_cepel-1.png\" sizes=\"(max-width: 150px) 100vw, 150px\" srcset=\"https:\/\/www.felymalaser.sk\/wp-content\/uploads\/2021\/09\/ostra_cepel-1-66x66.png 66w, https:\/\/www.felymalaser.sk\/wp-content\/uploads\/2021\/09\/ostra_cepel-1.png 150w\" alt=\"\" width=\"150\" height=\"150\" \/><\/td>\n<\/tr>\n<tr>\n<td style=\"text-align: center;\">\n<h4><span style=\"font-size: 14px; font-family: helvetica, arial, sans-serif;\">Kompletn\u00e9 balenie zo v\u0161etk\u00fdm potrebn\u00fd na jeden z\u00e1krok<\/span><\/h4>\n<\/td>\n<td style=\"text-align: center;\">\n<h4><span style=\"font-size: 14px; font-family: helvetica, arial, sans-serif;\">\u017diadne riziko kr\u00ed\u017eovej kontamin\u00e1cie medzi z\u00e1krokmi<\/span><\/h4>\n<\/td>\n<td style=\"text-align: center;\">\n<h4><span style=\"font-size: 14px; font-family: helvetica, arial, sans-serif;\">V\u017edy nov\u00e1 dokonale ostr\u00e1 a vysokov\u00fdkonn\u00e1 \u010depe\u013e<\/span><\/h4>\n<\/td>\n<\/tr>\n<\/tbody>\n<\/table>\n<h4 style=\"text-align: center;\"><\/h4>\n<p><img decoding=\"async\" src=\"https:\/\/www.felymalaser.sk\/wp-content\/uploads\/2021\/09\/cyber_blade.png\" sizes=\"(max-width: 377px) 100vw, 377px\" srcset=\"https:\/\/www.felymalaser.sk\/wp-content\/uploads\/2021\/09\/cyber_blade-200x241.png 200w, https:\/\/www.felymalaser.sk\/wp-content\/uploads\/2021\/09\/cyber_blade-249x300.png 249w, https:\/\/www.felymalaser.sk\/wp-content\/uploads\/2021\/09\/cyber_blade.png 377w\" alt=\"cyber blade\" width=\"377\" height=\"454\" \/><br \/>\n<a role=\"button\" href=\"https:\/\/www.felymalaser.sk\/wp-content\/uploads\/2021\/09\/cyber-blade-morcellator-system.pdf\"><br \/>\nProduktov\u00fd list<br \/>\n<\/a><\/p>\n<\/div><\/div><\/div><\/div><\/div>\n","protected":false},"excerpt":{"rendered":"","protected":false},"author":1,"featured_media":0,"parent":0,"menu_order":0,"comment_status":"closed","ping_status":"closed","template":"","meta":{"footnotes":""},"class_list":["post-14696","page","type-page","status-publish","hentry"],"_links":{"self":[{"href":"https:\/\/www.felymalaser.sk\/index.php\/wp-json\/wp\/v2\/pages\/14696","targetHints":{"allow":["GET"]}}],"collection":[{"href":"https:\/\/www.felymalaser.sk\/index.php\/wp-json\/wp\/v2\/pages"}],"about":[{"href":"https:\/\/www.felymalaser.sk\/index.php\/wp-json\/wp\/v2\/types\/page"}],"author":[{"embeddable":true,"href":"https:\/\/www.felymalaser.sk\/index.php\/wp-json\/wp\/v2\/users\/1"}],"replies":[{"embeddable":true,"href":"https:\/\/www.felymalaser.sk\/index.php\/wp-json\/wp\/v2\/comments?post=14696"}],"version-history":[{"count":78,"href":"https:\/\/www.felymalaser.sk\/index.php\/wp-json\/wp\/v2\/pages\/14696\/revisions"}],"predecessor-version":[{"id":15050,"href":"https:\/\/www.felymalaser.sk\/index.php\/wp-json\/wp\/v2\/pages\/14696\/revisions\/15050"}],"wp:attachment":[{"href":"https:\/\/www.felymalaser.sk\/index.php\/wp-json\/wp\/v2\/media?parent=14696"}],"curies":[{"name":"wp","href":"https:\/\/api.w.org\/{rel}","templated":true}]}}