{"id":14677,"date":"2021-09-21T09:53:43","date_gmt":"2021-09-21T07:53:43","guid":{"rendered":"http:\/\/www.felymalaser.sk\/?page_id=14677"},"modified":"2022-04-20T16:37:16","modified_gmt":"2022-04-20T14:37:16","slug":"fiber-dust","status":"publish","type":"page","link":"https:\/\/www.felymalaser.sk\/index.php\/fiber-dust\/","title":{"rendered":"Fiber Dust"},"content":{"rendered":"<div class=\"fusion-fullwidth fullwidth-box fusion-builder-row-1 fusion-flex-container nonhundred-percent-fullwidth non-hundred-percent-height-scrolling\" style=\"--awb-border-radius-top-left:0px;--awb-border-radius-top-right:0px;--awb-border-radius-bottom-right:0px;--awb-border-radius-bottom-left:0px;--awb-flex-wrap:wrap;\" ><div class=\"fusion-builder-row fusion-row fusion-flex-align-items-flex-start fusion-flex-content-wrap\" style=\"max-width:1216.8px;margin-left: calc(-4% \/ 2 );margin-right: calc(-4% \/ 2 );\"><div class=\"fusion-layout-column fusion_builder_column fusion-builder-column-0 fusion_builder_column_2_3 2_3 fusion-flex-column\" style=\"--awb-bg-size:cover;--awb-width-large:66.666666666667%;--awb-margin-top-large:0px;--awb-spacing-right-large:3.84%;--awb-margin-bottom-large:0px;--awb-spacing-left-large:2.88%;--awb-width-medium:66.666666666667%;--awb-spacing-right-medium:3.84%;--awb-spacing-left-medium:2.88%;--awb-width-small:100%;--awb-spacing-right-small:1.92%;--awb-spacing-left-small:1.92%;\"><div class=\"fusion-column-wrapper fusion-flex-justify-content-flex-start fusion-content-layout-column\"><div class=\"fusion-title title fusion-title-1 fusion-sep-none fusion-title-text fusion-title-size-one\"><h1 class=\"fusion-title-heading title-heading-left\" style=\"margin:0;\">Fiber Dust\u00ae<\/h1><\/div><div class=\"fusion-text fusion-text-1\" style=\"--awb-text-transform:none;\"><h2>Fiber Dust\u00ae<\/h2>\n<p style=\"text-align: justify;\">Laserov\u00fd syst\u00e9m Fiber Dust\u00ae je chirurgick\u00e9 zariadenie Thulium Fiber Laser (TFL) ur\u010den\u00e9 ako pre litotripsiu, tak pre presn\u00fa chirurgiu m\u00e4kk\u00fdch tkan\u00edv. Laser pracuje s\u00a0vlnovou d\u013a\u017ekou 1,9 \u00b5m a m\u00e1 super pulzn\u00fd re\u017eim, ktor\u00fd umo\u017e\u0148uje fragment\u00e1ciu a abl\u00e1ciu kame\u0148a. V posledn\u00fdch rokoch sa technol\u00f3gia TFL stala novou alternat\u00edvou k holmiov\u00e9mu laseru, najm\u00e4 na litotripsiu.<\/p>\n<h2>Litotripsia<\/h2>\n<p style=\"text-align: justify;\">Prv\u00e9 sk\u00fasenosti in vitro a in vivo nazna\u010duj\u00fa siln\u00fd potenci\u00e1l technol\u00f3gie TFL pri abl\u00e1cii kame\u0148a. \u0160pi\u010dkov\u00fd v\u00fdkon TFL umo\u017e\u0148uje extr\u00e9mne obmedzen\u00fa retropulziu a z\u00e1rove\u0148 zais\u0165uje jemn\u00fd dusting kame\u0148a a generovanie drobn\u00fdch \u010dast\u00edc. Technol\u00f3gia TFL sa doposia\u013e osved\u010dila ako vynikaj\u00faci n\u00e1stroj na dusting konkremento s n\u00edzkou a\u017e strednou tvrdos\u0165ou.<\/p>\n<p style=\"text-align: justify;\">\u0160irok\u00fd rozsah\u00a0 opakovacej frekvencie (a\u017e 2 500 Hz) umo\u017e\u0148uje ur\u00fdchli\u0165 o\u0161etrenie, akon\u00e1hle n\u00e1jdete po\u017eadovan\u00fa kombin\u00e1ciu energie impulzu a trvania impulzu. Fiber Dust\u00ae umo\u017e\u0148uje pln\u00fd v\u00fdkon u\u017e s 200 \u00b5m jadrov\u00fdm vl\u00e1knom, tak\u017ee v pr\u00edpade potreby ponech\u00e1va priestor na zv\u00fd\u0161enie v\u00fdkonu. 150 \u00b5m vl\u00e1kno navy\u0161e umo\u017e\u0148uje e\u0161te v\u00e4\u010d\u0161iu flexibilitu.<\/p>\n<h2>Chirurgick\u00e9 vl\u00e1kna<\/h2>\n<p style=\"text-align: justify;\">Technol\u00f3gia TFL od spolo\u010dnosti Quanta System umo\u017e\u0148uje kompatibilitu s opakovane pou\u017eite\u013en\u00fdmi vl\u00e1knami.<\/p>\n<p style=\"text-align: justify;\">Portf\u00f3lio optick\u00fdch vl\u00e1kien kompatibiln\u00fdch s Fiber Dust\u00ae zah\u0155\u0148a priemery jadier od 200 \u00b5m do 1 000 \u00b5m, \u010do umo\u017e\u0148uje \u0161irok\u00fd v\u00fdber. V\u0161etky tieto vl\u00e1kna nemaj\u00fa \u017eiadne obmedzenia v\u00fdkonu, dokonca ani pre najmen\u0161iu ve\u013ekos\u0165 jadra. V\u010faka t\u00fdmto schopnostiam m\u00f4\u017eete dosiahnu\u0165 flexibilitu vl\u00e1kien a z\u00e1rove\u0148 vysok\u00fa emisn\u00fa silu.<\/p>\n<p style=\"text-align: justify;\">Nov\u00e9 150 \u00b5m vl\u00e1kno umo\u017e\u0148uje e\u0161te v\u00e4\u010d\u0161iu flexibilitu a zavla\u017eovac\u00ed tok a zaber\u00e1 menej miesta vo vn\u00fatri opera\u010dn\u00e9ho kan\u00e1la.<\/p>\n<p style=\"text-align: justify;\">V pr\u00edpade potreby m\u00f4\u017ee chirurg vybra\u0165 vl\u00e1kno s gu\u013eovou \u0161pi\u010dkou na v\u00fdrazne zjednodu\u0161en\u00e9 vkladanie vl\u00e1kien do u\u017e ohnut\u00fdch \u010falekoh\u013eadov, \u010d\u00edm sa zabr\u00e1ni po\u0161kodeniu pracovn\u00e9ho kan\u00e1la ureteroskopu<\/p>\n<p style=\"text-align: justify;\">Laser\u00a0 Fiber Dust\u00ae m\u00e1 zn\u00ed\u017een\u00e9 energetick\u00e9 n\u00e1roky, prin\u00e1\u0161a vysok\u00fd laserov\u00fd v\u00fdkon s obmedzenou spotrebou energie! Laser je kompatibiln\u00fd so \u0161tandardnou z\u00e1suvkou 230V\/16A<\/p>\n<h2>BPH a chirurgia m\u00e4kk\u00fdch tkan\u00edv<\/h2>\n<p style=\"text-align: justify;\">Vlnov\u00e1 d\u013a\u017eka thuliov\u00e9ho lasera je silne absorbovan\u00e1 vodou, \u010do umo\u017e\u0148uje \u00fa\u010dinn\u00fa a presn\u00fa abl\u00e1ciu a rez m\u00e4kk\u00fdch tkan\u00edv.<\/p>\n<p style=\"text-align: justify;\">Maxim\u00e1lny v\u00fdstupn\u00fd v\u00fdkon 60 W umo\u017e\u0148uje n\u00edzkoenergetick\u00fd ThuLEP (thulium laserov\u00e1 enukle\u00e1cia prostaty). Fiber Dust\u00ae umo\u017e\u0148uje\u00a0 superpulzovan\u00fd re\u017eim ThuLEP a tradi\u010dnej\u0161\u00edm ThuLEP s kontinu\u00e1lnym vy\u017earovan\u00edm (ktor\u00e9ho \u00fa\u010dinok je podobn\u00fd laseru Tm: YAG).<\/p>\n<p style=\"text-align: justify;\">Thulium laser je mo\u017en\u00e9 pou\u017ei\u0165 aj na hladk\u00fa abl\u00e1ciu, resekciu a inc\u00edziu m\u00e4kk\u00fdch tkan\u00edv mo\u010du, ktor\u00e9 vy\u017eaduj\u00fa n\u00edzky a\u017e stredn\u00fd v\u00fdkon, napr\u00edklad na lie\u010dbu n\u00e1dorov mo\u010dov\u00e9ho mech\u00fara a UUT a sten\u00f3zy.<\/p>\n<h2>Kontinu\u00e1lne a pulzn\u00e9 emisie<\/h2>\n<p style=\"text-align: justify;\">Fiber Dust\u00ae m\u00f4\u017ee pracova\u0165 s\u00a0pulznom aj kontinu\u00e1lnom re\u017eime. Pulzn\u00e1 emisia v\u010faka vy\u0161\u0161iemu \u0161pi\u010dkov\u00e9mu v\u00fdkonu umo\u017e\u0148uje litotripsiu kame\u0148a a agres\u00edvnej\u0161ie rezanie tkaniva so zn\u00ed\u017een\u00fdm zuho\u013enaten\u00edm tkaniva. Tieto efekty je mo\u017en\u00e9 \u010falej doladi\u0165 \u00fapravou nastavenia trvania impulzu, energie impulzu a opakovacej frekvencie. Na druhej strane kontinu\u00e1lna emisia umo\u017e\u0148uje plynulej\u0161ie a jemnej\u0161ie p\u00f4sobenie, \u010do potenci\u00e1lne poskytuje lep\u0161iu hemost\u00e1zu.<\/p>\n<h2>MasterPULSE<\/h2>\n<p style=\"text-align: justify;\">7 krokov nastavenia (vzh\u013eadom na tradi\u010dn\u00e9 3 kroky) umo\u017e\u0148uje presnej\u0161ie naladenie trvania impulzu (a \u0161pi\u010dkov\u00e9ho v\u00fdkonu). \u00daprava \u0161pi\u010dkov\u00e9ho v\u00fdkonu umo\u017e\u0148uje r\u00f4zne efekty na cielen\u00fd konkrement v z\u00e1vislosti od jeho tvrdosti, zlo\u017eenia a \u010fal\u0161\u00edch faktorov. Aj pri zacielen\u00ed na m\u00e4kk\u00e9 tkaniv\u00e1 maj\u00fa r\u00f4zne \u0161pi\u010dkov\u00e9 \u00farovne v\u00fdkonu za n\u00e1sledok r\u00f4zny \u00fa\u010dinok na tkaniv\u00e1.<\/p>\n<p style=\"text-align: justify;\">Upravte MasterPULSE tak, aby na z\u00e1klade va\u0161ej vizu\u00e1lnej sp\u00e4tnej v\u00e4zby vyladil \u00fa\u010dinok laserovej emisie, aby ste zmenili efekt litotripsie a rezania tkaniva!<a role=\"button\" href=\"https:\/\/www.felymalaser.sk\/wp-content\/uploads\/2021\/09\/FIBERDUST_rev001_ROTW_LD.pdf\"><br \/>\n<\/a><\/p>\n<\/div><\/div><\/div><div class=\"fusion-layout-column fusion_builder_column fusion-builder-column-1 fusion_builder_column_1_3 1_3 fusion-flex-column\" style=\"--awb-bg-size:cover;--awb-width-large:33.333333333333%;--awb-margin-top-large:0px;--awb-spacing-right-large:5.76%;--awb-margin-bottom-large:20px;--awb-spacing-left-large:3.84%;--awb-width-medium:33.333333333333%;--awb-order-medium:0;--awb-spacing-right-medium:5.76%;--awb-spacing-left-medium:3.84%;--awb-width-small:100%;--awb-order-small:0;--awb-spacing-right-small:1.92%;--awb-spacing-left-small:1.92%;\"><div class=\"fusion-column-wrapper fusion-column-has-shadow fusion-flex-justify-content-flex-start fusion-content-layout-column\"><div class=\"fusion-image-element \" style=\"--awb-caption-title-font-family:var(--h2_typography-font-family);--awb-caption-title-font-weight:var(--h2_typography-font-weight);--awb-caption-title-font-style:var(--h2_typography-font-style);--awb-caption-title-size:var(--h2_typography-font-size);--awb-caption-title-transform:var(--h2_typography-text-transform);--awb-caption-title-line-height:var(--h2_typography-line-height);--awb-caption-title-letter-spacing:var(--h2_typography-letter-spacing);\"><span class=\" fusion-imageframe imageframe-none imageframe-1 hover-type-zoomin\"><a href=\"https:\/\/www.felymalaser.sk\/wp-content\/uploads\/2021\/09\/tfl_at_a_glance-2.webp\" class=\"fusion-lightbox\" data-rel=\"iLightbox[0db806c47a2266d4b1f]\"><img decoding=\"async\" width=\"640\" height=\"360\" alt=\"fiber dust\" src=\"https:\/\/www.felymalaser.sk\/wp-content\/uploads\/2021\/09\/tfl_at_a_glance-2.webp\" class=\"img-responsive wp-image-14679\"\/><\/a><\/span><\/div><div class=\"fusion-separator fusion-full-width-sep\" style=\"align-self: center;margin-left: auto;margin-right: auto;margin-bottom:15px;width:100%;\"><\/div><div class=\"fusion-text fusion-text-2\" style=\"--awb-text-transform:none;\"><h2 style=\"text-align: center;\"><a href=\"https:\/\/www.felymalaser.sk\/wp-content\/uploads\/2021\/09\/FIBERDUST_rev001_ROTW_LD.pdf\">PRODUKTOV\u00dd LIST<\/a><\/h2>\n<\/div><\/div><\/div><\/div><\/div>\n","protected":false},"excerpt":{"rendered":"","protected":false},"author":1,"featured_media":0,"parent":0,"menu_order":0,"comment_status":"closed","ping_status":"closed","template":"","meta":{"footnotes":""},"class_list":["post-14677","page","type-page","status-publish","hentry"],"_links":{"self":[{"href":"https:\/\/www.felymalaser.sk\/index.php\/wp-json\/wp\/v2\/pages\/14677","targetHints":{"allow":["GET"]}}],"collection":[{"href":"https:\/\/www.felymalaser.sk\/index.php\/wp-json\/wp\/v2\/pages"}],"about":[{"href":"https:\/\/www.felymalaser.sk\/index.php\/wp-json\/wp\/v2\/types\/page"}],"author":[{"embeddable":true,"href":"https:\/\/www.felymalaser.sk\/index.php\/wp-json\/wp\/v2\/users\/1"}],"replies":[{"embeddable":true,"href":"https:\/\/www.felymalaser.sk\/index.php\/wp-json\/wp\/v2\/comments?post=14677"}],"version-history":[{"count":24,"href":"https:\/\/www.felymalaser.sk\/index.php\/wp-json\/wp\/v2\/pages\/14677\/revisions"}],"predecessor-version":[{"id":15057,"href":"https:\/\/www.felymalaser.sk\/index.php\/wp-json\/wp\/v2\/pages\/14677\/revisions\/15057"}],"wp:attachment":[{"href":"https:\/\/www.felymalaser.sk\/index.php\/wp-json\/wp\/v2\/media?parent=14677"}],"curies":[{"name":"wp","href":"https:\/\/api.w.org\/{rel}","templated":true}]}}