{"id":14454,"date":"2019-01-14T10:45:32","date_gmt":"2019-01-14T09:45:32","guid":{"rendered":"http:\/\/www.felymalaser.sk\/?page_id=14454"},"modified":"2022-04-07T09:17:52","modified_gmt":"2022-04-07T07:17:52","slug":"nuoavag","status":"publish","type":"page","link":"https:\/\/www.felymalaser.sk\/index.php\/nuoavag\/","title":{"rendered":"Nuoavag"},"content":{"rendered":"<div class=\"fusion-fullwidth fullwidth-box fusion-builder-row-1 fusion-flex-container hundred-percent-fullwidth non-hundred-percent-height-scrolling\" style=\"--awb-border-radius-top-left:0px;--awb-border-radius-top-right:0px;--awb-border-radius-bottom-right:0px;--awb-border-radius-bottom-left:0px;--awb-overflow:visible;--awb-flex-wrap:wrap;\" ><div class=\"fusion-builder-row fusion-row fusion-flex-align-items-flex-start fusion-flex-content-wrap\" style=\"width:104% !important;max-width:104% !important;margin-left: calc(-4% \/ 2 );margin-right: calc(-4% \/ 2 );\"><div class=\"fusion-layout-column fusion_builder_column fusion-builder-column-0 fusion_builder_column_3_4 3_4 fusion-flex-column\" style=\"--awb-bg-size:cover;--awb-width-large:75%;--awb-margin-top-large:0px;--awb-spacing-right-large:3.84%;--awb-margin-bottom-large:20px;--awb-spacing-left-large:2.56%;--awb-width-medium:75%;--awb-spacing-right-medium:3.84%;--awb-spacing-left-medium:2.56%;--awb-width-small:100%;--awb-spacing-right-small:1.92%;--awb-spacing-left-small:1.92%;\"><div class=\"fusion-column-wrapper fusion-flex-justify-content-flex-start fusion-content-layout-column\"><div class=\"fusion-text fusion-text-1\"><p><img decoding=\"async\" class=\"aligncenter size-full wp-image-14461\" src=\"https:\/\/www.felymalaser.sk\/wp-content\/uploads\/2019\/01\/download.png\" alt=\"\" width=\"144\" height=\"40\" \/><\/p>\n<p>Dispenzor DP 30 je univerz\u00e1lna infiltra\u010dn\u00e1 pumpa, ktor\u00e1 je ve\u013emi vhodn\u00e1 na aplik\u00e1ciu tumescentnej anest\u00e9zie pri endoven\u00f3znej laserovej abl\u00e1cii.<\/p>\n<p>Potenciometrom na pr\u00edstroji sa nastavuje po\u017eadovan\u00fd percentu\u00e1lny prietok a samotn\u00e9 d\u00e1vkovanie je ovl\u00e1dan\u00e9 variabiln\u00fdm no\u017en\u00fdm ped\u00e1lom.<\/p>\n<ul>\n<li>Najlep\u0161\u00ed pomer cena\/v\u00fdkon<\/li>\n<li>Univerz\u00e1lne pou\u017eite\u013en\u00fd<\/li>\n<li>Jednoduch\u00e9 ovl\u00e1danie<\/li>\n<li>Jednoduch\u00e1 \u00fadr\u017eba<\/li>\n<li>Kvalita infiltr\u00e1cie<\/li>\n<li>\u010casov\u00e1 \u00faspora v\u00a0porovnan\u00ed s inflitr\u00e1ciou pomocou ihly<\/li>\n<li>Kontinu\u00e1lne a\u00a0presne nastavite\u013en\u00fd v\u00fdkon infiltr\u00e1cie<\/li>\n<li>Spo\u013eahliv\u00e1, schv\u00e1len\u00e1 a stabiln\u00e1 technol\u00f3gia<\/li>\n<\/ul>\n<\/div><\/div><\/div><div class=\"fusion-layout-column fusion_builder_column fusion-builder-column-1 fusion_builder_column_1_4 1_4 fusion-flex-column\" style=\"--awb-bg-size:cover;--awb-width-large:25%;--awb-margin-top-large:0px;--awb-spacing-right-large:7.68%;--awb-margin-bottom-large:20px;--awb-spacing-left-large:3.84%;--awb-width-medium:25%;--awb-spacing-right-medium:7.68%;--awb-spacing-left-medium:3.84%;--awb-width-small:100%;--awb-spacing-right-small:1.92%;--awb-spacing-left-small:1.92%;\"><div class=\"fusion-column-wrapper fusion-flex-justify-content-flex-start fusion-content-layout-column\"><div class=\"fusion-image-element \" style=\"--awb-caption-title-font-family:var(--h2_typography-font-family);--awb-caption-title-font-weight:var(--h2_typography-font-weight);--awb-caption-title-font-style:var(--h2_typography-font-style);--awb-caption-title-size:var(--h2_typography-font-size);--awb-caption-title-transform:var(--h2_typography-text-transform);--awb-caption-title-line-height:var(--h2_typography-line-height);--awb-caption-title-letter-spacing:var(--h2_typography-letter-spacing);\"><span class=\" fusion-imageframe imageframe-none imageframe-1 hover-type-none\"><img decoding=\"async\" width=\"342\" height=\"424\" title=\"DP30\" src=\"https:\/\/www.felymalaser.sk\/wp-content\/uploads\/2019\/01\/DP30.jpg\" alt class=\"img-responsive wp-image-14455\" srcset=\"https:\/\/www.felymalaser.sk\/wp-content\/uploads\/2019\/01\/DP30-200x248.jpg 200w, https:\/\/www.felymalaser.sk\/wp-content\/uploads\/2019\/01\/DP30.jpg 342w\" sizes=\"(max-width: 640px) 100vw, 342px\" \/><\/span><\/div><div class=\"fusion-text fusion-text-2\"><p style=\"text-align: center;\"><a href=\"https:\/\/www.felymalaser.sk\/wp-content\/uploads\/2019\/01\/DP30.pdf\" target=\"_blank\" rel=\"noopener\"><img decoding=\"async\" class=\"aligncenter size-full wp-image-13062\" src=\"https:\/\/www.felymalaser.sk\/wp-content\/uploads\/2017\/02\/pdf.png\" alt=\"\" width=\"32\" height=\"32\" \/>Dispenzor DP30<\/a><\/p>\n<\/div><\/div><\/div><\/div><\/div>\n","protected":false},"excerpt":{"rendered":"","protected":false},"author":1,"featured_media":0,"parent":0,"menu_order":0,"comment_status":"closed","ping_status":"closed","template":"","meta":{"footnotes":""},"class_list":["post-14454","page","type-page","status-publish","hentry"],"_links":{"self":[{"href":"https:\/\/www.felymalaser.sk\/index.php\/wp-json\/wp\/v2\/pages\/14454","targetHints":{"allow":["GET"]}}],"collection":[{"href":"https:\/\/www.felymalaser.sk\/index.php\/wp-json\/wp\/v2\/pages"}],"about":[{"href":"https:\/\/www.felymalaser.sk\/index.php\/wp-json\/wp\/v2\/types\/page"}],"author":[{"embeddable":true,"href":"https:\/\/www.felymalaser.sk\/index.php\/wp-json\/wp\/v2\/users\/1"}],"replies":[{"embeddable":true,"href":"https:\/\/www.felymalaser.sk\/index.php\/wp-json\/wp\/v2\/comments?post=14454"}],"version-history":[{"count":6,"href":"https:\/\/www.felymalaser.sk\/index.php\/wp-json\/wp\/v2\/pages\/14454\/revisions"}],"predecessor-version":[{"id":14888,"href":"https:\/\/www.felymalaser.sk\/index.php\/wp-json\/wp\/v2\/pages\/14454\/revisions\/14888"}],"wp:attachment":[{"href":"https:\/\/www.felymalaser.sk\/index.php\/wp-json\/wp\/v2\/media?parent=14454"}],"curies":[{"name":"wp","href":"https:\/\/api.w.org\/{rel}","templated":true}]}}