{"id":14168,"date":"2017-11-27T13:14:29","date_gmt":"2017-11-27T12:14:29","guid":{"rendered":"http:\/\/www.felymalaser.sk\/?page_id=14168"},"modified":"2022-04-07T09:17:58","modified_gmt":"2022-04-07T07:17:58","slug":"hyaluronic-acid","status":"publish","type":"page","link":"https:\/\/www.felymalaser.sk\/index.php\/inno-tds\/hyaluronic-acid\/","title":{"rendered":"HYALURONIC ACID"},"content":{"rendered":"<div class=\"fusion-fullwidth fullwidth-box fusion-builder-row-1 fusion-flex-container hundred-percent-fullwidth non-hundred-percent-height-scrolling\" style=\"--awb-border-radius-top-left:0px;--awb-border-radius-top-right:0px;--awb-border-radius-bottom-right:0px;--awb-border-radius-bottom-left:0px;--awb-overflow:visible;--awb-flex-wrap:wrap;\" ><div class=\"fusion-builder-row fusion-row fusion-flex-align-items-flex-start fusion-flex-content-wrap\" style=\"width:104% !important;max-width:104% !important;margin-left: calc(-4% \/ 2 );margin-right: calc(-4% \/ 2 );\"><div class=\"fusion-layout-column fusion_builder_column fusion-builder-column-0 fusion_builder_column_2_3 2_3 fusion-flex-column\" style=\"--awb-bg-size:cover;--awb-width-large:66.666666666667%;--awb-margin-top-large:0px;--awb-spacing-right-large:3.84%;--awb-margin-bottom-large:20px;--awb-spacing-left-large:2.88%;--awb-width-medium:66.666666666667%;--awb-spacing-right-medium:3.84%;--awb-spacing-left-medium:2.88%;--awb-width-small:100%;--awb-spacing-right-small:1.92%;--awb-spacing-left-small:1.92%;\"><div class=\"fusion-column-wrapper fusion-flex-justify-content-flex-start fusion-content-layout-column\"><div class=\"fusion-text fusion-text-1\"><p style=\"letter-spacing: 1px; color: #648d45; font-size: 18px; margin-bottom: 0px; text-align: justify; font-family: Arial Narrow;\">Revitaliza\u010dn\u00e1 lie\u010dba po\u0161koden\u00fdch \u010dast\u00ed pleti v\u00a0oblastiach tv\u00e1re, krku, dekoltu<\/p>\n<p>&nbsp;<\/p>\n<p><strong>Akt\u00edvne zlo\u017eky<\/strong><\/p>\n<p>Kyselina hyalur\u00f3nov\u00e1<\/p>\n<p><strong>Mechanizmus fungovania<\/strong><\/p>\n<p>INNO-TDS HYALURONIC ACID<\/p>\n<p style=\"text-align: justify;\">Terapia ur\u010den\u00e1 pre revitaliz\u00e1ciu poko\u017eky, ktor\u00e1 kombinuje hydrata\u010dn\u00fd a stimula\u010dn\u00fd \u00fa\u010dinok na bunky v\u00a0\u00farovni ko\u017en\u00fdch tkan\u00edv, \u010d\u00edm sa obnouje pevnos\u0165 a elasticita ko\u017ee. Podporuje obnovu ko\u017en\u00fdch\u00a0 buniek a odstra\u0148uje hlbok\u00e9 vr\u00e1sky.<\/p>\n<p><strong>Indik\u00e1cie<\/strong><\/p>\n<p>V\u0161etky partie, u\u00a0ktor\u00fdch je potrebn\u00e1 revitaliz\u00e1cia poko\u017eky hlavne v\u00a0oblasti tv\u00e1re, krku a\u00a0dekoltu.<\/p>\n<p><strong>Aplik\u00e1cia<\/strong><\/p>\n<ul>\n<li>V\u00fdrobok je ur\u010den\u00fd len pre profesion\u00e1lne pou\u017eitie.<\/li>\n<li>Klasick\u00fd sp\u00f4sob mezoterapie \u00a0bod po bode, mikro-pupienky, alebo technika nappage<\/li>\n<li>Taktie\u017e je mo\u017en\u00e1 aplik\u00e1cia pr\u00edstrojom pre frak\u010dn\u00fa mezoterapiu, alebo dermatorollerom.<\/li>\n<li>Zavedenie pod ko\u017eu:\u00a0\u00a0 h\u013abka 2 mm<\/li>\n<li>Miesto aplik\u00e1cie: tv\u00e1r, krk,\u00a0 dekolt<\/li>\n<li>Frekvencia medzi sedeniami a\u00a0po\u010det cyklov : ka\u017ed\u00fdch 15 dn\u00ed\/ 3 sedenia\/<\/li>\n<\/ul>\n<p><strong>Dom\u00e1ca lie\u010dba<\/strong><\/p>\n<ul>\n<li>O\u0161etrite ple\u0165 s kr\u00e9mom\u00a0 INNO-DERMA Age Rescue C v\u017edy ve\u010der<\/li>\n<li>U\u017e\u00edvajte INNO-CAPS Age Control 4x denne<\/li>\n<\/ul>\n<\/div><\/div><\/div><div class=\"fusion-layout-column fusion_builder_column fusion-builder-column-1 fusion_builder_column_1_3 1_3 fusion-flex-column\" style=\"--awb-bg-size:cover;--awb-width-large:33.333333333333%;--awb-margin-top-large:0px;--awb-spacing-right-large:5.76%;--awb-margin-bottom-large:20px;--awb-spacing-left-large:3.8399999999999%;--awb-width-medium:33.333333333333%;--awb-spacing-right-medium:5.76%;--awb-spacing-left-medium:3.8399999999999%;--awb-width-small:100%;--awb-spacing-right-small:1.92%;--awb-spacing-left-small:1.92%;\"><div class=\"fusion-column-wrapper fusion-flex-justify-content-flex-start fusion-content-layout-column\"><div class=\"fusion-image-element \" style=\"--awb-caption-title-font-family:var(--h2_typography-font-family);--awb-caption-title-font-weight:var(--h2_typography-font-weight);--awb-caption-title-font-style:var(--h2_typography-font-style);--awb-caption-title-size:var(--h2_typography-font-size);--awb-caption-title-transform:var(--h2_typography-text-transform);--awb-caption-title-line-height:var(--h2_typography-line-height);--awb-caption-title-letter-spacing:var(--h2_typography-letter-spacing);\"><span class=\" fusion-imageframe imageframe-none imageframe-1 hover-type-none\"><img decoding=\"async\" width=\"451\" height=\"600\" title=\"hayaluronic-acid\" src=\"https:\/\/www.felymalaser.sk\/wp-content\/uploads\/2017\/11\/hayaluronic-acid.jpg\" alt class=\"img-responsive wp-image-14169\" srcset=\"https:\/\/www.felymalaser.sk\/wp-content\/uploads\/2017\/11\/hayaluronic-acid-200x266.jpg 200w, https:\/\/www.felymalaser.sk\/wp-content\/uploads\/2017\/11\/hayaluronic-acid-400x532.jpg 400w, https:\/\/www.felymalaser.sk\/wp-content\/uploads\/2017\/11\/hayaluronic-acid.jpg 451w\" sizes=\"(max-width: 640px) 100vw, 400px\" \/><\/span><\/div><\/div><\/div><\/div><\/div>\n","protected":false},"excerpt":{"rendered":"","protected":false},"author":1,"featured_media":0,"parent":14122,"menu_order":0,"comment_status":"closed","ping_status":"closed","template":"","meta":{"footnotes":""},"class_list":["post-14168","page","type-page","status-publish","hentry"],"_links":{"self":[{"href":"https:\/\/www.felymalaser.sk\/index.php\/wp-json\/wp\/v2\/pages\/14168","targetHints":{"allow":["GET"]}}],"collection":[{"href":"https:\/\/www.felymalaser.sk\/index.php\/wp-json\/wp\/v2\/pages"}],"about":[{"href":"https:\/\/www.felymalaser.sk\/index.php\/wp-json\/wp\/v2\/types\/page"}],"author":[{"embeddable":true,"href":"https:\/\/www.felymalaser.sk\/index.php\/wp-json\/wp\/v2\/users\/1"}],"replies":[{"embeddable":true,"href":"https:\/\/www.felymalaser.sk\/index.php\/wp-json\/wp\/v2\/comments?post=14168"}],"version-history":[{"count":2,"href":"https:\/\/www.felymalaser.sk\/index.php\/wp-json\/wp\/v2\/pages\/14168\/revisions"}],"predecessor-version":[{"id":14899,"href":"https:\/\/www.felymalaser.sk\/index.php\/wp-json\/wp\/v2\/pages\/14168\/revisions\/14899"}],"up":[{"embeddable":true,"href":"https:\/\/www.felymalaser.sk\/index.php\/wp-json\/wp\/v2\/pages\/14122"}],"wp:attachment":[{"href":"https:\/\/www.felymalaser.sk\/index.php\/wp-json\/wp\/v2\/media?parent=14168"}],"curies":[{"name":"wp","href":"https:\/\/api.w.org\/{rel}","templated":true}]}}