{"id":14124,"date":"2017-11-27T10:34:11","date_gmt":"2017-11-27T09:34:11","guid":{"rendered":"http:\/\/www.felymalaser.sk\/?page_id=14124"},"modified":"2022-04-07T09:18:01","modified_gmt":"2022-04-07T07:18:01","slug":"inno-derma","status":"publish","type":"page","link":"https:\/\/www.felymalaser.sk\/index.php\/inno-derma\/","title":{"rendered":"INNO-DERMA"},"content":{"rendered":"<p><div class=\"fusion-fullwidth fullwidth-box fusion-builder-row-1 fusion-flex-container nonhundred-percent-fullwidth non-hundred-percent-height-scrolling\" style=\"--awb-background-position:left top;--awb-border-radius-top-left:0px;--awb-border-radius-top-right:0px;--awb-border-radius-bottom-right:0px;--awb-border-radius-bottom-left:0px;--awb-padding-top:20px;--awb-padding-bottom:20px;--awb-border-sizes-top:0px;--awb-border-sizes-bottom:0px;--awb-flex-wrap:wrap;\" ><div class=\"fusion-builder-row fusion-row fusion-flex-align-items-flex-start fusion-flex-content-wrap\" style=\"max-width:calc( 1170px + 0px );margin-left: calc(-0px \/ 2 );margin-right: calc(-0px \/ 2 );\"><div class=\"fusion-layout-column fusion_builder_column fusion-builder-column-0 fusion_builder_column_1_1 1_1 fusion-flex-column\" style=\"--awb-bg-size:cover;--awb-width-large:100%;--awb-margin-top-large:0px;--awb-spacing-right-large:0px;--awb-margin-bottom-large:20px;--awb-spacing-left-large:0px;--awb-width-medium:100%;--awb-spacing-right-medium:0px;--awb-spacing-left-medium:0px;--awb-width-small:100%;--awb-spacing-right-small:0px;--awb-spacing-left-small:0px;\"><div class=\"fusion-column-wrapper fusion-flex-justify-content-flex-start fusion-content-layout-column\"><div class=\"fusion-text fusion-text-1\"><p style=\"letter-spacing: 1px; color: #648d45; font-size: 18px; margin-bottom: 0px; text-align: justify; font-family: Arial Narrow;\"><strong>INNO-DERMA<\/strong><\/p>\n<p style=\"letter-spacing: 1px; color: #648d45; font-size: 18px; margin-bottom: 0px; text-align: justify; font-family: Arial Narrow;\">POKRO\u010cIL\u00c1 DERMAKOZMETIKA\u00a0 INNO DERMA<\/p>\n<p style=\"text-align: justify;\">T\u00e1to produktov\u00e1 l\u00ednia je zalo\u017een\u00e1 na vzorci navrhnutom pre poskytovanie \u0161pecifick\u00fdch rie\u0161en\u00ed estetick\u00fdch probl\u00e9mov.<\/p>\n<p style=\"text-align: justify;\">Rigor\u00f3zny v\u00fdskum n\u00e1s priviedol k\u00a0v\u00fdberu tak\u00fdch zlo\u017eiek najnov\u0161ej gener\u00e1cie a\u00a0vytvoreniu nespochybnite\u013en\u00fdch kombin\u00e1ci\u00ed na zlep\u0161enie t\u00fdch \u010d\u0155t pleti, ktor\u00e9 sa na nej objavuj\u00fa spolu s\u00a0plynut\u00edm \u010dasu.<\/p>\n<p style=\"text-align: justify;\">Na\u0161e produkty s\u00fa vyvinut\u00e9 skupinou odborn\u00edkov v\u00a0r\u00f4znych odboroch \u2013 lek\u00e1ri, farmaceuti, chemici a\u00a0technicko-ple\u0165ov\u00ed \u0161pecialisti, spolu s\u00a0podporou vedy a\u00a0ich vlastn\u00fdch sk\u00fasenost\u00ed v\u00a0oblasti v\u00fdskumu, ktor\u00e9ho cie\u013eom bolo n\u00e1js\u0165 najlep\u0161ie akt\u00edvne zlo\u017eky na ka\u017ed\u00fd sympt\u00f3m.<\/p>\n<p style=\"text-align: justify;\">Na\u0161e exkluz\u00edvne vzorce obsahuj\u00fa adekv\u00e1tne koncentr\u00e1cie zlo\u017eiek tak, aby dosiahli optim\u00e1lny v\u00fdsledok pri o\u0161etren\u00ed r\u00f4znych zn\u00e1mok starnutia, nedokonalosti pleti \u010di pigment\u00e1cie ale aj zlep\u0161enie pleti dosahovanej pomocou profesion\u00e1lneho o\u0161etrenia.<\/p>\n<\/div><\/div><\/div><\/div><\/div><div class=\"fusion-fullwidth fullwidth-box fusion-builder-row-2 fusion-flex-container hundred-percent-fullwidth non-hundred-percent-height-scrolling\" style=\"--awb-border-radius-top-left:0px;--awb-border-radius-top-right:0px;--awb-border-radius-bottom-right:0px;--awb-border-radius-bottom-left:0px;--awb-overflow:visible;--awb-flex-wrap:wrap;\" ><div class=\"fusion-builder-row fusion-row fusion-flex-align-items-flex-start fusion-flex-content-wrap\" style=\"width:calc( 100% + 0px ) !important;max-width:calc( 100% + 0px ) !important;margin-left: calc(-0px \/ 2 );margin-right: calc(-0px \/ 2 );\"><div class=\"fusion-layout-column fusion_builder_column fusion-builder-column-1 fusion_builder_column_1_1 1_1 fusion-flex-column fusion-flex-align-self-flex-start fusion-column-no-min-height\" style=\"--awb-bg-size:cover;--awb-width-large:100%;--awb-margin-top-large:0px;--awb-spacing-right-large:0px;--awb-margin-bottom-large:0px;--awb-spacing-left-large:0px;--awb-width-medium:100%;--awb-spacing-right-medium:0px;--awb-spacing-left-medium:0px;--awb-width-small:100%;--awb-spacing-right-small:0px;--awb-spacing-left-small:0px;\"><div class=\"fusion-column-wrapper fusion-flex-justify-content-flex-start fusion-content-layout-column\"><div class=\"fusion-text fusion-text-2\"><p>[product_category category=&#8220;inno-derma&#8220; per_page=&#8220;20&#8243; columns=&#8220;4&#8243; orderby=&#8220;date&#8220; order=&#8220;desc&#8220;]<\/p>\n<\/div><\/div><\/div><\/div><\/div><\/p>\n","protected":false},"excerpt":{"rendered":"","protected":false},"author":1,"featured_media":0,"parent":0,"menu_order":0,"comment_status":"closed","ping_status":"closed","template":"","meta":{"footnotes":""},"class_list":["post-14124","page","type-page","status-publish","hentry"],"_links":{"self":[{"href":"https:\/\/www.felymalaser.sk\/index.php\/wp-json\/wp\/v2\/pages\/14124","targetHints":{"allow":["GET"]}}],"collection":[{"href":"https:\/\/www.felymalaser.sk\/index.php\/wp-json\/wp\/v2\/pages"}],"about":[{"href":"https:\/\/www.felymalaser.sk\/index.php\/wp-json\/wp\/v2\/types\/page"}],"author":[{"embeddable":true,"href":"https:\/\/www.felymalaser.sk\/index.php\/wp-json\/wp\/v2\/users\/1"}],"replies":[{"embeddable":true,"href":"https:\/\/www.felymalaser.sk\/index.php\/wp-json\/wp\/v2\/comments?post=14124"}],"version-history":[{"count":15,"href":"https:\/\/www.felymalaser.sk\/index.php\/wp-json\/wp\/v2\/pages\/14124\/revisions"}],"predecessor-version":[{"id":14905,"href":"https:\/\/www.felymalaser.sk\/index.php\/wp-json\/wp\/v2\/pages\/14124\/revisions\/14905"}],"wp:attachment":[{"href":"https:\/\/www.felymalaser.sk\/index.php\/wp-json\/wp\/v2\/media?parent=14124"}],"curies":[{"name":"wp","href":"https:\/\/api.w.org\/{rel}","templated":true}]}}