{"id":14115,"date":"2017-11-27T10:18:22","date_gmt":"2017-11-27T09:18:22","guid":{"rendered":"http:\/\/www.felymalaser.sk\/?page_id=14115"},"modified":"2022-04-07T09:18:03","modified_gmt":"2022-04-07T07:18:03","slug":"inno-exfo","status":"publish","type":"page","link":"https:\/\/www.felymalaser.sk\/index.php\/inno-exfo\/","title":{"rendered":"INNO-EXFO"},"content":{"rendered":"<div class=\"fusion-fullwidth fullwidth-box fusion-builder-row-1 fusion-flex-container hundred-percent-fullwidth non-hundred-percent-height-scrolling\" style=\"--awb-border-radius-top-left:0px;--awb-border-radius-top-right:0px;--awb-border-radius-bottom-right:0px;--awb-border-radius-bottom-left:0px;--awb-overflow:visible;--awb-flex-wrap:wrap;\" ><div class=\"fusion-builder-row fusion-row fusion-flex-align-items-flex-start fusion-flex-content-wrap\" style=\"width:calc( 100% + 0px ) !important;max-width:calc( 100% + 0px ) !important;margin-left: calc(-0px \/ 2 );margin-right: calc(-0px \/ 2 );\"><div class=\"fusion-layout-column fusion_builder_column fusion-builder-column-0 fusion_builder_column_1_1 1_1 fusion-flex-column\" style=\"--awb-bg-size:cover;--awb-width-large:100%;--awb-margin-top-large:0px;--awb-spacing-right-large:0px;--awb-margin-bottom-large:20px;--awb-spacing-left-large:0px;--awb-width-medium:100%;--awb-spacing-right-medium:0px;--awb-spacing-left-medium:0px;--awb-width-small:100%;--awb-spacing-right-small:0px;--awb-spacing-left-small:0px;\"><div class=\"fusion-column-wrapper fusion-flex-justify-content-flex-start fusion-content-layout-column\"><div class=\"fusion-text fusion-text-1\"><p style=\"letter-spacing: 1px; color: #648d45; font-size: 18px; margin-bottom: 0px; text-align: justify; font-family: Arial Narrow;\"><strong>INNO-EXFO<\/strong><\/p>\n<p style=\"letter-spacing: 1px; color: #648d45; font-size: 18px; margin-bottom: 0px; text-align: justify; font-family: Arial Narrow;\">Kontrolovan\u00e1 chemick\u00e1 mikroexfoli\u00e1cia\/odlupovanie<\/p>\n<p style=\"text-align: justify;\">INNO-EXFO pon\u00faka pleti profesion\u00e1lnu starostlivos\u0165 a komplexn\u00fd syst\u00e9m chemick\u00e9ho p\u00edlingu, ktor\u00fd kombinuje r\u016fznorod\u00e9 kyseliny. Rozli\u010dn\u00e9 p\u00edlingy s\u00fa presne zameran\u00e9 na individu\u00e1lne vlastnosti pleti a pot\u0159eby o jej starostlivos\u0165.<\/p>\n<p style=\"text-align: justify;\">Akt\u00edvnymi zlo\u017ekami oboch p\u00edlingov ovplyv\u0148uj\u00fa obe vrstvy pleti \u2013 vrchn\u00fa i stredn\u00fa tak, aby sa dosiahlo optim\u00e1ln\u00edho v\u00fdsledku \u2013 obnoven\u00e1 a revitalizovan\u00e1 ple\u0165.<\/p>\n<p>Ka\u017ed\u00fd z\u00a0na\u0161ich produktov poskytuje:<\/p>\n<ul>\n<li>minim\u00e1lne podr\u00e1\u017edenie<\/li>\n<li>v\u00fdborn\u00fa toleranciu<\/li>\n<li>jednoduch\u00fa aplik\u00e1ciu<\/li>\n<li>bezpe\u010dnos\u0165 a zodpovednos\u0165<\/li>\n<li>vidite\u013en\u00e9 v\u00fdsledky<\/li>\n<\/ul>\n<p style=\"text-align: justify;\">INNO-EXFO zlep\u0161uje vzh\u013ead pleti, minimalizuje pr\u00edznaky starnutia, zosvet\u013euje, redukuje hyperpigment\u00e1ciu \u010di in\u00e9 ple\u0165ov\u00e9 abnormality.<\/p>\n<\/div><div class=\"fusion-text fusion-text-2\"><p>[product_category category=&#8220;inno-exfo&#8220; per_page=&#8220;20&#8243; columns=&#8220;3&#8243; orderby=&#8220;date&#8220; order=&#8220;desc&#8220;]<\/p>\n<\/div><\/div><\/div><\/div><\/div>\n","protected":false},"excerpt":{"rendered":"","protected":false},"author":1,"featured_media":0,"parent":0,"menu_order":0,"comment_status":"closed","ping_status":"closed","template":"","meta":{"footnotes":""},"class_list":["post-14115","page","type-page","status-publish","hentry"],"_links":{"self":[{"href":"https:\/\/www.felymalaser.sk\/index.php\/wp-json\/wp\/v2\/pages\/14115","targetHints":{"allow":["GET"]}}],"collection":[{"href":"https:\/\/www.felymalaser.sk\/index.php\/wp-json\/wp\/v2\/pages"}],"about":[{"href":"https:\/\/www.felymalaser.sk\/index.php\/wp-json\/wp\/v2\/types\/page"}],"author":[{"embeddable":true,"href":"https:\/\/www.felymalaser.sk\/index.php\/wp-json\/wp\/v2\/users\/1"}],"replies":[{"embeddable":true,"href":"https:\/\/www.felymalaser.sk\/index.php\/wp-json\/wp\/v2\/comments?post=14115"}],"version-history":[{"count":8,"href":"https:\/\/www.felymalaser.sk\/index.php\/wp-json\/wp\/v2\/pages\/14115\/revisions"}],"predecessor-version":[{"id":14908,"href":"https:\/\/www.felymalaser.sk\/index.php\/wp-json\/wp\/v2\/pages\/14115\/revisions\/14908"}],"wp:attachment":[{"href":"https:\/\/www.felymalaser.sk\/index.php\/wp-json\/wp\/v2\/media?parent=14115"}],"curies":[{"name":"wp","href":"https:\/\/api.w.org\/{rel}","templated":true}]}}