{"id":13914,"date":"2017-04-24T09:34:43","date_gmt":"2017-04-24T07:34:43","guid":{"rendered":"http:\/\/www.felymalaser.sk\/?page_id=13914"},"modified":"2022-04-07T09:18:06","modified_gmt":"2022-04-07T07:18:06","slug":"plexr","status":"publish","type":"page","link":"https:\/\/www.felymalaser.sk\/index.php\/plexr\/","title":{"rendered":"Plexr"},"content":{"rendered":"<div class=\"fusion-fullwidth fullwidth-box fusion-builder-row-1 fusion-flex-container nonhundred-percent-fullwidth non-hundred-percent-height-scrolling\" style=\"--awb-background-position:left top;--awb-border-radius-top-left:0px;--awb-border-radius-top-right:0px;--awb-border-radius-bottom-right:0px;--awb-border-radius-bottom-left:0px;--awb-padding-top:20px;--awb-padding-bottom:20px;--awb-border-sizes-top:0px;--awb-border-sizes-bottom:0px;--awb-flex-wrap:wrap;\" ><div class=\"fusion-builder-row fusion-row fusion-flex-align-items-flex-start fusion-flex-content-wrap\" style=\"max-width:1216.8px;margin-left: calc(-4% \/ 2 );margin-right: calc(-4% \/ 2 );\"><div class=\"fusion-layout-column fusion_builder_column fusion-builder-column-0 fusion_builder_column_3_4 3_4 fusion-flex-column\" style=\"--awb-bg-size:cover;--awb-width-large:75%;--awb-margin-top-large:0px;--awb-spacing-right-large:3.84%;--awb-margin-bottom-large:20px;--awb-spacing-left-large:2.56%;--awb-width-medium:75%;--awb-spacing-right-medium:3.84%;--awb-spacing-left-medium:2.56%;--awb-width-small:100%;--awb-spacing-right-small:1.92%;--awb-spacing-left-small:1.92%;\"><div class=\"fusion-column-wrapper fusion-flex-justify-content-flex-start fusion-content-layout-column\"><div class=\"fusion-text fusion-text-1\"><p><strong>Plexr<\/strong> je skuto\u010dnou revolu\u010dnou a patentovanou inov\u00e1ciou v oblasti estetickej medic\u00edny a\u00a0chirurgie. PLEXR predstavuje nov\u00fa a vzru\u0161uj\u00facu hranicu v chirurgii: poskytuje lek\u00e1rovi aj pacientovi alternat\u00edvny pr\u00edstup k postupom, ktor\u00e9 boli a\u017e doteraz vysoko invaz\u00edvne kv\u00f4li komplik\u00e1ci\u00e1m pred a po oper\u00e1cii, ako je anest\u00e9zia, chirurgick\u00e1 resekcia, stehy a poopera\u010dn\u00e9 zotavenie v nemocnici. Toto \u00faplne bezdr\u00f4tov\u00e9 zariadenie je mimoriadne \u0161ikovn\u00e9, ergonomick\u00e9 a dobre funguj\u00face, vytvoren\u00e9 na pr\u00e1cu v oblastiach, kde je \u0165a\u017ek\u00e9 pou\u017e\u00edva\u0165 in\u00e9 n\u00e1stroje, ako je laser alebo r\u00e1diofrekven\u010dn\u00fd skalpel.<\/p>\n<p><strong>Plexr<\/strong> pou\u017e\u00edva \u0161tvrt\u00fd stav hmoty: Plazmu. O\u0161etrovan\u00e9 tkanivo sa odparuje a\u00a0ne\u0161\u00edri ne\u017eiad\u00face teplo do okolit\u00fdch oblast\u00ed. Princ\u00edpom je ionizova\u0165 plyny vo vzduchu tak, aby sa vytvoril mal\u00fd plazmatick\u00fd obl\u00fak, s ktor\u00fdm sa m\u00f4\u017eu o\u0161etrova\u0165 derm\u00e1lne a epiderm\u00e1lne oblasti postihnut\u00e9 estetick\u00fdmi probl\u00e9mami bez toho, aby sa \u0161\u00edrilo ne\u017eiad\u00face teplo do okolit\u00fdch oblast\u00ed.<\/p>\n<\/div><div class=\"fusion-tabs fusion-tabs-1 classic nav-is-justified horizontal-tabs icon-position-left mobile-mode-accordion\" style=\"--awb-title-border-radius-top-left:0px;--awb-title-border-radius-top-right:0px;--awb-title-border-radius-bottom-right:0px;--awb-title-border-radius-bottom-left:0px;--awb-inactive-color:var(--awb-color2);--awb-background-color:var(--awb-color1);--awb-border-color:var(--awb-color3);--awb-active-border-color:var(--awb-color6);\"><div class=\"nav\"><ul class=\"nav-tabs nav-justified\" role=\"tablist\"><li class=\"active\" role=\"presentation\"><a class=\"tab-link\" data-toggle=\"tab\" role=\"tab\" aria-controls=\"tab-41d2ff7db0c1930464e\" aria-selected=\"true\" id=\"fusion-tab-vlastnosti\" href=\"#tab-41d2ff7db0c1930464e\"><h4 class=\"fusion-tab-heading\">Vlastnosti<\/h4><\/a><\/li><li role=\"presentation\"><a class=\"tab-link\" data-toggle=\"tab\" role=\"tab\" aria-controls=\"tab-507109ce6d4763ec619\" aria-selected=\"false\" tabindex=\"-1\" id=\"fusion-tab-aplik\u00e1cie\" href=\"#tab-507109ce6d4763ec619\"><h4 class=\"fusion-tab-heading\">Aplik\u00e1cie<\/h4><\/a><\/li><li role=\"presentation\"><a class=\"tab-link\" data-toggle=\"tab\" role=\"tab\" aria-controls=\"tab-5912e63786423b4cdfd\" aria-selected=\"false\" tabindex=\"-1\" id=\"fusion-tab-ocenenia\" href=\"#tab-5912e63786423b4cdfd\"><h4 class=\"fusion-tab-heading\">Ocenenia<\/h4><\/a><\/li><\/ul><\/div><div class=\"tab-content\"><div class=\"nav fusion-mobile-tab-nav\"><ul class=\"nav-tabs nav-justified\" role=\"tablist\"><li class=\"active\" role=\"presentation\"><a class=\"tab-link\" data-toggle=\"tab\" role=\"tab\" aria-controls=\"tab-41d2ff7db0c1930464e\" aria-selected=\"true\" id=\"mobile-fusion-tab-vlastnosti\" href=\"#tab-41d2ff7db0c1930464e\"><h4 class=\"fusion-tab-heading\">Vlastnosti<\/h4><\/a><\/li><\/ul><\/div><div class=\"tab-pane fade fusion-clearfix in active\" role=\"tabpanel\" tabindex=\"0\" aria-labelledby=\"fusion-tab-vlastnosti\" id=\"tab-41d2ff7db0c1930464e\">\n<ul>\n<li>Princ\u00edp prev\u00e1dzky : plazma<\/li>\n<li>Cez pacienta nepretek\u00e1 \u017eiaden elektrick\u00fd pr\u00fad \u2013 nie je potrebn\u00e9 uzemnenie<\/li>\n<li>3 bezdr\u00f4tov\u00e9, praktick\u00e9 a\u00a0ergonomick\u00e9 handsety s\u00a0r\u00f4znymi \u00farov\u0148ami v\u00fdkonu<\/li>\n<li>Inova\u010dn\u00fd nab\u00edjac\u00ed syst\u00e9m sa automatick\u00fdm dob\u00edjan\u00edm bat\u00e9ri\u00ed<\/li>\n<li>Nov\u00e1 gener\u00e1ci\u00ed bat\u00e9ri\u00ed s\u00a0dlhou \u017eivotnos\u0165ou<\/li>\n<li>Prenosn\u00e1 nab\u00edja\u010dka bat\u00e9ri\u00ed<\/li>\n<\/ul>\n<\/div><div class=\"nav fusion-mobile-tab-nav\"><ul class=\"nav-tabs nav-justified\" role=\"tablist\"><li role=\"presentation\"><a class=\"tab-link\" data-toggle=\"tab\" role=\"tab\" aria-controls=\"tab-507109ce6d4763ec619\" aria-selected=\"false\" tabindex=\"-1\" id=\"mobile-fusion-tab-aplik\u00e1cie\" href=\"#tab-507109ce6d4763ec619\"><h4 class=\"fusion-tab-heading\">Aplik\u00e1cie<\/h4><\/a><\/li><\/ul><\/div><div class=\"tab-pane fade fusion-clearfix\" role=\"tabpanel\" tabindex=\"0\" aria-labelledby=\"fusion-tab-aplik\u00e1cie\" id=\"tab-507109ce6d4763ec619\">\n<ul>\n<li>Blefaroplastika<\/li>\n<li>Lifting vrchn\u00fdch a spodn\u00fdch vie\u010dok<\/li>\n<li>Odstr\u00e1nenie vr\u00e1sok okolo o\u010d\u00ed<\/li>\n<li>Cysty na o\u010dn\u00fdch vie\u010dkach<\/li>\n<li>Hemangi\u00f3m<\/li>\n<li>Seborrheick\u00e9 cysty<\/li>\n<li>Xantelasmata<\/li>\n<li>Asymetrie vie\u010dok<\/li>\n<li>V\u00fdrazov\u00e9 l\u00ednie (\u010diarov\u00fd k\u00f3d)<\/li>\n<li>Herpes simplex<\/li>\n<li>Lifting tv\u00e1re a tela<\/li>\n<li>Lifting pupku<\/li>\n<li>O\u0161etrenie akn\u00e9<\/li>\n<li>Odstr\u00e1nenie fibrom\u00e1s, pieh, bradav\u00edc, koloidov, xanthelasmov, dyskeratomov<\/li>\n<li>Odstr\u00e1nenie tetovania akejko\u013evek farby<\/li>\n<li>Lie\u010dba jaziev po akn\u00e9<\/li>\n<li>Lie\u010dba strie<\/li>\n<li>Lifting krku a dekoltu<\/li>\n<\/ul>\n<\/div><div class=\"nav fusion-mobile-tab-nav\"><ul class=\"nav-tabs nav-justified\" role=\"tablist\"><li role=\"presentation\"><a class=\"tab-link\" data-toggle=\"tab\" role=\"tab\" aria-controls=\"tab-5912e63786423b4cdfd\" aria-selected=\"false\" tabindex=\"-1\" id=\"mobile-fusion-tab-ocenenia\" href=\"#tab-5912e63786423b4cdfd\"><h4 class=\"fusion-tab-heading\">Ocenenia<\/h4><\/a><\/li><\/ul><\/div><div class=\"tab-pane fade fusion-clearfix\" role=\"tabpanel\" tabindex=\"0\" aria-labelledby=\"fusion-tab-ocenenia\" id=\"tab-5912e63786423b4cdfd\">2015 &#8211; Highly Commended &#8211; Aesthetic Awards 2015 za produktov\u00fa inov\u00e1ciu roka<\/p>\n<p>2016 &#8211; Highly Commended &#8211; My Face My Body Awards 2016 za najlep\u0161iu anti-agingov\u00fa lie\u010dbu s\u00a0aplik\u00e1ciou v \u00a0nechirurgickej flebaroplastike<\/div><\/div><\/div><div class=\"fusion-image-carousel fusion-image-carousel-fixed fusion-image-carousel-1 lightbox-enabled fusion-carousel-border\"><div class=\"awb-carousel awb-swiper awb-swiper-carousel\" data-autoplay=\"no\" data-columns=\"5\" data-itemmargin=\"13\" data-itemwidth=\"180\" data-touchscroll=\"no\" data-imagesize=\"fixed\"><div class=\"swiper-wrapper awb-image-carousel-wrapper fusion-flex-align-items-center\"><div class=\"swiper-slide\"><div class=\"fusion-carousel-item-wrapper\"><div class=\"fusion-image-wrapper hover-type-none\"><a data-rel=\"iLightbox[image_carousel_1]\" data-title=\"Amon-eye-plexer\" aria-label=\"Amon-eye-plexer\" href=\"https:\/\/www.felymalaser.sk\/wp-content\/uploads\/2017\/04\/Amon-eye-plexer.jpg\" target=\"_self\"><img decoding=\"async\" width=\"320\" height=\"202\" src=\"https:\/\/www.felymalaser.sk\/wp-content\/uploads\/2017\/04\/Amon-eye-plexer-320x202.jpg\" class=\"attachment-blog-medium size-blog-medium\" alt=\"eye plexr\" \/><\/a><\/div><\/div><\/div><div class=\"swiper-slide\"><div class=\"fusion-carousel-item-wrapper\"><div class=\"fusion-image-wrapper hover-type-none\"><a data-rel=\"iLightbox[image_carousel_1]\" data-title=\"belly\" aria-label=\"belly\" href=\"https:\/\/www.felymalaser.sk\/wp-content\/uploads\/2017\/04\/belly.jpg\" target=\"_self\"><img decoding=\"async\" width=\"320\" height=\"202\" src=\"https:\/\/www.felymalaser.sk\/wp-content\/uploads\/2017\/04\/belly-320x202.jpg\" class=\"attachment-blog-medium size-blog-medium\" alt=\"belly plexr\" \/><\/a><\/div><\/div><\/div><div class=\"swiper-slide\"><div class=\"fusion-carousel-item-wrapper\"><div class=\"fusion-image-wrapper hover-type-none\"><a data-rel=\"iLightbox[image_carousel_1]\" data-title=\"face\" aria-label=\"face\" href=\"https:\/\/www.felymalaser.sk\/wp-content\/uploads\/2017\/04\/face.jpg\" target=\"_self\"><img decoding=\"async\" width=\"320\" height=\"202\" src=\"https:\/\/www.felymalaser.sk\/wp-content\/uploads\/2017\/04\/face-320x202.jpg\" class=\"attachment-blog-medium size-blog-medium\" alt=\"face plexr\" \/><\/a><\/div><\/div><\/div><div class=\"swiper-slide\"><div class=\"fusion-carousel-item-wrapper\"><div class=\"fusion-image-wrapper hover-type-none\"><a data-rel=\"iLightbox[image_carousel_1]\" data-title=\"spot\" aria-label=\"spot\" href=\"https:\/\/www.felymalaser.sk\/wp-content\/uploads\/2017\/04\/spot.jpg\" target=\"_self\"><img decoding=\"async\" width=\"320\" height=\"202\" src=\"https:\/\/www.felymalaser.sk\/wp-content\/uploads\/2017\/04\/spot-320x202.jpg\" class=\"attachment-blog-medium size-blog-medium\" alt=\"spot plexr\" \/><\/a><\/div><\/div><\/div><\/div><div class=\"awb-swiper-button awb-swiper-button-prev\"><i class=\"awb-icon-angle-left\" aria-hidden=\"true\"><\/i><\/div><div class=\"awb-swiper-button awb-swiper-button-next\"><i class=\"awb-icon-angle-right\" aria-hidden=\"true\"><\/i><\/div><\/div><\/div><div class=\"fusion-video fusion-youtube\" style=\"--awb-max-width:600px;--awb-max-height:350px;\"><div class=\"video-shortcode\"><div class=\"fluid-width-video-wrapper\" style=\"padding-top:58.33%;\" ><iframe title=\"YouTube video player 1\" src=\"https:\/\/www.youtube.com\/embed\/opS0jgkSH3g?wmode=transparent&autoplay=0\" width=\"600\" height=\"350\" allowfullscreen allow=\"autoplay; fullscreen\"><\/iframe><\/div><\/div><\/div><div class=\"fusion-video fusion-youtube\" style=\"--awb-max-width:600px;--awb-max-height:350px;\"><div class=\"video-shortcode\"><div class=\"fluid-width-video-wrapper\" style=\"padding-top:58.33%;\" ><iframe title=\"YouTube video player 2\" src=\"https:\/\/www.youtube.com\/embed\/MC4ykOy_eug?wmode=transparent&autoplay=0\" width=\"600\" height=\"350\" allowfullscreen allow=\"autoplay; fullscreen\"><\/iframe><\/div><\/div><\/div><div class=\"fusion-video fusion-youtube\" style=\"--awb-max-width:600px;--awb-max-height:350px;\"><div class=\"video-shortcode\"><div class=\"fluid-width-video-wrapper\" style=\"padding-top:58.33%;\" ><iframe title=\"YouTube video player 3\" src=\"https:\/\/www.youtube.com\/embed\/Mo-WyI0aBoM?wmode=transparent&autoplay=0\" width=\"600\" height=\"350\" allowfullscreen allow=\"autoplay; fullscreen\"><\/iframe><\/div><\/div><\/div><div class=\"fusion-video fusion-youtube\" style=\"--awb-max-width:600px;--awb-max-height:350px;\"><div class=\"video-shortcode\"><div class=\"fluid-width-video-wrapper\" style=\"padding-top:58.33%;\" ><iframe title=\"YouTube video player 4\" src=\"https:\/\/www.youtube.com\/embed\/mOo-neuNVss?wmode=transparent&autoplay=0\" width=\"600\" height=\"350\" allowfullscreen allow=\"autoplay; fullscreen\"><\/iframe><\/div><\/div><\/div><div class=\"fusion-video fusion-youtube\" style=\"--awb-max-width:600px;--awb-max-height:350px;\"><div class=\"video-shortcode\"><div class=\"fluid-width-video-wrapper\" style=\"padding-top:58.33%;\" ><iframe title=\"YouTube video player 5\" src=\"https:\/\/www.youtube.com\/embed\/3yjFBDhe-uo?wmode=transparent&autoplay=0\" width=\"600\" height=\"350\" allowfullscreen allow=\"autoplay; fullscreen\"><\/iframe><\/div><\/div><\/div><div class=\"fusion-video fusion-youtube\" style=\"--awb-max-width:600px;--awb-max-height:350px;\"><div class=\"video-shortcode\"><div class=\"fluid-width-video-wrapper\" style=\"padding-top:58.33%;\" ><iframe title=\"YouTube video player 6\" src=\"https:\/\/www.youtube.com\/embed\/-KeiVdtr4hc?wmode=transparent&autoplay=0\" width=\"600\" height=\"350\" allowfullscreen allow=\"autoplay; fullscreen\"><\/iframe><\/div><\/div><\/div><div class=\"fusion-video fusion-youtube\" style=\"--awb-max-width:600px;--awb-max-height:350px;\"><div class=\"video-shortcode\"><div class=\"fluid-width-video-wrapper\" style=\"padding-top:58.33%;\" ><iframe title=\"YouTube video player 7\" src=\"https:\/\/www.youtube.com\/embed\/-zwVNrsp50M?wmode=transparent&autoplay=0\" width=\"600\" height=\"350\" allowfullscreen allow=\"autoplay; fullscreen\"><\/iframe><\/div><\/div><\/div><div class=\"fusion-video fusion-youtube\" style=\"--awb-max-width:600px;--awb-max-height:350px;\"><div class=\"video-shortcode\"><div class=\"fluid-width-video-wrapper\" style=\"padding-top:58.33%;\" ><iframe title=\"YouTube video player 8\" src=\"https:\/\/www.youtube.com\/embed\/mLNrWeZYmx0?wmode=transparent&autoplay=0\" width=\"600\" height=\"350\" allowfullscreen allow=\"autoplay; fullscreen\"><\/iframe><\/div><\/div><\/div><\/div><\/div><div class=\"fusion-layout-column fusion_builder_column fusion-builder-column-1 fusion_builder_column_1_4 1_4 fusion-flex-column\" style=\"--awb-bg-size:cover;--awb-width-large:25%;--awb-margin-top-large:0px;--awb-spacing-right-large:7.68%;--awb-margin-bottom-large:20px;--awb-spacing-left-large:3.84%;--awb-width-medium:25%;--awb-spacing-right-medium:7.68%;--awb-spacing-left-medium:3.84%;--awb-width-small:100%;--awb-spacing-right-small:1.92%;--awb-spacing-left-small:1.92%;\"><div class=\"fusion-column-wrapper fusion-flex-justify-content-flex-start fusion-content-layout-column\"><div class=\"fusion-image-element \" style=\"text-align:center;--awb-caption-title-font-family:var(--h2_typography-font-family);--awb-caption-title-font-weight:var(--h2_typography-font-weight);--awb-caption-title-font-style:var(--h2_typography-font-style);--awb-caption-title-size:var(--h2_typography-font-size);--awb-caption-title-transform:var(--h2_typography-text-transform);--awb-caption-title-line-height:var(--h2_typography-line-height);--awb-caption-title-letter-spacing:var(--h2_typography-letter-spacing);\"><span class=\" fusion-imageframe imageframe-none imageframe-1 hover-type-none\"><a href=\"https:\/\/www.felymalaser.sk\/wp-content\/uploads\/2017\/04\/52-Plexr.jpg\" class=\"fusion-lightbox\" data-rel=\"iLightbox[7cffe387d18b80a6e4b]\" data-title=\"Plexr\" title=\"Plexr\"><img decoding=\"async\" width=\"550\" height=\"393\" src=\"https:\/\/www.felymalaser.sk\/wp-content\/uploads\/2017\/04\/52-Plexr.jpg\" alt class=\"img-responsive wp-image-13915\" srcset=\"https:\/\/www.felymalaser.sk\/wp-content\/uploads\/2017\/04\/52-Plexr-200x143.jpg 200w, https:\/\/www.felymalaser.sk\/wp-content\/uploads\/2017\/04\/52-Plexr-400x286.jpg 400w, https:\/\/www.felymalaser.sk\/wp-content\/uploads\/2017\/04\/52-Plexr.jpg 550w\" sizes=\"(max-width: 640px) 100vw, 400px\" \/><\/a><\/span><\/div><div class=\"fusion-separator fusion-full-width-sep\" style=\"align-self: center;margin-left: auto;margin-right: auto;margin-top:30px;width:100%;\"><\/div><div class=\"fusion-text fusion-text-2\"><p><img decoding=\"async\" class=\"aligncenter size-full wp-image-13062\" src=\"https:\/\/www.felymalaser.sk\/wp-content\/uploads\/2017\/02\/pdf.png\" alt=\"\" width=\"32\" height=\"32\" \/><\/p>\n<p style=\"text-align: center;\"><a href=\"https:\/\/www.felymalaser.sk\/wp-content\/uploads\/2017\/studioclinicoplexr.pdf\" target=\"_blank\" rel=\"noopener noreferrer\">Treatment\u00a0of\u00a0perioral\u00a0rhytides with\u00a0voltaic arc\u00a0dermoabrasion<\/a><\/p>\n<p style=\"text-align: center;\"><div class=\"fusion-separator\" style=\"align-self: center;margin-left: auto;margin-right: auto;margin-top:20px;margin-bottom:20px;width:100%;max-width:40px;\"><div class=\"fusion-separator-border sep-single sep-solid\" style=\"--awb-height:20px;--awb-amount:20px;border-color:var(--awb-color3);border-top-width:1px;\"><\/div><\/div><\/p>\n<p style=\"text-align: center;\"><a href=\"https:\/\/www.felymalaser.sk\/wp-content\/uploads\/2017\/plexr-in-acne-treatment.pdf\" target=\"_blank\" rel=\"noopener noreferrer\">Plexr In Acne Treatment<\/a><\/p>\n<p style=\"text-align: center;\"><div class=\"fusion-separator\" style=\"align-self: center;margin-left: auto;margin-right: auto;margin-top:20px;margin-bottom:20px;width:100%;max-width:40px;\"><div class=\"fusion-separator-border sep-single sep-solid\" style=\"--awb-height:20px;--awb-amount:20px;border-color:var(--awb-color3);border-top-width:1px;\"><\/div><\/div><\/p>\n<p style=\"text-align: center;\"><a href=\"https:\/\/www.felymalaser.sk\/wp-content\/uploads\/2017\/studio-istologico-plexr.pdf\">Skin\u00a0lesions induced from the\u00a0radiosurgical unit and voltaic arc dermoabrasion: a rabbit model<\/a><\/p>\n<\/div><\/div><\/div><\/div><\/div>\n","protected":false},"excerpt":{"rendered":"","protected":false},"author":1,"featured_media":0,"parent":0,"menu_order":0,"comment_status":"closed","ping_status":"closed","template":"","meta":{"footnotes":""},"class_list":["post-13914","page","type-page","status-publish","hentry"],"_links":{"self":[{"href":"https:\/\/www.felymalaser.sk\/index.php\/wp-json\/wp\/v2\/pages\/13914","targetHints":{"allow":["GET"]}}],"collection":[{"href":"https:\/\/www.felymalaser.sk\/index.php\/wp-json\/wp\/v2\/pages"}],"about":[{"href":"https:\/\/www.felymalaser.sk\/index.php\/wp-json\/wp\/v2\/types\/page"}],"author":[{"embeddable":true,"href":"https:\/\/www.felymalaser.sk\/index.php\/wp-json\/wp\/v2\/users\/1"}],"replies":[{"embeddable":true,"href":"https:\/\/www.felymalaser.sk\/index.php\/wp-json\/wp\/v2\/comments?post=13914"}],"version-history":[{"count":26,"href":"https:\/\/www.felymalaser.sk\/index.php\/wp-json\/wp\/v2\/pages\/13914\/revisions"}],"predecessor-version":[{"id":14912,"href":"https:\/\/www.felymalaser.sk\/index.php\/wp-json\/wp\/v2\/pages\/13914\/revisions\/14912"}],"wp:attachment":[{"href":"https:\/\/www.felymalaser.sk\/index.php\/wp-json\/wp\/v2\/media?parent=13914"}],"curies":[{"name":"wp","href":"https:\/\/api.w.org\/{rel}","templated":true}]}}