{"id":13729,"date":"2017-03-29T15:25:52","date_gmt":"2017-03-29T13:25:52","guid":{"rendered":"http:\/\/www.felymalaser.sk\/?page_id=13729"},"modified":"2022-04-07T11:19:18","modified_gmt":"2022-04-07T09:19:18","slug":"novinky","status":"publish","type":"page","link":"https:\/\/www.felymalaser.sk\/index.php\/novinky\/","title":{"rendered":"NOVINKY"},"content":{"rendered":"<p><div class=\"fusion-fullwidth fullwidth-box fusion-builder-row-1 fusion-flex-container nonhundred-percent-fullwidth non-hundred-percent-height-scrolling\" style=\"--awb-border-radius-top-left:0px;--awb-border-radius-top-right:0px;--awb-border-radius-bottom-right:0px;--awb-border-radius-bottom-left:0px;--awb-flex-wrap:wrap;\" ><div class=\"fusion-builder-row fusion-row fusion-flex-align-items-flex-start fusion-flex-content-wrap\" style=\"max-width:1216.8px;margin-left: calc(-4% \/ 2 );margin-right: calc(-4% \/ 2 );\"><div class=\"fusion-layout-column fusion_builder_column fusion-builder-column-0 fusion_builder_column_1_1 1_1 fusion-flex-column\" style=\"--awb-bg-size:cover;--awb-width-large:100%;--awb-margin-top-large:0px;--awb-spacing-right-large:1.92%;--awb-margin-bottom-large:0px;--awb-spacing-left-large:1.92%;--awb-width-medium:100%;--awb-spacing-right-medium:1.92%;--awb-spacing-left-medium:1.92%;--awb-width-small:100%;--awb-spacing-right-small:1.92%;--awb-spacing-left-small:1.92%;\"><div class=\"fusion-column-wrapper fusion-flex-justify-content-flex-start fusion-content-layout-column\"><div class=\"fusion-title title fusion-title-1 fusion-sep-none fusion-title-text fusion-title-size-one\" style=\"--awb-margin-bottom:20px;\"><h1 class=\"fusion-title-heading title-heading-left\" style=\"margin:0;\"><h1 class=\"fusion-responsive-typography-calculated\" style=\"text-align: center;\" data-fontsize=\"34\" data-lineheight=\"47.94px\">Cyber Ho Family<\/h1><\/h1><\/div><div style=\"text-align:center;\"><a class=\"fusion-button button-flat fusion-button-default-size button-default fusion-button-default button-1 fusion-button-default-span fusion-button-default-type\" target=\"_self\" href=\"https:\/\/www.felymalaser.sk\/wp-content\/uploads\/2021\/09\/Cyber_Ho_Family_Rev000_LD.pdf\"><span class=\"fusion-button-text\">Produktov\u00fd list<\/span><\/a><\/div><div class=\"fusion-separator fusion-full-width-sep\" style=\"align-self: center;margin-left: auto;margin-right: auto;margin-top:20px;width:100%;\"><\/div><div class=\"fusion-text fusion-text-1\" style=\"--awb-text-transform:none;\"><h2 style=\"text-align: center;\"><a href=\"https:\/\/www.felymalaser.sk\/index.php\/cyber-ho-family\/\" target=\"_blank\" rel=\"noopener\">REVOL\u00daCIA V HOLMIOVEJ CHIRURGII<\/a><\/h2>\n<p><img decoding=\"async\" class=\"aligncenter\" src=\"https:\/\/www.felymalaser.sk\/wp-content\/uploads\/2021\/09\/cyber_ho_family-1024x582.jpg\" sizes=\"(max-width: 1024px) 100vw, 1024px\" srcset=\"https:\/\/www.felymalaser.sk\/wp-content\/uploads\/2021\/09\/cyber_ho_family-200x114.jpg 200w, https:\/\/www.felymalaser.sk\/wp-content\/uploads\/2021\/09\/cyber_ho_family-300x171.jpg 300w, https:\/\/www.felymalaser.sk\/wp-content\/uploads\/2021\/09\/cyber_ho_family-400x227.jpg 400w, https:\/\/www.felymalaser.sk\/wp-content\/uploads\/2021\/09\/cyber_ho_family-600x341.jpg 600w, https:\/\/www.felymalaser.sk\/wp-content\/uploads\/2021\/09\/cyber_ho_family-768x437.jpg 768w, https:\/\/www.felymalaser.sk\/wp-content\/uploads\/2021\/09\/cyber_ho_family-800x455.jpg 800w, https:\/\/www.felymalaser.sk\/wp-content\/uploads\/2021\/09\/cyber_ho_family-1024x582.jpg 1024w, https:\/\/www.felymalaser.sk\/wp-content\/uploads\/2021\/09\/cyber_ho_family-1200x682.jpg 1200w, https:\/\/www.felymalaser.sk\/wp-content\/uploads\/2021\/09\/cyber_ho_family-1536x873.jpg 1536w, https:\/\/www.felymalaser.sk\/wp-content\/uploads\/2021\/09\/cyber_ho_family.jpg 1900w\" alt=\"cyber_ho_family\" width=\"1024\" height=\"582\" \/><\/p>\n<\/div><\/div><\/div><\/div><\/div><div class=\"fusion-fullwidth fullwidth-box fusion-builder-row-2 fusion-flex-container nonhundred-percent-fullwidth non-hundred-percent-height-scrolling\" style=\"--awb-background-position:left top;--awb-border-sizes-top:0px;--awb-border-sizes-bottom:0px;--awb-border-sizes-left:0px;--awb-border-sizes-right:0px;--awb-border-radius-top-left:0px;--awb-border-radius-top-right:0px;--awb-border-radius-bottom-right:0px;--awb-border-radius-bottom-left:0px;--awb-padding-top:10px;--awb-padding-bottom:10px;--awb-background-color:#ffffff;--awb-flex-wrap:wrap;\" ><div class=\"fusion-builder-row fusion-row fusion-flex-align-items-stretch fusion-flex-content-wrap\" style=\"max-width:1216.8px;margin-left: calc(-4% \/ 2 );margin-right: calc(-4% \/ 2 );\"><div class=\"fusion-layout-column fusion_builder_column fusion-builder-column-1 fusion_builder_column_3_4 3_4 fusion-flex-column\" style=\"--awb-bg-size:cover;--awb-width-large:75%;--awb-margin-top-large:0px;--awb-spacing-right-large:3.84%;--awb-margin-bottom-large:20px;--awb-spacing-left-large:2.56%;--awb-width-medium:75%;--awb-spacing-right-medium:3.84%;--awb-spacing-left-medium:2.56%;--awb-width-small:100%;--awb-spacing-right-small:1.92%;--awb-spacing-left-small:1.92%;\"><div class=\"fusion-column-wrapper fusion-flex-justify-content-flex-start fusion-content-layout-column\"><div class=\"fusion-text fusion-text-2\"><p style=\"text-align: center; letter-spacing: 3px; font-size: 17px; color: #cd232a;\">REVOL\u00daCIA V\u00a0LITOTRIPSII<\/p>\n<p style=\"text-align: center; letter-spacing: 3px;\"><strong>V\u00fdrobca\u00a0 Quanta System <\/strong>roz\u0161\u00edril svoju ponuku chirurgick\u00fdch laserov na\u00a0 litotripsiu pre najn\u00e1ro\u010dnej\u0161\u00edch z\u00e1kazn\u00edkov, s prvotriednym <strong>60W Holmiov\u00fdm laserom Cyber \u200b\u200bHo<\/strong>, ktor\u00fd umo\u017e\u0148uje najmodernej\u0161iu met\u00f3du oper\u00e1cie prostaty HoLeP \u2013 Holmium Laser Enucleation of the prostate.<\/p>\n<h3 style=\"text-align: center; letter-spacing: 3px;\">\u00a0<a href=\"https:\/\/www.felymalaser.sk\/index.php\/produkty\/laserova-technika\/quanta\/cyber-ho-60w\/\">Cyber Ho 60W<\/a><\/h3>\n<\/div><\/div><\/div><div class=\"fusion-layout-column fusion_builder_column fusion-builder-column-2 fusion_builder_column_1_4 1_4 fusion-flex-column\" style=\"--awb-bg-size:cover;--awb-width-large:25%;--awb-margin-top-large:0px;--awb-spacing-right-large:7.68%;--awb-margin-bottom-large:20px;--awb-spacing-left-large:3.84%;--awb-width-medium:25%;--awb-spacing-right-medium:7.68%;--awb-spacing-left-medium:3.84%;--awb-width-small:100%;--awb-spacing-right-small:1.92%;--awb-spacing-left-small:1.92%;\"><div class=\"fusion-column-wrapper fusion-flex-justify-content-flex-start fusion-content-layout-column\"><div class=\"fusion-image-element \" style=\"--awb-caption-title-font-family:var(--h2_typography-font-family);--awb-caption-title-font-weight:var(--h2_typography-font-weight);--awb-caption-title-font-style:var(--h2_typography-font-style);--awb-caption-title-size:var(--h2_typography-font-size);--awb-caption-title-transform:var(--h2_typography-text-transform);--awb-caption-title-line-height:var(--h2_typography-line-height);--awb-caption-title-letter-spacing:var(--h2_typography-letter-spacing);\"><span class=\" fusion-imageframe imageframe-none imageframe-1 hover-type-none\"><img decoding=\"async\" width=\"160\" height=\"335\" title=\"cyberho\" src=\"https:\/\/www.felymalaser.sk\/wp-content\/uploads\/2017\/11\/cyberho-1.jpg\" alt class=\"img-responsive wp-image-14102\" srcset=\"https:\/\/www.felymalaser.sk\/wp-content\/uploads\/2017\/11\/cyberho-1-143x300.jpg 143w, https:\/\/www.felymalaser.sk\/wp-content\/uploads\/2017\/11\/cyberho-1.jpg 160w\" sizes=\"(max-width: 160px) 100vw, 160px\" \/><\/span><\/div><\/div><\/div><\/div><\/div><div class=\"fusion-fullwidth fullwidth-box fusion-builder-row-3 fusion-flex-container nonhundred-percent-fullwidth non-hundred-percent-height-scrolling\" style=\"--awb-background-position:left top;--awb-border-sizes-top:0px;--awb-border-sizes-bottom:0px;--awb-border-sizes-left:0px;--awb-border-sizes-right:0px;--awb-border-radius-top-left:0px;--awb-border-radius-top-right:0px;--awb-border-radius-bottom-right:0px;--awb-border-radius-bottom-left:0px;--awb-padding-top:10px;--awb-padding-bottom:10px;--awb-background-color:#ffffff;--awb-flex-wrap:wrap;\" ><div class=\"fusion-builder-row fusion-row fusion-flex-align-items-stretch fusion-flex-content-wrap\" style=\"max-width:1216.8px;margin-left: calc(-4% \/ 2 );margin-right: calc(-4% \/ 2 );\"><div class=\"fusion-layout-column fusion_builder_column fusion-builder-column-3 fusion_builder_column_1_1 1_1 fusion-flex-column fusion-flex-align-self-flex-start fusion-column-no-min-height\" style=\"--awb-bg-size:cover;--awb-width-large:100%;--awb-margin-top-large:0px;--awb-spacing-right-large:1.92%;--awb-margin-bottom-large:0px;--awb-spacing-left-large:1.92%;--awb-width-medium:100%;--awb-spacing-right-medium:1.92%;--awb-spacing-left-medium:1.92%;--awb-width-small:100%;--awb-spacing-right-small:1.92%;--awb-spacing-left-small:1.92%;\"><div class=\"fusion-column-wrapper fusion-flex-justify-content-flex-start fusion-content-layout-column\"><div class=\"fusion-separator fusion-full-width-sep\" style=\"align-self: center;margin-left: auto;margin-right: auto;margin-bottom:20px;width:100%;max-width:100%;\"><div class=\"fusion-separator-border sep-single sep-solid\" style=\"--awb-height:20px;--awb-amount:20px;border-color:var(--awb-color3);border-top-width:1px;\"><\/div><\/div><div class=\"fusion-slider-sc\"><div class=\"fusion-flexslider-loading flexslider flexslider-hover-type-none\" data-slideshow_autoplay=\"1\" data-slideshow_smooth_height=\"0\" data-slideshow_speed=\"7000\" style=\"max-width:100%;height:100%;\"><ul class=\"slides\"><li class=\"image\"><a class=\"lightbox-enabled fusion-lightbox\" data-rel=\"iLightbox[slider_carousel_1]\" title=\"quantaall\" data-title=\"quantaall\" aria-label=\"quantaall\" href=\"https:\/\/www.felymalaser.sk\/index.php\/produkty\/laserova-technika\/quanta\/light\/\" target=\"_blank\" rel=\"noopener noreferrer\"><span class=\"fusion-image-hover-element hover-type-none\"><img decoding=\"async\" src=\"https:\/\/www.felymalaser.sk\/wp-content\/uploads\/2014\/10\/quantaall.jpg\" alt=\"quanta\" width=\"1100\" height=\"290\" \/><\/span><\/a><\/li><\/ul><\/div><\/div><\/div><\/div><div class=\"fusion-layout-column fusion_builder_column fusion-builder-column-4 fusion_builder_column_3_5 3_5 fusion-flex-column\" style=\"--awb-bg-size:cover;--awb-width-large:60%;--awb-margin-top-large:0px;--awb-spacing-right-large:3.84%;--awb-margin-bottom-large:20px;--awb-spacing-left-large:3.2%;--awb-width-medium:60%;--awb-spacing-right-medium:3.84%;--awb-spacing-left-medium:3.2%;--awb-width-small:100%;--awb-spacing-right-small:1.92%;--awb-spacing-left-small:1.92%;\"><div class=\"fusion-column-wrapper fusion-flex-justify-content-flex-start fusion-content-layout-column\"><div class=\"fusion-text fusion-text-3\"><p style=\"text-align: center; letter-spacing: 3px; font-size: 17px; color: #cd232a;\">Quanta System prin\u00e1\u0161a nov\u00fa radu estetick\u00fdch laserov EVO.<\/p>\n<p style=\"text-align: center; letter-spacing: 3px;\">Laserov\u00e9 syst\u00e9my <strong>Duetto\u00a0MT\u00a0EVO<\/strong>, <strong>Q-Plus EVO<\/strong> a <strong>Light 4V EVO<\/strong> s\u00fa \u0161pi\u010dkov\u00e9 modul\u00e1rne laserov\u00e9 platformy s\u00a0rozsiahlym pou\u017eit\u00edm v\u00a0dermatol\u00f3gii.<\/p>\n<\/div><\/div><\/div><div class=\"fusion-layout-column fusion_builder_column fusion-builder-column-5 fusion_builder_column_2_5 2_5 fusion-flex-column\" style=\"--awb-bg-size:cover;--awb-width-large:40%;--awb-margin-top-large:0px;--awb-spacing-right-large:4.8%;--awb-margin-bottom-large:20px;--awb-spacing-left-large:3.84%;--awb-width-medium:40%;--awb-spacing-right-medium:4.8%;--awb-spacing-left-medium:3.84%;--awb-width-small:100%;--awb-spacing-right-small:1.92%;--awb-spacing-left-small:1.92%;\"><div class=\"fusion-column-wrapper fusion-flex-justify-content-flex-start fusion-content-layout-column\"><div class=\"fusion-text fusion-text-4\"><h2 style=\"text-align: center;\"><a href=\"https:\/\/www.felymalaser.sk\/index.php\/youlaser-mt\/\" target=\"_blank\" rel=\"noopener noreferrer\">YouLaser MT<\/a><\/h2>\n<\/div><div class=\"fusion-text fusion-text-5\"><h2 style=\"text-align: center;\"><a href=\"https:\/\/www.felymalaser.sk\/index.php\/produkty\/laserova-technika\/quanta\/cyber-ho\/\" target=\"_blank\" rel=\"noopener noreferrer\">Cyber Ho<\/a><\/h2>\n<\/div><div class=\"fusion-text fusion-text-6\"><h2 style=\"text-align: center;\"><a href=\"https:\/\/www.felymalaser.sk\/index.php\/light-evo\/\" target=\"_blank\" rel=\"noopener noreferrer\">Light EVO<\/a><\/h2>\n<\/div><div class=\"fusion-text fusion-text-7\"><h2 style=\"text-align: center;\"><a href=\"https:\/\/www.felymalaser.sk\/index.php\/q-plus-evo-series\/\" target=\"_blank\" rel=\"noopener noreferrer\">QPlus EVO<\/a><\/h2>\n<\/div><div class=\"fusion-text fusion-text-8\"><h2 style=\"text-align: center;\"><a href=\"https:\/\/www.felymalaser.sk\/index.php\/produkty\/laserova-technika\/quanta\/duetto-mt-evo\/\" target=\"_blank\" rel=\"noopener noreferrer\">Duetto MT EVO<\/a><\/h2>\n<\/div><\/div><\/div><\/div><\/div><div class=\"fusion-fullwidth fullwidth-box fusion-builder-row-4 fusion-flex-container nonhundred-percent-fullwidth non-hundred-percent-height-scrolling\" style=\"--awb-background-position:center top;--awb-border-sizes-top:0px;--awb-border-sizes-bottom:0px;--awb-border-sizes-left:0px;--awb-border-sizes-right:0px;--awb-border-radius-top-left:0px;--awb-border-radius-top-right:0px;--awb-border-radius-bottom-right:0px;--awb-border-radius-bottom-left:0px;--awb-padding-top:0px;--awb-padding-bottom:50px;--awb-background-color:#f8f8f8;--awb-flex-wrap:wrap;\" ><div class=\"fusion-builder-row fusion-row fusion-flex-align-items-stretch fusion-flex-content-wrap\" style=\"max-width:calc( 1170px + 0px );margin-left: calc(-0px \/ 2 );margin-right: calc(-0px \/ 2 );\"><div class=\"fusion-layout-column fusion_builder_column fusion-builder-column-6 fusion_builder_column_1_1 1_1 fusion-flex-column fusion-flex-align-self-flex-start fusion-column-no-min-height\" style=\"--awb-bg-size:cover;--awb-width-large:100%;--awb-margin-top-large:0px;--awb-spacing-right-large:0px;--awb-margin-bottom-large:0px;--awb-spacing-left-large:0px;--awb-width-medium:100%;--awb-spacing-right-medium:0px;--awb-spacing-left-medium:0px;--awb-width-small:100%;--awb-spacing-right-small:0px;--awb-spacing-left-small:0px;\"><div class=\"fusion-column-wrapper fusion-flex-justify-content-flex-start fusion-content-layout-column\"><div class=\"fusion-separator fusion-full-width-sep\" style=\"align-self: center;margin-left: auto;margin-right: auto;width:100%;max-width:100%;\"><div class=\"fusion-separator-border sep-single sep-solid\" style=\"--awb-height:20px;--awb-amount:20px;border-color:var(--awb-color3);border-top-width:1px;\"><\/div><\/div><div class=\"fusion-slider-sc\"><div class=\"fusion-flexslider-loading flexslider flexslider-hover-type-none\" data-slideshow_autoplay=\"1\" data-slideshow_smooth_height=\"0\" data-slideshow_speed=\"7000\" style=\"max-width:100%;height:100%;\"><ul class=\"slides\"><li class=\"image\"><a class=\"lightbox-enabled fusion-lightbox\" data-rel=\"iLightbox[slider_carousel_2]\" title=\"plexr\" data-title=\"plexr\" aria-label=\"plexr\" href=\"https:\/\/www.felymalaser.sk\/index.php\/plexr\/\" target=\"_self\"><span class=\"fusion-image-hover-element hover-type-none\"><img decoding=\"async\" src=\"https:\/\/www.felymalaser.sk\/wp-content\/uploads\/2017\/03\/plexr_slider.jpg\" alt=\"plexr\" width=\"960\" height=\"400\" \/><\/span><\/a><\/li><\/ul><\/div><\/div><div class=\"fusion-text fusion-text-9\"><p style=\"text-align: justify;\"><strong>Plexr<\/strong> je skuto\u010dnou revolu\u010dnou a patentovanou inov\u00e1ciou v oblasti estetickej medic\u00edny a\u00a0chirurgie. PLEXR predstavuje nov\u00fa a vzru\u0161uj\u00facu hranicu v chirurgii: poskytuje lek\u00e1rovi aj pacientovi alternat\u00edvny pr\u00edstup k postupom, ktor\u00e9 boli a\u017e doteraz vysoko invaz\u00edvne kv\u00f4li komplik\u00e1ci\u00e1m pred a po oper\u00e1cii, ako je anest\u00e9zia, chirurgick\u00e1 resekcia, stehy a poopera\u010dn\u00e9 zotavenie v nemocnici.<\/p>\n<p style=\"text-align: justify;\">Toto \u00faplne bezdr\u00f4tov\u00e9 zariadenie je mimoriadne \u0161ikovn\u00e9, ergonomick\u00e9 a dobre funguj\u00face, vytvoren\u00e9 na pr\u00e1cu v oblastiach, kde je \u0165a\u017ek\u00e9 pou\u017e\u00edva\u0165 in\u00e9 n\u00e1stroje, ako je laser alebo r\u00e1diofrekven\u010dn\u00fd skalpel.<\/p>\n<\/div><\/div><\/div><\/div><\/div><\/p>\n","protected":false},"excerpt":{"rendered":"","protected":false},"author":1,"featured_media":0,"parent":0,"menu_order":0,"comment_status":"closed","ping_status":"closed","template":"100-width.php","meta":{"footnotes":""},"class_list":["post-13729","page","type-page","status-publish","hentry"],"_links":{"self":[{"href":"https:\/\/www.felymalaser.sk\/index.php\/wp-json\/wp\/v2\/pages\/13729","targetHints":{"allow":["GET"]}}],"collection":[{"href":"https:\/\/www.felymalaser.sk\/index.php\/wp-json\/wp\/v2\/pages"}],"about":[{"href":"https:\/\/www.felymalaser.sk\/index.php\/wp-json\/wp\/v2\/types\/page"}],"author":[{"embeddable":true,"href":"https:\/\/www.felymalaser.sk\/index.php\/wp-json\/wp\/v2\/users\/1"}],"replies":[{"embeddable":true,"href":"https:\/\/www.felymalaser.sk\/index.php\/wp-json\/wp\/v2\/comments?post=13729"}],"version-history":[{"count":232,"href":"https:\/\/www.felymalaser.sk\/index.php\/wp-json\/wp\/v2\/pages\/13729\/revisions"}],"predecessor-version":[{"id":15025,"href":"https:\/\/www.felymalaser.sk\/index.php\/wp-json\/wp\/v2\/pages\/13729\/revisions\/15025"}],"wp:attachment":[{"href":"https:\/\/www.felymalaser.sk\/index.php\/wp-json\/wp\/v2\/media?parent=13729"}],"curies":[{"name":"wp","href":"https:\/\/api.w.org\/{rel}","templated":true}]}}