{"id":13680,"date":"2017-03-22T13:59:24","date_gmt":"2017-03-22T12:59:24","guid":{"rendered":"http:\/\/www.felymalaser.sk\/?page_id=13680"},"modified":"2022-04-07T09:18:11","modified_gmt":"2022-04-07T07:18:11","slug":"youlaser-mt","status":"publish","type":"page","link":"https:\/\/www.felymalaser.sk\/index.php\/youlaser-mt\/","title":{"rendered":"YouLaser MT"},"content":{"rendered":"<div class=\"fusion-fullwidth fullwidth-box fusion-builder-row-1 fusion-flex-container nonhundred-percent-fullwidth non-hundred-percent-height-scrolling\" style=\"--awb-background-position:left top;--awb-border-radius-top-left:0px;--awb-border-radius-top-right:0px;--awb-border-radius-bottom-right:0px;--awb-border-radius-bottom-left:0px;--awb-padding-top:20px;--awb-padding-bottom:20px;--awb-border-sizes-top:0px;--awb-border-sizes-bottom:0px;--awb-flex-wrap:wrap;\" ><div class=\"fusion-builder-row fusion-row fusion-flex-align-items-flex-start fusion-flex-content-wrap\" style=\"max-width:1216.8px;margin-left: calc(-4% \/ 2 );margin-right: calc(-4% \/ 2 );\"><div class=\"fusion-layout-column fusion_builder_column fusion-builder-column-0 fusion_builder_column_1_2 1_2 fusion-flex-column\" style=\"--awb-bg-size:cover;--awb-width-large:50%;--awb-margin-top-large:0px;--awb-spacing-right-large:3.84%;--awb-margin-bottom-large:20px;--awb-spacing-left-large:3.84%;--awb-width-medium:50%;--awb-spacing-right-medium:3.84%;--awb-spacing-left-medium:3.84%;--awb-width-small:100%;--awb-spacing-right-small:1.92%;--awb-spacing-left-small:1.92%;\"><div class=\"fusion-column-wrapper fusion-flex-justify-content-flex-start fusion-content-layout-column\"><div class=\"fusion-text fusion-text-1\"><p style=\"text-align: justify;\">Youlaser MT je prv\u00fd a jedin\u00fd laser, ktor\u00fd v\u010faka MIX Technol\u00f3gii, kombinuje dve vlnov\u00e9 d\u013a\u017eky ablat\u00edvneho CO2 lasera &#8211; 10600 nm a\u00a0neablat\u00edvneho GaAs lasera &#8211; 1540 nm s postupnou alebo s\u00fa\u010dasnou frak\u010dnou emisiou. Tieto dva lasery m\u00f4\u017eu pracova\u0165 samostatne alebo v exkluz\u00edvnom Mixed Re\u017eime, ktor\u00fd umo\u017e\u0148uje najlep\u0161iu lie\u010dbu pre ka\u017ed\u00e9ho pacienta. Youlaser MT m\u00f4\u017ee m\u00f4\u017ee by\u0165 tie\u017e pou\u017eit\u00fd ako modern\u00fd chirurgick\u00fd laser. Ve\u013emi r\u00fdchle trubice lasera CO2 umo\u017e\u0148uj\u00fa pracova\u0165 a\u017e do 2000 Hz a dod\u00e1va\u0165 v rovnakom \u010dase, v\u00a0mikrosekund\u00e1ch, impulzy pre dokonal\u00fa kontrolu rezania a r\u00fdchlosti koagul\u00e1cie. Youlaser MT je &#8222;bez\u00fadr\u017ebov\u00fd&#8220; laser, ktor\u00fd umo\u017e\u0148uje udr\u017ea\u0165 prev\u00e1dzkov\u00e9 n\u00e1klady na najni\u017e\u0161ej \u00farovni.<\/p>\n<p style=\"text-align: justify;\">S\u00fa\u010dasne vy\u017earovanie dvoch vlnov\u00fdch d\u013a\u017eok s\u00fa\u010dasne maximalizuj\u00fa v\u00fdhody ka\u017ed\u00e9ho lasera a\u00a0zlep\u0161uj\u00fa v\u00fdsledky u\u017e po jednom o\u0161etren\u00ed. MIX Technol\u00f3gia je vhodn\u00e1 na o\u0161etrenie zostarnutej poko\u017eky s vr\u00e1skami, pigment\u00e1ci\u00ed, jaziev, jaziev po akn\u00e9, vypnutie poko\u017eky.<\/p>\n<h3>DivaTight<\/h3>\n<p style=\"text-align: justify;\">Vagin\u00e1lna atrofia je strata prirodzenej kon\u0161truk\u010dnej hr\u00fabky kolag\u00e9nu a tvaru vagin\u00e1lneho tkaniva, sp\u00f4sobenou p\u00f4rodom alebo starnut\u00edm. DivaTight je jedine\u010dn\u00e1 proced\u00fara, ktor\u00e1 prostredn\u00edctvom \u0161peci\u00e1lneho n\u00e1sadca, umo\u017e\u0148uje lie\u010dbu laserov\u00fdmi emisiami lasera GaAs 1540 nm a CO2 10600 nm, na obnovu povrchu a spevnenie vagin\u00e1lnej sliznice umo\u017e\u0148uj\u00facu v\u00fdrazn\u00e9 zlep\u0161enie kvality \u017eivota pacienta, sexu\u00e1lneho uspokojenia a\u00a0okam\u017eit\u00fd n\u00e1vrat k be\u017en\u00fdm aktivit\u00e1m po o\u0161etren\u00ed. DivaTight umo\u017e\u0148uje vykona\u0165 exkluz\u00edvnu zmie\u0161an\u00fa lie\u010dbu vagin\u00e1lnej sliznice neablat\u00edvnym a\u00a0ablat\u00edvnym p\u00f4soben\u00edm laserov\u00e9ho \u017eiarenia v rovnakom \u010dase.O\u0161etrenie stimuluje kontrakciu a tvorbu nov\u00e9ho kolag\u00e9nu sliznice vo vagin\u00e1lnej tkanive, ktor\u00e1 op\u00e4tovne z\u00edska norm\u00e1lnu vagin\u00e1lnej pru\u017enos\u0165.<\/p>\n<p style=\"text-align: justify;\">DivaTight je \u00a0jedine\u010dn\u00fd postup, ktor\u00fd zni\u017euje abl\u00e1ciu sliznice po\u010das lie\u010dby, zatia\u013e \u010do neablat\u00edvny laser prenik\u00e1 hlboko do tkaniva, aby \u0161etrne maximalizoval \u00fa\u010dinok spevnenia bez krv\u00e1cania a\u00a0minimalizoval dobu lie\u010denia.<\/p>\n<\/div><\/div><\/div><div class=\"fusion-layout-column fusion_builder_column fusion-builder-column-1 fusion_builder_column_1_2 1_2 fusion-flex-column\" style=\"--awb-bg-size:cover;--awb-width-large:50%;--awb-margin-top-large:0px;--awb-spacing-right-large:3.84%;--awb-margin-bottom-large:20px;--awb-spacing-left-large:3.84%;--awb-width-medium:50%;--awb-spacing-right-medium:3.84%;--awb-spacing-left-medium:3.84%;--awb-width-small:100%;--awb-spacing-right-small:1.92%;--awb-spacing-left-small:1.92%;\"><div class=\"fusion-column-wrapper fusion-flex-justify-content-flex-start fusion-content-layout-column\"><div class=\"fusion-image-element \" style=\"text-align:center;--awb-caption-title-font-family:var(--h2_typography-font-family);--awb-caption-title-font-weight:var(--h2_typography-font-weight);--awb-caption-title-font-style:var(--h2_typography-font-style);--awb-caption-title-size:var(--h2_typography-font-size);--awb-caption-title-transform:var(--h2_typography-text-transform);--awb-caption-title-line-height:var(--h2_typography-line-height);--awb-caption-title-letter-spacing:var(--h2_typography-letter-spacing);\"><span class=\" fusion-imageframe imageframe-none imageframe-1 hover-type-none\"><img decoding=\"async\" width=\"541\" height=\"1000\" alt=\"YouLaser MT\" title=\"Aesthetic medicine laser\" src=\"https:\/\/www.felymalaser.sk\/wp-content\/uploads\/2017\/03\/youlasermt.jpg\" class=\"img-responsive wp-image-13681\" srcset=\"https:\/\/www.felymalaser.sk\/wp-content\/uploads\/2017\/03\/youlasermt-200x370.jpg 200w, https:\/\/www.felymalaser.sk\/wp-content\/uploads\/2017\/03\/youlasermt-400x739.jpg 400w, https:\/\/www.felymalaser.sk\/wp-content\/uploads\/2017\/03\/youlasermt.jpg 541w\" sizes=\"(max-width: 640px) 100vw, 541px\" \/><\/span><\/div><div class=\"fusion-text fusion-text-2\"><p style=\"text-align: center;\"><img decoding=\"async\" class=\"aligncenter size-full wp-image-13062\" src=\"https:\/\/www.felymalaser.sk\/wp-content\/uploads\/2017\/02\/pdf.png\" alt=\"\" width=\"32\" height=\"32\" \/><\/p>\n<p style=\"text-align: center;\"><a href=\"https:\/\/www.felymalaser.sk\/wp-content\/uploads\/2017\/youlasermt.pdf\" target=\"_blank\" rel=\"noopener\">YouLaser MT<\/a><\/p>\n<\/div><div class=\"fusion-separator fusion-full-width-sep\" style=\"align-self: center;margin-left: auto;margin-right: auto;width:100%;\"><\/div><div class=\"fusion-image-element \" style=\"--awb-caption-title-font-family:var(--h2_typography-font-family);--awb-caption-title-font-weight:var(--h2_typography-font-weight);--awb-caption-title-font-style:var(--h2_typography-font-style);--awb-caption-title-size:var(--h2_typography-font-size);--awb-caption-title-transform:var(--h2_typography-text-transform);--awb-caption-title-line-height:var(--h2_typography-line-height);--awb-caption-title-letter-spacing:var(--h2_typography-letter-spacing);\"><span class=\" fusion-imageframe imageframe-none imageframe-2 hover-type-none\"><img decoding=\"async\" width=\"931\" height=\"892\" alt=\"YouLaser MT\" title=\"divatight\" src=\"https:\/\/www.felymalaser.sk\/wp-content\/uploads\/2017\/03\/divatight.jpg\" class=\"img-responsive wp-image-13682\" srcset=\"https:\/\/www.felymalaser.sk\/wp-content\/uploads\/2017\/03\/divatight-200x192.jpg 200w, https:\/\/www.felymalaser.sk\/wp-content\/uploads\/2017\/03\/divatight-400x383.jpg 400w, https:\/\/www.felymalaser.sk\/wp-content\/uploads\/2017\/03\/divatight-600x575.jpg 600w, https:\/\/www.felymalaser.sk\/wp-content\/uploads\/2017\/03\/divatight-800x766.jpg 800w, https:\/\/www.felymalaser.sk\/wp-content\/uploads\/2017\/03\/divatight.jpg 931w\" sizes=\"(max-width: 640px) 100vw, 600px\" \/><\/span><\/div><div class=\"fusion-text fusion-text-3\"><p style=\"text-align: center;\"><img decoding=\"async\" class=\"aligncenter size-full wp-image-13062\" src=\"https:\/\/www.felymalaser.sk\/wp-content\/uploads\/2017\/02\/pdf.png\" alt=\"\" width=\"32\" height=\"32\" \/><\/p>\n<p style=\"text-align: center;\"><a href=\"https:\/\/www.felymalaser.sk\/wp-content\/uploads\/2017\/divatight.pdf\" target=\"_blank\" rel=\"noopener\">Diva Tight<\/a><\/p>\n<\/div><\/div><\/div><\/div><\/div>\n","protected":false},"excerpt":{"rendered":"","protected":false},"author":1,"featured_media":0,"parent":0,"menu_order":0,"comment_status":"closed","ping_status":"closed","template":"","meta":{"footnotes":""},"class_list":["post-13680","page","type-page","status-publish","hentry"],"_links":{"self":[{"href":"https:\/\/www.felymalaser.sk\/index.php\/wp-json\/wp\/v2\/pages\/13680","targetHints":{"allow":["GET"]}}],"collection":[{"href":"https:\/\/www.felymalaser.sk\/index.php\/wp-json\/wp\/v2\/pages"}],"about":[{"href":"https:\/\/www.felymalaser.sk\/index.php\/wp-json\/wp\/v2\/types\/page"}],"author":[{"embeddable":true,"href":"https:\/\/www.felymalaser.sk\/index.php\/wp-json\/wp\/v2\/users\/1"}],"replies":[{"embeddable":true,"href":"https:\/\/www.felymalaser.sk\/index.php\/wp-json\/wp\/v2\/comments?post=13680"}],"version-history":[{"count":3,"href":"https:\/\/www.felymalaser.sk\/index.php\/wp-json\/wp\/v2\/pages\/13680\/revisions"}],"predecessor-version":[{"id":14920,"href":"https:\/\/www.felymalaser.sk\/index.php\/wp-json\/wp\/v2\/pages\/13680\/revisions\/14920"}],"wp:attachment":[{"href":"https:\/\/www.felymalaser.sk\/index.php\/wp-json\/wp\/v2\/media?parent=13680"}],"curies":[{"name":"wp","href":"https:\/\/api.w.org\/{rel}","templated":true}]}}