{"id":13674,"date":"2017-03-21T16:30:03","date_gmt":"2017-03-21T15:30:03","guid":{"rendered":"http:\/\/www.felymalaser.sk\/?page_id=13674"},"modified":"2022-04-07T09:18:12","modified_gmt":"2022-04-07T07:18:12","slug":"light-evo","status":"publish","type":"page","link":"https:\/\/www.felymalaser.sk\/index.php\/light-evo\/","title":{"rendered":"Light EVO"},"content":{"rendered":"<div class=\"fusion-fullwidth fullwidth-box fusion-builder-row-1 fusion-flex-container nonhundred-percent-fullwidth non-hundred-percent-height-scrolling\" style=\"--awb-background-position:left top;--awb-border-radius-top-left:0px;--awb-border-radius-top-right:0px;--awb-border-radius-bottom-right:0px;--awb-border-radius-bottom-left:0px;--awb-padding-top:20px;--awb-padding-bottom:20px;--awb-border-sizes-top:0px;--awb-border-sizes-bottom:0px;--awb-flex-wrap:wrap;\" ><div class=\"fusion-builder-row fusion-row fusion-flex-align-items-flex-start fusion-flex-content-wrap\" style=\"max-width:1216.8px;margin-left: calc(-4% \/ 2 );margin-right: calc(-4% \/ 2 );\"><div class=\"fusion-layout-column fusion_builder_column fusion-builder-column-0 fusion_builder_column_2_3 2_3 fusion-flex-column\" style=\"--awb-bg-size:cover;--awb-width-large:66.666666666667%;--awb-margin-top-large:0px;--awb-spacing-right-large:3.84%;--awb-margin-bottom-large:20px;--awb-spacing-left-large:2.88%;--awb-width-medium:66.666666666667%;--awb-spacing-right-medium:3.84%;--awb-spacing-left-medium:2.88%;--awb-width-small:100%;--awb-spacing-right-small:1.92%;--awb-spacing-left-small:1.92%;\"><div class=\"fusion-column-wrapper fusion-flex-justify-content-flex-start fusion-content-layout-column\"><div class=\"fusion-text fusion-text-1\"><h3>Laser s radou vlnov\u00fdch d\u013a\u017eok pre \u0161irok\u00fa mo\u017enos\u0165 vyu\u017eitia<\/h3>\n<ul>\n<li>a\u017e 5 vlnov\u00fdch d\u013a\u017eok v jednom pr\u00edstroji \u2013 1064, 755, 532, 1320, 2940 nm<\/li>\n<li>nov\u00e1 unik\u00e1tna kombin\u00e1cia kr\u00e1tkeho, dlh\u00e9ho a Q-sp\u00ednan\u00e9ho pulzu v jednom pr\u00edstroji<\/li>\n<li>depil\u00e1cia, depigment\u00e1cia, \u017eilky, rejuveniz\u00e1cia a vytiahnutie ko\u017ee, akn\u00e9<\/li>\n<li>zabudovan\u00e1 kalibra\u010dn\u00e1 mierka energie laseru<\/li>\n<li>mo\u017enos\u0165 v\u00fdberu chladenia poko\u017eky syst\u00e9mom SKIN COOLING alebo ZIMMER<\/li>\n<li>volite\u013en\u00e9 roz\u0161\u00edrenie modulmi TWAIN\n<ul>\n<li>TWAIN 1320 nm<\/li>\n<li>TWAIN 2940 nm<\/li>\n<li>TWAIN IPL<\/li>\n<li>TWAIN RF<\/li>\n<\/ul>\n<\/li>\n<\/ul>\n<h3>Light 4V<\/h3>\n<p>Alexandrit (755 nm) a Nd:YAG (1064 plus 532 nm) laser s dlh\u00fdm a kr\u00e1tkym pulzom<\/p>\n<h3>Light A<\/h3>\n<p>Alexandrit (755 nm) laser s dlh\u00fdm pulzom<\/p>\n<h3>Light A*<\/h3>\n<p>Kombin\u00e1cia vlastnost\u00ed laserov Light A a Light B<\/p>\n<h3>Light B<\/h3>\n<p>Nd:YAG (1064 nm) laser s dlh\u00fdm a kr\u00e1tkym pulzom<\/p>\n<h3>Light C<\/h3>\n<p>Nd:YAG (1064 a 532 nm) laser s dlh\u00fdm a kr\u00e1tkym pulzom<\/p>\n<h3>Ultralight<\/h3>\n<p>nov\u00e1 kombin\u00e1cia Q-sp\u00ednan\u00e9ho a dlh\u00e9ho pulzu Nd:YAG laseru (1064 a 532 nm)<\/p>\n<\/div><\/div><\/div><div class=\"fusion-layout-column fusion_builder_column fusion-builder-column-1 fusion_builder_column_1_3 1_3 fusion-flex-column\" style=\"--awb-bg-size:cover;--awb-width-large:33.333333333333%;--awb-margin-top-large:0px;--awb-spacing-right-large:5.76%;--awb-margin-bottom-large:20px;--awb-spacing-left-large:3.8399999999999%;--awb-width-medium:33.333333333333%;--awb-spacing-right-medium:5.76%;--awb-spacing-left-medium:3.8399999999999%;--awb-width-small:100%;--awb-spacing-right-small:1.92%;--awb-spacing-left-small:1.92%;\"><div class=\"fusion-column-wrapper fusion-flex-justify-content-flex-start fusion-content-layout-column\"><div class=\"fusion-image-element \" style=\"text-align:center;--awb-caption-title-font-family:var(--h2_typography-font-family);--awb-caption-title-font-weight:var(--h2_typography-font-weight);--awb-caption-title-font-style:var(--h2_typography-font-style);--awb-caption-title-size:var(--h2_typography-font-size);--awb-caption-title-transform:var(--h2_typography-text-transform);--awb-caption-title-line-height:var(--h2_typography-line-height);--awb-caption-title-letter-spacing:var(--h2_typography-letter-spacing);\"><span class=\" fusion-imageframe imageframe-none imageframe-1 hover-type-none\"><a href=\"https:\/\/www.felymalaser.sk\/wp-content\/uploads\/2017\/03\/EVO-Light.png\" class=\"fusion-lightbox\" data-rel=\"iLightbox[6c4dbc3952b36c52cad]\" data-caption=\"EVO Light\" data-title=\"Light EVO &#8211; Laser s radou vlnov\u00fdch d\u013a\u017eok pre \u0161irok\u00fa mo\u017enos\u0165 vyu\u017eitia\" title=\"Light EVO &#8211; Laser s radou vlnov\u00fdch d\u013a\u017eok pre \u0161irok\u00fa mo\u017enos\u0165 vyu\u017eitia\"><img decoding=\"async\" width=\"410\" height=\"713\" alt=\"EVO Light\" src=\"https:\/\/www.felymalaser.sk\/wp-content\/uploads\/2017\/03\/EVO-Light.png\" class=\"img-responsive wp-image-13675\" srcset=\"https:\/\/www.felymalaser.sk\/wp-content\/uploads\/2017\/03\/EVO-Light-200x348.png 200w, https:\/\/www.felymalaser.sk\/wp-content\/uploads\/2017\/03\/EVO-Light-400x696.png 400w, https:\/\/www.felymalaser.sk\/wp-content\/uploads\/2017\/03\/EVO-Light.png 410w\" sizes=\"(max-width: 640px) 100vw, 400px\" \/><\/a><\/span><\/div><div class=\"fusion-text fusion-text-2\"><p style=\"text-align: center;\"><img decoding=\"async\" class=\"aligncenter size-full wp-image-13062\" src=\"https:\/\/www.felymalaser.sk\/wp-content\/uploads\/2017\/02\/pdf.png\" alt=\"\" width=\"32\" height=\"32\" \/><\/p>\n<p style=\"text-align: center;\"><a href=\"https:\/\/www.felymalaser.sk\/wp-content\/uploads\/2017\/lightevo.pdf\" target=\"_blank\" rel=\"noopener\">Quanta Light EVO<\/a><\/p>\n<\/div><\/div><\/div><\/div><\/div>\n","protected":false},"excerpt":{"rendered":"","protected":false},"author":1,"featured_media":0,"parent":0,"menu_order":0,"comment_status":"closed","ping_status":"closed","template":"","meta":{"footnotes":""},"class_list":["post-13674","page","type-page","status-publish","hentry"],"_links":{"self":[{"href":"https:\/\/www.felymalaser.sk\/index.php\/wp-json\/wp\/v2\/pages\/13674","targetHints":{"allow":["GET"]}}],"collection":[{"href":"https:\/\/www.felymalaser.sk\/index.php\/wp-json\/wp\/v2\/pages"}],"about":[{"href":"https:\/\/www.felymalaser.sk\/index.php\/wp-json\/wp\/v2\/types\/page"}],"author":[{"embeddable":true,"href":"https:\/\/www.felymalaser.sk\/index.php\/wp-json\/wp\/v2\/users\/1"}],"replies":[{"embeddable":true,"href":"https:\/\/www.felymalaser.sk\/index.php\/wp-json\/wp\/v2\/comments?post=13674"}],"version-history":[{"count":3,"href":"https:\/\/www.felymalaser.sk\/index.php\/wp-json\/wp\/v2\/pages\/13674\/revisions"}],"predecessor-version":[{"id":14921,"href":"https:\/\/www.felymalaser.sk\/index.php\/wp-json\/wp\/v2\/pages\/13674\/revisions\/14921"}],"wp:attachment":[{"href":"https:\/\/www.felymalaser.sk\/index.php\/wp-json\/wp\/v2\/media?parent=13674"}],"curies":[{"name":"wp","href":"https:\/\/api.w.org\/{rel}","templated":true}]}}