{"id":13634,"date":"2017-03-17T10:48:12","date_gmt":"2017-03-17T09:48:12","guid":{"rendered":"http:\/\/www.felymalaser.sk\/?page_id=13634"},"modified":"2022-04-07T09:18:12","modified_gmt":"2022-04-07T07:18:12","slug":"q-plus-evo-series","status":"publish","type":"page","link":"https:\/\/www.felymalaser.sk\/index.php\/q-plus-evo-series\/","title":{"rendered":"Q-Plus EVO series"},"content":{"rendered":"<div class=\"fusion-fullwidth fullwidth-box fusion-builder-row-1 fusion-flex-container nonhundred-percent-fullwidth non-hundred-percent-height-scrolling\" style=\"--awb-background-position:left top;--awb-border-radius-top-left:0px;--awb-border-radius-top-right:0px;--awb-border-radius-bottom-right:0px;--awb-border-radius-bottom-left:0px;--awb-padding-top:20px;--awb-padding-bottom:20px;--awb-border-sizes-top:0px;--awb-border-sizes-bottom:0px;--awb-flex-wrap:wrap;\" ><div class=\"fusion-builder-row fusion-row fusion-flex-align-items-flex-start fusion-flex-content-wrap\" style=\"max-width:1216.8px;margin-left: calc(-4% \/ 2 );margin-right: calc(-4% \/ 2 );\"><div class=\"fusion-layout-column fusion_builder_column fusion-builder-column-0 fusion_builder_column_2_3 2_3 fusion-flex-column\" style=\"--awb-bg-size:cover;--awb-width-large:66.666666666667%;--awb-margin-top-large:0px;--awb-spacing-right-large:3.84%;--awb-margin-bottom-large:20px;--awb-spacing-left-large:2.88%;--awb-width-medium:66.666666666667%;--awb-spacing-right-medium:3.84%;--awb-spacing-left-medium:2.88%;--awb-width-small:100%;--awb-spacing-right-small:1.92%;--awb-spacing-left-small:1.92%;\"><div class=\"fusion-column-wrapper fusion-flex-justify-content-flex-start fusion-content-layout-column\"><div class=\"fusion-text fusion-text-1\"><h3><strong>Q-Plus EVO series<\/strong><\/h3>\n<p style=\"text-align: justify;\">Q-Plus EVO s\u00e9ria je jedine\u010dn\u00fd laserov\u00fd \u00a0syst\u00e9m na odstr\u00e1nenie multi-farebn\u00e9ho tetovania a\u00a0lie\u010dbu ben\u00edgnych pigmentov\u00fdch l\u00e9zii, trval\u00fa epil\u00e1ciu, odstr\u00e1nenie vaskul\u00e1rnych l\u00e9zi\u00ed a o\u0161etrenie jaziev, akn\u00e9 a\u00a0rejuveniz\u00e1ciu.<\/p>\n<p style=\"text-align: justify;\">V\u00a0re\u017eime ve\u013emi kr\u00e1tkych pulzov Q-Switched (6 ns pre YAG a 30 ns pre Ruby laser) poskytuje ve\u013emi vysok\u00fd \u0161pi\u010dkov\u00fd v\u00fdkon (stovky MW), ktor\u00fd umo\u017e\u0148uje vysoko \u00fa\u010dinn\u00fd foto-akustick\u00fd efekt, pri\u010dom zni\u017euje tepeln\u00fa interakciu s tkanivom. T\u00fdm sa dosahuje roztrie\u0161tenie ne\u017eiaduceho tetovania a pr\u00edrodn\u00fdch pigmentov v ko\u017ei na mal\u00e9 \u010dastice, ktor\u00e9 sa n\u00e1sledne odstr\u00e1nia procesom phagocitosys. Re\u017eim Opti Pulse pri pou\u017eit\u00ed vlnovej d\u013a\u017eky 532 nm, zvy\u0161uje emisiu energie o 50% a zn\u00ed\u017euhe optick\u00fd \u0161pi\u010dkov\u00fd v\u00fdkon o 20%, z\u00a0d\u00f4vodu zabr\u00e1nenia purpurov\u00fdch \u0161kv\u0155n a rizika hyperpigment\u00e1cie po o\u0161etren\u00ed.<\/p>\n<h3><strong>CHLADIACI SYST\u00c9M<\/strong><\/h3>\n<p style=\"text-align: justify;\">Chladenie poko\u017eky \u201eSKIN COOLER\u201c je plne integrovan\u00e9 do syst\u00e9mu. Tepeln\u00e1 ochrana zvy\u0161uje komfort o\u0161etrenia. Volite\u013en\u00e9 pr\u00edslu\u0161enstvo SkinCryo adapt\u00e9r integruje optick\u00fd prenosov\u00fd syst\u00e9m pulzn\u00e9ho lasera s\u00a0chladiacim zariaden\u00edm Zimmer. Tento syst\u00e9m zni\u017euje boles\u0165 pri o\u0161etrovan\u00ed ve\u013ek\u00fdch pl\u00f4ch.<\/p>\n<h3><strong>Q-Plus A<\/strong><\/h3>\n<p style=\"text-align: justify;\">Q-Switched and Photo-Thermal Nd:YAG 532\/1064 nm<\/p>\n<p style=\"text-align: justify;\">Indik\u00e1cie: ben\u00edgne pigmentov\u00e9 \u0161kvrny, ben\u00edgne ko\u017en\u00e9 l\u00e9zie, odstr\u00e1nenie \u010diernej, tmavomodrej, hnedej, \u010dervenej, oran\u017eovej a\u00a0fialovej tetovacej farby, lie\u010dba jaziev, rejuveniz\u00e1cia poko\u017eky, zosvetlenie ne\u017eiad\u00faceho ochlpenia, lie\u010dba z\u00e1palov\u00e9ho akn\u00e9, dermatologick\u00e9 o\u0161etrenie pleti a\u00a0nechtov.<\/p>\n<h3><strong>Q-Plus C<\/strong><\/h3>\n<p style=\"text-align: justify;\">Q-Switched and Photo-Thermal Nd:YAG 532\/1064 nm + Q-Switched Ruby 694 nm<\/p>\n<p style=\"text-align: justify;\">Indik\u00e1cie: ben\u00edgne pigmentov\u00e9 \u0161kvrny, ben\u00edgne ko\u017en\u00e9 l\u00e9zie, odstr\u00e1nenie \u010diernej, tmavomodrej, hnedej, \u010dervenej, oran\u017eovej,\u00a0fialovej, svetlomodrej a zelenej tetovacej farby, lie\u010dba jaziev, rejuveniz\u00e1cia poko\u017eky, zosvetlenie ne\u017eiad\u00faceho ochlpenia, trval\u00e1 epil\u00e1cia, lie\u010dba z\u00e1palov\u00e9ho akn\u00e9, dermatologick\u00e9 o\u0161etrenie pleti a\u00a0nechtov.<\/p>\n<h3><strong>Q-Plus R<\/strong><\/h3>\n<p style=\"text-align: justify;\">Q-Switched Ruby 694 nm<\/p>\n<p style=\"text-align: justify;\">Indik\u00e1cie: ben\u00edgne pigmentov\u00e9 \u0161kvrny, odstr\u00e1nenie \u010diernej, modrej, hnedej, fialovej, svetlomodrej a zelenej tetovacej farby, trval\u00e1 epil\u00e1cia.<\/p>\n<h3><strong>Q-Plus STAR 1 EVO<\/strong><\/h3>\n<p style=\"text-align: justify;\">Q-Switched\u00a0and Photo-Thermal\u00a0Nd:YAG 532\/1064 nm + Pulsed Nd:YAG 1064\/1320 nm (1320 nm &#8211; volite\u013ene)<\/p>\n<p style=\"text-align: justify;\">Indik\u00e1cie: ben\u00edgne pigmentov\u00e9 \u0161kvrny, ben\u00edgne ko\u017en\u00e9 l\u00e9zie, odstr\u00e1nenie \u010diernej, tmavomodrej, hnedej, \u010dervenej, oran\u017eovej a\u00a0fialovej tetovacej farby, lie\u010dba jaziev, rejuveniz\u00e1cia poko\u017eky, zosvetlenie ne\u017eiad\u00faceho ochlpenia, trval\u00e1 epil\u00e1cia, lie\u010dba z\u00e1palov\u00e9ho akn\u00e9, dermatologick\u00e9 o\u0161etrenie pleti a\u00a0nechtov, vaskul\u00e1rne l\u00e9zie.<\/p>\n<h3><strong>Q-Plus STAR 2 EVO<\/strong><\/h3>\n<p style=\"text-align: justify;\">Q-Switched and Photo-Thermal Nd:YAG 532\/1064 nm + Pulsed Alexandrite 755 nm.<\/p>\n<p style=\"text-align: justify;\">Indik\u00e1cie: ben\u00edgne pigmentov\u00e9 \u0161kvrny, ben\u00edgne ko\u017en\u00e9 l\u00e9zie, odstr\u00e1nenie \u010diernej, tmavomodrej, hnedej, \u010dervenej, oran\u017eovej a\u00a0fialovej tetovacej farby, lie\u010dba jaziev, rejuveniz\u00e1cia poko\u017eky, zosvetlenie ne\u017eiad\u00faceho ochlpenia, trval\u00e1 epil\u00e1cia, lie\u010dba z\u00e1palov\u00e9ho akn\u00e9, dermatologick\u00e9 o\u0161etrenie pleti a\u00a0nechtov, vaskul\u00e1rne l\u00e9zie.<\/p>\n<h3><strong>Ultralight EVO<\/strong><\/h3>\n<p style=\"text-align: justify;\">Nd:YAG laser 1064 + 532 nm, oba Q-Switched and long pulsed<\/p>\n<p style=\"text-align: justify;\">Indik\u00e1cie: ben\u00edgne pigmentov\u00e9 \u0161kvrny, ben\u00edgne ko\u017en\u00e9 l\u00e9zie, odstr\u00e1nenie multifarebn\u00e9ho tetovania, lie\u010dba jaziev, rejuveniz\u00e1cia poko\u017eky, zosvetlenie ne\u017eiad\u00faceho ochlpenia, trval\u00e1 epil\u00e1cia, lie\u010dba z\u00e1palov\u00e9ho akn\u00e9, dermatologick\u00e9 o\u0161etrenie pleti a\u00a0nechtov, vaskul\u00e1rne l\u00e9zie.<\/p>\n<\/div><\/div><\/div><div class=\"fusion-layout-column fusion_builder_column fusion-builder-column-1 fusion_builder_column_1_3 1_3 fusion-flex-column\" style=\"--awb-bg-size:cover;--awb-width-large:33.333333333333%;--awb-margin-top-large:0px;--awb-spacing-right-large:5.76%;--awb-margin-bottom-large:20px;--awb-spacing-left-large:3.8399999999999%;--awb-width-medium:33.333333333333%;--awb-spacing-right-medium:5.76%;--awb-spacing-left-medium:3.8399999999999%;--awb-width-small:100%;--awb-spacing-right-small:1.92%;--awb-spacing-left-small:1.92%;\"><div class=\"fusion-column-wrapper fusion-flex-justify-content-flex-start fusion-content-layout-column\"><div class=\"fusion-image-element \" style=\"text-align:center;--awb-caption-title-font-family:var(--h2_typography-font-family);--awb-caption-title-font-weight:var(--h2_typography-font-weight);--awb-caption-title-font-style:var(--h2_typography-font-style);--awb-caption-title-size:var(--h2_typography-font-size);--awb-caption-title-transform:var(--h2_typography-text-transform);--awb-caption-title-line-height:var(--h2_typography-line-height);--awb-caption-title-letter-spacing:var(--h2_typography-letter-spacing);\"><span class=\" fusion-imageframe imageframe-none imageframe-1 hover-type-zoomin\"><a href=\"https:\/\/www.felymalaser.sk\/wp-content\/uploads\/2017\/03\/Q-PlusEVO1.jpg\" class=\"fusion-lightbox\" data-rel=\"iLightbox[cd71f2420f2f9a08b99]\" data-title=\"Q-PlusEVO1\" title=\"Q-PlusEVO1\"><img decoding=\"async\" width=\"300\" height=\"300\" src=\"https:\/\/www.felymalaser.sk\/wp-content\/uploads\/2017\/03\/Q-PlusEVO1-300x300.jpg\" alt class=\"img-responsive wp-image-13635\" srcset=\"https:\/\/www.felymalaser.sk\/wp-content\/uploads\/2017\/03\/Q-PlusEVO1-200x200.jpg 200w, https:\/\/www.felymalaser.sk\/wp-content\/uploads\/2017\/03\/Q-PlusEVO1-400x400.jpg 400w, https:\/\/www.felymalaser.sk\/wp-content\/uploads\/2017\/03\/Q-PlusEVO1-600x600.jpg 600w, https:\/\/www.felymalaser.sk\/wp-content\/uploads\/2017\/03\/Q-PlusEVO1.jpg 800w\" sizes=\"(max-width: 640px) 100vw, 400px\" \/><\/a><\/span><\/div><div class=\"fusion-text fusion-text-2\"><p style=\"text-align: center;\"><img decoding=\"async\" class=\"aligncenter size-full wp-image-13062\" src=\"https:\/\/www.felymalaser.sk\/wp-content\/uploads\/2017\/02\/pdf.png\" alt=\"\" width=\"32\" height=\"32\" \/><\/p>\n<p style=\"text-align: center;\"><a href=\"https:\/\/www.felymalaser.sk\/wp-content\/uploads\/2017\/qplusevo.pdf\" target=\"_blank\" rel=\"noopener\">Q-Plus EVO series<\/a><\/p>\n<\/div><\/div><\/div><\/div><\/div>\n","protected":false},"excerpt":{"rendered":"","protected":false},"author":1,"featured_media":0,"parent":0,"menu_order":0,"comment_status":"closed","ping_status":"closed","template":"","meta":{"footnotes":""},"class_list":["post-13634","page","type-page","status-publish","hentry"],"_links":{"self":[{"href":"https:\/\/www.felymalaser.sk\/index.php\/wp-json\/wp\/v2\/pages\/13634","targetHints":{"allow":["GET"]}}],"collection":[{"href":"https:\/\/www.felymalaser.sk\/index.php\/wp-json\/wp\/v2\/pages"}],"about":[{"href":"https:\/\/www.felymalaser.sk\/index.php\/wp-json\/wp\/v2\/types\/page"}],"author":[{"embeddable":true,"href":"https:\/\/www.felymalaser.sk\/index.php\/wp-json\/wp\/v2\/users\/1"}],"replies":[{"embeddable":true,"href":"https:\/\/www.felymalaser.sk\/index.php\/wp-json\/wp\/v2\/comments?post=13634"}],"version-history":[{"count":3,"href":"https:\/\/www.felymalaser.sk\/index.php\/wp-json\/wp\/v2\/pages\/13634\/revisions"}],"predecessor-version":[{"id":14922,"href":"https:\/\/www.felymalaser.sk\/index.php\/wp-json\/wp\/v2\/pages\/13634\/revisions\/14922"}],"wp:attachment":[{"href":"https:\/\/www.felymalaser.sk\/index.php\/wp-json\/wp\/v2\/media?parent=13634"}],"curies":[{"name":"wp","href":"https:\/\/api.w.org\/{rel}","templated":true}]}}