{"id":13621,"date":"2017-03-17T10:30:18","date_gmt":"2017-03-17T09:30:18","guid":{"rendered":"http:\/\/www.felymalaser.sk\/?page_id=13621"},"modified":"2022-04-07T09:18:12","modified_gmt":"2022-04-07T07:18:12","slug":"duetto-mt-evo","status":"publish","type":"page","link":"https:\/\/www.felymalaser.sk\/index.php\/produkty\/laserova-technika\/quanta\/duetto-mt-evo\/","title":{"rendered":"Duetto MT EVO"},"content":{"rendered":"<div class=\"fusion-fullwidth fullwidth-box fusion-builder-row-1 fusion-flex-container nonhundred-percent-fullwidth non-hundred-percent-height-scrolling\" style=\"--awb-background-position:left top;--awb-border-radius-top-left:0px;--awb-border-radius-top-right:0px;--awb-border-radius-bottom-right:0px;--awb-border-radius-bottom-left:0px;--awb-padding-top:20px;--awb-padding-bottom:20px;--awb-border-sizes-top:0px;--awb-border-sizes-bottom:0px;--awb-flex-wrap:wrap;\" ><div class=\"fusion-builder-row fusion-row fusion-flex-align-items-flex-start fusion-flex-content-wrap\" style=\"max-width:1216.8px;margin-left: calc(-4% \/ 2 );margin-right: calc(-4% \/ 2 );\"><div class=\"fusion-layout-column fusion_builder_column fusion-builder-column-0 fusion_builder_column_1_2 1_2 fusion-flex-column\" style=\"--awb-bg-size:cover;--awb-width-large:50%;--awb-margin-top-large:0px;--awb-spacing-right-large:3.84%;--awb-margin-bottom-large:20px;--awb-spacing-left-large:3.84%;--awb-width-medium:50%;--awb-spacing-right-medium:3.84%;--awb-spacing-left-medium:3.84%;--awb-width-small:100%;--awb-spacing-right-small:1.92%;--awb-spacing-left-small:1.92%;\"><div class=\"fusion-column-wrapper fusion-flex-justify-content-flex-start fusion-content-layout-column\"><div class=\"fusion-text fusion-text-1\"><h3>Duetto MT EVO laser<\/h3>\n<p style=\"text-align: justify;\">kombinuje dve vlnov\u00e9 d\u013a\u017eky (755 a 1064 nm) v jednej emisii s\u00a0programovate\u013enou intenzitou, trvan\u00edm pulzu a nastavite\u013en\u00fdmi sekvenciami s cie\u013eom zv\u00fd\u0161i\u0165 bezpe\u010dnos\u0165 a \u00fa\u010dinnos\u0165 pri lie\u010dbe.\u00a0Duetto MT EVO je ur\u010den\u00fd na naj\u0161ir\u0161\u00ed v\u00fdber aplik\u00e1ci\u00ed redukcie ochlpenia, rovnako ako na cievne o\u0161etrenie a rejuveniz\u00e1ciu. Technol\u00f3gia mixovania vlnov\u00fdch d\u013a\u017eok umo\u017e\u0148uje obsluhe zvoli\u0165 emisiu \u017eiarenia jednej vlnovej d\u013a\u017eky alebo kombin\u00e1ciu oboch vlnov\u00fdch d\u013a\u017eok, pomocou s\u00fabe\u017en\u00fdch alebo postupn\u00fdch impulzov, pod\u013ea po\u017eadovanej aplik\u00e1cie.K dispoz\u00edcii je kompletn\u00e1 sada n\u00e1sadcov s ve\u013ekos\u0165ou spotu do 16 mm.<\/p>\n<p style=\"text-align: justify;\">CHLADIACI SYST\u00c9M<\/p>\n<p style=\"text-align: justify;\">Chladenie poko\u017eky \u201eSKIN COOLER\u201c je plne integrovan\u00e9 do syst\u00e9mu. Tepeln\u00e1 ochrana zvy\u0161uje komfort o\u0161etrenia. Volite\u013en\u00e9 pr\u00edslu\u0161enstvo SkinCryo adapt\u00e9r integruje optick\u00fd prenosov\u00fd syst\u00e9m pulzn\u00e9ho lasera s\u00a0chladiacim zariaden\u00edm Zimmer. Tento syst\u00e9m zni\u017euje boles\u0165 pri o\u0161etrovan\u00ed ve\u013ek\u00fdch pl\u00f4ch.<\/p>\n<p>&nbsp;<\/p>\n<p>Volite\u013en\u00e9 roz\u0161\u00edrenie modulmi TWAIN<\/p>\n<ul>\n<li>TWAIN 2940 nm<\/li>\n<li>TWAIN IPL<\/li>\n<\/ul>\n<\/div><\/div><\/div><div class=\"fusion-layout-column fusion_builder_column fusion-builder-column-1 fusion_builder_column_1_4 1_4 fusion-flex-column\" style=\"--awb-bg-size:cover;--awb-width-large:25%;--awb-margin-top-large:0px;--awb-spacing-right-large:7.68%;--awb-margin-bottom-large:20px;--awb-spacing-left-large:7.68%;--awb-width-medium:25%;--awb-spacing-right-medium:7.68%;--awb-spacing-left-medium:7.68%;--awb-width-small:100%;--awb-spacing-right-small:1.92%;--awb-spacing-left-small:1.92%;\"><div class=\"fusion-column-wrapper fusion-flex-justify-content-flex-start fusion-content-layout-column\"><div class=\"fusion-image-element \" style=\"text-align:center;--awb-caption-title-font-family:var(--h2_typography-font-family);--awb-caption-title-font-weight:var(--h2_typography-font-weight);--awb-caption-title-font-style:var(--h2_typography-font-style);--awb-caption-title-size:var(--h2_typography-font-size);--awb-caption-title-transform:var(--h2_typography-text-transform);--awb-caption-title-line-height:var(--h2_typography-line-height);--awb-caption-title-letter-spacing:var(--h2_typography-letter-spacing);\"><span class=\" fusion-imageframe imageframe-none imageframe-1 hover-type-zoomin\"><a href=\"https:\/\/www.felymalaser.sk\/wp-content\/uploads\/2017\/03\/DuettoMTEvo1.jpg\" class=\"fusion-lightbox\" data-rel=\"iLightbox[1b37f5c0de5daf1a1e1]\" data-caption=\"Duetto MT Evo\" data-title=\"Duetto MT Evo &#8211; kombinuje dve vlnov\u00e9 d\u013a\u017eky (755 a 1064 nm) v jednej emisii\" title=\"Duetto MT Evo &#8211; kombinuje dve vlnov\u00e9 d\u013a\u017eky (755 a 1064 nm) v jednej emisii\"><img decoding=\"async\" width=\"800\" height=\"800\" alt=\"Duetto MT Evo\" src=\"https:\/\/www.felymalaser.sk\/wp-content\/uploads\/2017\/03\/DuettoMTEvo1.jpg\" class=\"img-responsive wp-image-13622\" srcset=\"https:\/\/www.felymalaser.sk\/wp-content\/uploads\/2017\/03\/DuettoMTEvo1-200x200.jpg 200w, https:\/\/www.felymalaser.sk\/wp-content\/uploads\/2017\/03\/DuettoMTEvo1-400x400.jpg 400w, https:\/\/www.felymalaser.sk\/wp-content\/uploads\/2017\/03\/DuettoMTEvo1-600x600.jpg 600w, https:\/\/www.felymalaser.sk\/wp-content\/uploads\/2017\/03\/DuettoMTEvo1.jpg 800w\" sizes=\"(max-width: 640px) 100vw, 400px\" \/><\/a><\/span><\/div><div class=\"fusion-text fusion-text-2\"><p style=\"text-align: center;\"><img decoding=\"async\" class=\"aligncenter size-full wp-image-13062\" src=\"https:\/\/www.felymalaser.sk\/wp-content\/uploads\/2017\/02\/pdf.png\" alt=\"\" width=\"32\" height=\"32\" \/><\/p>\n<p style=\"text-align: center;\"><a href=\"https:\/\/www.felymalaser.sk\/wp-content\/uploads\/2017\/duetto.pdf\" target=\"_blank\" rel=\"noopener\">Duetto MT EVO<\/a><\/p>\n<\/div><\/div><\/div><div class=\"fusion-layout-column fusion_builder_column fusion-builder-column-2 fusion_builder_column_1_4 1_4 fusion-flex-column\" style=\"--awb-bg-size:cover;--awb-width-large:25%;--awb-margin-top-large:0px;--awb-spacing-right-large:7.68%;--awb-margin-bottom-large:20px;--awb-spacing-left-large:7.68%;--awb-width-medium:25%;--awb-spacing-right-medium:7.68%;--awb-spacing-left-medium:7.68%;--awb-width-small:100%;--awb-spacing-right-small:1.92%;--awb-spacing-left-small:1.92%;\"><div class=\"fusion-column-wrapper fusion-flex-justify-content-flex-start fusion-content-layout-column\"><div class=\"fusion-image-element \" style=\"text-align:center;--awb-caption-title-font-family:var(--h2_typography-font-family);--awb-caption-title-font-weight:var(--h2_typography-font-weight);--awb-caption-title-font-style:var(--h2_typography-font-style);--awb-caption-title-size:var(--h2_typography-font-size);--awb-caption-title-transform:var(--h2_typography-text-transform);--awb-caption-title-line-height:var(--h2_typography-line-height);--awb-caption-title-letter-spacing:var(--h2_typography-letter-spacing);\"><span class=\" fusion-imageframe imageframe-none imageframe-2 hover-type-zoomin\"><a href=\"https:\/\/www.felymalaser.sk\/wp-content\/uploads\/2017\/03\/duetto1.png\" class=\"fusion-lightbox\" data-rel=\"iLightbox[bfde8005872acdac640]\" data-title=\"duetto1\" title=\"duetto1\"><img decoding=\"async\" width=\"325\" height=\"245\" src=\"https:\/\/www.felymalaser.sk\/wp-content\/uploads\/2017\/03\/duetto1.png\" alt class=\"img-responsive wp-image-13625\" srcset=\"https:\/\/www.felymalaser.sk\/wp-content\/uploads\/2017\/03\/duetto1-200x151.png 200w, https:\/\/www.felymalaser.sk\/wp-content\/uploads\/2017\/03\/duetto1.png 325w\" sizes=\"(max-width: 640px) 100vw, 325px\" \/><\/a><\/span><\/div><div class=\"fusion-separator fusion-full-width-sep\" style=\"align-self: center;margin-left: auto;margin-right: auto;width:100%;\"><\/div><div class=\"fusion-image-element \" style=\"text-align:center;--awb-caption-title-font-family:var(--h2_typography-font-family);--awb-caption-title-font-weight:var(--h2_typography-font-weight);--awb-caption-title-font-style:var(--h2_typography-font-style);--awb-caption-title-size:var(--h2_typography-font-size);--awb-caption-title-transform:var(--h2_typography-text-transform);--awb-caption-title-line-height:var(--h2_typography-line-height);--awb-caption-title-letter-spacing:var(--h2_typography-letter-spacing);\"><span class=\" fusion-imageframe imageframe-none imageframe-3 hover-type-zoomin\"><a href=\"https:\/\/www.felymalaser.sk\/wp-content\/uploads\/2017\/03\/duetto2.png\" class=\"fusion-lightbox\" data-rel=\"iLightbox[11aa241ab9cf4a6aaa7]\" data-title=\"duetto2\" title=\"duetto2\"><img decoding=\"async\" width=\"325\" height=\"242\" src=\"https:\/\/www.felymalaser.sk\/wp-content\/uploads\/2017\/03\/duetto2.png\" alt class=\"img-responsive wp-image-13626\" srcset=\"https:\/\/www.felymalaser.sk\/wp-content\/uploads\/2017\/03\/duetto2-200x149.png 200w, https:\/\/www.felymalaser.sk\/wp-content\/uploads\/2017\/03\/duetto2.png 325w\" sizes=\"(max-width: 640px) 100vw, 325px\" \/><\/a><\/span><\/div><div class=\"fusion-separator fusion-full-width-sep\" style=\"align-self: center;margin-left: auto;margin-right: auto;width:100%;\"><\/div><div class=\"fusion-image-element \" style=\"text-align:center;--awb-caption-title-font-family:var(--h2_typography-font-family);--awb-caption-title-font-weight:var(--h2_typography-font-weight);--awb-caption-title-font-style:var(--h2_typography-font-style);--awb-caption-title-size:var(--h2_typography-font-size);--awb-caption-title-transform:var(--h2_typography-text-transform);--awb-caption-title-line-height:var(--h2_typography-line-height);--awb-caption-title-letter-spacing:var(--h2_typography-letter-spacing);\"><span class=\" fusion-imageframe imageframe-none imageframe-4 hover-type-zoomin\"><a href=\"https:\/\/www.felymalaser.sk\/wp-content\/uploads\/2017\/03\/duetto3.png\" class=\"fusion-lightbox\" data-rel=\"iLightbox[5ffd2b16a0802d9051f]\" data-title=\"duetto3\" title=\"duetto3\"><img decoding=\"async\" width=\"325\" height=\"158\" src=\"https:\/\/www.felymalaser.sk\/wp-content\/uploads\/2017\/03\/duetto3.png\" alt class=\"img-responsive wp-image-13628\" srcset=\"https:\/\/www.felymalaser.sk\/wp-content\/uploads\/2017\/03\/duetto3-200x97.png 200w, https:\/\/www.felymalaser.sk\/wp-content\/uploads\/2017\/03\/duetto3.png 325w\" sizes=\"(max-width: 640px) 100vw, 325px\" \/><\/a><\/span><\/div><div class=\"fusion-separator fusion-full-width-sep\" style=\"align-self: center;margin-left: auto;margin-right: auto;width:100%;\"><\/div><div class=\"fusion-image-element \" style=\"text-align:center;--awb-caption-title-font-family:var(--h2_typography-font-family);--awb-caption-title-font-weight:var(--h2_typography-font-weight);--awb-caption-title-font-style:var(--h2_typography-font-style);--awb-caption-title-size:var(--h2_typography-font-size);--awb-caption-title-transform:var(--h2_typography-text-transform);--awb-caption-title-line-height:var(--h2_typography-line-height);--awb-caption-title-letter-spacing:var(--h2_typography-letter-spacing);\"><span class=\" fusion-imageframe imageframe-none imageframe-5 hover-type-zoomin\"><a href=\"https:\/\/www.felymalaser.sk\/wp-content\/uploads\/2017\/03\/duetto4.png\" class=\"fusion-lightbox\" data-rel=\"iLightbox[85cadd73e8ecacb1b7a]\" data-title=\"duetto4\" title=\"duetto4\"><img decoding=\"async\" width=\"325\" height=\"158\" src=\"https:\/\/www.felymalaser.sk\/wp-content\/uploads\/2017\/03\/duetto4.png\" alt class=\"img-responsive wp-image-13630\" srcset=\"https:\/\/www.felymalaser.sk\/wp-content\/uploads\/2017\/03\/duetto4-200x97.png 200w, https:\/\/www.felymalaser.sk\/wp-content\/uploads\/2017\/03\/duetto4.png 325w\" sizes=\"(max-width: 640px) 100vw, 325px\" \/><\/a><\/span><\/div><div class=\"fusion-separator fusion-full-width-sep\" style=\"align-self: center;margin-left: auto;margin-right: auto;width:100%;\"><\/div><div class=\"fusion-image-element \" style=\"text-align:center;--awb-caption-title-font-family:var(--h2_typography-font-family);--awb-caption-title-font-weight:var(--h2_typography-font-weight);--awb-caption-title-font-style:var(--h2_typography-font-style);--awb-caption-title-size:var(--h2_typography-font-size);--awb-caption-title-transform:var(--h2_typography-text-transform);--awb-caption-title-line-height:var(--h2_typography-line-height);--awb-caption-title-letter-spacing:var(--h2_typography-letter-spacing);\"><span class=\" fusion-imageframe imageframe-none imageframe-6 hover-type-zoomin\"><a href=\"https:\/\/www.felymalaser.sk\/wp-content\/uploads\/2017\/03\/duetto5.png\" class=\"fusion-lightbox\" data-rel=\"iLightbox[1d6364af1e85004a86e]\" data-title=\"duetto5\" title=\"duetto5\"><img decoding=\"async\" width=\"327\" height=\"158\" src=\"https:\/\/www.felymalaser.sk\/wp-content\/uploads\/2017\/03\/duetto5.png\" alt class=\"img-responsive wp-image-13631\" srcset=\"https:\/\/www.felymalaser.sk\/wp-content\/uploads\/2017\/03\/duetto5-200x97.png 200w, https:\/\/www.felymalaser.sk\/wp-content\/uploads\/2017\/03\/duetto5.png 327w\" sizes=\"(max-width: 640px) 100vw, 327px\" \/><\/a><\/span><\/div><div class=\"fusion-separator fusion-full-width-sep\" style=\"align-self: center;margin-left: auto;margin-right: auto;width:100%;\"><\/div><div class=\"fusion-image-element \" style=\"text-align:center;--awb-caption-title-font-family:var(--h2_typography-font-family);--awb-caption-title-font-weight:var(--h2_typography-font-weight);--awb-caption-title-font-style:var(--h2_typography-font-style);--awb-caption-title-size:var(--h2_typography-font-size);--awb-caption-title-transform:var(--h2_typography-text-transform);--awb-caption-title-line-height:var(--h2_typography-line-height);--awb-caption-title-letter-spacing:var(--h2_typography-letter-spacing);\"><span class=\" fusion-imageframe imageframe-none imageframe-7 hover-type-zoomin\"><a href=\"https:\/\/www.felymalaser.sk\/wp-content\/uploads\/2017\/03\/duetto6.png\" class=\"fusion-lightbox\" data-rel=\"iLightbox[6d4fecc57c828dc51eb]\" data-title=\"duetto6\" title=\"duetto6\"><img decoding=\"async\" width=\"326\" height=\"158\" src=\"https:\/\/www.felymalaser.sk\/wp-content\/uploads\/2017\/03\/duetto6.png\" alt class=\"img-responsive wp-image-13632\" srcset=\"https:\/\/www.felymalaser.sk\/wp-content\/uploads\/2017\/03\/duetto6-200x97.png 200w, https:\/\/www.felymalaser.sk\/wp-content\/uploads\/2017\/03\/duetto6.png 326w\" sizes=\"(max-width: 640px) 100vw, 326px\" \/><\/a><\/span><\/div><\/div><\/div><\/div><\/div>\n","protected":false},"excerpt":{"rendered":"","protected":false},"author":1,"featured_media":0,"parent":13015,"menu_order":0,"comment_status":"closed","ping_status":"closed","template":"","meta":{"footnotes":""},"class_list":["post-13621","page","type-page","status-publish","hentry"],"_links":{"self":[{"href":"https:\/\/www.felymalaser.sk\/index.php\/wp-json\/wp\/v2\/pages\/13621","targetHints":{"allow":["GET"]}}],"collection":[{"href":"https:\/\/www.felymalaser.sk\/index.php\/wp-json\/wp\/v2\/pages"}],"about":[{"href":"https:\/\/www.felymalaser.sk\/index.php\/wp-json\/wp\/v2\/types\/page"}],"author":[{"embeddable":true,"href":"https:\/\/www.felymalaser.sk\/index.php\/wp-json\/wp\/v2\/users\/1"}],"replies":[{"embeddable":true,"href":"https:\/\/www.felymalaser.sk\/index.php\/wp-json\/wp\/v2\/comments?post=13621"}],"version-history":[{"count":10,"href":"https:\/\/www.felymalaser.sk\/index.php\/wp-json\/wp\/v2\/pages\/13621\/revisions"}],"predecessor-version":[{"id":14923,"href":"https:\/\/www.felymalaser.sk\/index.php\/wp-json\/wp\/v2\/pages\/13621\/revisions\/14923"}],"up":[{"embeddable":true,"href":"https:\/\/www.felymalaser.sk\/index.php\/wp-json\/wp\/v2\/pages\/13015"}],"wp:attachment":[{"href":"https:\/\/www.felymalaser.sk\/index.php\/wp-json\/wp\/v2\/media?parent=13621"}],"curies":[{"name":"wp","href":"https:\/\/api.w.org\/{rel}","templated":true}]}}