{"id":13608,"date":"2017-03-17T10:09:59","date_gmt":"2017-03-17T09:09:59","guid":{"rendered":"http:\/\/www.felymalaser.sk\/?page_id=13608"},"modified":"2022-04-07T09:18:13","modified_gmt":"2022-04-07T07:18:13","slug":"litho-series","status":"publish","type":"page","link":"https:\/\/www.felymalaser.sk\/index.php\/litho-series\/","title":{"rendered":"Litho series"},"content":{"rendered":"<div class=\"fusion-fullwidth fullwidth-box fusion-builder-row-1 fusion-flex-container nonhundred-percent-fullwidth non-hundred-percent-height-scrolling\" style=\"--awb-background-position:left top;--awb-border-radius-top-left:0px;--awb-border-radius-top-right:0px;--awb-border-radius-bottom-right:0px;--awb-border-radius-bottom-left:0px;--awb-padding-top:20px;--awb-padding-bottom:20px;--awb-border-sizes-top:0px;--awb-border-sizes-bottom:0px;--awb-flex-wrap:wrap;\" ><div class=\"fusion-builder-row fusion-row fusion-flex-align-items-flex-start fusion-flex-content-wrap\" style=\"max-width:1216.8px;margin-left: calc(-4% \/ 2 );margin-right: calc(-4% \/ 2 );\"><div class=\"fusion-layout-column fusion_builder_column fusion-builder-column-0 fusion_builder_column_2_3 2_3 fusion-flex-column\" style=\"--awb-bg-size:cover;--awb-width-large:66.666666666667%;--awb-margin-top-large:0px;--awb-spacing-right-large:3.84%;--awb-margin-bottom-large:20px;--awb-spacing-left-large:2.88%;--awb-width-medium:66.666666666667%;--awb-spacing-right-medium:3.84%;--awb-spacing-left-medium:2.88%;--awb-width-small:100%;--awb-spacing-right-small:1.92%;--awb-spacing-left-small:1.92%;\"><div class=\"fusion-column-wrapper fusion-flex-justify-content-flex-start fusion-content-layout-column\"><div class=\"fusion-text fusion-text-1\"><h3>Laserov\u00fd chirurgick\u00fd syst\u00e9m Litho<\/h3>\n<p style=\"text-align: justify;\">Litho je chirurgick\u00fd holmium (Ho: YAG) laser s vlnovou d\u013a\u017ekou 2100nm s\u00a0v\u00fdkonom 30 a\u00a035W, ur\u010den\u00fd na litotrypsiu. T\u00e1to vlnov\u00e1 d\u013a\u017eka je ve\u013emi absorbovan\u00e1 vodou a biologick\u00fdm tkanivom. Litho automaticky nastav\u00ed spr\u00e1vnu dobu trvania impulzu v z\u00e1vislosti od prev\u00e1dzkov\u00e9ho re\u017eimu a nastav\u00ed hodnoty pre energiu a opakovacie frekvenciu. Ak je v prev\u00e1dzke v re\u017eime kr\u00e1tkodob\u00fdch pulzov, je vysoko \u00fa\u010dinn\u00fd pri fragment\u00e1cii kame\u0148ov a abl\u00e1cii tvrd\u00fdch tkan\u00edv. V re\u017eim dlhotrvaj\u00facich pulzov je vysoko \u00fa\u010dinn\u00fd pri rezan\u00ed m\u00e4kk\u00fdch tkan\u00edv, poskytuje vynikaj\u00facu hemost\u00e1zu a koagul\u00e1ciu s minim\u00e1lnym po\u0161koden\u00edm okolit\u00e9ho tkaniva, v d\u00f4sledku svojej n\u00edzkej h\u013abke prieniku.<\/p>\n<p>Aplik\u00e1cie:<\/p>\n<p>Laserov\u00fd syst\u00e9m Litho je ide\u00e1lnym n\u00e1strojom pre chirurgov, ktor\u00ed chc\u00fa dosiahnu\u0165 najlep\u0161ie v\u00fdsledky pri realiz\u00e1cii:<\/p>\n<ul>\n<li>litotrypsia<\/li>\n<li>v\u0161eobecn\u00e1 chirurgia<\/li>\n<li>uretrotomia, ureterotomia<\/li>\n<li>transuretr\u00e1lna inc\u00edzia prostaty (TUIP)<\/li>\n<li>vyrezanie n\u00e1doru<\/li>\n<\/ul>\n<\/div><\/div><\/div><div class=\"fusion-layout-column fusion_builder_column fusion-builder-column-1 fusion_builder_column_1_3 1_3 fusion-flex-column\" style=\"--awb-bg-size:cover;--awb-width-large:33.333333333333%;--awb-margin-top-large:0px;--awb-spacing-right-large:5.76%;--awb-margin-bottom-large:20px;--awb-spacing-left-large:3.8399999999999%;--awb-width-medium:33.333333333333%;--awb-spacing-right-medium:5.76%;--awb-spacing-left-medium:3.8399999999999%;--awb-width-small:100%;--awb-spacing-right-small:1.92%;--awb-spacing-left-small:1.92%;\"><div class=\"fusion-column-wrapper fusion-flex-justify-content-flex-start fusion-content-layout-column\"><div class=\"fusion-image-element \" style=\"text-align:center;--awb-caption-title-font-family:var(--h2_typography-font-family);--awb-caption-title-font-weight:var(--h2_typography-font-weight);--awb-caption-title-font-style:var(--h2_typography-font-style);--awb-caption-title-size:var(--h2_typography-font-size);--awb-caption-title-transform:var(--h2_typography-text-transform);--awb-caption-title-line-height:var(--h2_typography-line-height);--awb-caption-title-letter-spacing:var(--h2_typography-letter-spacing);\"><span class=\" fusion-imageframe imageframe-none imageframe-1 hover-type-zoomin\"><a href=\"https:\/\/www.felymalaser.sk\/wp-content\/uploads\/2017\/03\/litho-1024x1024.jpg\" class=\"fusion-lightbox\" data-rel=\"iLightbox[e6e369cab05f8311ccd]\" data-title=\"litho\" title=\"litho\"><img decoding=\"async\" width=\"300\" height=\"300\" src=\"https:\/\/www.felymalaser.sk\/wp-content\/uploads\/2017\/03\/litho-300x300.jpg\" alt class=\"img-responsive wp-image-13609\" srcset=\"https:\/\/www.felymalaser.sk\/wp-content\/uploads\/2017\/03\/litho-200x200.jpg 200w, https:\/\/www.felymalaser.sk\/wp-content\/uploads\/2017\/03\/litho-400x400.jpg 400w, https:\/\/www.felymalaser.sk\/wp-content\/uploads\/2017\/03\/litho-600x600.jpg 600w, https:\/\/www.felymalaser.sk\/wp-content\/uploads\/2017\/03\/litho-800x800.jpg 800w, https:\/\/www.felymalaser.sk\/wp-content\/uploads\/2017\/03\/litho-1200x1200.jpg 1200w, https:\/\/www.felymalaser.sk\/wp-content\/uploads\/2017\/03\/litho.jpg 1500w\" sizes=\"(max-width: 640px) 100vw, 400px\" \/><\/a><\/span><\/div><div class=\"fusion-text fusion-text-2\"><p style=\"text-align: center;\"><img decoding=\"async\" class=\"aligncenter size-full wp-image-13062\" src=\"https:\/\/www.felymalaser.sk\/wp-content\/uploads\/2017\/02\/pdf.png\" alt=\"\" width=\"32\" height=\"32\" \/><\/p>\n<p style=\"text-align: center;\"><a href=\"https:\/\/www.felymalaser.sk\/wp-content\/uploads\/2017\/litho.pdf\" target=\"_blank\" rel=\"noopener\">Litho series<\/a><\/p>\n<\/div><\/div><\/div><\/div><\/div>\n","protected":false},"excerpt":{"rendered":"","protected":false},"author":1,"featured_media":0,"parent":0,"menu_order":0,"comment_status":"closed","ping_status":"closed","template":"","meta":{"footnotes":""},"class_list":["post-13608","page","type-page","status-publish","hentry"],"_links":{"self":[{"href":"https:\/\/www.felymalaser.sk\/index.php\/wp-json\/wp\/v2\/pages\/13608","targetHints":{"allow":["GET"]}}],"collection":[{"href":"https:\/\/www.felymalaser.sk\/index.php\/wp-json\/wp\/v2\/pages"}],"about":[{"href":"https:\/\/www.felymalaser.sk\/index.php\/wp-json\/wp\/v2\/types\/page"}],"author":[{"embeddable":true,"href":"https:\/\/www.felymalaser.sk\/index.php\/wp-json\/wp\/v2\/users\/1"}],"replies":[{"embeddable":true,"href":"https:\/\/www.felymalaser.sk\/index.php\/wp-json\/wp\/v2\/comments?post=13608"}],"version-history":[{"count":4,"href":"https:\/\/www.felymalaser.sk\/index.php\/wp-json\/wp\/v2\/pages\/13608\/revisions"}],"predecessor-version":[{"id":14924,"href":"https:\/\/www.felymalaser.sk\/index.php\/wp-json\/wp\/v2\/pages\/13608\/revisions\/14924"}],"wp:attachment":[{"href":"https:\/\/www.felymalaser.sk\/index.php\/wp-json\/wp\/v2\/media?parent=13608"}],"curies":[{"name":"wp","href":"https:\/\/api.w.org\/{rel}","templated":true}]}}