{"id":13596,"date":"2017-03-17T09:40:03","date_gmt":"2017-03-17T08:40:03","guid":{"rendered":"http:\/\/www.felymalaser.sk\/?page_id=13596"},"modified":"2022-04-07T09:18:13","modified_gmt":"2022-04-07T07:18:13","slug":"cyber-family","status":"publish","type":"page","link":"https:\/\/www.felymalaser.sk\/index.php\/cyber-family\/","title":{"rendered":"Cyber family"},"content":{"rendered":"<div class=\"fusion-fullwidth fullwidth-box fusion-builder-row-1 fusion-flex-container nonhundred-percent-fullwidth non-hundred-percent-height-scrolling\" style=\"--awb-background-position:left top;--awb-border-radius-top-left:0px;--awb-border-radius-top-right:0px;--awb-border-radius-bottom-right:0px;--awb-border-radius-bottom-left:0px;--awb-padding-top:20px;--awb-padding-bottom:20px;--awb-border-sizes-top:0px;--awb-border-sizes-bottom:0px;--awb-flex-wrap:wrap;\" ><div class=\"fusion-builder-row fusion-row fusion-flex-align-items-flex-start fusion-flex-content-wrap\" style=\"max-width:1216.8px;margin-left: calc(-4% \/ 2 );margin-right: calc(-4% \/ 2 );\"><div class=\"fusion-layout-column fusion_builder_column fusion-builder-column-0 fusion_builder_column_2_3 2_3 fusion-flex-column\" style=\"--awb-bg-size:cover;--awb-width-large:66.666666666667%;--awb-margin-top-large:0px;--awb-spacing-right-large:3.84%;--awb-margin-bottom-large:20px;--awb-spacing-left-large:2.88%;--awb-width-medium:66.666666666667%;--awb-spacing-right-medium:3.84%;--awb-spacing-left-medium:2.88%;--awb-width-small:100%;--awb-spacing-right-small:1.92%;--awb-spacing-left-small:1.92%;\"><div class=\"fusion-column-wrapper fusion-flex-justify-content-flex-start fusion-content-layout-column\"><div class=\"fusion-text fusion-text-1\"><h3>CyberTM chirurgick\u00fd laser<\/h3>\n<p style=\"text-align: justify;\">Cyber TM je t\u00falium:YAG laser s v\u00fdkonom 150W alebo 200W, ur\u010den\u00fd na klasick\u00fa, laparoskopick\u00fa alebo endoskopick\u00fa chirurgiu. Umo\u017e\u0148uje vyrezanie, resekciu, abl\u00e1ciu, vaporiz\u00e1ciu, koagul\u00e1ciu a hemost\u00e1zu m\u00e4kk\u00fdch tkan\u00edv. Cyber TM pracuje vo vlnovej d\u013a\u017eke 2010 nm, ktor\u00e1 je silne absorbovan\u00e1 vodou, ktor\u00e1 je ve\u013emi pr\u00edtomn\u00e1 vo v\u0161etk\u00fdch tkaniv\u00e1ch. Z tohto d\u00f4vodu zost\u00e1va r\u00fdchlos\u0165 rezania a odparovania relat\u00edvne kon\u0161tantn\u00e1, bez oh\u013eadu na vaskulariz\u00e1cia tkaniva. Laserov\u00fd l\u00fa\u010d prenik\u00e1 len zlomok milimetra do tkaniva, poskytuje chirurgovi vysok\u00fd stupe\u0148 kontroly a\u00a0podstatne zni\u017euje riziko nechcen\u00e9ho zranenia. Cyber TM je r\u00fdchly, presn\u00fd a bezpe\u010dn\u00fd laserov\u00fd skalpel.<\/p>\n<p>Aplik\u00e1cie v urol\u00f3gii:<\/p>\n<ul>\n<li>oper\u00e1cie prostaty BPH (ThuVAP, ThuVARP, ThuLEP, ThuVEP)<\/li>\n<li>n\u00e1dory horn\u00fdch mo\u010dov\u00fdch ciest<\/li>\n<li>n\u00e1dory mo\u010dov\u00e9ho mech\u00fara<\/li>\n<li>strikt\u00fara<\/li>\n<li>\u010diasto\u010dn\u00e9 nefrekt\u00f3mie<\/li>\n<\/ul>\n<p>\u010eal\u0161ie aplik\u00e1cie:<\/p>\n<ul>\n<li>hrudn\u00edkov\u00e1 chirurgie<\/li>\n<li>ENT<\/li>\n<li>neurol\u00f3gia<\/li>\n<li>v\u0161eobecn\u00e1 chirurgia<\/li>\n<\/ul>\n<\/div><\/div><\/div><div class=\"fusion-layout-column fusion_builder_column fusion-builder-column-1 fusion_builder_column_1_3 1_3 fusion-flex-column\" style=\"--awb-bg-size:cover;--awb-width-large:33.333333333333%;--awb-margin-top-large:0px;--awb-spacing-right-large:5.76%;--awb-margin-bottom-large:20px;--awb-spacing-left-large:3.8399999999999%;--awb-width-medium:33.333333333333%;--awb-spacing-right-medium:5.76%;--awb-spacing-left-medium:3.8399999999999%;--awb-width-small:100%;--awb-spacing-right-small:1.92%;--awb-spacing-left-small:1.92%;\"><div class=\"fusion-column-wrapper fusion-flex-justify-content-flex-start fusion-content-layout-column\"><div class=\"fusion-image-element \" style=\"text-align:center;--awb-caption-title-font-family:var(--h2_typography-font-family);--awb-caption-title-font-weight:var(--h2_typography-font-weight);--awb-caption-title-font-style:var(--h2_typography-font-style);--awb-caption-title-size:var(--h2_typography-font-size);--awb-caption-title-transform:var(--h2_typography-text-transform);--awb-caption-title-line-height:var(--h2_typography-line-height);--awb-caption-title-letter-spacing:var(--h2_typography-letter-spacing);\"><span class=\" fusion-imageframe imageframe-none imageframe-1 hover-type-zoomin\"><a href=\"https:\/\/www.felymalaser.sk\/wp-content\/uploads\/2017\/03\/cyber_tm.png\" class=\"fusion-lightbox\" data-rel=\"iLightbox[6bd46872a9d81b6bd37]\" data-title=\"cyber_tm\" title=\"cyber_tm\"><img decoding=\"async\" width=\"300\" height=\"300\" src=\"https:\/\/www.felymalaser.sk\/wp-content\/uploads\/2017\/03\/cyber_tm-300x300.png\" alt class=\"img-responsive wp-image-13597\" srcset=\"https:\/\/www.felymalaser.sk\/wp-content\/uploads\/2017\/03\/cyber_tm-200x200.png 200w, https:\/\/www.felymalaser.sk\/wp-content\/uploads\/2017\/03\/cyber_tm-400x400.png 400w, https:\/\/www.felymalaser.sk\/wp-content\/uploads\/2017\/03\/cyber_tm-600x600.png 600w, https:\/\/www.felymalaser.sk\/wp-content\/uploads\/2017\/03\/cyber_tm-800x800.png 800w, https:\/\/www.felymalaser.sk\/wp-content\/uploads\/2017\/03\/cyber_tm.png 1000w\" sizes=\"(max-width: 640px) 100vw, 400px\" \/><\/a><\/span><\/div><div class=\"fusion-text fusion-text-2\"><p style=\"text-align: center;\"><img decoding=\"async\" class=\"aligncenter size-full wp-image-13062\" src=\"https:\/\/www.felymalaser.sk\/wp-content\/uploads\/2017\/02\/pdf.png\" alt=\"\" width=\"32\" height=\"32\" \/><\/p>\n<p style=\"text-align: center;\"><a href=\"https:\/\/www.felymalaser.sk\/wp-content\/uploads\/2018\/11\/CYBER-TM-FAMILY_rev010_ROTW_LD.pdf\">Cyber TM<\/a><\/p>\n<\/div><div class=\"fusion-image-element \" style=\"--awb-caption-title-font-family:var(--h2_typography-font-family);--awb-caption-title-font-weight:var(--h2_typography-font-weight);--awb-caption-title-font-style:var(--h2_typography-font-style);--awb-caption-title-size:var(--h2_typography-font-size);--awb-caption-title-transform:var(--h2_typography-text-transform);--awb-caption-title-line-height:var(--h2_typography-line-height);--awb-caption-title-letter-spacing:var(--h2_typography-letter-spacing);\"><span class=\" fusion-imageframe imageframe-none imageframe-2 hover-type-zoomin\"><img decoding=\"async\" width=\"360\" height=\"255\" title=\"cyber_tm\" src=\"https:\/\/www.felymalaser.sk\/wp-content\/uploads\/2017\/03\/cyber_tm.jpg\" alt class=\"img-responsive wp-image-13601\" srcset=\"https:\/\/www.felymalaser.sk\/wp-content\/uploads\/2017\/03\/cyber_tm-200x142.jpg 200w, https:\/\/www.felymalaser.sk\/wp-content\/uploads\/2017\/03\/cyber_tm.jpg 360w\" sizes=\"(max-width: 640px) 100vw, 360px\" \/><\/span><\/div><div class=\"fusion-separator fusion-full-width-sep\" style=\"align-self: center;margin-left: auto;margin-right: auto;margin-top:20px;width:100%;\"><\/div><div class=\"fusion-image-element \" style=\"--awb-caption-title-font-family:var(--h2_typography-font-family);--awb-caption-title-font-weight:var(--h2_typography-font-weight);--awb-caption-title-font-style:var(--h2_typography-font-style);--awb-caption-title-size:var(--h2_typography-font-size);--awb-caption-title-transform:var(--h2_typography-text-transform);--awb-caption-title-line-height:var(--h2_typography-line-height);--awb-caption-title-letter-spacing:var(--h2_typography-letter-spacing);\"><span class=\" fusion-imageframe imageframe-none imageframe-3 hover-type-zoomin\"><img decoding=\"async\" width=\"360\" height=\"256\" title=\"cyber_tm1\" src=\"https:\/\/www.felymalaser.sk\/wp-content\/uploads\/2017\/03\/cyber_tm1.jpg\" alt class=\"img-responsive wp-image-13602\" srcset=\"https:\/\/www.felymalaser.sk\/wp-content\/uploads\/2017\/03\/cyber_tm1-200x142.jpg 200w, https:\/\/www.felymalaser.sk\/wp-content\/uploads\/2017\/03\/cyber_tm1.jpg 360w\" sizes=\"(max-width: 640px) 100vw, 360px\" \/><\/span><\/div><\/div><\/div><\/div><\/div>\n","protected":false},"excerpt":{"rendered":"","protected":false},"author":1,"featured_media":0,"parent":0,"menu_order":0,"comment_status":"closed","ping_status":"closed","template":"","meta":{"footnotes":""},"class_list":["post-13596","page","type-page","status-publish","hentry"],"_links":{"self":[{"href":"https:\/\/www.felymalaser.sk\/index.php\/wp-json\/wp\/v2\/pages\/13596","targetHints":{"allow":["GET"]}}],"collection":[{"href":"https:\/\/www.felymalaser.sk\/index.php\/wp-json\/wp\/v2\/pages"}],"about":[{"href":"https:\/\/www.felymalaser.sk\/index.php\/wp-json\/wp\/v2\/types\/page"}],"author":[{"embeddable":true,"href":"https:\/\/www.felymalaser.sk\/index.php\/wp-json\/wp\/v2\/users\/1"}],"replies":[{"embeddable":true,"href":"https:\/\/www.felymalaser.sk\/index.php\/wp-json\/wp\/v2\/comments?post=13596"}],"version-history":[{"count":9,"href":"https:\/\/www.felymalaser.sk\/index.php\/wp-json\/wp\/v2\/pages\/13596\/revisions"}],"predecessor-version":[{"id":14925,"href":"https:\/\/www.felymalaser.sk\/index.php\/wp-json\/wp\/v2\/pages\/13596\/revisions\/14925"}],"wp:attachment":[{"href":"https:\/\/www.felymalaser.sk\/index.php\/wp-json\/wp\/v2\/media?parent=13596"}],"curies":[{"name":"wp","href":"https:\/\/api.w.org\/{rel}","templated":true}]}}