{"id":13566,"date":"2017-03-02T14:37:00","date_gmt":"2017-03-02T13:37:00","guid":{"rendered":"http:\/\/www.felymalaser.sk\/?page_id=13566"},"modified":"2022-04-07T09:18:15","modified_gmt":"2022-04-07T07:18:15","slug":"diode-series","status":"publish","type":"page","link":"https:\/\/www.felymalaser.sk\/index.php\/produkty\/laserova-technika\/quanta\/diode-series\/","title":{"rendered":"Diode 1470nm"},"content":{"rendered":"<div class=\"fusion-fullwidth fullwidth-box fusion-builder-row-1 fusion-flex-container nonhundred-percent-fullwidth non-hundred-percent-height-scrolling\" style=\"--awb-background-position:left top;--awb-border-radius-top-left:0px;--awb-border-radius-top-right:0px;--awb-border-radius-bottom-right:0px;--awb-border-radius-bottom-left:0px;--awb-padding-top:20px;--awb-padding-bottom:20px;--awb-border-sizes-top:0px;--awb-border-sizes-bottom:0px;--awb-flex-wrap:wrap;\" ><div class=\"fusion-builder-row fusion-row fusion-flex-align-items-flex-start fusion-flex-content-wrap\" style=\"max-width:1216.8px;margin-left: calc(-4% \/ 2 );margin-right: calc(-4% \/ 2 );\"><div class=\"fusion-layout-column fusion_builder_column fusion-builder-column-0 fusion_builder_column_2_3 2_3 fusion-flex-column\" style=\"--awb-bg-size:cover;--awb-width-large:66.666666666667%;--awb-margin-top-large:0px;--awb-spacing-right-large:3.84%;--awb-margin-bottom-large:20px;--awb-spacing-left-large:2.88%;--awb-width-medium:66.666666666667%;--awb-spacing-right-medium:3.84%;--awb-spacing-left-medium:2.88%;--awb-width-small:100%;--awb-spacing-right-small:1.92%;--awb-spacing-left-small:1.92%;\"><div class=\"fusion-column-wrapper fusion-flex-justify-content-flex-start fusion-content-layout-column\"><div class=\"fusion-text fusion-text-1\"><h3>Di\u00f3dov\u00fd laser 1470 nm<\/h3>\n<p style=\"text-align: justify;\">Laser s maxim\u00e1lnym v\u00fdkonom 17 W. Vlnov\u00e1 d\u013a\u017eka\u00a0svetla laseru 1470 nm je silne pohlcovan\u00e1 vodou (60 x viac ne\u017e pri\u00a0lasery 980 nm a 1500 x viac ne\u017e pri\u00a0lasery 808 nm). Z\u00e1krok je pre pacienta bezbolestn\u00fd a bezpe\u010dn\u00fd bez poopera\u010dn\u00fdch podliatin a opuchl\u00edn, preto\u017ee tepeln\u00e9 po\u0161kodenie je lokalizovan\u00e9 v okol\u00ed konca optick\u00e9ho vl\u00e1kna. V\u00fdsledky endocievnych z\u00e1krokov\u00a0roben\u00fdch laserom 1470 nm s\u00fa\u00a0lep\u0161ie ne\u017e s lasermi s vlnov\u00fdmi d\u013a\u017ekami 808 nm alebo 980 nm.<\/p>\n<\/div><\/div><\/div><div class=\"fusion-layout-column fusion_builder_column fusion-builder-column-1 fusion_builder_column_1_3 1_3 fusion-flex-column\" style=\"--awb-bg-size:cover;--awb-width-large:33.333333333333%;--awb-margin-top-large:0px;--awb-spacing-right-large:5.76%;--awb-margin-bottom-large:20px;--awb-spacing-left-large:3.8399999999999%;--awb-width-medium:33.333333333333%;--awb-spacing-right-medium:5.76%;--awb-spacing-left-medium:3.8399999999999%;--awb-width-small:100%;--awb-spacing-right-small:1.92%;--awb-spacing-left-small:1.92%;\"><div class=\"fusion-column-wrapper fusion-flex-justify-content-flex-start fusion-content-layout-column\"><div class=\"fusion-image-element \" style=\"text-align:center;--awb-caption-title-font-family:var(--h2_typography-font-family);--awb-caption-title-font-weight:var(--h2_typography-font-weight);--awb-caption-title-font-style:var(--h2_typography-font-style);--awb-caption-title-size:var(--h2_typography-font-size);--awb-caption-title-transform:var(--h2_typography-text-transform);--awb-caption-title-line-height:var(--h2_typography-line-height);--awb-caption-title-letter-spacing:var(--h2_typography-letter-spacing);\"><span class=\" fusion-imageframe imageframe-none imageframe-1 hover-type-zoomin\"><a href=\"https:\/\/www.felymalaser.sk\/wp-content\/uploads\/2017\/03\/QUANTA_1470_diode-1024x953.jpg\" class=\"fusion-lightbox\" data-rel=\"iLightbox[7924039d160ee8f2f78]\" data-caption=\"QUANTA diode 1470\" data-title=\"QUANTA diode 1470 &#8211; Di\u00f3dov\u00fd laser 1470 nm\" title=\"QUANTA diode 1470 &#8211; Di\u00f3dov\u00fd laser 1470 nm\"><img decoding=\"async\" width=\"1720\" height=\"1600\" alt=\"QUANTA diode 1470\" src=\"https:\/\/www.felymalaser.sk\/wp-content\/uploads\/2017\/03\/QUANTA_1470_diode.jpg\" class=\"img-responsive wp-image-13613\" srcset=\"https:\/\/www.felymalaser.sk\/wp-content\/uploads\/2017\/03\/QUANTA_1470_diode-200x186.jpg 200w, https:\/\/www.felymalaser.sk\/wp-content\/uploads\/2017\/03\/QUANTA_1470_diode-400x372.jpg 400w, https:\/\/www.felymalaser.sk\/wp-content\/uploads\/2017\/03\/QUANTA_1470_diode-600x558.jpg 600w, https:\/\/www.felymalaser.sk\/wp-content\/uploads\/2017\/03\/QUANTA_1470_diode-800x744.jpg 800w, https:\/\/www.felymalaser.sk\/wp-content\/uploads\/2017\/03\/QUANTA_1470_diode-1200x1116.jpg 1200w, https:\/\/www.felymalaser.sk\/wp-content\/uploads\/2017\/03\/QUANTA_1470_diode.jpg 1720w\" sizes=\"(max-width: 640px) 100vw, 400px\" \/><\/a><\/span><\/div><div class=\"fusion-text fusion-text-2\"><p style=\"text-align: center;\"><img decoding=\"async\" class=\"aligncenter size-full wp-image-13062\" src=\"https:\/\/www.felymalaser.sk\/wp-content\/uploads\/2017\/02\/pdf.png\" alt=\"\" width=\"32\" height=\"32\" \/><\/p>\n<p style=\"text-align: center;\"><a href=\"https:\/\/www.felymalaser.sk\/wp-content\/uploads\/2017\/1470.pdf\" target=\"_blank\" rel=\"noopener\">Quanta 1470<\/a><\/p>\n<\/div><\/div><\/div><\/div><\/div>\n","protected":false},"excerpt":{"rendered":"","protected":false},"author":1,"featured_media":0,"parent":13015,"menu_order":0,"comment_status":"closed","ping_status":"closed","template":"","meta":{"footnotes":""},"class_list":["post-13566","page","type-page","status-publish","hentry"],"_links":{"self":[{"href":"https:\/\/www.felymalaser.sk\/index.php\/wp-json\/wp\/v2\/pages\/13566","targetHints":{"allow":["GET"]}}],"collection":[{"href":"https:\/\/www.felymalaser.sk\/index.php\/wp-json\/wp\/v2\/pages"}],"about":[{"href":"https:\/\/www.felymalaser.sk\/index.php\/wp-json\/wp\/v2\/types\/page"}],"author":[{"embeddable":true,"href":"https:\/\/www.felymalaser.sk\/index.php\/wp-json\/wp\/v2\/users\/1"}],"replies":[{"embeddable":true,"href":"https:\/\/www.felymalaser.sk\/index.php\/wp-json\/wp\/v2\/comments?post=13566"}],"version-history":[{"count":5,"href":"https:\/\/www.felymalaser.sk\/index.php\/wp-json\/wp\/v2\/pages\/13566\/revisions"}],"predecessor-version":[{"id":14927,"href":"https:\/\/www.felymalaser.sk\/index.php\/wp-json\/wp\/v2\/pages\/13566\/revisions\/14927"}],"up":[{"embeddable":true,"href":"https:\/\/www.felymalaser.sk\/index.php\/wp-json\/wp\/v2\/pages\/13015"}],"wp:attachment":[{"href":"https:\/\/www.felymalaser.sk\/index.php\/wp-json\/wp\/v2\/media?parent=13566"}],"curies":[{"name":"wp","href":"https:\/\/api.w.org\/{rel}","templated":true}]}}