{"id":13552,"date":"2017-03-02T14:21:13","date_gmt":"2017-03-02T13:21:13","guid":{"rendered":"http:\/\/www.felymalaser.sk\/?page_id=13552"},"modified":"2022-04-20T16:09:35","modified_gmt":"2022-04-20T14:09:35","slug":"etwo","status":"publish","type":"page","link":"https:\/\/www.felymalaser.sk\/index.php\/produkty\/esteticke-systemy-syneron\/etwo\/","title":{"rendered":"eTwo"},"content":{"rendered":"<p><div class=\"fusion-fullwidth fullwidth-box fusion-builder-row-1 fusion-flex-container nonhundred-percent-fullwidth non-hundred-percent-height-scrolling\" style=\"--awb-background-position:left top;--awb-border-sizes-top:0px;--awb-border-sizes-bottom:0px;--awb-border-sizes-left:0px;--awb-border-sizes-right:0px;--awb-border-radius-top-left:0px;--awb-border-radius-top-right:0px;--awb-border-radius-bottom-right:0px;--awb-border-radius-bottom-left:0px;--awb-padding-top:20px;--awb-padding-bottom:20px;--awb-flex-wrap:wrap;\" ><div class=\"fusion-builder-row fusion-row fusion-flex-align-items-flex-start fusion-flex-content-wrap\" style=\"max-width:1216.8px;margin-left: calc(-4% \/ 2 );margin-right: calc(-4% \/ 2 );\"><div class=\"fusion-layout-column fusion_builder_column fusion-builder-column-0 fusion_builder_column_2_3 2_3 fusion-flex-column\" style=\"--awb-bg-size:cover;--awb-width-large:66.666666666667%;--awb-margin-top-large:0px;--awb-spacing-right-large:3.84%;--awb-margin-bottom-large:20px;--awb-spacing-left-large:2.88%;--awb-width-medium:66.666666666667%;--awb-spacing-right-medium:3.84%;--awb-spacing-left-medium:2.88%;--awb-width-small:100%;--awb-spacing-right-small:1.92%;--awb-spacing-left-small:1.92%;\"><div class=\"fusion-column-wrapper fusion-flex-justify-content-flex-start fusion-content-layout-column\"><div class=\"fusion-title title fusion-title-1 fusion-sep-none fusion-title-text fusion-title-size-one\"><h1 class=\"fusion-title-heading title-heading-left\" style=\"margin:0;\">eTwo<\/h1><\/div><div class=\"fusion-tabs fusion-tabs-1 clean nav-is-justified horizontal-tabs icon-position-left mobile-mode-accordion\" style=\"--awb-title-border-radius-top-left:0px;--awb-title-border-radius-top-right:0px;--awb-title-border-radius-bottom-right:0px;--awb-title-border-radius-bottom-left:0px;--awb-inactive-color:var(--awb-color2);--awb-background-color:#cbc0d4;--awb-border-color:var(--awb-color3);--awb-active-border-color:var(--awb-color6);\"><div class=\"nav\"><ul class=\"nav-tabs nav-justified\" role=\"tablist\"><li class=\"active\" role=\"presentation\"><a class=\"tab-link\" data-toggle=\"tab\" role=\"tab\" aria-controls=\"tab-c94d06088d58a0446f9\" aria-selected=\"true\" id=\"fusion-tab-kompletn\u00e9omladenietv\u00e1re\" href=\"#tab-c94d06088d58a0446f9\"><h4 class=\"fusion-tab-heading\">Kompletn\u00e9 omladenie tv\u00e1re<\/h4><\/a><\/li><li role=\"presentation\"><a class=\"tab-link\" data-toggle=\"tab\" role=\"tab\" aria-controls=\"tab-f5995adc51e4787c1ff\" aria-selected=\"false\" tabindex=\"-1\" id=\"fusion-tab-aplik\u00e1torsublative\" href=\"#tab-f5995adc51e4787c1ff\"><h4 class=\"fusion-tab-heading\">Aplik\u00e1tor Sublative<\/h4><\/a><\/li><li role=\"presentation\"><a class=\"tab-link\" data-toggle=\"tab\" role=\"tab\" aria-controls=\"tab-63aa6efdb1205bcfec1\" aria-selected=\"false\" tabindex=\"-1\" id=\"fusion-tab-aplik\u00e1torsublime\" href=\"#tab-63aa6efdb1205bcfec1\"><h4 class=\"fusion-tab-heading\">Aplik\u00e1tor Sublime<\/h4><\/a><\/li><\/ul><\/div><div class=\"tab-content\"><div class=\"nav fusion-mobile-tab-nav\"><ul class=\"nav-tabs nav-justified\" role=\"tablist\"><li class=\"active\" role=\"presentation\"><a class=\"tab-link\" data-toggle=\"tab\" role=\"tab\" aria-controls=\"tab-c94d06088d58a0446f9\" aria-selected=\"true\" id=\"mobile-fusion-tab-kompletn\u00e9omladenietv\u00e1re\" href=\"#tab-c94d06088d58a0446f9\"><h4 class=\"fusion-tab-heading\">Kompletn\u00e9 omladenie tv\u00e1re<\/h4><\/a><\/li><\/ul><\/div><div class=\"tab-pane fade fusion-clearfix in active\" role=\"tabpanel\" tabindex=\"0\" aria-labelledby=\"fusion-tab-kompletn\u00e9omladenietv\u00e1re\" id=\"tab-c94d06088d58a0446f9\">\n<ul>\n<li>dva aplik\u00e1tory Sublative &amp; Sublime<\/li>\n<li>jednoduch\u00e1 obsluha s prec\u00edznymi v\u00fdsledkami z\u00e1krokov<\/li>\n<li>prenosn\u00fd syst\u00e9m s dotykov\u00fdm LCD displejom<\/li>\n<li>hmotnos\u0165 syst\u00e9mu 9 kg<\/li>\n<\/ul>\n<\/div><div class=\"nav fusion-mobile-tab-nav\"><ul class=\"nav-tabs nav-justified\" role=\"tablist\"><li role=\"presentation\"><a class=\"tab-link\" data-toggle=\"tab\" role=\"tab\" aria-controls=\"tab-f5995adc51e4787c1ff\" aria-selected=\"false\" tabindex=\"-1\" id=\"mobile-fusion-tab-aplik\u00e1torsublative\" href=\"#tab-f5995adc51e4787c1ff\"><h4 class=\"fusion-tab-heading\">Aplik\u00e1tor Sublative<\/h4><\/a><\/li><\/ul><\/div><div class=\"tab-pane fade fusion-clearfix\" role=\"tabpanel\" tabindex=\"0\" aria-labelledby=\"fusion-tab-aplik\u00e1torsublative\" id=\"tab-f5995adc51e4787c1ff\">\n<ul>\n<li>frak\u010dn\u00e1 r\u00e1diofrekvencia<\/li>\n<li>koncovka sa stopou 12 x 12 mm 64 mikrostop<\/li>\n<li>koncovka Focal sa stopou 3 x 11 mm 44 mikrostop<\/li>\n<li>max. energia 100 mJ \/ pin<\/li>\n<li>aplik\u00e1cie:\n<ul>\n<li>vr\u00e1sky<\/li>\n<li>jazvi\u010dky po akn\u00e9<\/li>\n<li>nerovnomernos\u0165 text\u00fary pleti<\/li>\n<li>zv\u00e4dnut\u00e1 poko\u017eka<\/li>\n<li>biele strie<\/li>\n<\/ul>\n<\/li>\n<\/ul>\n<\/div><div class=\"nav fusion-mobile-tab-nav\"><ul class=\"nav-tabs nav-justified\" role=\"tablist\"><li role=\"presentation\"><a class=\"tab-link\" data-toggle=\"tab\" role=\"tab\" aria-controls=\"tab-63aa6efdb1205bcfec1\" aria-selected=\"false\" tabindex=\"-1\" id=\"mobile-fusion-tab-aplik\u00e1torsublime\" href=\"#tab-63aa6efdb1205bcfec1\"><h4 class=\"fusion-tab-heading\">Aplik\u00e1tor Sublime<\/h4><\/a><\/li><\/ul><\/div><div class=\"tab-pane fade fusion-clearfix\" role=\"tabpanel\" tabindex=\"0\" aria-labelledby=\"fusion-tab-aplik\u00e1torsublime\" id=\"tab-63aa6efdb1205bcfec1\">\n<ul>\n<li>Elos &#8211; kombin\u00e1cia bipol\u00e1rnej r\u00e1diofrekvencie a infra\u010derven\u00e9ho svetla<\/li>\n<li>koncovka sa stopou 12 x 8 mm<\/li>\n<li>max. energia 200 J \/ cm3<\/li>\n<li>aplik\u00e1cie:\n<ul>\n<li>vr\u00e1sky<\/li>\n<li>kont\u00fary tv\u00e1re<\/li>\n<\/ul>\n<\/li>\n<\/ul>\n<\/div><\/div><\/div><div class=\"fusion-reading-box-container reading-box-container-1\" style=\"--awb-title-color:var(--awb-color8);--awb-margin-top:0px;--awb-margin-bottom:20px;\"><div class=\"reading-box\" style=\"background-color:var(--awb-color2);border-width:1px;border-color:rgba(226,226,226,0);border-top-width:3px;border-top-color:var(--primary_color);border-style:solid;\"><h2>Sublative \u2013 frak\u010dn\u00e1 r\u00e1diofrekvencia<\/h2><div class=\"reading-box-additional fusion-reading-box-additional\">\n<p style=\"text-align: justify;\">Ergonomick\u00fdm Sublative aplik\u00e1torom sa pren\u00e1\u0161a bipol\u00e1rnou r\u00e1diofrekven\u010dn\u00e1 energia cez maticu elektr\u00f3d Sublative iD koncoviek. P\u00f4soben\u00edm frak\u010dnej r\u00e1diofrekven\u010dnej energie doch\u00e1dza v mieste aplik\u00e1cie k mikroderm\u00e1lnej abl\u00e1cii v tvare matice elektr\u00f3d s v\u00fdraznou derm\u00e1lnou koagul\u00e1ciou, \u010do vyvol\u00e1va intenz\u00edvne hojiv\u00e9 procesy v dermis s minim\u00e1lnym po\u0161koden\u00edm epidermis. Menej zasiahnut\u00e9 tkanivo v okol\u00ed matice bodov je stimulovan\u00e9 teplom ur\u00fdch\u013euj\u00facim proces hojenia, \u010do vedie k plynulej\u0161iemu a mlad\u0161iemu vzh\u013eadu ko\u017ee.<\/p>\n<\/div><div class=\"fusion-clearfix\"><\/div><\/div><\/div><div class=\"fusion-reading-box-container reading-box-container-2\" style=\"--awb-title-color:var(--awb-color8);--awb-margin-top:0px;--awb-margin-bottom:20px;\"><div class=\"reading-box\" style=\"background-color:var(--awb-color2);border-width:1px;border-color:rgba(226,226,226,0);border-top-width:3px;border-top-color:var(--primary_color);border-style:solid;\"><h2>Sublime - Elos technol\u00f3gia<\/h2><div class=\"reading-box-additional fusion-reading-box-additional\">\n<p style=\"text-align: justify;\">Sublime vyu\u017e\u00edva kombin\u00e1ciu infra\u010derven\u00e9ho svetla a bipol\u00e1rnej r\u00e1diofrekvencie k\u00a0definovan\u00e9mu zahriatiu podko\u017eia. Presne ur\u010den\u00e9 zahriatie hlbok\u00e9 dermis stimuluje a\u00a0skracuje ochabnut\u00e9 kolag\u00e9nov\u00e9 vl\u00e1kna, \u010do vedie k okam\u017eit\u00e9mu a dlhodob\u00e9mu zlep\u0161eniu stavu vr\u00e1sok a kont\u00far tv\u00e1re.<\/p>\n<\/div><div class=\"fusion-clearfix\"><\/div><\/div><\/div><\/div><\/div><div class=\"fusion-layout-column fusion_builder_column fusion-builder-column-1 fusion_builder_column_1_3 1_3 fusion-flex-column\" style=\"--awb-bg-size:cover;--awb-width-large:33.333333333333%;--awb-margin-top-large:0px;--awb-spacing-right-large:5.76%;--awb-margin-bottom-large:20px;--awb-spacing-left-large:3.84%;--awb-width-medium:33.333333333333%;--awb-spacing-right-medium:5.76%;--awb-spacing-left-medium:3.84%;--awb-width-small:100%;--awb-spacing-right-small:1.92%;--awb-spacing-left-small:1.92%;\"><div class=\"fusion-column-wrapper fusion-flex-justify-content-flex-start fusion-content-layout-column\"><div class=\"fusion-image-element \" style=\"text-align:center;--awb-caption-title-font-family:var(--h2_typography-font-family);--awb-caption-title-font-weight:var(--h2_typography-font-weight);--awb-caption-title-font-style:var(--h2_typography-font-style);--awb-caption-title-size:var(--h2_typography-font-size);--awb-caption-title-transform:var(--h2_typography-text-transform);--awb-caption-title-line-height:var(--h2_typography-line-height);--awb-caption-title-letter-spacing:var(--h2_typography-letter-spacing);\"><span class=\" fusion-imageframe imageframe-none imageframe-1 hover-type-none\"><a href=\"https:\/\/www.felymalaser.sk\/wp-content\/uploads\/2017\/03\/etwo.jpg\" class=\"fusion-lightbox\" data-rel=\"iLightbox[1ccc64f56356285ed8e]\" data-caption=\"eTwo\" data-title=\"eTwo &#8211; kompletn\u00e9 omladenie tv\u00e1re\" title=\"eTwo &#8211; kompletn\u00e9 omladenie tv\u00e1re\"><img decoding=\"async\" width=\"567\" height=\"415\" alt=\"eTwo\" src=\"https:\/\/www.felymalaser.sk\/wp-content\/uploads\/2017\/03\/etwo.jpg\" class=\"img-responsive wp-image-13555\" srcset=\"https:\/\/www.felymalaser.sk\/wp-content\/uploads\/2017\/03\/etwo-200x146.jpg 200w, https:\/\/www.felymalaser.sk\/wp-content\/uploads\/2017\/03\/etwo-400x293.jpg 400w, https:\/\/www.felymalaser.sk\/wp-content\/uploads\/2017\/03\/etwo.jpg 567w\" sizes=\"(max-width: 640px) 100vw, 400px\" \/><\/a><\/span><\/div><div class=\"fusion-separator fusion-full-width-sep\" style=\"align-self: center;margin-left: auto;margin-right: auto;margin-top:20px;width:100%;\"><\/div><div class=\"fusion-text fusion-text-1\"><p><img decoding=\"async\" class=\"aligncenter size-full wp-image-13062\" src=\"https:\/\/www.felymalaser.sk\/wp-content\/uploads\/2017\/02\/pdf.png\" alt=\"\" width=\"32\" height=\"32\" \/><\/p>\n<p style=\"text-align: center;\"><a href=\"https:\/\/www.felymalaser.sk\/wp-content\/uploads\/2017\/etwo.pdf\" target=\"_blank\" rel=\"noopener\">eTwo bro\u017e\u00fara<\/a><\/p>\n<p style=\"text-align: center;\"><a href=\"https:\/\/www.felymalaser.sk\/wp-content\/uploads\/2017\/syneronetwo.pdf\" target=\"_blank\" rel=\"noopener\">Syneron eTwo<\/a><\/p>\n<\/div><div class=\"fusion-separator fusion-full-width-sep\" style=\"align-self: center;margin-left: auto;margin-right: auto;margin-bottom:20px;width:100%;\"><\/div><div class=\"fusion-image-element \" style=\"text-align:center;--awb-caption-title-font-family:var(--h2_typography-font-family);--awb-caption-title-font-weight:var(--h2_typography-font-weight);--awb-caption-title-font-style:var(--h2_typography-font-style);--awb-caption-title-size:var(--h2_typography-font-size);--awb-caption-title-transform:var(--h2_typography-text-transform);--awb-caption-title-line-height:var(--h2_typography-line-height);--awb-caption-title-letter-spacing:var(--h2_typography-letter-spacing);\"><span class=\" fusion-imageframe imageframe-dropshadow imageframe-2 hover-type-zoomin\" style=\"-webkit-box-shadow: 3px 3px 7px var(--awb-color7);box-shadow: 3px 3px 7px var(--awb-color7);\"><img decoding=\"async\" width=\"379\" height=\"263\" alt=\"ematrix\" title=\"ematrix\" src=\"https:\/\/www.felymalaser.sk\/wp-content\/uploads\/2017\/03\/ematrix.jpg\" class=\"img-responsive wp-image-13713\" srcset=\"https:\/\/www.felymalaser.sk\/wp-content\/uploads\/2017\/03\/ematrix-200x139.jpg 200w, https:\/\/www.felymalaser.sk\/wp-content\/uploads\/2017\/03\/ematrix.jpg 379w\" sizes=\"(max-width: 640px) 100vw, 379px\" \/><\/span><\/div><\/div><\/div><\/div><\/div><div class=\"fusion-fullwidth fullwidth-box fusion-builder-row-2 fusion-flex-container nonhundred-percent-fullwidth non-hundred-percent-height-scrolling\" style=\"--awb-background-position:left top;--awb-border-sizes-top:0px;--awb-border-sizes-bottom:0px;--awb-border-sizes-left:0px;--awb-border-sizes-right:0px;--awb-border-radius-top-left:0px;--awb-border-radius-top-right:0px;--awb-border-radius-bottom-right:0px;--awb-border-radius-bottom-left:0px;--awb-padding-top:20px;--awb-padding-bottom:20px;--awb-flex-wrap:wrap;\" ><div class=\"fusion-builder-row fusion-row fusion-flex-align-items-flex-start fusion-flex-content-wrap\" style=\"max-width:calc( 1170px + 0px );margin-left: calc(-0px \/ 2 );margin-right: calc(-0px \/ 2 );\"><div class=\"fusion-layout-column fusion_builder_column fusion-builder-column-2 fusion_builder_column_1_1 1_1 fusion-flex-column fusion-flex-align-self-flex-start fusion-column-no-min-height\" style=\"--awb-bg-size:cover;--awb-width-large:100%;--awb-margin-top-large:0px;--awb-spacing-right-large:0px;--awb-margin-bottom-large:0px;--awb-spacing-left-large:0px;--awb-width-medium:100%;--awb-spacing-right-medium:0px;--awb-spacing-left-medium:0px;--awb-width-small:100%;--awb-spacing-right-small:0px;--awb-spacing-left-small:0px;\"><div class=\"fusion-column-wrapper fusion-flex-justify-content-flex-start fusion-content-layout-column\"><div class=\"fusion-image-carousel fusion-image-carousel-auto fusion-image-carousel-1 lightbox-enabled fusion-carousel-border\"><div class=\"awb-carousel awb-swiper awb-swiper-carousel\" data-autoplay=\"no\" data-columns=\"5\" data-itemmargin=\"13\" data-itemwidth=\"180\" data-touchscroll=\"no\" data-imagesize=\"auto\"><div class=\"swiper-wrapper awb-image-carousel-wrapper fusion-flex-align-items-center\"><div class=\"swiper-slide\"><div class=\"fusion-carousel-item-wrapper\"><div class=\"fusion-image-wrapper hover-type-zoomin\"><a data-rel=\"iLightbox[image_carousel_1]\" data-title=\"etwo1\" aria-label=\"etwo1\" href=\"https:\/\/www.felymalaser.sk\/wp-content\/uploads\/2017\/03\/etwo1.png\" target=\"_self\"><img decoding=\"async\" width=\"314\" height=\"157\" src=\"https:\/\/www.felymalaser.sk\/wp-content\/uploads\/2017\/03\/etwo1.png\" class=\"attachment-full size-full\" alt=\"\" srcset=\"https:\/\/www.felymalaser.sk\/wp-content\/uploads\/2017\/03\/etwo1-200x100.png 200w, https:\/\/www.felymalaser.sk\/wp-content\/uploads\/2017\/03\/etwo1.png 314w\" sizes=\"(min-width: 2200px) 100vw, (min-width: 1007px) 224px, (min-width: 915px) 280px, (min-width: 824px) 373px, (min-width: 732px) 559px, (min-width: 640px) 732px, \" \/><\/a><\/div><\/div><\/div><div class=\"swiper-slide\"><div class=\"fusion-carousel-item-wrapper\"><div class=\"fusion-image-wrapper hover-type-zoomin\"><a data-rel=\"iLightbox[image_carousel_1]\" data-title=\"etwo2\" aria-label=\"etwo2\" href=\"https:\/\/www.felymalaser.sk\/wp-content\/uploads\/2017\/03\/etwo2.png\" target=\"_self\"><img decoding=\"async\" width=\"314\" height=\"156\" src=\"https:\/\/www.felymalaser.sk\/wp-content\/uploads\/2017\/03\/etwo2.png\" class=\"attachment-full size-full\" alt=\"\" srcset=\"https:\/\/www.felymalaser.sk\/wp-content\/uploads\/2017\/03\/etwo2-200x99.png 200w, https:\/\/www.felymalaser.sk\/wp-content\/uploads\/2017\/03\/etwo2.png 314w\" sizes=\"(min-width: 2200px) 100vw, (min-width: 1007px) 224px, (min-width: 915px) 280px, (min-width: 824px) 373px, (min-width: 732px) 559px, (min-width: 640px) 732px, \" \/><\/a><\/div><\/div><\/div><div class=\"swiper-slide\"><div class=\"fusion-carousel-item-wrapper\"><div class=\"fusion-image-wrapper hover-type-zoomin\"><a data-rel=\"iLightbox[image_carousel_1]\" data-title=\"etwo3\" aria-label=\"etwo3\" href=\"https:\/\/www.felymalaser.sk\/wp-content\/uploads\/2017\/03\/etwo3.png\" target=\"_self\"><img decoding=\"async\" width=\"315\" height=\"155\" src=\"https:\/\/www.felymalaser.sk\/wp-content\/uploads\/2017\/03\/etwo3.png\" class=\"attachment-full size-full\" alt=\"\" srcset=\"https:\/\/www.felymalaser.sk\/wp-content\/uploads\/2017\/03\/etwo3-200x98.png 200w, https:\/\/www.felymalaser.sk\/wp-content\/uploads\/2017\/03\/etwo3.png 315w\" sizes=\"(min-width: 2200px) 100vw, (min-width: 1007px) 224px, (min-width: 915px) 280px, (min-width: 824px) 373px, (min-width: 732px) 559px, (min-width: 640px) 732px, \" \/><\/a><\/div><\/div><\/div><div class=\"swiper-slide\"><div class=\"fusion-carousel-item-wrapper\"><div class=\"fusion-image-wrapper hover-type-zoomin\"><a data-rel=\"iLightbox[image_carousel_1]\" data-title=\"etwo4\" aria-label=\"etwo4\" href=\"https:\/\/www.felymalaser.sk\/wp-content\/uploads\/2017\/03\/etwo4.png\" target=\"_self\"><img decoding=\"async\" width=\"312\" height=\"155\" src=\"https:\/\/www.felymalaser.sk\/wp-content\/uploads\/2017\/03\/etwo4.png\" class=\"attachment-full size-full\" alt=\"\" srcset=\"https:\/\/www.felymalaser.sk\/wp-content\/uploads\/2017\/03\/etwo4-200x99.png 200w, https:\/\/www.felymalaser.sk\/wp-content\/uploads\/2017\/03\/etwo4.png 312w\" sizes=\"(min-width: 2200px) 100vw, (min-width: 1007px) 224px, (min-width: 915px) 280px, (min-width: 824px) 373px, (min-width: 732px) 559px, (min-width: 640px) 732px, \" \/><\/a><\/div><\/div><\/div><div class=\"swiper-slide\"><div class=\"fusion-carousel-item-wrapper\"><div class=\"fusion-image-wrapper hover-type-zoomin\"><a data-rel=\"iLightbox[image_carousel_1]\" data-title=\"etwo5\" aria-label=\"etwo5\" href=\"https:\/\/www.felymalaser.sk\/wp-content\/uploads\/2017\/03\/etwo5.png\" target=\"_self\"><img decoding=\"async\" width=\"316\" height=\"156\" src=\"https:\/\/www.felymalaser.sk\/wp-content\/uploads\/2017\/03\/etwo5.png\" class=\"attachment-full size-full\" alt=\"\" srcset=\"https:\/\/www.felymalaser.sk\/wp-content\/uploads\/2017\/03\/etwo5-200x99.png 200w, https:\/\/www.felymalaser.sk\/wp-content\/uploads\/2017\/03\/etwo5.png 316w\" sizes=\"(min-width: 2200px) 100vw, (min-width: 1007px) 224px, (min-width: 915px) 280px, (min-width: 824px) 373px, (min-width: 732px) 559px, (min-width: 640px) 732px, \" \/><\/a><\/div><\/div><\/div><div class=\"swiper-slide\"><div class=\"fusion-carousel-item-wrapper\"><div class=\"fusion-image-wrapper hover-type-zoomin\"><a data-rel=\"iLightbox[image_carousel_1]\" data-title=\"etwo6\" aria-label=\"etwo6\" href=\"https:\/\/www.felymalaser.sk\/wp-content\/uploads\/2017\/03\/etwo6.png\" target=\"_self\"><img decoding=\"async\" width=\"313\" height=\"156\" src=\"https:\/\/www.felymalaser.sk\/wp-content\/uploads\/2017\/03\/etwo6.png\" class=\"attachment-full size-full\" alt=\"\" srcset=\"https:\/\/www.felymalaser.sk\/wp-content\/uploads\/2017\/03\/etwo6-200x100.png 200w, https:\/\/www.felymalaser.sk\/wp-content\/uploads\/2017\/03\/etwo6.png 313w\" sizes=\"(min-width: 2200px) 100vw, (min-width: 1007px) 224px, (min-width: 915px) 280px, (min-width: 824px) 373px, (min-width: 732px) 559px, (min-width: 640px) 732px, \" \/><\/a><\/div><\/div><\/div><\/div><div class=\"awb-swiper-button awb-swiper-button-prev\"><i class=\"awb-icon-angle-left\" aria-hidden=\"true\"><\/i><\/div><div class=\"awb-swiper-button awb-swiper-button-next\"><i class=\"awb-icon-angle-right\" aria-hidden=\"true\"><\/i><\/div><\/div><\/div><\/div><\/div><\/div><\/div><\/p>\n","protected":false},"excerpt":{"rendered":"","protected":false},"author":1,"featured_media":0,"parent":12990,"menu_order":0,"comment_status":"closed","ping_status":"closed","template":"","meta":{"footnotes":""},"class_list":["post-13552","page","type-page","status-publish","hentry"],"_links":{"self":[{"href":"https:\/\/www.felymalaser.sk\/index.php\/wp-json\/wp\/v2\/pages\/13552","targetHints":{"allow":["GET"]}}],"collection":[{"href":"https:\/\/www.felymalaser.sk\/index.php\/wp-json\/wp\/v2\/pages"}],"about":[{"href":"https:\/\/www.felymalaser.sk\/index.php\/wp-json\/wp\/v2\/types\/page"}],"author":[{"embeddable":true,"href":"https:\/\/www.felymalaser.sk\/index.php\/wp-json\/wp\/v2\/users\/1"}],"replies":[{"embeddable":true,"href":"https:\/\/www.felymalaser.sk\/index.php\/wp-json\/wp\/v2\/comments?post=13552"}],"version-history":[{"count":19,"href":"https:\/\/www.felymalaser.sk\/index.php\/wp-json\/wp\/v2\/pages\/13552\/revisions"}],"predecessor-version":[{"id":15046,"href":"https:\/\/www.felymalaser.sk\/index.php\/wp-json\/wp\/v2\/pages\/13552\/revisions\/15046"}],"up":[{"embeddable":true,"href":"https:\/\/www.felymalaser.sk\/index.php\/wp-json\/wp\/v2\/pages\/12990"}],"wp:attachment":[{"href":"https:\/\/www.felymalaser.sk\/index.php\/wp-json\/wp\/v2\/media?parent=13552"}],"curies":[{"name":"wp","href":"https:\/\/api.w.org\/{rel}","templated":true}]}}