{"id":13545,"date":"2017-02-23T13:28:07","date_gmt":"2017-02-23T12:28:07","guid":{"rendered":"http:\/\/www.felymalaser.sk\/?page_id=13545"},"modified":"2024-08-19T17:22:01","modified_gmt":"2024-08-19T15:22:01","slug":"lasotronixsmart","status":"publish","type":"page","link":"https:\/\/www.felymalaser.sk\/index.php\/produkty\/laserova-technika\/lasotronix\/lasotronixsmart\/","title":{"rendered":"LasotronixSmartM"},"content":{"rendered":"<div class=\"fusion-fullwidth fullwidth-box fusion-builder-row-1 fusion-flex-container nonhundred-percent-fullwidth non-hundred-percent-height-scrolling\" style=\"--awb-background-position:left top;--awb-border-sizes-top:0px;--awb-border-sizes-bottom:0px;--awb-border-sizes-left:0px;--awb-border-sizes-right:0px;--awb-border-radius-top-left:0px;--awb-border-radius-top-right:0px;--awb-border-radius-bottom-right:0px;--awb-border-radius-bottom-left:0px;--awb-padding-top:20px;--awb-padding-bottom:20px;--awb-flex-wrap:wrap;\" ><div class=\"fusion-builder-row fusion-row fusion-flex-align-items-flex-start fusion-flex-content-wrap\" style=\"max-width:1216.8px;margin-left: calc(-4% \/ 2 );margin-right: calc(-4% \/ 2 );\"><div class=\"fusion-layout-column fusion_builder_column fusion-builder-column-0 fusion_builder_column_2_3 2_3 fusion-flex-column\" style=\"--awb-bg-size:cover;--awb-width-large:66.666666666667%;--awb-margin-top-large:0px;--awb-spacing-right-large:3.84%;--awb-margin-bottom-large:20px;--awb-spacing-left-large:2.88%;--awb-width-medium:66.666666666667%;--awb-spacing-right-medium:3.84%;--awb-spacing-left-medium:2.88%;--awb-width-small:100%;--awb-spacing-right-small:1.92%;--awb-spacing-left-small:1.92%;\"><div class=\"fusion-column-wrapper fusion-flex-justify-content-flex-start fusion-content-layout-column\"><div class=\"fusion-text fusion-text-1\"><p style=\"text-align: justify;\">Unik\u00e1tny kompaktn\u00fd laser s maxim\u00e1lnym v\u00fdkonom 15 W. Vlnov\u00e1 d\u013a\u017eka l\u00fa\u010da laseru 1470 nm p\u00f4sob\u00ed na vodu v\u00a0cievnej stene namiesto hemoglob\u00ednu, v\u010faka \u010domu je z\u00e1krok pohodlnej\u0161\u00ed pre pacienta bez poopera\u010dn\u00fdch modr\u00edn a opuchov. Vlnov\u00e1 d\u013a\u017eka laserov\u00e9ho \u017eiarenia 1470 nm je silno absorbovan\u00e1 vodou (60 x viac ne\u017e \u00a0laserov\u00e9ho \u017eiarenia s \u00a0vlnovou d\u013a\u017ekou 980 nm). Umo\u017e\u0148uje pou\u017eitie ako radi\u00e1lnych tak aj bare vl\u00e1kien. Je dod\u00e1van\u00fd z\u00a0preh\u013eadn\u00fdm menu v\u00a0slovenskom a\u00a0\u010deskom jazyku. Laser m\u00e1 intuit\u00edvne ovl\u00e1danie a\u00a0preh\u013eadn\u00e9 nastavenie parametrov s\u00a0mo\u017enos\u0165ou ulo\u017eenia vlastn\u00fdch nastaven\u00ed. Laser umo\u017e\u0148uje archiv\u00e1ciu \u00fadajov o\u00a0ka\u017edom z\u00e1kroku\u00a0 a\u00a0o\u00a0ka\u017edom pacientovi na bezpe\u010dnostn\u00fd USB k\u013e\u00fa\u010d.<\/p>\n<\/div><\/div><\/div><div class=\"fusion-layout-column fusion_builder_column fusion-builder-column-1 fusion_builder_column_1_3 1_3 fusion-flex-column\" style=\"--awb-bg-size:cover;--awb-width-large:33.333333333333%;--awb-margin-top-large:0px;--awb-spacing-right-large:5.76%;--awb-margin-bottom-large:20px;--awb-spacing-left-large:3.84%;--awb-width-medium:33.333333333333%;--awb-spacing-right-medium:5.76%;--awb-spacing-left-medium:3.84%;--awb-width-small:100%;--awb-spacing-right-small:1.92%;--awb-spacing-left-small:1.92%;\"><div class=\"fusion-column-wrapper fusion-flex-justify-content-flex-start fusion-content-layout-column\"><div class=\"fusion-image-element \" style=\"text-align:center;--awb-caption-title-font-family:var(--h2_typography-font-family);--awb-caption-title-font-weight:var(--h2_typography-font-weight);--awb-caption-title-font-style:var(--h2_typography-font-style);--awb-caption-title-size:var(--h2_typography-font-size);--awb-caption-title-transform:var(--h2_typography-text-transform);--awb-caption-title-line-height:var(--h2_typography-line-height);--awb-caption-title-letter-spacing:var(--h2_typography-letter-spacing);\"><span class=\" fusion-imageframe imageframe-none imageframe-1 hover-type-none\"><a href=\"https:\/\/www.felymalaser.sk\/wp-content\/uploads\/2024\/08\/lasers_lasotronix_surgery-SG-02-570x1024.png\" class=\"fusion-lightbox\" data-rel=\"iLightbox[b71f31bd7a915082ae0]\" data-title=\"lasers_lasotronix_surgery SG 02\" title=\"lasers_lasotronix_surgery SG 02\"><img decoding=\"async\" width=\"570\" height=\"1024\" src=\"https:\/\/www.felymalaser.sk\/wp-content\/uploads\/2024\/08\/lasers_lasotronix_surgery-SG-02-570x1024.png\" alt class=\"img-responsive wp-image-15269\" srcset=\"https:\/\/www.felymalaser.sk\/wp-content\/uploads\/2024\/08\/lasers_lasotronix_surgery-SG-02-200x360.png 200w, https:\/\/www.felymalaser.sk\/wp-content\/uploads\/2024\/08\/lasers_lasotronix_surgery-SG-02-400x719.png 400w, https:\/\/www.felymalaser.sk\/wp-content\/uploads\/2024\/08\/lasers_lasotronix_surgery-SG-02-600x1079.png 600w, https:\/\/www.felymalaser.sk\/wp-content\/uploads\/2024\/08\/lasers_lasotronix_surgery-SG-02-800x1438.png 800w, https:\/\/www.felymalaser.sk\/wp-content\/uploads\/2024\/08\/lasers_lasotronix_surgery-SG-02-1200x2158.png 1200w\" sizes=\"(max-width: 640px) 100vw, 400px\" \/><\/a><\/span><\/div><div class=\"fusion-text fusion-text-2\"><p><a href=\"\/wp-content\/uploads\/2024\/08\/EVLT-ENG_08.2023_02_LX.pdf\"><img decoding=\"async\" class=\"aligncenter size-full wp-image-13062\" src=\"https:\/\/www.felymalaser.sk\/wp-content\/uploads\/2017\/02\/pdf.png\" alt=\"\" width=\"32\" height=\"32\" \/><\/a><\/p>\n<p style=\"text-align: center;\">Lasotronix Smart<sup>M<\/sup><\/p>\n<\/div><\/div><\/div><\/div><\/div>\n","protected":false},"excerpt":{"rendered":"","protected":false},"author":1,"featured_media":0,"parent":13017,"menu_order":0,"comment_status":"closed","ping_status":"closed","template":"","meta":{"footnotes":""},"class_list":["post-13545","page","type-page","status-publish","hentry"],"_links":{"self":[{"href":"https:\/\/www.felymalaser.sk\/index.php\/wp-json\/wp\/v2\/pages\/13545","targetHints":{"allow":["GET"]}}],"collection":[{"href":"https:\/\/www.felymalaser.sk\/index.php\/wp-json\/wp\/v2\/pages"}],"about":[{"href":"https:\/\/www.felymalaser.sk\/index.php\/wp-json\/wp\/v2\/types\/page"}],"author":[{"embeddable":true,"href":"https:\/\/www.felymalaser.sk\/index.php\/wp-json\/wp\/v2\/users\/1"}],"replies":[{"embeddable":true,"href":"https:\/\/www.felymalaser.sk\/index.php\/wp-json\/wp\/v2\/comments?post=13545"}],"version-history":[{"count":8,"href":"https:\/\/www.felymalaser.sk\/index.php\/wp-json\/wp\/v2\/pages\/13545\/revisions"}],"predecessor-version":[{"id":15272,"href":"https:\/\/www.felymalaser.sk\/index.php\/wp-json\/wp\/v2\/pages\/13545\/revisions\/15272"}],"up":[{"embeddable":true,"href":"https:\/\/www.felymalaser.sk\/index.php\/wp-json\/wp\/v2\/pages\/13017"}],"wp:attachment":[{"href":"https:\/\/www.felymalaser.sk\/index.php\/wp-json\/wp\/v2\/media?parent=13545"}],"curies":[{"name":"wp","href":"https:\/\/api.w.org\/{rel}","templated":true}]}}