{"id":13517,"date":"2017-02-16T16:09:08","date_gmt":"2017-02-16T15:09:08","guid":{"rendered":"http:\/\/www.felymalaser.sk\/?page_id=13517"},"modified":"2022-04-07T09:18:16","modified_gmt":"2022-04-07T07:18:16","slug":"cooltech-cocoon","status":"publish","type":"page","link":"https:\/\/www.felymalaser.sk\/index.php\/produkty\/kryoterapia\/cooltech-cocoon\/","title":{"rendered":"CoolTech Cocoon"},"content":{"rendered":"<div class=\"fusion-fullwidth fullwidth-box fusion-builder-row-1 fusion-flex-container nonhundred-percent-fullwidth non-hundred-percent-height-scrolling\" style=\"--awb-background-position:left top;--awb-border-radius-top-left:0px;--awb-border-radius-top-right:0px;--awb-border-radius-bottom-right:0px;--awb-border-radius-bottom-left:0px;--awb-padding-top:20px;--awb-padding-bottom:20px;--awb-border-sizes-top:0px;--awb-border-sizes-bottom:0px;--awb-flex-wrap:wrap;\" ><div class=\"fusion-builder-row fusion-row fusion-flex-align-items-flex-start fusion-flex-content-wrap\" style=\"max-width:1216.8px;margin-left: calc(-4% \/ 2 );margin-right: calc(-4% \/ 2 );\"><div class=\"fusion-layout-column fusion_builder_column fusion-builder-column-0 fusion_builder_column_3_4 3_4 fusion-flex-column\" style=\"--awb-bg-size:cover;--awb-width-large:75%;--awb-margin-top-large:0px;--awb-spacing-right-large:3.84%;--awb-margin-bottom-large:20px;--awb-spacing-left-large:2.56%;--awb-width-medium:75%;--awb-spacing-right-medium:3.84%;--awb-spacing-left-medium:2.56%;--awb-width-small:100%;--awb-spacing-right-small:1.92%;--awb-spacing-left-small:1.92%;\"><div class=\"fusion-column-wrapper fusion-flex-justify-content-flex-start fusion-content-layout-column\"><div class=\"fusion-text fusion-text-1\"><h3>V\u00fdkonn\u00e1, \u00fa\u010dinn\u00e1 a bezpe\u010dn\u00e1 kryolipol\u00fdza<\/h3>\n<ul>\n<li>pr\u00edstroj s riaden\u00fdm chladen\u00edm pre lek\u00e1rske pou\u017eitie<\/li>\n<li>chudnutie zmrazen\u00edm tukov\u00fdch buniek<\/li>\n<li>najv\u00fdkonnej\u0161\u00ed syst\u00e9m na trhu ved\u00faceho eur\u00f3pskeho v\u00fdrobcu<\/li>\n<li>unik\u00e1tna technol\u00f3gia aplik\u00e1torov chr\u00e1nen\u00e1 eur\u00f3pskym patentom<\/li>\n<li>2 aplik\u00e1tory pracuj\u00face nez\u00e1visle<\/li>\n<li>bezbolestn\u00e1, neinvaz\u00edvna liposukcia bez n\u00e1slednej rekonvalescencie<\/li>\n<\/ul>\n<\/div><div class=\"fusion-reading-box-container reading-box-container-1\" style=\"--awb-title-color:var(--awb-color8);--awb-margin-top:0px;--awb-margin-bottom:20px;\"><div class=\"reading-box\" style=\"background-color:var(--awb-color2);border-width:1px;border-color:rgba(226,226,226,0);border-top-width:3px;border-top-color:var(--primary_color);border-style:solid;\"><div class=\"reading-box-additional\">\n<h3>Princ\u00edp funkcie kryolipol\u00fdzy CoolTech<\/h3>\n<p style=\"text-align: justify;\">Po prilo\u017een\u00ed aplik\u00e1toru na o\u0161etrovan\u00fa oblas\u0165 sa vytvoren\u00fdm podtlakom nasaje do aplik\u00e1toru povrchov\u00fd tuk. Vytvoren\u00e9 v\u00e1kuum do\u010dasne obmedz\u00ed prietok krvi v nasatom tkanive a umo\u017en\u00ed lok\u00e1lne riaden\u00e9 zmrazenie tukov\u00e9 vrstvy na teplotu po\u0161kodzuj\u00facu len tukov\u00e9 bunky a bezpe\u010dn\u00fa pre ostatn\u00e9 tkanivo.<\/p>\n<p>Po kryolipol\u00fdze je tuk prirodzen\u00fdm sp\u00f4sobom odplavovan\u00fd lymfatick\u00fdm syst\u00e9mom. Rozpad tukov\u00fdch buniek prebieha postupne behom 2 mesiacov a tak nie je organizmus nijako extr\u00e9mne za\u0165a\u017eovan\u00fd.<\/div><div class=\"fusion-clearfix\"><\/div><\/div><\/div><div class=\"fusion-tabs fusion-tabs-1 classic nav-is-justified horizontal-tabs icon-position-left mobile-mode-accordion\" style=\"--awb-title-border-radius-top-left:0px;--awb-title-border-radius-top-right:0px;--awb-title-border-radius-bottom-right:0px;--awb-title-border-radius-bottom-left:0px;--awb-inactive-color:var(--awb-color2);--awb-background-color:var(--awb-color1);--awb-border-color:var(--awb-color3);--awb-active-border-color:var(--awb-color6);\"><div class=\"nav\"><ul class=\"nav-tabs nav-justified\" role=\"tablist\"><li class=\"active\" role=\"presentation\"><a class=\"tab-link\" data-toggle=\"tab\" role=\"tab\" aria-controls=\"tab-221374cc292741ad506\" aria-selected=\"true\" id=\"fusion-tab-oblastiaplik\u00e1cie\" href=\"#tab-221374cc292741ad506\"><h4 class=\"fusion-tab-heading\">Oblasti aplik\u00e1cie<\/h4><\/a><\/li><li role=\"presentation\"><a class=\"tab-link\" data-toggle=\"tab\" role=\"tab\" aria-controls=\"tab-1d6fdf44ec729355512\" aria-selected=\"false\" tabindex=\"-1\" id=\"fusion-tab-odpor\u00fa\u010dan\u00e1terapia\" href=\"#tab-1d6fdf44ec729355512\"><h4 class=\"fusion-tab-heading\">Odpor\u00fa\u010dan\u00e1 terapia<\/h4><\/a><\/li><\/ul><\/div><div class=\"tab-content\"><div class=\"nav fusion-mobile-tab-nav\"><ul class=\"nav-tabs nav-justified\" role=\"tablist\"><li class=\"active\" role=\"presentation\"><a class=\"tab-link\" data-toggle=\"tab\" role=\"tab\" aria-controls=\"tab-221374cc292741ad506\" aria-selected=\"true\" id=\"mobile-fusion-tab-oblastiaplik\u00e1cie\" href=\"#tab-221374cc292741ad506\"><h4 class=\"fusion-tab-heading\">Oblasti aplik\u00e1cie<\/h4><\/a><\/li><\/ul><\/div><div class=\"tab-pane fade fusion-clearfix in active\" role=\"tabpanel\" tabindex=\"0\" aria-labelledby=\"fusion-tab-oblastiaplik\u00e1cie\" id=\"tab-221374cc292741ad506\">\n<ul>\n<li>brucho<\/li>\n<li>stehna<\/li>\n<li>zadok<\/li>\n<li>boky<\/li>\n<li>chrb\u00e1t<\/li>\n<li>kolena<\/li>\n<li>ruky<\/li>\n<\/ul>\n<\/div><div class=\"nav fusion-mobile-tab-nav\"><ul class=\"nav-tabs nav-justified\" role=\"tablist\"><li role=\"presentation\"><a class=\"tab-link\" data-toggle=\"tab\" role=\"tab\" aria-controls=\"tab-1d6fdf44ec729355512\" aria-selected=\"false\" tabindex=\"-1\" id=\"mobile-fusion-tab-odpor\u00fa\u010dan\u00e1terapia\" href=\"#tab-1d6fdf44ec729355512\"><h4 class=\"fusion-tab-heading\">Odpor\u00fa\u010dan\u00e1 terapia<\/h4><\/a><\/li><\/ul><\/div><div class=\"tab-pane fade fusion-clearfix\" role=\"tabpanel\" tabindex=\"0\" aria-labelledby=\"fusion-tab-odpor\u00fa\u010dan\u00e1terapia\" id=\"tab-1d6fdf44ec729355512\">\n<ul>\n<li>doba trvania terapie 70 min\u00fat<\/li>\n<li>vidite\u013en\u00fd v\u00fdsledok u\u017e po 15 d\u0148och po jednej terapii<\/li>\n<li>v\u00fdsledn\u00fd efekt dosiahnut\u00fd za 6 a\u017e 8 t\u00fd\u017ed\u0148ov po terapii<\/li>\n<li>1 a\u017e 3 terapie na oblas\u0165<\/li>\n<li>opakovanie terapie je mo\u017en\u00e9 po 6 a\u017e 8 t\u00fd\u017ed\u0148och<\/li>\n<\/ul>\n<\/div><\/div><\/div><\/div><\/div><div class=\"fusion-layout-column fusion_builder_column fusion-builder-column-1 fusion_builder_column_1_4 1_4 fusion-flex-column\" style=\"--awb-bg-size:cover;--awb-width-large:25%;--awb-margin-top-large:0px;--awb-spacing-right-large:7.68%;--awb-margin-bottom-large:20px;--awb-spacing-left-large:3.84%;--awb-width-medium:25%;--awb-spacing-right-medium:7.68%;--awb-spacing-left-medium:3.84%;--awb-width-small:100%;--awb-spacing-right-small:1.92%;--awb-spacing-left-small:1.92%;\"><div class=\"fusion-column-wrapper fusion-flex-justify-content-flex-start fusion-content-layout-column\"><div class=\"fusion-image-element \" style=\"text-align:center;--awb-caption-title-font-family:var(--h2_typography-font-family);--awb-caption-title-font-weight:var(--h2_typography-font-weight);--awb-caption-title-font-style:var(--h2_typography-font-style);--awb-caption-title-size:var(--h2_typography-font-size);--awb-caption-title-transform:var(--h2_typography-text-transform);--awb-caption-title-line-height:var(--h2_typography-line-height);--awb-caption-title-letter-spacing:var(--h2_typography-letter-spacing);\"><span class=\" fusion-imageframe imageframe-none imageframe-1 hover-type-none\"><img decoding=\"async\" width=\"150\" height=\"230\" title=\"kryo\" src=\"https:\/\/www.felymalaser.sk\/wp-content\/uploads\/2017\/02\/kryo.png\" alt class=\"img-responsive wp-image-13518\"\/><\/span><\/div><div class=\"fusion-separator fusion-full-width-sep\" style=\"align-self: center;margin-left: auto;margin-right: auto;width:100%;\"><\/div><div class=\"fusion-text fusion-text-2\"><p><img decoding=\"async\" class=\"aligncenter size-full wp-image-13062\" src=\"https:\/\/www.felymalaser.sk\/wp-content\/uploads\/2017\/02\/pdf.png\" alt=\"\" width=\"32\" height=\"32\" \/><\/p>\n<p style=\"text-align: center;\"><a href=\"https:\/\/www.felymalaser.sk\/wp-content\/uploads\/2017\/cocooncooltech.pdf\" target=\"_blank\" rel=\"noopener\">Cocoon CoolTech<\/a><\/p>\n<p style=\"text-align: center;\"><a href=\"https:\/\/www.felymalaser.sk\/wp-content\/uploads\/2017\/cocooncooltechkryoterapia.pdf\" target=\"_blank\" rel=\"noopener\">Coccon CoolTech Kryoterapia<\/a><\/p>\n<\/div><\/div><\/div><\/div><\/div>\n","protected":false},"excerpt":{"rendered":"","protected":false},"author":1,"featured_media":0,"parent":12992,"menu_order":0,"comment_status":"closed","ping_status":"closed","template":"","meta":{"footnotes":""},"class_list":["post-13517","page","type-page","status-publish","hentry"],"_links":{"self":[{"href":"https:\/\/www.felymalaser.sk\/index.php\/wp-json\/wp\/v2\/pages\/13517","targetHints":{"allow":["GET"]}}],"collection":[{"href":"https:\/\/www.felymalaser.sk\/index.php\/wp-json\/wp\/v2\/pages"}],"about":[{"href":"https:\/\/www.felymalaser.sk\/index.php\/wp-json\/wp\/v2\/types\/page"}],"author":[{"embeddable":true,"href":"https:\/\/www.felymalaser.sk\/index.php\/wp-json\/wp\/v2\/users\/1"}],"replies":[{"embeddable":true,"href":"https:\/\/www.felymalaser.sk\/index.php\/wp-json\/wp\/v2\/comments?post=13517"}],"version-history":[{"count":4,"href":"https:\/\/www.felymalaser.sk\/index.php\/wp-json\/wp\/v2\/pages\/13517\/revisions"}],"predecessor-version":[{"id":14931,"href":"https:\/\/www.felymalaser.sk\/index.php\/wp-json\/wp\/v2\/pages\/13517\/revisions\/14931"}],"up":[{"embeddable":true,"href":"https:\/\/www.felymalaser.sk\/index.php\/wp-json\/wp\/v2\/pages\/12992"}],"wp:attachment":[{"href":"https:\/\/www.felymalaser.sk\/index.php\/wp-json\/wp\/v2\/media?parent=13517"}],"curies":[{"name":"wp","href":"https:\/\/api.w.org\/{rel}","templated":true}]}}