{"id":13496,"date":"2017-02-16T12:53:46","date_gmt":"2017-02-16T11:53:46","guid":{"rendered":"http:\/\/www.felymalaser.sk\/?page_id=13496"},"modified":"2022-04-20T15:50:22","modified_gmt":"2022-04-20T13:50:22","slug":"s6","status":"publish","type":"page","link":"https:\/\/www.felymalaser.sk\/index.php\/produkty\/sonograficke-pristroje\/s6\/","title":{"rendered":"SonoScape S6"},"content":{"rendered":"<div class=\"fusion-fullwidth fullwidth-box fusion-builder-row-1 fusion-flex-container nonhundred-percent-fullwidth non-hundred-percent-height-scrolling\" style=\"--awb-background-position:left top;--awb-border-sizes-top:0px;--awb-border-sizes-bottom:0px;--awb-border-sizes-left:0px;--awb-border-sizes-right:0px;--awb-border-radius-top-left:0px;--awb-border-radius-top-right:0px;--awb-border-radius-bottom-right:0px;--awb-border-radius-bottom-left:0px;--awb-padding-top:20px;--awb-padding-bottom:20px;--awb-flex-wrap:wrap;\" ><div class=\"fusion-builder-row fusion-row fusion-flex-align-items-flex-start fusion-flex-content-wrap\" style=\"max-width:1216.8px;margin-left: calc(-4% \/ 2 );margin-right: calc(-4% \/ 2 );\"><div class=\"fusion-layout-column fusion_builder_column fusion-builder-column-0 fusion_builder_column_1_1 1_1 fusion-flex-column\" style=\"--awb-bg-size:cover;--awb-width-large:100%;--awb-margin-top-large:0px;--awb-spacing-right-large:2.56%;--awb-margin-bottom-large:20px;--awb-spacing-left-large:1.92%;--awb-width-medium:100%;--awb-spacing-right-medium:2.56%;--awb-spacing-left-medium:1.92%;--awb-width-small:100%;--awb-spacing-right-small:1.92%;--awb-spacing-left-small:1.92%;\"><div class=\"fusion-column-wrapper fusion-flex-justify-content-flex-start fusion-content-layout-column\"><div class=\"fusion-title title fusion-title-1 fusion-sep-none fusion-title-text fusion-title-size-one\"><h1 class=\"fusion-title-heading title-heading-left\" style=\"margin:0;\">SonoScape S6<\/h1><\/div><div class=\"fusion-tabs fusion-tabs-1 classic vertical-tabs icon-position-left mobile-mode-accordion\" style=\"--awb-title-border-radius-top-left:0px;--awb-title-border-radius-top-right:0px;--awb-title-border-radius-bottom-right:0px;--awb-title-border-radius-bottom-left:0px;--awb-inactive-color:var(--awb-color2);--awb-background-color:var(--awb-color1);--awb-border-color:var(--awb-color3);--awb-active-border-color:var(--awb-color6);\"><div class=\"nav\"><ul class=\"nav-tabs\" role=\"tablist\"><li class=\"active\" role=\"presentation\"><a class=\"tab-link\" data-toggle=\"tab\" role=\"tab\" aria-controls=\"tab-6d1a56f0af731c4b538\" aria-selected=\"true\" id=\"fusion-tab-z\u00e1kladn\u00e9parametrepr\u00edstroja:\" href=\"#tab-6d1a56f0af731c4b538\"><h4 class=\"fusion-tab-heading\">Z\u00e1kladn\u00e9 parametre pr\u00edstroja:<\/h4><\/a><\/li><li role=\"presentation\"><a class=\"tab-link\" data-toggle=\"tab\" role=\"tab\" aria-controls=\"tab-69c58efd37925f21389\" aria-selected=\"false\" tabindex=\"-1\" id=\"fusion-tab-technol\u00f3giaspracovaniaobrazu:\" href=\"#tab-69c58efd37925f21389\"><h4 class=\"fusion-tab-heading\">Technol\u00f3gia spracovania obrazu:<\/h4><\/a><\/li><li role=\"presentation\"><a class=\"tab-link\" data-toggle=\"tab\" role=\"tab\" aria-controls=\"tab-c3df019bd27f68d710d\" aria-selected=\"false\" tabindex=\"-1\" id=\"fusion-tab-dostupn\u00e9sondy:\" href=\"#tab-c3df019bd27f68d710d\"><h4 class=\"fusion-tab-heading\">Dostupn\u00e9 sondy:<\/h4><\/a><\/li><li role=\"presentation\"><a class=\"tab-link\" data-toggle=\"tab\" role=\"tab\" aria-controls=\"tab-1fe54f135fcab8a6563\" aria-selected=\"false\" tabindex=\"-1\" id=\"fusion-tab-zobrazovaciem\u00f3dy:\" href=\"#tab-1fe54f135fcab8a6563\"><h4 class=\"fusion-tab-heading\">Zobrazovacie m\u00f3dy:<\/h4><\/a><\/li><\/ul><\/div><div class=\"tab-content\"><div class=\"nav fusion-mobile-tab-nav\"><ul class=\"nav-tabs\" role=\"tablist\"><li class=\"active\" role=\"presentation\"><a class=\"tab-link\" data-toggle=\"tab\" role=\"tab\" aria-controls=\"tab-6d1a56f0af731c4b538\" aria-selected=\"true\" id=\"mobile-fusion-tab-z\u00e1kladn\u00e9parametrepr\u00edstroja:\" href=\"#tab-6d1a56f0af731c4b538\"><h4 class=\"fusion-tab-heading\">Z\u00e1kladn\u00e9 parametre pr\u00edstroja:<\/h4><\/a><\/li><\/ul><\/div><div class=\"tab-pane fade fusion-clearfix in active\" role=\"tabpanel\" tabindex=\"0\" aria-labelledby=\"fusion-tab-z\u00e1kladn\u00e9parametrepr\u00edstroja:\" id=\"tab-6d1a56f0af731c4b538\">\n<ul>\n<li>15\u201c high-resolution displej,<\/li>\n<li>akt\u00edvne porty pre pripojenie 2 sond,<\/li>\n<li>zabudovan\u00e1 Li-ion bat\u00e9ria s\u00a0v\u00fddr\u017eou viac ako 1 hodinu,<\/li>\n<li>hmotnos\u0165 13,5 kg,<\/li>\n<li><strong>2x port USB 2.0, DICOM 3.0 port, S-video a VGA port,<\/strong><\/li>\n<li>d\u013a\u017eka slu\u010dky 60 sek\u00fand alebo viac ako 10.000 z\u00e1berov.<\/li>\n<\/ul>\n<\/div><div class=\"nav fusion-mobile-tab-nav\"><ul class=\"nav-tabs\" role=\"tablist\"><li role=\"presentation\"><a class=\"tab-link\" data-toggle=\"tab\" role=\"tab\" aria-controls=\"tab-69c58efd37925f21389\" aria-selected=\"false\" tabindex=\"-1\" id=\"mobile-fusion-tab-technol\u00f3giaspracovaniaobrazu:\" href=\"#tab-69c58efd37925f21389\"><h4 class=\"fusion-tab-heading\">Technol\u00f3gia spracovania obrazu:<\/h4><\/a><\/li><\/ul><\/div><div class=\"tab-pane fade fusion-clearfix\" role=\"tabpanel\" tabindex=\"0\" aria-labelledby=\"fusion-tab-technol\u00f3giaspracovaniaobrazu:\" id=\"tab-69c58efd37925f21389\">\n<ul>\n<li>Dual-beam Processing,<\/li>\n<li>\u03bc-scan technol\u00f3gia pre vyhladenie obrazu a redukciu \u0161umu,<\/li>\n<li>\u201ecompound\u201c zobrazenie,<\/li>\n<li>jednotla\u010d\u00edtkov\u00e1 optimaliz\u00e1cia \u2013 M-tuning,<\/li>\n<li>trapezoidne zobrazenie na line\u00e1rnych sond\u00e1ch,<\/li>\n<li>3D\/4D zobrazen\u00ed na konvexnej sonde,<\/li>\n<li>HPRF pro pulsn\u00fd doppler,<\/li>\n<li>sn\u00edmkovacia frekvencia vy\u0161\u0161ia ako 750 sn\u00edmkov\/sekundu,<\/li>\n<li>auto stopa spektr\u00e1lnej dopplerovej krivky s v\u00fdpo\u010dtami PI, RI, S\/D, HR na \u017eivej i\u00a0zamrznutej krivke.<\/li>\n<\/ul>\n<\/div><div class=\"nav fusion-mobile-tab-nav\"><ul class=\"nav-tabs\" role=\"tablist\"><li role=\"presentation\"><a class=\"tab-link\" data-toggle=\"tab\" role=\"tab\" aria-controls=\"tab-c3df019bd27f68d710d\" aria-selected=\"false\" tabindex=\"-1\" id=\"mobile-fusion-tab-dostupn\u00e9sondy:\" href=\"#tab-c3df019bd27f68d710d\"><h4 class=\"fusion-tab-heading\">Dostupn\u00e9 sondy:<\/h4><\/a><\/li><\/ul><\/div><div class=\"tab-pane fade fusion-clearfix\" role=\"tabpanel\" tabindex=\"0\" aria-labelledby=\"fusion-tab-dostupn\u00e9sondy:\" id=\"tab-c3df019bd27f68d710d\">\n<ul>\n<li>16 MHz line\u00e1rne sondy,<\/li>\n<li>High density konvexn\u00e9 a mikrokonvexn\u00e9 sondy,<\/li>\n<li>sektorov\u00e9 sondy,<\/li>\n<li>180\u00b0 endovagin\u00e1lne sondy,<\/li>\n<li>biplan\u00e1rne transrekt\u00e1ln\u00ed sondy \u2013 konvex\/line\u00e1r a konvex\/konvex,<\/li>\n<li>volumetrick\u00e9 4D sondy,<\/li>\n<li>intraoperat\u00edvne sondy<\/li>\n<\/ul>\n<\/div><div class=\"nav fusion-mobile-tab-nav\"><ul class=\"nav-tabs\" role=\"tablist\"><li role=\"presentation\"><a class=\"tab-link\" data-toggle=\"tab\" role=\"tab\" aria-controls=\"tab-1fe54f135fcab8a6563\" aria-selected=\"false\" tabindex=\"-1\" id=\"mobile-fusion-tab-zobrazovaciem\u00f3dy:\" href=\"#tab-1fe54f135fcab8a6563\"><h4 class=\"fusion-tab-heading\">Zobrazovacie m\u00f3dy:<\/h4><\/a><\/li><\/ul><\/div><div class=\"tab-pane fade fusion-clearfix\" role=\"tabpanel\" tabindex=\"0\" aria-labelledby=\"fusion-tab-zobrazovaciem\u00f3dy:\" id=\"tab-1fe54f135fcab8a6563\">\n<ul>\n<li>B-m\u00f3d, THI<\/li>\n<li>M-m\u00f3d vr\u00e1tane anatomick\u00e9ho M-m\u00f3du, farebn\u00fd M-m\u00f3d,<\/li>\n<li>TDI-m\u00f3d,<\/li>\n<li>Farebn\u00fd (CFM) a energetick\u00fd doppler (PDI) vr\u00e1tane smerov\u00e9ho dopplera,<\/li>\n<li>PW a CW doppler,<\/li>\n<li>3D\/4D zobrazenie.<\/li>\n<\/ul>\n<\/div><\/div><\/div><\/div><\/div><div class=\"fusion-layout-column fusion_builder_column fusion-builder-column-1 fusion_builder_column_1_3 1_3 fusion-flex-column\" style=\"--awb-bg-size:cover;--awb-width-large:33.333333333333%;--awb-margin-top-large:0px;--awb-spacing-right-large:5.76%;--awb-margin-bottom-large:20px;--awb-spacing-left-large:3.84%;--awb-width-medium:33.333333333333%;--awb-spacing-right-medium:5.76%;--awb-spacing-left-medium:3.84%;--awb-width-small:100%;--awb-spacing-right-small:1.92%;--awb-spacing-left-small:1.92%;\"><div class=\"fusion-column-wrapper fusion-flex-justify-content-flex-start fusion-content-layout-column\"><div class=\"fusion-image-element \" style=\"text-align:center;--awb-caption-title-font-family:var(--h2_typography-font-family);--awb-caption-title-font-weight:var(--h2_typography-font-weight);--awb-caption-title-font-style:var(--h2_typography-font-style);--awb-caption-title-size:var(--h2_typography-font-size);--awb-caption-title-transform:var(--h2_typography-text-transform);--awb-caption-title-line-height:var(--h2_typography-line-height);--awb-caption-title-letter-spacing:var(--h2_typography-letter-spacing);\"><span class=\" fusion-imageframe imageframe-none imageframe-1 hover-type-none\"><img decoding=\"async\" width=\"367\" height=\"347\" title=\"s6\" src=\"https:\/\/www.felymalaser.sk\/wp-content\/uploads\/2017\/02\/s6.jpg\" alt class=\"img-responsive wp-image-13497\" srcset=\"https:\/\/www.felymalaser.sk\/wp-content\/uploads\/2017\/02\/s6-200x189.jpg 200w, https:\/\/www.felymalaser.sk\/wp-content\/uploads\/2017\/02\/s6.jpg 367w\" sizes=\"(max-width: 640px) 100vw, 367px\" \/><\/span><\/div><div class=\"fusion-text fusion-text-1\"><p><img decoding=\"async\" class=\"aligncenter size-full wp-image-13062\" src=\"https:\/\/www.felymalaser.sk\/wp-content\/uploads\/2017\/02\/pdf.png\" alt=\"\" width=\"32\" height=\"32\" \/><\/p>\n<p style=\"text-align: center;\"><a href=\"https:\/\/www.felymalaser.sk\/wp-content\/uploads\/2017\/S6.pdf\" target=\"_blank\" rel=\"noopener\">Sonoscape S6<\/a><\/p>\n<\/div><\/div><\/div><\/div><\/div>\n","protected":false},"excerpt":{"rendered":"","protected":false},"author":1,"featured_media":0,"parent":12996,"menu_order":0,"comment_status":"closed","ping_status":"closed","template":"","meta":{"footnotes":""},"class_list":["post-13496","page","type-page","status-publish","hentry"],"_links":{"self":[{"href":"https:\/\/www.felymalaser.sk\/index.php\/wp-json\/wp\/v2\/pages\/13496","targetHints":{"allow":["GET"]}}],"collection":[{"href":"https:\/\/www.felymalaser.sk\/index.php\/wp-json\/wp\/v2\/pages"}],"about":[{"href":"https:\/\/www.felymalaser.sk\/index.php\/wp-json\/wp\/v2\/types\/page"}],"author":[{"embeddable":true,"href":"https:\/\/www.felymalaser.sk\/index.php\/wp-json\/wp\/v2\/users\/1"}],"replies":[{"embeddable":true,"href":"https:\/\/www.felymalaser.sk\/index.php\/wp-json\/wp\/v2\/comments?post=13496"}],"version-history":[{"count":7,"href":"https:\/\/www.felymalaser.sk\/index.php\/wp-json\/wp\/v2\/pages\/13496\/revisions"}],"predecessor-version":[{"id":15029,"href":"https:\/\/www.felymalaser.sk\/index.php\/wp-json\/wp\/v2\/pages\/13496\/revisions\/15029"}],"up":[{"embeddable":true,"href":"https:\/\/www.felymalaser.sk\/index.php\/wp-json\/wp\/v2\/pages\/12996"}],"wp:attachment":[{"href":"https:\/\/www.felymalaser.sk\/index.php\/wp-json\/wp\/v2\/media?parent=13496"}],"curies":[{"name":"wp","href":"https:\/\/api.w.org\/{rel}","templated":true}]}}