{"id":13469,"date":"2017-02-16T11:11:36","date_gmt":"2017-02-16T10:11:36","guid":{"rendered":"http:\/\/www.felymalaser.sk\/?page_id=13469"},"modified":"2022-04-20T16:03:15","modified_gmt":"2022-04-20T14:03:15","slug":"hydrim-c61w-g4","status":"publish","type":"page","link":"https:\/\/www.felymalaser.sk\/index.php\/produkty\/sterilizatory\/hydrim-c61w-g4\/","title":{"rendered":"HYDRIM C61W G4"},"content":{"rendered":"<div class=\"fusion-fullwidth fullwidth-box fusion-builder-row-1 fusion-flex-container nonhundred-percent-fullwidth non-hundred-percent-height-scrolling\" style=\"--awb-background-position:left top;--awb-border-sizes-top:0px;--awb-border-sizes-bottom:0px;--awb-border-sizes-left:0px;--awb-border-sizes-right:0px;--awb-border-radius-top-left:0px;--awb-border-radius-top-right:0px;--awb-border-radius-bottom-right:0px;--awb-border-radius-bottom-left:0px;--awb-padding-top:20px;--awb-padding-bottom:20px;--awb-flex-wrap:wrap;\" ><div class=\"fusion-builder-row fusion-row fusion-flex-align-items-flex-start fusion-flex-content-wrap\" style=\"max-width:1216.8px;margin-left: calc(-4% \/ 2 );margin-right: calc(-4% \/ 2 );\"><div class=\"fusion-layout-column fusion_builder_column fusion-builder-column-0 fusion_builder_column_2_3 2_3 fusion-flex-column\" style=\"--awb-bg-size:cover;--awb-width-large:66.666666666667%;--awb-margin-top-large:0px;--awb-spacing-right-large:3.84%;--awb-margin-bottom-large:20px;--awb-spacing-left-large:2.88%;--awb-width-medium:66.666666666667%;--awb-spacing-right-medium:3.84%;--awb-spacing-left-medium:2.88%;--awb-width-small:100%;--awb-spacing-right-small:1.92%;--awb-spacing-left-small:1.92%;\"><div class=\"fusion-column-wrapper fusion-flex-justify-content-flex-start fusion-content-layout-column\"><div class=\"fusion-title title fusion-title-1 fusion-sep-none fusion-title-text fusion-title-size-one\"><h1 class=\"fusion-title-heading title-heading-left\" style=\"margin:0;\">HYDRIM C61W G4<\/h1><\/div><div class=\"fusion-text fusion-text-1\" style=\"--awb-text-transform:none;\"><p><strong>Um\u00fdva\u010dka n\u00e1strojov<\/strong><\/p>\n<ul>\n<li>Webov\u00e9 rozhranie umo\u017e\u0148uje on-line pr\u00edstup k\u00a0d\u00e1tam.<\/li>\n<li>Dotykov\u00fd farebn\u00fd displej s\u00a0vysok\u00fdm rozl\u00ed\u0161en\u00edm 65\u00a0tis\u00edc farieb.<\/li>\n<li>Integrovan\u00fd datalogger uklad\u00e1 inform\u00e1cie automaticky.<\/li>\n<li>USB port, internetov\u00e9 pripojenie, port na pripojenie tla\u010diarne. Navrhnut\u00e9 v\u00a0s\u00falade s ISO 15883<\/li>\n<li>Ve\u013ek\u00fd objem komory, 6\u00a0pln\u00fdch kaziet ve\u013ekosti IMS.<\/li>\n<li>A\u017e 120\u00a0in\u0161trumentov na jeden cyklus.<\/li>\n<li>Rozmery: 59,8\u00d752,0\u00d752,6cm<\/li>\n<li>Hmotnos\u0165: 44kg<\/li>\n<\/ul>\n<\/div><\/div><\/div><div class=\"fusion-layout-column fusion_builder_column fusion-builder-column-1 fusion_builder_column_1_3 1_3 fusion-flex-column\" style=\"--awb-bg-size:cover;--awb-width-large:33.333333333333%;--awb-margin-top-large:0px;--awb-spacing-right-large:5.76%;--awb-margin-bottom-large:20px;--awb-spacing-left-large:3.84%;--awb-width-medium:33.333333333333%;--awb-spacing-right-medium:5.76%;--awb-spacing-left-medium:3.84%;--awb-width-small:100%;--awb-spacing-right-small:1.92%;--awb-spacing-left-small:1.92%;\"><div class=\"fusion-column-wrapper fusion-flex-justify-content-flex-start fusion-content-layout-column\"><div class=\"fusion-image-element \" style=\"text-align:center;--awb-caption-title-font-family:var(--h2_typography-font-family);--awb-caption-title-font-weight:var(--h2_typography-font-weight);--awb-caption-title-font-style:var(--h2_typography-font-style);--awb-caption-title-size:var(--h2_typography-font-size);--awb-caption-title-transform:var(--h2_typography-text-transform);--awb-caption-title-line-height:var(--h2_typography-line-height);--awb-caption-title-letter-spacing:var(--h2_typography-letter-spacing);\"><span class=\" fusion-imageframe imageframe-none imageframe-1 hover-type-none\"><img decoding=\"async\" width=\"253\" height=\"253\" title=\"HYDRIM_C61W_G4\" src=\"https:\/\/www.felymalaser.sk\/wp-content\/uploads\/2017\/02\/HYDRIM_C61W_G4.jpg\" alt class=\"img-responsive wp-image-13470\" srcset=\"https:\/\/www.felymalaser.sk\/wp-content\/uploads\/2017\/02\/HYDRIM_C61W_G4-200x200.jpg 200w, https:\/\/www.felymalaser.sk\/wp-content\/uploads\/2017\/02\/HYDRIM_C61W_G4.jpg 253w\" sizes=\"(max-width: 640px) 100vw, 253px\" \/><\/span><\/div><\/div><\/div><\/div><\/div>\n","protected":false},"excerpt":{"rendered":"","protected":false},"author":1,"featured_media":0,"parent":12994,"menu_order":0,"comment_status":"closed","ping_status":"closed","template":"","meta":{"footnotes":""},"class_list":["post-13469","page","type-page","status-publish","hentry"],"_links":{"self":[{"href":"https:\/\/www.felymalaser.sk\/index.php\/wp-json\/wp\/v2\/pages\/13469","targetHints":{"allow":["GET"]}}],"collection":[{"href":"https:\/\/www.felymalaser.sk\/index.php\/wp-json\/wp\/v2\/pages"}],"about":[{"href":"https:\/\/www.felymalaser.sk\/index.php\/wp-json\/wp\/v2\/types\/page"}],"author":[{"embeddable":true,"href":"https:\/\/www.felymalaser.sk\/index.php\/wp-json\/wp\/v2\/users\/1"}],"replies":[{"embeddable":true,"href":"https:\/\/www.felymalaser.sk\/index.php\/wp-json\/wp\/v2\/comments?post=13469"}],"version-history":[{"count":3,"href":"https:\/\/www.felymalaser.sk\/index.php\/wp-json\/wp\/v2\/pages\/13469\/revisions"}],"predecessor-version":[{"id":15040,"href":"https:\/\/www.felymalaser.sk\/index.php\/wp-json\/wp\/v2\/pages\/13469\/revisions\/15040"}],"up":[{"embeddable":true,"href":"https:\/\/www.felymalaser.sk\/index.php\/wp-json\/wp\/v2\/pages\/12994"}],"wp:attachment":[{"href":"https:\/\/www.felymalaser.sk\/index.php\/wp-json\/wp\/v2\/media?parent=13469"}],"curies":[{"name":"wp","href":"https:\/\/api.w.org\/{rel}","templated":true}]}}