{"id":13460,"date":"2017-02-16T10:59:16","date_gmt":"2017-02-16T09:59:16","guid":{"rendered":"http:\/\/www.felymalaser.sk\/?page_id=13460"},"modified":"2022-04-20T16:00:41","modified_gmt":"2022-04-20T14:00:41","slug":"statim-7000","status":"publish","type":"page","link":"https:\/\/www.felymalaser.sk\/index.php\/produkty\/sterilizatory\/statim-7000\/","title":{"rendered":"STATIM 7000"},"content":{"rendered":"<div class=\"fusion-fullwidth fullwidth-box fusion-builder-row-1 fusion-flex-container nonhundred-percent-fullwidth non-hundred-percent-height-scrolling\" style=\"--awb-background-position:left top;--awb-border-sizes-top:0px;--awb-border-sizes-bottom:0px;--awb-border-sizes-left:0px;--awb-border-sizes-right:0px;--awb-border-radius-top-left:0px;--awb-border-radius-top-right:0px;--awb-border-radius-bottom-right:0px;--awb-border-radius-bottom-left:0px;--awb-padding-top:20px;--awb-padding-bottom:20px;--awb-flex-wrap:wrap;\" ><div class=\"fusion-builder-row fusion-row fusion-flex-align-items-flex-start fusion-flex-content-wrap\" style=\"max-width:1216.8px;margin-left: calc(-4% \/ 2 );margin-right: calc(-4% \/ 2 );\"><div class=\"fusion-layout-column fusion_builder_column fusion-builder-column-0 fusion_builder_column_3_5 3_5 fusion-flex-column\" style=\"--awb-bg-size:cover;--awb-width-large:60%;--awb-margin-top-large:0px;--awb-spacing-right-large:3.84%;--awb-margin-bottom-large:20px;--awb-spacing-left-large:3.2%;--awb-width-medium:60%;--awb-spacing-right-medium:3.84%;--awb-spacing-left-medium:3.2%;--awb-width-small:100%;--awb-spacing-right-small:1.92%;--awb-spacing-left-small:1.92%;\"><div class=\"fusion-column-wrapper fusion-flex-justify-content-flex-start fusion-content-layout-column\"><div class=\"fusion-title title fusion-title-1 fusion-sep-none fusion-title-text fusion-title-size-one\"><h1 class=\"fusion-title-heading title-heading-left\" style=\"margin:0;\">STATIM 7000<\/h1><\/div><div class=\"fusion-text fusion-text-1\" style=\"--awb-text-transform:none;\"><h3><strong>V\u00fdhody:<\/strong><\/h3>\n<ul>\n<li>12 min\u00fatov\u00fd cyklus pre rozbalen\u00e9 n\u00e1stroje<\/li>\n<li>15 min\u00fatov\u00fd cyklus pre zabalen\u00e9 n\u00e1stroje<\/li>\n<li>12 min\u00fatov\u00e1 \u00a0Dri-Tec technol\u00f3gia su\u0161enia<\/li>\n<li>Sterilizuje do \u00a010 balen\u00ed<\/li>\n<li>Jednoduch\u00e1 obsluha<\/li>\n<li>Vyn\u00edmate\u013en\u00fd z\u00e1sobn\u00edk vody<\/li>\n<li>Pracuje s vodou z\u00a0vodovodu<\/li>\n<li>Mo\u017enos\u0165 pripojenia externej tla\u010diarne a dataloggeru<\/li>\n<li>Sp\u013a\u0148a normu EN 13060\u00a0a jej slovensk\u00fd ekvivalent<\/li>\n<\/ul>\n<p style=\"text-align: justify;\">STATIM 7000 je vyroben\u00fd pre \u010do najvy\u0161\u0161iu efekt\u00edvnos\u0165, r\u00fdchlos\u0165 a\u00a0kapacitu steriliz\u00e1cie. STATIM 7000 je v\u00a0porovnan\u00ed s\u00a0v\u00e4\u010d\u0161inou be\u017en\u00fdch autokl\u00e1v\u00a0 r\u00fdchlej\u0161\u00ed a\u00a0m\u00e1 v\u00e4\u010d\u0161iu kapacity. Je ide\u00e1lnou vo\u013ebou pre v\u0161etky n\u00e1ro\u010dn\u00e9 prev\u00e1dzky.<\/p>\n<\/div><\/div><\/div><div class=\"fusion-layout-column fusion_builder_column fusion-builder-column-1 fusion_builder_column_2_5 2_5 fusion-flex-column\" style=\"--awb-bg-size:cover;--awb-width-large:40%;--awb-margin-top-large:0px;--awb-spacing-right-large:4.8%;--awb-margin-bottom-large:20px;--awb-spacing-left-large:3.84%;--awb-width-medium:40%;--awb-spacing-right-medium:4.8%;--awb-spacing-left-medium:3.84%;--awb-width-small:100%;--awb-spacing-right-small:1.92%;--awb-spacing-left-small:1.92%;\"><div class=\"fusion-column-wrapper fusion-flex-justify-content-flex-start fusion-content-layout-column\"><div class=\"fusion-title title fusion-title-2 fusion-sep-none fusion-title-center fusion-title-text fusion-title-size-three\"><h3 class=\"fusion-title-heading title-heading-center\" style=\"margin:0;\">Komorov\u00e1 alternat\u00edva<\/h3><\/div><div class=\"fusion-image-element \" style=\"text-align:center;--awb-caption-title-font-family:var(--h2_typography-font-family);--awb-caption-title-font-weight:var(--h2_typography-font-weight);--awb-caption-title-font-style:var(--h2_typography-font-style);--awb-caption-title-size:var(--h2_typography-font-size);--awb-caption-title-transform:var(--h2_typography-text-transform);--awb-caption-title-line-height:var(--h2_typography-line-height);--awb-caption-title-letter-spacing:var(--h2_typography-letter-spacing);\"><span class=\" fusion-imageframe imageframe-none imageframe-1 hover-type-none\"><img decoding=\"async\" width=\"253\" height=\"253\" title=\"STATIM7000\" src=\"https:\/\/www.felymalaser.sk\/wp-content\/uploads\/2017\/02\/STATIM7000.jpg\" alt class=\"img-responsive wp-image-13461\" srcset=\"https:\/\/www.felymalaser.sk\/wp-content\/uploads\/2017\/02\/STATIM7000-200x200.jpg 200w, https:\/\/www.felymalaser.sk\/wp-content\/uploads\/2017\/02\/STATIM7000.jpg 253w\" sizes=\"(max-width: 640px) 100vw, 253px\" \/><\/span><\/div><div class=\"fusion-text fusion-text-2\"><p><img decoding=\"async\" class=\"aligncenter size-full wp-image-13062\" src=\"https:\/\/www.felymalaser.sk\/wp-content\/uploads\/2017\/02\/pdf.png\" alt=\"\" width=\"32\" height=\"32\" \/><\/p>\n<p style=\"text-align: center;\"><a href=\"https:\/\/www.felymalaser.sk\/wp-content\/uploads\/2017\/7000.pdf\" target=\"_blank\" rel=\"noopener\">STATIM 7000<\/a><\/p>\n<\/div><\/div><\/div><div class=\"fusion-layout-column fusion_builder_column fusion-builder-column-2 fusion_builder_column_1_1 1_1 fusion-flex-column\" style=\"--awb-bg-size:cover;--awb-width-large:100%;--awb-margin-top-large:0px;--awb-spacing-right-large:1.92%;--awb-margin-bottom-large:20px;--awb-spacing-left-large:1.92%;--awb-width-medium:100%;--awb-spacing-right-medium:1.92%;--awb-spacing-left-medium:1.92%;--awb-width-small:100%;--awb-spacing-right-small:1.92%;--awb-spacing-left-small:1.92%;\"><div class=\"fusion-column-wrapper fusion-flex-justify-content-flex-start fusion-content-layout-column\"><div class=\"fusion-reading-box-container reading-box-container-1\" style=\"--awb-title-color:var(--awb-color8);--awb-margin-top:0px;--awb-margin-bottom:20px;\"><div class=\"reading-box\" style=\"background-color:var(--awb-color2);border-width:1px;border-color:rgba(226,226,226,0);border-top-width:3px;border-top-color:var(--primary_color);border-style:solid;\"><div class=\"reading-box-additional\">\n<h3>Dri-Tec \u2013 Technol\u00f3gia su\u0161enia\u00a0 hor\u00facou parou<\/h3>\n<p style=\"text-align: justify;\">Pomocou najmodernej\u0161ej technol\u00f3gie, ktor\u00e1 je v\u00a0s\u00fa\u010dasnosti k dispoz\u00edcii , STATIM 7000 produkuje\u00a0 hor\u00facu paru na su\u0161enie\u00a0 n\u00e1strojov . Tepeln\u00e1 energia (teplo) sa extrahuje z pary a prenesie priamo do n\u00e1strojov a\u00a0 r\u00fdchle odparovanie odstr\u00e1ni ak\u00fako\u013evek zvy\u0161kov\u00fa vlhkos\u0165.<\/p>\n<\/div><div class=\"fusion-clearfix\"><\/div><\/div><\/div><div class=\"fusion-tabs fusion-tabs-1 classic nav-is-justified horizontal-tabs icon-position-left mobile-mode-accordion\" style=\"--awb-title-border-radius-top-left:0px;--awb-title-border-radius-top-right:0px;--awb-title-border-radius-bottom-right:0px;--awb-title-border-radius-bottom-left:0px;--awb-inactive-color:var(--awb-color2);--awb-background-color:var(--awb-color1);--awb-border-color:var(--awb-color3);--awb-active-border-color:var(--awb-color6);\"><div class=\"nav\"><ul class=\"nav-tabs nav-justified\" role=\"tablist\"><li class=\"active\" role=\"presentation\"><a class=\"tab-link\" data-toggle=\"tab\" role=\"tab\" aria-controls=\"tab-0469daa19bf0a24eafd\" aria-selected=\"true\" id=\"fusion-tab-statim7000d\u013a\u017ekatrvaniasteriliza\u010dn\u00fdchprogramov:\" href=\"#tab-0469daa19bf0a24eafd\"><h4 class=\"fusion-tab-heading\">STATIM 7000 d\u013a\u017eka trvania steriliza\u010dn\u00fdch programov:<\/h4><\/a><\/li><li role=\"presentation\"><a class=\"tab-link\" data-toggle=\"tab\" role=\"tab\" aria-controls=\"tab-5035d55135a9e4d06a7\" aria-selected=\"false\" tabindex=\"-1\" id=\"fusion-tab-technick\u00e9\u00fadaje:\" href=\"#tab-5035d55135a9e4d06a7\"><h4 class=\"fusion-tab-heading\">Technick\u00e9 \u00fadaje:<\/h4><\/a><\/li><li role=\"presentation\"><a class=\"tab-link\" data-toggle=\"tab\" role=\"tab\" aria-controls=\"tab-fcbdbfa850bd989229c\" aria-selected=\"false\" tabindex=\"-1\" id=\"fusion-tab-n\u00e1hradn\u00e9diely:\" href=\"#tab-fcbdbfa850bd989229c\"><h4 class=\"fusion-tab-heading\">N\u00e1hradn\u00e9 diely:<\/h4><\/a><\/li><\/ul><\/div><div class=\"tab-content\"><div class=\"nav fusion-mobile-tab-nav\"><ul class=\"nav-tabs nav-justified\" role=\"tablist\"><li class=\"active\" role=\"presentation\"><a class=\"tab-link\" data-toggle=\"tab\" role=\"tab\" aria-controls=\"tab-0469daa19bf0a24eafd\" aria-selected=\"true\" id=\"mobile-fusion-tab-statim7000d\u013a\u017ekatrvaniasteriliza\u010dn\u00fdchprogramov:\" href=\"#tab-0469daa19bf0a24eafd\"><h4 class=\"fusion-tab-heading\">STATIM 7000 d\u013a\u017eka trvania steriliza\u010dn\u00fdch programov:<\/h4><\/a><\/li><\/ul><\/div><div class=\"tab-pane fade fusion-clearfix in active\" role=\"tabpanel\" tabindex=\"0\" aria-labelledby=\"fusion-tab-statim7000d\u013a\u017ekatrvaniasteriliza\u010dn\u00fdchprogramov:\" id=\"tab-0469daa19bf0a24eafd\">\n<div class=\"table-1\">\n<table width=\"100%\">\n<thead>\n<tr>\n<th align=\"left\"><strong>Steriliza\u010dn\u00fd program<\/strong><\/th>\n<th align=\"left\"><strong>Odbalen\u00e9<\/strong><\/th>\n<th align=\"left\"><strong>Odbalen\u00e9<\/strong><\/th>\n<th align=\"left\"><strong>Zabalen\u00e9<\/strong><\/th>\n<th align=\"left\"><strong>Zabalen\u00e9<\/strong><\/th>\n<th align=\"left\"><strong>Guma &amp; Plast<\/strong><\/th>\n<\/tr>\n<\/thead>\n<tbody>\n<tr>\n<td><strong>Steriliza\u010dn\u00fd \u010das a teplota<\/strong><\/td>\n<td>3.5 min. \/ 134\u00baC<\/td>\n<td>18\u00a0min. \/ 134\u00baC<\/td>\n<td>3.5 min. \/ 134\u00baC<\/td>\n<td>18\u00a0min. \/ 134\u00baC<\/td>\n<td>15 min. \/ 121\u00baC<\/td>\n<\/tr>\n<tr>\n<td><strong>D\u013a\u017eka trvania cyklu bez su\u0161enia<\/strong><\/td>\n<td>12\u00a0min.<\/td>\n<td>26:30 min.<\/td>\n<td>15:00 min.<\/td>\n<td>29:30 min.<\/td>\n<td>37:00 min.<\/td>\n<\/tr>\n<\/tbody>\n<\/table>\n<\/div>\n<\/div><div class=\"nav fusion-mobile-tab-nav\"><ul class=\"nav-tabs nav-justified\" role=\"tablist\"><li role=\"presentation\"><a class=\"tab-link\" data-toggle=\"tab\" role=\"tab\" aria-controls=\"tab-5035d55135a9e4d06a7\" aria-selected=\"false\" tabindex=\"-1\" id=\"mobile-fusion-tab-technick\u00e9\u00fadaje:\" href=\"#tab-5035d55135a9e4d06a7\"><h4 class=\"fusion-tab-heading\">Technick\u00e9 \u00fadaje:<\/h4><\/a><\/li><\/ul><\/div><div class=\"tab-pane fade fusion-clearfix\" role=\"tabpanel\" tabindex=\"0\" aria-labelledby=\"fusion-tab-technick\u00e9\u00fadaje:\" id=\"tab-5035d55135a9e4d06a7\">\n<div class=\"table-1\">\n<table width=\"100%\">\n<tbody>\n<tr style=\"height: 24px;\">\n<td style=\"width: 39.3607%; height: 24px;\"><strong>Rozmery<\/strong><\/td>\n<td style=\"width: 59.3607%; height: 24px;\">D 605mm x \u0160 561 mm x V 271 mm<\/td>\n<\/tr>\n<tr style=\"height: 24px;\">\n<td style=\"width: 39.3607%; height: 24px;\"><strong>Vn\u00fatorn\u00e9 rozmery kazety<\/strong><\/td>\n<td style=\"width: 59.3607%; height: 24px;\">D 347 mm x \u0160 219 mm x V 64 mm<\/td>\n<\/tr>\n<tr style=\"height: 24px;\">\n<td style=\"width: 39.3607%; height: 24px;\"><strong>Vonkaj\u0161ie rozmery kazety<br \/>\n(vr\u00e1tane r\u00fa\u010dky)<\/strong><\/td>\n<td style=\"width: 59.3607%; height: 24px;\">D 494 mm x \u0160 243 mm x V 78 mm<\/td>\n<\/tr>\n<tr style=\"height: 24px;\">\n<td style=\"width: 39.3607%; height: 24px;\"><strong>Objem steriliza\u010dnej kazety<\/strong><\/td>\n<td style=\"width: 59.3607%; height: 24px;\">6,3 l<\/td>\n<\/tr>\n<tr style=\"height: 24px;\">\n<td style=\"width: 39.3607%; height: 24px;\"><strong>Hmotnos\u0165 bez vody<\/strong><\/td>\n<td style=\"width: 59.3607%; height: 24px;\">42 kg<\/td>\n<\/tr>\n<tr style=\"height: 24px;\">\n<td style=\"width: 39.3607%; height: 24px;\"><strong>Po\u017eiadavky na elektrick\u00e9 pripojenie<\/strong><\/td>\n<td style=\"width: 59.3607%; height: 24px;\">208-240VAC, 50 \/ 60 Hz, 15 A<\/td>\n<\/tr>\n<\/tbody>\n<\/table>\n<\/div>\n<\/div><div class=\"nav fusion-mobile-tab-nav\"><ul class=\"nav-tabs nav-justified\" role=\"tablist\"><li role=\"presentation\"><a class=\"tab-link\" data-toggle=\"tab\" role=\"tab\" aria-controls=\"tab-fcbdbfa850bd989229c\" aria-selected=\"false\" tabindex=\"-1\" id=\"mobile-fusion-tab-n\u00e1hradn\u00e9diely:\" href=\"#tab-fcbdbfa850bd989229c\"><h4 class=\"fusion-tab-heading\">N\u00e1hradn\u00e9 diely:<\/h4><\/a><\/li><\/ul><\/div><div class=\"tab-pane fade fusion-clearfix\" role=\"tabpanel\" tabindex=\"0\" aria-labelledby=\"fusion-tab-n\u00e1hradn\u00e9diely:\" id=\"tab-fcbdbfa850bd989229c\">\n<div class=\"table-1\">\n<table width=\"100%\">\n<tbody>\n<tr>\n<td style=\"width: 28.6642%;\">01-110288S<\/td>\n<td style=\"width: 70.0371%;\">Kompletn\u00e1 kazeta<\/td>\n<\/tr>\n<tr>\n<td style=\"width: 28.6642%;\">01-110295S<\/td>\n<td style=\"width: 70.0371%;\">Tesniaci kit kazety &amp; O-ring kit<\/td>\n<\/tr>\n<tr>\n<td style=\"width: 28.6642%;\">01-110296S<\/td>\n<td style=\"width: 70.0371%;\">O-ring kit kazety<\/td>\n<\/tr>\n<tr>\n<td style=\"width: 28.6642%;\">01-110290S<\/td>\n<td style=\"width: 70.0371%;\">Veko kazety<\/td>\n<\/tr>\n<tr>\n<td style=\"width: 28.6642%;\">01-110289S<\/td>\n<td style=\"width: 70.0371%;\">Vani\u010dka kazety<\/td>\n<\/tr>\n<tr>\n<td style=\"width: 28.6642%;\">01-110301S<\/td>\n<td style=\"width: 70.0371%;\">Stojan na n\u00e1stroje vo vreck\u00e1ch<\/td>\n<\/tr>\n<tr>\n<td style=\"width: 28.6642%;\">01-112927<\/td>\n<td style=\"width: 70.0371%;\">STAT<em>IM<\/em>\u00a07000 filter z\u00e1sobn\u00edka vody<\/td>\n<\/tr>\n<tr>\n<td style=\"width: 28.6642%;\">01-110293S<\/td>\n<td style=\"width: 70.0371%;\">Z\u00e1sobn\u00edk vody kompletn\u00fd<\/td>\n<\/tr>\n<tr>\n<td style=\"width: 28.6642%;\">01-110328S<\/td>\n<td style=\"width: 70.0371%;\">Vie\u010dko n\u00e1dr\u017eky na vodu<\/td>\n<\/tr>\n<tr>\n<td style=\"width: 28.6642%;\">01-110327S<\/td>\n<td style=\"width: 70.0371%;\">Reservoir seal kit<\/td>\n<\/tr>\n<tr>\n<td style=\"width: 28.6642%;\">01-110506S<\/td>\n<td style=\"width: 70.0371%;\">Tesniaci kit z\u00e1sobn\u00edka vody<\/td>\n<\/tr>\n<tr>\n<td style=\"width: 28.6642%;\">01-110299S<\/td>\n<td style=\"width: 70.0371%;\">Kondenza\u010dn\u00e1 f\u013ea\u0161a &#8211; kit<\/td>\n<\/tr>\n<\/tbody>\n<\/table>\n<\/div>\n<\/div><\/div><\/div><\/div><\/div><\/div><\/div>\n","protected":false},"excerpt":{"rendered":"","protected":false},"author":1,"featured_media":0,"parent":12994,"menu_order":0,"comment_status":"closed","ping_status":"closed","template":"","meta":{"footnotes":""},"class_list":["post-13460","page","type-page","status-publish","hentry"],"_links":{"self":[{"href":"https:\/\/www.felymalaser.sk\/index.php\/wp-json\/wp\/v2\/pages\/13460","targetHints":{"allow":["GET"]}}],"collection":[{"href":"https:\/\/www.felymalaser.sk\/index.php\/wp-json\/wp\/v2\/pages"}],"about":[{"href":"https:\/\/www.felymalaser.sk\/index.php\/wp-json\/wp\/v2\/types\/page"}],"author":[{"embeddable":true,"href":"https:\/\/www.felymalaser.sk\/index.php\/wp-json\/wp\/v2\/users\/1"}],"replies":[{"embeddable":true,"href":"https:\/\/www.felymalaser.sk\/index.php\/wp-json\/wp\/v2\/comments?post=13460"}],"version-history":[{"count":6,"href":"https:\/\/www.felymalaser.sk\/index.php\/wp-json\/wp\/v2\/pages\/13460\/revisions"}],"predecessor-version":[{"id":15037,"href":"https:\/\/www.felymalaser.sk\/index.php\/wp-json\/wp\/v2\/pages\/13460\/revisions\/15037"}],"up":[{"embeddable":true,"href":"https:\/\/www.felymalaser.sk\/index.php\/wp-json\/wp\/v2\/pages\/12994"}],"wp:attachment":[{"href":"https:\/\/www.felymalaser.sk\/index.php\/wp-json\/wp\/v2\/media?parent=13460"}],"curies":[{"name":"wp","href":"https:\/\/api.w.org\/{rel}","templated":true}]}}