{"id":13455,"date":"2017-02-16T10:22:50","date_gmt":"2017-02-16T09:22:50","guid":{"rendered":"http:\/\/www.felymalaser.sk\/?page_id=13455"},"modified":"2022-04-20T15:59:20","modified_gmt":"2022-04-20T13:59:20","slug":"statim-g4-2000-5000","status":"publish","type":"page","link":"https:\/\/www.felymalaser.sk\/index.php\/produkty\/sterilizatory\/statim-g4-2000-5000\/","title":{"rendered":"STATIM G4 2000, 5000"},"content":{"rendered":"<p><div class=\"fusion-fullwidth fullwidth-box fusion-builder-row-1 fusion-flex-container nonhundred-percent-fullwidth non-hundred-percent-height-scrolling\" style=\"--awb-background-position:left top;--awb-border-sizes-top:0px;--awb-border-sizes-bottom:0px;--awb-border-sizes-left:0px;--awb-border-sizes-right:0px;--awb-border-radius-top-left:0px;--awb-border-radius-top-right:0px;--awb-border-radius-bottom-right:0px;--awb-border-radius-bottom-left:0px;--awb-padding-top:20px;--awb-padding-bottom:20px;--awb-flex-wrap:wrap;\" ><div class=\"fusion-builder-row fusion-row fusion-flex-align-items-flex-start fusion-flex-content-wrap\" style=\"max-width:1216.8px;margin-left: calc(-4% \/ 2 );margin-right: calc(-4% \/ 2 );\"><div class=\"fusion-layout-column fusion_builder_column fusion-builder-column-0 fusion_builder_column_2_3 2_3 fusion-flex-column\" style=\"--awb-bg-size:cover;--awb-width-large:66.666666666667%;--awb-margin-top-large:0px;--awb-spacing-right-large:3.84%;--awb-margin-bottom-large:20px;--awb-spacing-left-large:2.88%;--awb-width-medium:66.666666666667%;--awb-spacing-right-medium:3.84%;--awb-spacing-left-medium:2.88%;--awb-width-small:100%;--awb-spacing-right-small:1.92%;--awb-spacing-left-small:1.92%;\"><div class=\"fusion-column-wrapper fusion-flex-justify-content-flex-start fusion-content-layout-column\"><div class=\"fusion-title title fusion-title-1 fusion-sep-none fusion-title-text fusion-title-size-one\"><h1 class=\"fusion-title-heading title-heading-left\" style=\"margin:0;\">STATIM G4 2000, 5000<\/h1><\/div><div class=\"fusion-text fusion-text-1\" style=\"--awb-text-transform:none;\"><h3>R\u00ddCHLOS\u0164<\/h3>\n<p style=\"text-align: justify;\">Bezkonkuren\u010dn\u00e1 r\u00fdchlos\u0165 a spo\u013eahlivos\u0165 autokl\u00e1v STATIM sp\u00f4sobili, \u017ee STATIM G4 ja svetovo najpred\u00e1vanej\u0161\u00ed autokl\u00e1v. V\u010faka patentovan\u00e1 jemnosti steriliza\u010dnej technol\u00f3gie\u00a0 je STATIM G4 svetov\u00fdm favoritom.<\/p>\n<h3>POKROKOVOS\u0164.<\/h3>\n<p style=\"text-align: justify;\">STATIM G4 v\u00e1m pon\u00fakne \u00farove\u0148 interaktivity ak\u00fa ste nikdy predt\u00fdm nevideli. STATIM G4 prostredn\u00edctvom kontroly LCD dotykovej obrazovky a\u00a0mo\u017enosti pripojenia na internetov\u00fa sie\u0165, bol navrhnut\u00fd tak, aby u\u017e\u00edvate\u013eovi poskytol bezprecedentn\u00fa jednoduchos\u0165 pou\u017eitia a\u00a0pritom pln\u00fa u\u017e\u00edvate\u013esk\u00fa kontrolu.<\/p>\n<h3>LEK\u00c1RI NA CELOM SVETE SA SPOLIEHAJ\u00da NA autokl\u00e1vy STATIM G4<\/h3>\n<p style=\"text-align: justify;\">Zdravotn\u00edcky pracovn\u00edci vo viac ako 90 krajin\u00e1ch po celom svete sa spoliehaj\u00fa na STATIM G4, aby chr\u00e1nili svojich pacientov a person\u00e1l pred infekciou \u2013 so sterilizovan\u00fdmi n\u00e1strojmi v nieko\u013ek\u00fdch min\u00fatach. STATIM G4 sterilizuje a\u017e desa\u0165kr\u00e1t r\u00fdchlej\u0161ie ne\u017e tradi\u010dn\u00e9 &#8222;komorov\u00e9 steriliz\u00e1tory\u201c.<\/p>\n<\/div><\/div><\/div><div class=\"fusion-layout-column fusion_builder_column fusion-builder-column-1 fusion_builder_column_1_3 1_3 fusion-flex-column\" style=\"--awb-bg-size:cover;--awb-width-large:33.333333333333%;--awb-margin-top-large:0px;--awb-spacing-right-large:5.76%;--awb-margin-bottom-large:20px;--awb-spacing-left-large:3.84%;--awb-width-medium:33.333333333333%;--awb-spacing-right-medium:5.76%;--awb-spacing-left-medium:3.84%;--awb-width-small:100%;--awb-spacing-right-small:1.92%;--awb-spacing-left-small:1.92%;\"><div class=\"fusion-column-wrapper fusion-flex-justify-content-flex-start fusion-content-layout-column\"><div class=\"fusion-image-element \" style=\"text-align:center;--awb-caption-title-font-family:var(--h2_typography-font-family);--awb-caption-title-font-weight:var(--h2_typography-font-weight);--awb-caption-title-font-style:var(--h2_typography-font-style);--awb-caption-title-size:var(--h2_typography-font-size);--awb-caption-title-transform:var(--h2_typography-text-transform);--awb-caption-title-line-height:var(--h2_typography-line-height);--awb-caption-title-letter-spacing:var(--h2_typography-letter-spacing);\"><span class=\" fusion-imageframe imageframe-none imageframe-1 hover-type-none\"><img decoding=\"async\" width=\"253\" height=\"253\" title=\"STATIM_G4_2000_5000_v\" src=\"https:\/\/www.felymalaser.sk\/wp-content\/uploads\/2017\/02\/STATIM_G4_2000_5000_v.jpg\" alt class=\"img-responsive wp-image-13456\" srcset=\"https:\/\/www.felymalaser.sk\/wp-content\/uploads\/2017\/02\/STATIM_G4_2000_5000_v-200x200.jpg 200w, https:\/\/www.felymalaser.sk\/wp-content\/uploads\/2017\/02\/STATIM_G4_2000_5000_v.jpg 253w\" sizes=\"(max-width: 640px) 100vw, 253px\" \/><\/span><\/div><div class=\"fusion-text fusion-text-2\"><p><img decoding=\"async\" class=\"aligncenter size-full wp-image-13062\" src=\"https:\/\/www.felymalaser.sk\/wp-content\/uploads\/2017\/02\/pdf.png\" alt=\"\" width=\"32\" height=\"32\" \/><\/p>\n<p style=\"text-align: center;\"><a href=\"https:\/\/www.felymalaser.sk\/wp-content\/uploads\/2017\/STATIMG4_2000_5000.pdf\" target=\"_blank\" rel=\"noopener\">STATIM G4 2000, 5000<\/a><\/p>\n<\/div><\/div><\/div><\/div><\/div><div class=\"fusion-fullwidth fullwidth-box fusion-builder-row-2 fusion-flex-container hundred-percent-fullwidth non-hundred-percent-height-scrolling\" style=\"--awb-border-radius-top-left:0px;--awb-border-radius-top-right:0px;--awb-border-radius-bottom-right:0px;--awb-border-radius-bottom-left:0px;--awb-overflow:visible;--awb-flex-wrap:wrap;\" ><div class=\"fusion-builder-row fusion-row fusion-flex-align-items-flex-start fusion-flex-content-wrap\" style=\"width:calc( 100% + 0px ) !important;max-width:calc( 100% + 0px ) !important;margin-left: calc(-0px \/ 2 );margin-right: calc(-0px \/ 2 );\"><div class=\"fusion-layout-column fusion_builder_column fusion-builder-column-2 fusion_builder_column_1_1 1_1 fusion-flex-column\" style=\"--awb-bg-size:cover;--awb-width-large:100%;--awb-margin-top-large:0px;--awb-spacing-right-large:0px;--awb-margin-bottom-large:20px;--awb-spacing-left-large:0px;--awb-width-medium:100%;--awb-spacing-right-medium:0px;--awb-spacing-left-medium:0px;--awb-width-small:100%;--awb-spacing-right-small:0px;--awb-spacing-left-small:0px;\"><div class=\"fusion-column-wrapper fusion-flex-justify-content-flex-start fusion-content-layout-column\"><div class=\"fusion-tabs fusion-tabs-1 classic nav-is-justified horizontal-tabs icon-position-left mobile-mode-accordion\" style=\"--awb-title-border-radius-top-left:0px;--awb-title-border-radius-top-right:0px;--awb-title-border-radius-bottom-right:0px;--awb-title-border-radius-bottom-left:0px;--awb-inactive-color:var(--awb-color2);--awb-background-color:var(--awb-color1);--awb-border-color:var(--awb-color3);--awb-active-border-color:var(--awb-color6);\"><div class=\"nav\"><ul class=\"nav-tabs nav-justified\" role=\"tablist\"><li class=\"active\" role=\"presentation\"><a class=\"tab-link\" data-toggle=\"tab\" role=\"tab\" aria-controls=\"tab-42cc41bfdb60d569a86\" aria-selected=\"true\" id=\"fusion-tab-r\u00ddchlos\u0164steriliz\u00c1cie\" href=\"#tab-42cc41bfdb60d569a86\"><h4 class=\"fusion-tab-heading\">R\u00ddCHLOS\u0164 STERILIZ\u00c1CIE<\/h4><\/a><\/li><li role=\"presentation\"><a class=\"tab-link\" data-toggle=\"tab\" role=\"tab\" aria-controls=\"tab-7de459c3ed15759cd9c\" aria-selected=\"false\" tabindex=\"-1\" id=\"fusion-tab-thestatimdifference\" href=\"#tab-7de459c3ed15759cd9c\"><h4 class=\"fusion-tab-heading\">THE STATIM DIFFERENCE<\/h4><\/a><\/li><\/ul><\/div><div class=\"tab-content\"><div class=\"nav fusion-mobile-tab-nav\"><ul class=\"nav-tabs nav-justified\" role=\"tablist\"><li class=\"active\" role=\"presentation\"><a class=\"tab-link\" data-toggle=\"tab\" role=\"tab\" aria-controls=\"tab-42cc41bfdb60d569a86\" aria-selected=\"true\" id=\"mobile-fusion-tab-r\u00ddchlos\u0164steriliz\u00c1cie\" href=\"#tab-42cc41bfdb60d569a86\"><h4 class=\"fusion-tab-heading\">R\u00ddCHLOS\u0164 STERILIZ\u00c1CIE<\/h4><\/a><\/li><\/ul><\/div><div class=\"tab-pane fade fusion-clearfix in active\" role=\"tabpanel\" tabindex=\"0\" aria-labelledby=\"fusion-tab-r\u00ddchlos\u0164steriliz\u00c1cie\" id=\"tab-42cc41bfdb60d569a86\"><strong>Zni\u017euje invest\u00edcie do n\u00e1strojov<\/strong><\/p>\n<p style=\"text-align: justify;\">Autokl\u00e1v Statim G4\u00a05000 V\u00e1m pon\u00faka zn\u00ed\u017eenie \u010dasu na steriliz\u00e1ciu n\u00e1strojov v\u010faka \u010domu m\u00f4\u017eete vyu\u017e\u00edva\u0165 rovnak\u00e9 n\u00e1stroje po\u010das o\u0161etrenia.<\/p>\n<p><strong>Zvy\u0161uje efektivitu<\/strong><\/p>\n<p style=\"text-align: justify;\">R\u00fdchly\u00a0 program steriliz\u00e1cie umo\u017e\u0148uje r\u00fdchly kolobeh n\u00e1strojov, zv\u00fd\u0161enie efektivity a\u00a0v\u00a0podstate eliminuje nedostato\u010dn\u00e9 mno\u017estvo in\u0161trumentov.<\/p>\n<p><strong>Jemnos\u0165 k in\u0161trumentom<\/strong><\/p>\n<p style=\"text-align: justify;\">Najmodernej\u0161ia parn\u00e1 technol\u00f3gia pou\u017eit\u00e1 v\u00a0STATIM G4 je jemn\u00e1 aj k \u00a0pln\u00fdm aj dut\u00fdm n\u00e1strojom.<\/p>\n<\/div><div class=\"nav fusion-mobile-tab-nav\"><ul class=\"nav-tabs nav-justified\" role=\"tablist\"><li role=\"presentation\"><a class=\"tab-link\" data-toggle=\"tab\" role=\"tab\" aria-controls=\"tab-7de459c3ed15759cd9c\" aria-selected=\"false\" tabindex=\"-1\" id=\"mobile-fusion-tab-thestatimdifference\" href=\"#tab-7de459c3ed15759cd9c\"><h4 class=\"fusion-tab-heading\">THE STATIM DIFFERENCE<\/h4><\/a><\/li><\/ul><\/div><div class=\"tab-pane fade fusion-clearfix\" role=\"tabpanel\" tabindex=\"0\" aria-labelledby=\"fusion-tab-thestatimdifference\" id=\"tab-7de459c3ed15759cd9c\"><strong>Okam\u017eit\u00e9 generovanie pary<\/strong><\/p>\n<p style=\"text-align: justify;\">Na rozdiel od konven\u010dn\u00fdch autokl\u00e1v, STATIM G4 neohrieva kompletn\u00fd obsah z\u00e1sobn\u00edka vody, ale len mal\u00e9 potrebn\u00e9 mno\u017estvo, ktor\u00e9 je vy\u017eadovan\u00e9 v\u00a0ka\u017edom jednotlivom cykle. Voda je v parnom gener\u00e1tore r\u00fdchlo ohriata a premenen\u00e1 na paru v\u00a0priebehu sekundy.<\/p>\n<p><strong>Odstr\u00e1nenie vzduchu<\/strong><\/p>\n<p style=\"text-align: justify;\">Pou\u017eitie PPPD technol\u00f3gie a\u00a0patentovan\u00e9ho procesu vstrekovania pary je vzduch\u00a0 &#8211; automaticky vytl\u00e1\u010dan\u00fd zo steriliza\u010dnej komory.<\/p>\n<p><strong>Kazetov\u00fd syst\u00e9m<\/strong><\/p>\n<p style=\"text-align: justify;\">Tenk\u00e9 nerezov\u00e9 oce\u013eov\u00e9 steny\u00a0 plne odn\u00edmate\u013en\u00fdch kaziet STATIMU (alebo steriliza\u010dnej komory), umo\u017e\u0148uj\u00fa r\u00fdchly ohrev a chladenie komory. V d\u00f4sledku toho, STATIM sp\u013a\u0148a podmienky pre steriliz\u00e1ciu a su\u0161enie v zlomku \u010dasu oproti konven\u010dn\u00e9mu autokl\u00e1vu.<\/p>\n<p><strong>Technol\u00f3gia su\u0161enia<\/strong><\/p>\n<p style=\"text-align: justify;\">STAT<em>IM<\/em>\u00a0 G4 2000 and 5000 boli navrhnut\u00e9 tak, aby poskytli kompletn\u00e9 rie\u0161enie: r\u00fdchlu steriliz\u00e1ciu spolu s r\u00fdchlym vyschnut\u00edm. STATIM\u00a0 G4 pou\u017e\u00edva technol\u00f3giu Dri-tech, ktor\u00e1 umo\u017e\u0148uje r\u00fdchle su\u0161enie balen\u00fdch aj nebalen\u00fdch n\u00e1strojov. Napr\u00edklad, pri nebalen\u00fdch n\u00e1strojoch, je \u010das potrebn\u00fd na su\u0161enie cca 2\u00a0min.<\/p>\n<p><strong>Ovl\u00e1danie<\/strong><\/p>\n<p style=\"text-align: justify;\">Ve\u013ek\u00fd 3,5 &#8220; dotykov\u00fd displej s vysok\u00fdm rozl\u00ed\u0161en\u00edm pon\u00faka \u017eiv\u00e9 zobrazenie spr\u00e1v, aktu\u00e1lne inform\u00e1cie cyklu a\u00a0dotykov\u00e9 ovl\u00e1danie. Plne nastavite\u013en\u00e9 \u00farovne kontrastu v\u00e1m umo\u017en\u00ed optimalizova\u0165 obrazovku osvetlenia \u00a0autokl\u00e1vu.<\/p>\n<p><strong>Pripojenie<\/strong><\/p>\n<p style=\"text-align: justify;\">Pripojenie na internet sl\u00fa\u017ei na aktualiz\u00e1ciu softw\u00e9ru, pripojenie k\u00a0port\u00e1lu, kde s\u00fa ulo\u017een\u00e9 inform\u00e1cie o\u00a0zariaden\u00ed, hist\u00f3rii steriliz\u00e1ci\u00ed. Naviac, v\u00a0pr\u00edpade potreby, je schopn\u00fd odosla\u0165 spr\u00e1vu technikovi o\u00a0 poruche.<\/p>\n<p><strong>Ochrana<\/strong><\/p>\n<p style=\"text-align: justify;\">Bezpe\u010dnos\u0165 pacientov z\u00e1vis\u00ed na d\u00f4raze na detail. STATIM G4 podporuje verifik\u00e1ciu steriliza\u010dn\u00e9ho procesu tak, \u017ee pr\u00edstup k\u00a0programom je chr\u00e1nen\u00fd k\u00f3dom PIN s u\u017e\u00edvate\u013esky definovan\u00fdmi ID tak, aby od zamestnancov bolo po\u017eadovan\u00e9 potvrdenie steriliza\u010dn\u00e9ho programu. T\u00fdm je zabezpe\u010den\u00e1 zv\u00fd\u0161en\u00e1 pozornos\u0165 obsluhy STATIM G4 a vytv\u00e1ra bezpe\u010dnej\u0161ie prostredie pre person\u00e1l aj pacientov.<\/p>\n<p><strong>Zber \u00fadajov<\/strong><\/p>\n<p style=\"text-align: justify;\">Aby ste mali dokonal\u00fd preh\u013ead o\u00a0zariaden\u00ed a jednotliv\u00fdch steriliz\u00e1ci\u00e1ch n\u00e1strojov, autokl\u00e1v STATIM G4\u00a05000 obsahuje v\u00a0\u0161tandardne pripojenie na internet a d\u00e1tov\u00fa jednotku. K\u00a0dispoz\u00edcii m\u00e1te inform\u00e1cie o vykonan\u00fdch steriliz\u00e1ci\u00e1ch n\u00e1strojov po\u010das celej doby pou\u017e\u00edvania autokl\u00e1vu. K\u00a0dispoz\u00edcii je aj port RS232 pre pripojenie autokl\u00e1vu k\u00a0tla\u010diarni.<\/p>\n<\/div><\/div><\/div><\/div><\/div><\/div><\/div><\/p>\n","protected":false},"excerpt":{"rendered":"","protected":false},"author":1,"featured_media":0,"parent":12994,"menu_order":0,"comment_status":"closed","ping_status":"closed","template":"","meta":{"footnotes":""},"class_list":["post-13455","page","type-page","status-publish","hentry"],"_links":{"self":[{"href":"https:\/\/www.felymalaser.sk\/index.php\/wp-json\/wp\/v2\/pages\/13455","targetHints":{"allow":["GET"]}}],"collection":[{"href":"https:\/\/www.felymalaser.sk\/index.php\/wp-json\/wp\/v2\/pages"}],"about":[{"href":"https:\/\/www.felymalaser.sk\/index.php\/wp-json\/wp\/v2\/types\/page"}],"author":[{"embeddable":true,"href":"https:\/\/www.felymalaser.sk\/index.php\/wp-json\/wp\/v2\/users\/1"}],"replies":[{"embeddable":true,"href":"https:\/\/www.felymalaser.sk\/index.php\/wp-json\/wp\/v2\/comments?post=13455"}],"version-history":[{"count":6,"href":"https:\/\/www.felymalaser.sk\/index.php\/wp-json\/wp\/v2\/pages\/13455\/revisions"}],"predecessor-version":[{"id":15036,"href":"https:\/\/www.felymalaser.sk\/index.php\/wp-json\/wp\/v2\/pages\/13455\/revisions\/15036"}],"up":[{"embeddable":true,"href":"https:\/\/www.felymalaser.sk\/index.php\/wp-json\/wp\/v2\/pages\/12994"}],"wp:attachment":[{"href":"https:\/\/www.felymalaser.sk\/index.php\/wp-json\/wp\/v2\/media?parent=13455"}],"curies":[{"name":"wp","href":"https:\/\/api.w.org\/{rel}","templated":true}]}}