{"id":13441,"date":"2017-02-16T09:44:02","date_gmt":"2017-02-16T08:44:02","guid":{"rendered":"http:\/\/www.felymalaser.sk\/?page_id=13441"},"modified":"2022-04-20T15:57:56","modified_gmt":"2022-04-20T13:57:56","slug":"statim-5000s","status":"publish","type":"page","link":"https:\/\/www.felymalaser.sk\/index.php\/produkty\/sterilizatory\/statim-5000s\/","title":{"rendered":"STATIM 5000S"},"content":{"rendered":"<div class=\"fusion-fullwidth fullwidth-box fusion-builder-row-1 fusion-flex-container nonhundred-percent-fullwidth non-hundred-percent-height-scrolling\" style=\"--awb-background-position:left top;--awb-border-sizes-top:0px;--awb-border-sizes-bottom:0px;--awb-border-sizes-left:0px;--awb-border-sizes-right:0px;--awb-border-radius-top-left:0px;--awb-border-radius-top-right:0px;--awb-border-radius-bottom-right:0px;--awb-border-radius-bottom-left:0px;--awb-padding-top:20px;--awb-padding-bottom:20px;--awb-flex-wrap:wrap;\" ><div class=\"fusion-builder-row fusion-row fusion-flex-align-items-flex-start fusion-flex-content-wrap\" style=\"max-width:1216.8px;margin-left: calc(-4% \/ 2 );margin-right: calc(-4% \/ 2 );\"><div class=\"fusion-layout-column fusion_builder_column fusion-builder-column-0 fusion_builder_column_2_3 2_3 fusion-flex-column\" style=\"--awb-bg-size:cover;--awb-width-large:66.666666666667%;--awb-margin-top-large:0px;--awb-spacing-right-large:3.84%;--awb-margin-bottom-large:20px;--awb-spacing-left-large:2.88%;--awb-width-medium:66.666666666667%;--awb-spacing-right-medium:3.84%;--awb-spacing-left-medium:2.88%;--awb-width-small:100%;--awb-spacing-right-small:1.92%;--awb-spacing-left-small:1.92%;\"><div class=\"fusion-column-wrapper fusion-flex-justify-content-flex-start fusion-content-layout-column\"><div class=\"fusion-title title fusion-title-1 fusion-sep-none fusion-title-text fusion-title-size-one\"><h1 class=\"fusion-title-heading title-heading-left\" style=\"margin:0;\">STATIM 5000S<\/h1><\/div><div class=\"fusion-text fusion-text-1\"><h3>V\u0161etko \u010do potrebujete na stredne ve\u013ek\u00fa ordin\u00e1ciu.<\/h3>\n<p>STATIM 5000S v\u00fdhody:<\/p>\n<ul>\n<li>Super r\u00fdchly 8:45\u00a0 min\u00fatov\u00fd cyklus pre rozbalen\u00e9 n\u00e1stroje<\/li>\n<li>15:30 min\u00fatov\u00fd cyklus pre zabalen\u00e9 n\u00e1stroje<\/li>\n<li>V\u00fdnimo\u010dn\u00e1 r\u00fdchlos\u0165 v\u00fdmeny kaziet<\/li>\n<li>15 min\u00fatov\u00e1 Dri-Tec Technol\u00f3gia su\u0161enia<\/li>\n<li>Jednorazov\u00e9 pou\u017eitie mal\u00e9ho mno\u017estva vody<\/li>\n<li>Zni\u017euje invest\u00edcie do n\u00e1kupu s\u00e1d n\u00e1strojov a\u00a0n\u00e1sadcov<\/li>\n<li>\u0160etrn\u00e1 steriliz\u00e1cia predl\u017euje \u017eivotnos\u0165 n\u00e1strojov<\/li>\n<li>Sp\u013a\u0148a normu EN 13060\u00a0a jej slovensk\u00fd ekvivalent<\/li>\n<\/ul>\n<p style=\"text-align: justify;\">Dokonal\u00e1 kombin\u00e1cia r\u00fdchlosti a kapacity, STATIM 5000S m\u00e1 super r\u00fdchly steriliza\u010dn\u00fd cyklus, ktor\u00fd trv\u00e1 menej ako 11 min\u00fat, pri\u010dom steriliza\u010dn\u00e1 komora je pribli\u017ene trikr\u00e1t v\u00e4\u010d\u0161ia ako u modelu 2000S. V\u00e4\u010d\u0161ia kapacita\u00a0 kazety umo\u017e\u0148uje vysok\u00fd objem steriliz\u00e1cie so\u00a04-n\u00e1sobne krat\u0161\u00edm steriliza\u010dn\u00fdm cyklom oproti be\u017en\u00fdm konven\u010dn\u00fdm autokl\u00e1vam. STATIM 5000S \u00a0pon\u00faka jedn\u00fdm dotykom kl\u00e1vesnice v\u00fdber zo \u0161tyroch plne automatizovan\u00fdch steriliza\u010dn\u00fdch programov.<\/p>\n<p style=\"text-align: justify;\">SciCan STATIM kazetov\u00fd steriliz\u00e1tor \u00a0m\u00e1 \u00a0biologick\u00fa \u00fa\u010dinnos\u0165, ktor\u00e1 bola preuk\u00e1zan\u00e1 v testoch dut\u00fdch a pevn\u00fdch n\u00e1strojov na mnoh\u00fdch medzin\u00e1rodne uzn\u00e1van\u00fdch in\u0161tit\u00faci\u00e1ch v Kanade, Spojen\u00fdch \u0161t\u00e1toch a Eur\u00f3pe.<\/p>\n<\/div><\/div><\/div><div class=\"fusion-layout-column fusion_builder_column fusion-builder-column-1 fusion_builder_column_1_3 1_3 fusion-flex-column\" style=\"--awb-bg-size:cover;--awb-width-large:33.333333333333%;--awb-margin-top-large:0px;--awb-spacing-right-large:5.76%;--awb-margin-bottom-large:20px;--awb-spacing-left-large:3.84%;--awb-width-medium:33.333333333333%;--awb-spacing-right-medium:5.76%;--awb-spacing-left-medium:3.84%;--awb-width-small:100%;--awb-spacing-right-small:1.92%;--awb-spacing-left-small:1.92%;\"><div class=\"fusion-column-wrapper fusion-flex-justify-content-flex-start fusion-content-layout-column\"><div class=\"fusion-image-element \" style=\"text-align:center;--awb-caption-title-font-family:var(--h2_typography-font-family);--awb-caption-title-font-weight:var(--h2_typography-font-weight);--awb-caption-title-font-style:var(--h2_typography-font-style);--awb-caption-title-size:var(--h2_typography-font-size);--awb-caption-title-transform:var(--h2_typography-text-transform);--awb-caption-title-line-height:var(--h2_typography-line-height);--awb-caption-title-letter-spacing:var(--h2_typography-letter-spacing);\"><span class=\" fusion-imageframe imageframe-none imageframe-1 hover-type-none\"><img decoding=\"async\" width=\"253\" height=\"253\" title=\"STATIM5000S_v\" src=\"https:\/\/www.felymalaser.sk\/wp-content\/uploads\/2017\/02\/STATIM5000S_v.jpg\" alt class=\"img-responsive wp-image-13442\" srcset=\"https:\/\/www.felymalaser.sk\/wp-content\/uploads\/2017\/02\/STATIM5000S_v-200x200.jpg 200w, https:\/\/www.felymalaser.sk\/wp-content\/uploads\/2017\/02\/STATIM5000S_v.jpg 253w\" sizes=\"(max-width: 640px) 100vw, 253px\" \/><\/span><\/div><div class=\"fusion-text fusion-text-2\"><p><img decoding=\"async\" class=\"size-full wp-image-13062 aligncenter\" src=\"https:\/\/www.felymalaser.sk\/wp-content\/uploads\/2017\/02\/pdf.png\" alt=\"\" width=\"32\" height=\"32\" \/><\/p>\n<p style=\"text-align: center;\"><a href=\"https:\/\/www.felymalaser.sk\/wp-content\/uploads\/2017\/5000S.pdf\" target=\"_blank\" rel=\"noopener\">5000 S<\/a><\/p>\n<\/div><\/div><\/div><div class=\"fusion-layout-column fusion_builder_column fusion-builder-column-2 fusion_builder_column_1_1 1_1 fusion-flex-column\" style=\"--awb-bg-size:cover;--awb-width-large:100%;--awb-margin-top-large:0px;--awb-spacing-right-large:1.92%;--awb-margin-bottom-large:20px;--awb-spacing-left-large:1.92%;--awb-width-medium:100%;--awb-spacing-right-medium:1.92%;--awb-spacing-left-medium:1.92%;--awb-width-small:100%;--awb-spacing-right-small:1.92%;--awb-spacing-left-small:1.92%;\"><div class=\"fusion-column-wrapper fusion-flex-justify-content-flex-start fusion-content-layout-column\"><div class=\"fusion-reading-box-container reading-box-container-1\" style=\"--awb-title-color:var(--awb-color8);--awb-margin-top:0px;--awb-margin-bottom:20px;\"><div class=\"reading-box\" style=\"background-color:var(--awb-color2);border-width:1px;border-color:rgba(226,226,226,0);border-top-width:3px;border-top-color:var(--primary_color);border-style:solid;\"><div class=\"reading-box-additional\">\n<h3>Dri-Tec \u2013 Technol\u00f3gia su\u0161enia s\u00e1lav\u00fdm teplom<\/h3>\n<p style=\"text-align: justify;\">STATIM \u00a05000S vyu\u017e\u00edva teplo generovan\u00e9 steriliza\u010dn\u00fdm cyklom, ktor\u00e9 je &#8222;absorbovan\u00e9&#8220; jedine\u010dn\u00fdmi vysu\u0161ovac\u00edmi doskami nach\u00e1dzaj\u00facimi \u00a0sa v steriliza\u010dnej komore. Teplo sa pren\u00e1\u0161a z\u00a0vysu\u0161ovac\u00edch dosiek priamo do n\u00e1strojov, \u010do umo\u017e\u0148uje zr\u00fdchlen\u00e9, dokonal\u00e9 usu\u0161enie n\u00e1strojov len za 15 min\u00fat.<\/p>\n<\/div><div class=\"fusion-clearfix\"><\/div><\/div><\/div><div class=\"fusion-tabs fusion-tabs-1 classic nav-is-justified horizontal-tabs icon-position-left mobile-mode-accordion\" style=\"--awb-title-border-radius-top-left:0px;--awb-title-border-radius-top-right:0px;--awb-title-border-radius-bottom-right:0px;--awb-title-border-radius-bottom-left:0px;--awb-inactive-color:var(--awb-color2);--awb-background-color:var(--awb-color1);--awb-border-color:var(--awb-color3);--awb-active-border-color:var(--awb-color6);\"><div class=\"nav\"><ul class=\"nav-tabs nav-justified\" role=\"tablist\"><li class=\"active\" role=\"presentation\"><a class=\"tab-link\" data-toggle=\"tab\" role=\"tab\" aria-controls=\"tab-e0097517933df312f84\" aria-selected=\"true\" id=\"fusion-tab-statim2000sd\u013a\u017ekatrvaniasteriliza\u010dn\u00fdchprogramov:\" href=\"#tab-e0097517933df312f84\"><h4 class=\"fusion-tab-heading\">STATIM 2000S d\u013a\u017eka trvania steriliza\u010dn\u00fdch programov:<\/h4><\/a><\/li><li role=\"presentation\"><a class=\"tab-link\" data-toggle=\"tab\" role=\"tab\" aria-controls=\"tab-f8d683a4ca76b6e48ef\" aria-selected=\"false\" tabindex=\"-1\" id=\"fusion-tab-technick\u00e9\u00fadaje:\" href=\"#tab-f8d683a4ca76b6e48ef\"><h4 class=\"fusion-tab-heading\">Technick\u00e9 \u00fadaje:<\/h4><\/a><\/li><li role=\"presentation\"><a class=\"tab-link\" data-toggle=\"tab\" role=\"tab\" aria-controls=\"tab-848aae5f35d8829cf1a\" aria-selected=\"false\" tabindex=\"-1\" id=\"fusion-tab-n\u00e1hradn\u00e9diely:\" href=\"#tab-848aae5f35d8829cf1a\"><h4 class=\"fusion-tab-heading\">N\u00e1hradn\u00e9 diely:<\/h4><\/a><\/li><\/ul><\/div><div class=\"tab-content\"><div class=\"nav fusion-mobile-tab-nav\"><ul class=\"nav-tabs nav-justified\" role=\"tablist\"><li class=\"active\" role=\"presentation\"><a class=\"tab-link\" data-toggle=\"tab\" role=\"tab\" aria-controls=\"tab-e0097517933df312f84\" aria-selected=\"true\" id=\"mobile-fusion-tab-statim2000sd\u013a\u017ekatrvaniasteriliza\u010dn\u00fdchprogramov:\" href=\"#tab-e0097517933df312f84\"><h4 class=\"fusion-tab-heading\">STATIM 2000S d\u013a\u017eka trvania steriliza\u010dn\u00fdch programov:<\/h4><\/a><\/li><\/ul><\/div><div class=\"tab-pane fade fusion-clearfix in active\" role=\"tabpanel\" tabindex=\"0\" aria-labelledby=\"fusion-tab-statim2000sd\u013a\u017ekatrvaniasteriliza\u010dn\u00fdchprogramov:\" id=\"tab-e0097517933df312f84\">\n<div class=\"table-1\">\n<table width=\"100%\">\n<thead>\n<tr>\n<th align=\"left\"><strong>Steriliza\u010dn\u00fd program<\/strong><\/th>\n<th align=\"left\"><strong>Pln\u00e9 odbalen\u00e9<\/strong><\/th>\n<th align=\"left\"><strong>Dut\u00e9 odbalen\u00e9<\/strong><\/th>\n<th align=\"left\"><strong>Dut\u00e9 zabalen\u00e9<\/strong><\/th>\n<th align=\"left\"><strong>Guma &amp; Plast<\/strong><\/th>\n<\/tr>\n<\/thead>\n<tbody>\n<tr>\n<td><strong>Steriliza\u010dn\u00fd \u010das a teplota<\/strong><\/td>\n<td>3.5 min. \/ 134\u00baC<\/td>\n<td>3.5 min. \/ 134\u00baC<\/td>\n<td>3.5 min. \/ 134\u00baC<\/td>\n<td>15 min. \/ 134\u00baC<\/td>\n<\/tr>\n<tr>\n<td><strong>D\u013a\u017eka trvania cyklu bez su\u0161enia<\/strong><\/td>\n<td>8:45 min.<\/td>\n<td>10:50 min.<\/td>\n<td>15:30 min.<\/td>\n<td>20:20 min.<\/td>\n<\/tr>\n<\/tbody>\n<\/table>\n<\/div>\n<\/div><div class=\"nav fusion-mobile-tab-nav\"><ul class=\"nav-tabs nav-justified\" role=\"tablist\"><li role=\"presentation\"><a class=\"tab-link\" data-toggle=\"tab\" role=\"tab\" aria-controls=\"tab-f8d683a4ca76b6e48ef\" aria-selected=\"false\" tabindex=\"-1\" id=\"mobile-fusion-tab-technick\u00e9\u00fadaje:\" href=\"#tab-f8d683a4ca76b6e48ef\"><h4 class=\"fusion-tab-heading\">Technick\u00e9 \u00fadaje:<\/h4><\/a><\/li><\/ul><\/div><div class=\"tab-pane fade fusion-clearfix\" role=\"tabpanel\" tabindex=\"0\" aria-labelledby=\"fusion-tab-technick\u00e9\u00fadaje:\" id=\"tab-f8d683a4ca76b6e48ef\">\n<div class=\"table-1\">\n<table width=\"100%\">\n<tbody>\n<tr style=\"height: 24px;\">\n<td style=\"width: 39.3607%; height: 24px;\"><strong>Rozmery<\/strong><\/td>\n<td style=\"width: 59.3607%; height: 24px;\">L 555 mm x \u0160 415 mm x V 190 mm<\/td>\n<\/tr>\n<tr style=\"height: 24px;\">\n<td style=\"width: 39.3607%; height: 24px;\"><strong>Vn\u00fatorn\u00e9 rozmery kazety<\/strong><\/td>\n<td style=\"width: 59.3607%; height: 24px;\">L 380 mm x \u0160 180 mm x V\u00a075 mm<\/td>\n<\/tr>\n<tr style=\"height: 24px;\">\n<td style=\"width: 39.3607%; height: 24px;\"><strong>Objem vodnej n\u00e1dr\u017eky<\/strong><\/td>\n<td style=\"width: 59.3607%; height: 24px;\">4.0 litre destilovanej vody<\/td>\n<\/tr>\n<tr style=\"height: 24px;\">\n<td style=\"width: 39.3607%; height: 24px;\"><strong>Hmotnos\u0165 bez vody<\/strong><\/td>\n<td style=\"width: 59.3607%; height: 24px;\">33 kg<\/td>\n<\/tr>\n<tr style=\"height: 24px;\">\n<td style=\"width: 39.3607%; height: 24px;\"><strong>Spotreba<\/strong><\/td>\n<td style=\"width: 59.3607%; height: 24px;\">110-120 V, 60Hz, 1300 W<\/td>\n<\/tr>\n<tr style=\"height: 48px;\">\n<td style=\"width: 39.3607%; height: 48px;\"><strong>Volite\u013en\u00e9 pr\u00edslu\u0161enstvo<\/strong><\/td>\n<td style=\"width: 59.3607%; height: 48px;\">Term\u00e1lna tla\u010diare\u0148, 20 znakov na riadok, R\u00fdchlos\u0165\u00a0 1 riadok za sekundu, Kapacita papiera: 80 cyklov na rolku<\/td>\n<\/tr>\n<\/tbody>\n<\/table>\n<\/div>\n<\/div><div class=\"nav fusion-mobile-tab-nav\"><ul class=\"nav-tabs nav-justified\" role=\"tablist\"><li role=\"presentation\"><a class=\"tab-link\" data-toggle=\"tab\" role=\"tab\" aria-controls=\"tab-848aae5f35d8829cf1a\" aria-selected=\"false\" tabindex=\"-1\" id=\"mobile-fusion-tab-n\u00e1hradn\u00e9diely:\" href=\"#tab-848aae5f35d8829cf1a\"><h4 class=\"fusion-tab-heading\">N\u00e1hradn\u00e9 diely:<\/h4><\/a><\/li><\/ul><\/div><div class=\"tab-pane fade fusion-clearfix\" role=\"tabpanel\" tabindex=\"0\" aria-labelledby=\"fusion-tab-n\u00e1hradn\u00e9diely:\" id=\"tab-848aae5f35d8829cf1a\">\n<table width=\"100%\">\n<tbody>\n<tr>\n<td>01-101613S<\/td>\n<td>Kompletn\u00e1 kazeta (so stojanom na n\u00e1stroje, priehradkou a vekom)<\/td>\n<\/tr>\n<tr>\n<td>01-101614S<\/td>\n<td>Kazetov\u00e1 priehradka<\/td>\n<\/tr>\n<tr>\n<td>01-101757S<\/td>\n<td>Veko kazety<\/td>\n<\/tr>\n<tr>\n<td>01-101649S<\/td>\n<td>Tesniaci kit<\/td>\n<\/tr>\n<tr>\n<td>01-101652S<\/td>\n<td>Filter vzduchu na kompresor<\/td>\n<\/tr>\n<tr>\n<td>01-102119S<\/td>\n<td>Mikrobiologick\u00fd filter vzduchu<\/td>\n<\/tr>\n<tr>\n<td>01-100812S<\/td>\n<td>Odpadov\u00e1 f\u013ea\u0161a kompletn\u00e1<\/td>\n<\/tr>\n<tr>\n<td>01-100204S<\/td>\n<td>Vyp\u00fa\u0161\u0165acia hadica<\/td>\n<\/tr>\n<tr>\n<td>01-101709S<\/td>\n<td>Stojan na odbalen\u00e9 n\u00e1stroje<\/td>\n<\/tr>\n<tr>\n<td>01-102054S<\/td>\n<td>Stojan na zabalen\u00e9 n\u00e1stroje<\/td>\n<\/tr>\n<tr>\n<td>01-103935<\/td>\n<td>Vysu\u0161ovacie dosky, 5 kusov\u00e9 balenie<\/td>\n<\/tr>\n<tr>\n<td>SCI134<\/td>\n<td>Pr\u00fa\u017ekov\u00e9 testovacie indik\u00e1tory (balenie 250 kusov)<\/td>\n<\/tr>\n<tr>\n<td>01-101783S<\/td>\n<td>Vie\u010dko n\u00e1dr\u017eky na vodu a\u00a0vodn\u00fd filter<\/td>\n<\/tr>\n<tr>\n<td>01-109300S<\/td>\n<td>Vodn\u00fd filter<\/td>\n<\/tr>\n<\/tbody>\n<\/table>\n<\/div><\/div><\/div><\/div><\/div><\/div><\/div>\n","protected":false},"excerpt":{"rendered":"","protected":false},"author":1,"featured_media":0,"parent":12994,"menu_order":0,"comment_status":"closed","ping_status":"closed","template":"","meta":{"footnotes":""},"class_list":["post-13441","page","type-page","status-publish","hentry"],"_links":{"self":[{"href":"https:\/\/www.felymalaser.sk\/index.php\/wp-json\/wp\/v2\/pages\/13441","targetHints":{"allow":["GET"]}}],"collection":[{"href":"https:\/\/www.felymalaser.sk\/index.php\/wp-json\/wp\/v2\/pages"}],"about":[{"href":"https:\/\/www.felymalaser.sk\/index.php\/wp-json\/wp\/v2\/types\/page"}],"author":[{"embeddable":true,"href":"https:\/\/www.felymalaser.sk\/index.php\/wp-json\/wp\/v2\/users\/1"}],"replies":[{"embeddable":true,"href":"https:\/\/www.felymalaser.sk\/index.php\/wp-json\/wp\/v2\/comments?post=13441"}],"version-history":[{"count":12,"href":"https:\/\/www.felymalaser.sk\/index.php\/wp-json\/wp\/v2\/pages\/13441\/revisions"}],"predecessor-version":[{"id":15034,"href":"https:\/\/www.felymalaser.sk\/index.php\/wp-json\/wp\/v2\/pages\/13441\/revisions\/15034"}],"up":[{"embeddable":true,"href":"https:\/\/www.felymalaser.sk\/index.php\/wp-json\/wp\/v2\/pages\/12994"}],"wp:attachment":[{"href":"https:\/\/www.felymalaser.sk\/index.php\/wp-json\/wp\/v2\/media?parent=13441"}],"curies":[{"name":"wp","href":"https:\/\/api.w.org\/{rel}","templated":true}]}}