{"id":13420,"date":"2017-02-15T14:29:12","date_gmt":"2017-02-15T13:29:12","guid":{"rendered":"http:\/\/www.felymalaser.sk\/?page_id=13420"},"modified":"2022-04-20T15:56:19","modified_gmt":"2022-04-20T13:56:19","slug":"statim-2000s","status":"publish","type":"page","link":"https:\/\/www.felymalaser.sk\/index.php\/produkty\/sterilizatory\/statim-2000s\/","title":{"rendered":"STATIM 2000S"},"content":{"rendered":"<div class=\"fusion-fullwidth fullwidth-box fusion-builder-row-1 fusion-flex-container nonhundred-percent-fullwidth non-hundred-percent-height-scrolling\" style=\"--awb-background-position:left top;--awb-border-sizes-top:0px;--awb-border-sizes-bottom:0px;--awb-border-sizes-left:0px;--awb-border-sizes-right:0px;--awb-border-radius-top-left:0px;--awb-border-radius-top-right:0px;--awb-border-radius-bottom-right:0px;--awb-border-radius-bottom-left:0px;--awb-padding-top:20px;--awb-padding-bottom:20px;--awb-flex-wrap:wrap;\" ><div class=\"fusion-builder-row fusion-row fusion-flex-align-items-flex-start fusion-flex-content-wrap\" style=\"max-width:1216.8px;margin-left: calc(-4% \/ 2 );margin-right: calc(-4% \/ 2 );\"><div class=\"fusion-layout-column fusion_builder_column fusion-builder-column-0 fusion_builder_column_3_5 3_5 fusion-flex-column\" style=\"--awb-bg-size:cover;--awb-width-large:60%;--awb-margin-top-large:0px;--awb-spacing-right-large:3.84%;--awb-margin-bottom-large:20px;--awb-spacing-left-large:3.2%;--awb-width-medium:60%;--awb-spacing-right-medium:3.84%;--awb-spacing-left-medium:3.2%;--awb-width-small:100%;--awb-spacing-right-small:1.92%;--awb-spacing-left-small:1.92%;\"><div class=\"fusion-column-wrapper fusion-flex-justify-content-flex-start fusion-content-layout-column\"><div class=\"fusion-title title fusion-title-1 fusion-sep-none fusion-title-text fusion-title-size-one\"><h1 class=\"fusion-title-heading title-heading-left\" style=\"margin:0;\">STATIM 2000S<\/h1><\/div><div class=\"fusion-text fusion-text-1\"><h3><strong>V<\/strong><strong>\u00fdhody:<\/strong><\/h3>\n<ul>\n<li>Super r\u00fdchly 6:45\u00a0 min\u00fatov\u00fd cyklus pre rozbalen\u00e9 n\u00e1stroje<\/li>\n<li>10:40 min\u00fatov\u00fd cyklus pre zabalen\u00e9 n\u00e1stroje<\/li>\n<li>V\u00fdnimo\u010dn\u00e1 r\u00fdchlos\u0165 v\u00fdmeny kaziet<\/li>\n<li>10 min\u00fatov\u00e1 Dri-Tec Technol\u00f3gia su\u0161enia<\/li>\n<li>Jednorazov\u00e9\u00a0 pou\u017eitie mal\u00e9ho mno\u017estva vody<\/li>\n<li>Zni\u017euje invest\u00edcie do n\u00e1kupu s\u00e1d n\u00e1strojov a n\u00e1sadcov<\/li>\n<li>\u0160etrn\u00e1 steriliz\u00e1cia predl\u017euje \u017eivotnos\u0165 n\u00e1strojov<\/li>\n<li>Sp\u013a\u0148a normu EN 13060\u00a0a jej slovensk\u00fd ekvivalent<\/li>\n<\/ul>\n<p style=\"text-align: justify;\">Statim 2000S pon\u00faka 8 min\u00fatov\u00fd\u00a0 cyklus a m\u00e1 navy\u0161e t\u00fa v\u00fdhodu, \u017ee pou\u017e\u00edva plne odn\u00edmate\u013en\u00fa komoru, tak\u017ee si m\u00f4\u017eete asepticky prepravi\u0165 sadu \u010derstvo sterilizovan\u00fdch n\u00e1strojov priamo po\u010das o\u0161etrenia.<\/p>\n<p style=\"text-align: justify;\">Statim 2000S m\u00e1 plne automatick\u00fd re\u017eim. Sta\u010d\u00ed len vybra\u0165 jeden z troch steriliza\u010dn\u00fdch programov a jedin\u00fdm dotykom kl\u00e1vesnice spusti\u0165 cyklus. Pokro\u010dil\u00fd mikroprocesor ovl\u00e1da v\u0161etky funkcie a udr\u017euje optim\u00e1lne podmienky pre steriliz\u00e1ciu, od za\u010diatku do konca steriliz\u00e1cie.<\/p>\n<p style=\"text-align: justify;\">SciCan STATIM kazetov\u00fd steriliz\u00e1tor\u00a0 m\u00e1\u00a0 biologick\u00fa \u00fa\u010dinnos\u0165, ktor\u00e1 bola preuk\u00e1zan\u00e1 v testoch dut\u00fdch a pevn\u00fdch n\u00e1strojov na mnoh\u00fdch medzin\u00e1rodne uzn\u00e1van\u00fdch in\u0161tit\u00faci\u00e1ch v Kanade, Spojen\u00fdch \u0161t\u00e1toch a Eur\u00f3pe.<\/p>\n<h3><\/h3>\n<\/div><\/div><\/div><div class=\"fusion-layout-column fusion_builder_column fusion-builder-column-1 fusion_builder_column_2_5 2_5 fusion-flex-column\" style=\"--awb-bg-size:cover;--awb-width-large:40%;--awb-margin-top-large:0px;--awb-spacing-right-large:4.8%;--awb-margin-bottom-large:20px;--awb-spacing-left-large:3.84%;--awb-width-medium:40%;--awb-spacing-right-medium:4.8%;--awb-spacing-left-medium:3.84%;--awb-width-small:100%;--awb-spacing-right-small:1.92%;--awb-spacing-left-small:1.92%;\"><div class=\"fusion-column-wrapper fusion-flex-justify-content-flex-start fusion-content-layout-column\"><div class=\"fusion-title title fusion-title-2 fusion-sep-none fusion-title-text fusion-title-size-three\"><h3 class=\"fusion-title-heading title-heading-left\" style=\"margin:0;\"><h3 style=\"text-align: center;\"><strong>Svetovo najob\u013e\u00fabenej\u0161\u00ed kazetov\u00fd autokl\u00e1v<\/strong><\/h3><\/h3><\/div><div class=\"fusion-image-element \" style=\"text-align:center;--awb-caption-title-font-family:var(--h2_typography-font-family);--awb-caption-title-font-weight:var(--h2_typography-font-weight);--awb-caption-title-font-style:var(--h2_typography-font-style);--awb-caption-title-size:var(--h2_typography-font-size);--awb-caption-title-transform:var(--h2_typography-text-transform);--awb-caption-title-line-height:var(--h2_typography-line-height);--awb-caption-title-letter-spacing:var(--h2_typography-letter-spacing);\"><span class=\" fusion-imageframe imageframe-none imageframe-1 hover-type-none\"><img decoding=\"async\" width=\"253\" height=\"253\" title=\"STATIM2000S\" src=\"https:\/\/www.felymalaser.sk\/wp-content\/uploads\/2017\/02\/STATIM2000S.jpg\" alt class=\"img-responsive wp-image-13422\" srcset=\"https:\/\/www.felymalaser.sk\/wp-content\/uploads\/2017\/02\/STATIM2000S-200x200.jpg 200w, https:\/\/www.felymalaser.sk\/wp-content\/uploads\/2017\/02\/STATIM2000S.jpg 253w\" sizes=\"(max-width: 640px) 100vw, 253px\" \/><\/span><\/div><\/div><\/div><div class=\"fusion-layout-column fusion_builder_column fusion-builder-column-2 fusion_builder_column_1_1 1_1 fusion-flex-column\" style=\"--awb-bg-size:cover;--awb-width-large:100%;--awb-margin-top-large:0px;--awb-spacing-right-large:1.92%;--awb-margin-bottom-large:20px;--awb-spacing-left-large:1.92%;--awb-width-medium:100%;--awb-spacing-right-medium:1.92%;--awb-spacing-left-medium:1.92%;--awb-width-small:100%;--awb-spacing-right-small:1.92%;--awb-spacing-left-small:1.92%;\"><div class=\"fusion-column-wrapper fusion-flex-justify-content-flex-start fusion-content-layout-column\"><div class=\"fusion-reading-box-container reading-box-container-1\" style=\"--awb-title-color:var(--awb-color8);--awb-margin-top:0px;--awb-margin-bottom:20px;\"><div class=\"reading-box\" style=\"background-color:var(--awb-color2);border-width:1px;border-color:rgba(226,226,226,0);border-top-width:3px;border-top-color:var(--primary_color);border-style:solid;\"><div class=\"reading-box-additional\">\n<h3><strong>Dri-Tec \u2013 Su\u0161enie technol\u00f3giou konvek\u010dn\u00e9ho tepla\u00a0<\/strong><\/h3>\n<p style=\"text-align: justify;\">STATIM 2000S pou\u017e\u00edva konvek\u010dn\u00e9 teplo k\u00a0su\u0161eniu \u00a0vyu\u017eit\u00edm zvy\u0161kov\u00e9ho tepla v\u00a0syst\u00e9me, po f\u00e1ze steriliz\u00e1cie. Su\u0161enie zabalen\u00fdch pr\u00edstrojov trv\u00e1 len 10 min\u00fat.<\/p>\n<\/div><div class=\"fusion-clearfix\"><\/div><\/div><\/div><div class=\"fusion-tabs fusion-tabs-1 classic nav-is-justified horizontal-tabs icon-position-left mobile-mode-accordion\" style=\"--awb-title-border-radius-top-left:0px;--awb-title-border-radius-top-right:0px;--awb-title-border-radius-bottom-right:0px;--awb-title-border-radius-bottom-left:0px;--awb-inactive-color:var(--awb-color2);--awb-background-color:var(--awb-color1);--awb-border-color:var(--awb-color3);--awb-active-border-color:var(--awb-color6);\"><div class=\"nav\"><ul class=\"nav-tabs nav-justified\" role=\"tablist\"><li class=\"active\" role=\"presentation\"><a class=\"tab-link\" data-toggle=\"tab\" role=\"tab\" aria-controls=\"tab-4322db87f452c5a93c4\" aria-selected=\"true\" id=\"fusion-tab-statim2000sd\u013a\u017ekatrvaniasteriliza\u010dn\u00fdchprogramov:\" href=\"#tab-4322db87f452c5a93c4\"><h4 class=\"fusion-tab-heading\">STATIM 2000S d\u013a\u017eka trvania steriliza\u010dn\u00fdch programov:<\/h4><\/a><\/li><li role=\"presentation\"><a class=\"tab-link\" data-toggle=\"tab\" role=\"tab\" aria-controls=\"tab-6ddb8cf803bbc04ffe4\" aria-selected=\"false\" tabindex=\"-1\" id=\"fusion-tab-technick\u00e9\u00fadaje:\" href=\"#tab-6ddb8cf803bbc04ffe4\"><h4 class=\"fusion-tab-heading\">Technick\u00e9 \u00fadaje:<\/h4><\/a><\/li><li role=\"presentation\"><a class=\"tab-link\" data-toggle=\"tab\" role=\"tab\" aria-controls=\"tab-9c88f2bffd864508c1a\" aria-selected=\"false\" tabindex=\"-1\" id=\"fusion-tab-n\u00e1hradn\u00e9diely:\" href=\"#tab-9c88f2bffd864508c1a\"><h4 class=\"fusion-tab-heading\">N\u00e1hradn\u00e9 diely:<\/h4><\/a><\/li><\/ul><\/div><div class=\"tab-content\"><div class=\"nav fusion-mobile-tab-nav\"><ul class=\"nav-tabs nav-justified\" role=\"tablist\"><li class=\"active\" role=\"presentation\"><a class=\"tab-link\" data-toggle=\"tab\" role=\"tab\" aria-controls=\"tab-4322db87f452c5a93c4\" aria-selected=\"true\" id=\"mobile-fusion-tab-statim2000sd\u013a\u017ekatrvaniasteriliza\u010dn\u00fdchprogramov:\" href=\"#tab-4322db87f452c5a93c4\"><h4 class=\"fusion-tab-heading\">STATIM 2000S d\u013a\u017eka trvania steriliza\u010dn\u00fdch programov:<\/h4><\/a><\/li><\/ul><\/div><div class=\"tab-pane fade fusion-clearfix in active\" role=\"tabpanel\" tabindex=\"0\" aria-labelledby=\"fusion-tab-statim2000sd\u013a\u017ekatrvaniasteriliza\u010dn\u00fdchprogramov:\" id=\"tab-4322db87f452c5a93c4\">\n<div class=\"table-1\">\n<table width=\"100%\">\n<thead>\n<tr>\n<th align=\"left\"><strong>Steriliza\u010dn\u00fd program<\/strong><\/th>\n<th align=\"left\"><strong>Pln\u00e9 odbalen\u00e9<\/strong><\/th>\n<th align=\"left\"><strong>Dut\u00e9 odbalen\u00e9<\/strong><\/th>\n<th align=\"left\"><strong>Dut\u00e9 zabalen\u00e9<\/strong><\/th>\n<th align=\"left\"><strong>Guma &amp; Plast<\/strong><\/th>\n<\/tr>\n<\/thead>\n<tbody>\n<tr>\n<td><strong>Steriliza\u010dn\u00fd \u010das a teplota<\/strong><\/td>\n<td>3.5 min. \/ 134\u00baC<\/td>\n<td>3.5 min. \/ 134\u00baC<\/td>\n<td>3.5 min. \/ 134\u00baC<\/td>\n<td>15 min. \/ 134\u00baC<\/td>\n<\/tr>\n<tr>\n<td><strong>D\u013a\u017eka trvania cyklu bez su\u0161enia<\/strong><\/td>\n<td>6:45 min.<\/td>\n<td>8:05 min.<\/td>\n<td>10:40 min.<\/td>\n<td>18:40 min.<\/td>\n<\/tr>\n<\/tbody>\n<\/table>\n<\/div>\n<\/div><div class=\"nav fusion-mobile-tab-nav\"><ul class=\"nav-tabs nav-justified\" role=\"tablist\"><li role=\"presentation\"><a class=\"tab-link\" data-toggle=\"tab\" role=\"tab\" aria-controls=\"tab-6ddb8cf803bbc04ffe4\" aria-selected=\"false\" tabindex=\"-1\" id=\"mobile-fusion-tab-technick\u00e9\u00fadaje:\" href=\"#tab-6ddb8cf803bbc04ffe4\"><h4 class=\"fusion-tab-heading\">Technick\u00e9 \u00fadaje:<\/h4><\/a><\/li><\/ul><\/div><div class=\"tab-pane fade fusion-clearfix\" role=\"tabpanel\" tabindex=\"0\" aria-labelledby=\"fusion-tab-technick\u00e9\u00fadaje:\" id=\"tab-6ddb8cf803bbc04ffe4\">\n<div class=\"table-1\">\n<table width=\"100%\">\n<tbody>\n<tr>\n<td style=\"width: 39.3607%;\"><strong>Rozmery<\/strong><\/td>\n<td style=\"width: 59.3607%;\">D 480 mm x \u0160 415 mm x V 150 mm<\/td>\n<\/tr>\n<tr>\n<td style=\"width: 39.3607%;\"><strong>Vn\u00fatorn\u00e9 rozmery kazety<\/strong><\/td>\n<td style=\"width: 59.3607%;\">D 280 mm x \u0160 180 mm x V 35 mm<\/td>\n<\/tr>\n<tr>\n<td style=\"width: 39.3607%;\"><strong>Objem vodnej n\u00e1dr\u017eky<\/strong><\/td>\n<td style=\"width: 59.3607%;\">4.0 litre destilovanej vody, asi 40 cyklov<\/td>\n<\/tr>\n<tr>\n<td style=\"width: 39.3607%;\"><strong>Hmotnos\u0165 bez vody<\/strong><\/td>\n<td style=\"width: 59.3607%;\">21 kg<\/td>\n<\/tr>\n<tr>\n<td style=\"width: 39.3607%;\"><strong>Spotreba<\/strong><\/td>\n<td style=\"width: 59.3607%;\">110-120 V, 60Hz, 1300 W<\/td>\n<\/tr>\n<\/tbody>\n<\/table>\n<\/div>\n<\/div><div class=\"nav fusion-mobile-tab-nav\"><ul class=\"nav-tabs nav-justified\" role=\"tablist\"><li role=\"presentation\"><a class=\"tab-link\" data-toggle=\"tab\" role=\"tab\" aria-controls=\"tab-9c88f2bffd864508c1a\" aria-selected=\"false\" tabindex=\"-1\" id=\"mobile-fusion-tab-n\u00e1hradn\u00e9diely:\" href=\"#tab-9c88f2bffd864508c1a\"><h4 class=\"fusion-tab-heading\">N\u00e1hradn\u00e9 diely:<\/h4><\/a><\/li><\/ul><\/div><div class=\"tab-pane fade fusion-clearfix\" role=\"tabpanel\" tabindex=\"0\" aria-labelledby=\"fusion-tab-n\u00e1hradn\u00e9diely:\" id=\"tab-9c88f2bffd864508c1a\">\n<div>\n<table width=\"100%\">\n<tbody>\n<tr>\n<td>01-100008A<\/td>\n<td>Kompletn\u00e1 kazeta (so stojanom na n\u00e1stroje -106653)<\/td>\n<\/tr>\n<tr>\n<td>01-100028S<\/td>\n<td>Tesniaci kit<\/td>\n<\/tr>\n<tr>\n<td>01-100207S<\/td>\n<td>Filter vzduchu na kompresora<\/td>\n<\/tr>\n<tr>\n<td>01-102119S<\/td>\n<td>Mikrobiologick\u00fd filter vzduchu<\/td>\n<\/tr>\n<tr>\n<td>01-100812S<\/td>\n<td>Odpadov\u00e1 f\u013ea\u0161a kompletn\u00e1<\/td>\n<\/tr>\n<tr>\n<td>01-100204S<\/td>\n<td>Vyp\u00fa\u0161\u0165acia hadica<\/td>\n<\/tr>\n<tr>\n<td>01-103945S<\/td>\n<td>Stojan na odbalen\u00e9 n\u00e1stroje<\/td>\n<\/tr>\n<tr>\n<td>01-106653<\/td>\n<td>Stojan na zabalen\u00e9 n\u00e1stroje<\/td>\n<\/tr>\n<tr>\n<td>88-100270D<\/td>\n<td>Plastov\u00fd prekryt kazety<\/td>\n<\/tr>\n<tr>\n<td>SCI134<\/td>\n<td>Pr\u00fa\u017ekov\u00e9 testovacie indik\u00e1tory (balenie 250 kusov)<\/td>\n<\/tr>\n<tr>\n<td>01-101783S<\/td>\n<td>Vie\u010dko n\u00e1dr\u017eky na vodu a\u00a0vodn\u00fd filter<\/td>\n<\/tr>\n<tr>\n<td>01-109300S<\/td>\n<td>Vodn\u00fd filter<\/td>\n<\/tr>\n<\/tbody>\n<\/table>\n<\/div>\n<\/div><\/div><\/div><\/div><\/div><\/div><\/div>\n","protected":false},"excerpt":{"rendered":"","protected":false},"author":1,"featured_media":0,"parent":12994,"menu_order":0,"comment_status":"closed","ping_status":"closed","template":"","meta":{"footnotes":""},"class_list":["post-13420","page","type-page","status-publish","hentry"],"_links":{"self":[{"href":"https:\/\/www.felymalaser.sk\/index.php\/wp-json\/wp\/v2\/pages\/13420","targetHints":{"allow":["GET"]}}],"collection":[{"href":"https:\/\/www.felymalaser.sk\/index.php\/wp-json\/wp\/v2\/pages"}],"about":[{"href":"https:\/\/www.felymalaser.sk\/index.php\/wp-json\/wp\/v2\/types\/page"}],"author":[{"embeddable":true,"href":"https:\/\/www.felymalaser.sk\/index.php\/wp-json\/wp\/v2\/users\/1"}],"replies":[{"embeddable":true,"href":"https:\/\/www.felymalaser.sk\/index.php\/wp-json\/wp\/v2\/comments?post=13420"}],"version-history":[{"count":23,"href":"https:\/\/www.felymalaser.sk\/index.php\/wp-json\/wp\/v2\/pages\/13420\/revisions"}],"predecessor-version":[{"id":15033,"href":"https:\/\/www.felymalaser.sk\/index.php\/wp-json\/wp\/v2\/pages\/13420\/revisions\/15033"}],"up":[{"embeddable":true,"href":"https:\/\/www.felymalaser.sk\/index.php\/wp-json\/wp\/v2\/pages\/12994"}],"wp:attachment":[{"href":"https:\/\/www.felymalaser.sk\/index.php\/wp-json\/wp\/v2\/media?parent=13420"}],"curies":[{"name":"wp","href":"https:\/\/api.w.org\/{rel}","templated":true}]}}