{"id":13364,"date":"2017-02-14T18:09:24","date_gmt":"2017-02-14T17:09:24","guid":{"rendered":"http:\/\/www.felymalaser.sk\/?page_id=13364"},"modified":"2022-04-20T16:06:25","modified_gmt":"2022-04-20T14:06:25","slug":"ematrix","status":"publish","type":"page","link":"https:\/\/www.felymalaser.sk\/index.php\/produkty\/esteticke-systemy-syneron\/ematrix\/","title":{"rendered":"eMatrix"},"content":{"rendered":"<div class=\"fusion-fullwidth fullwidth-box fusion-builder-row-1 fusion-flex-container nonhundred-percent-fullwidth non-hundred-percent-height-scrolling\" style=\"--awb-background-position:left top;--awb-border-sizes-top:0px;--awb-border-sizes-bottom:0px;--awb-border-sizes-left:0px;--awb-border-sizes-right:0px;--awb-border-radius-top-left:0px;--awb-border-radius-top-right:0px;--awb-border-radius-bottom-right:0px;--awb-border-radius-bottom-left:0px;--awb-padding-top:20px;--awb-padding-bottom:20px;--awb-flex-wrap:wrap;\" ><div class=\"fusion-builder-row fusion-row fusion-flex-align-items-flex-start fusion-flex-content-wrap\" style=\"max-width:1216.8px;margin-left: calc(-4% \/ 2 );margin-right: calc(-4% \/ 2 );\"><div class=\"fusion-layout-column fusion_builder_column fusion-builder-column-0 fusion_builder_column_2_5 2_5 fusion-flex-column\" style=\"--awb-bg-size:cover;--awb-width-large:40%;--awb-margin-top-large:0px;--awb-spacing-right-large:3.84%;--awb-margin-bottom-large:20px;--awb-spacing-left-large:4.8%;--awb-width-medium:40%;--awb-spacing-right-medium:3.84%;--awb-spacing-left-medium:4.8%;--awb-width-small:100%;--awb-spacing-right-small:1.92%;--awb-spacing-left-small:1.92%;\"><div class=\"fusion-column-wrapper fusion-flex-justify-content-flex-start fusion-content-layout-column\"><div class=\"fusion-title title fusion-title-1 fusion-sep-none fusion-title-text fusion-title-size-one\"><h1 class=\"fusion-title-heading title-heading-left\" style=\"margin:0;\">eMatrix<\/h1><\/div><div class=\"fusion-text fusion-text-1\"><h3>Kompletn\u00e1 sublat\u00edvna rejuveniz\u00e1cia frak\u010dnou r\u00e1diofrekvenciou<\/h3>\n<ul>\n<li>jednoduch\u00e1 obsluha s vynikaj\u00facimi v\u00fdsledkami z\u00e1krokov<\/li>\n<li>3 typy z\u00e1krokov &#8211; programy A, B a C<\/li>\n<li>koncovka so stopou 12 x 12 mm<\/li>\n<li>64 nebo 144 mikro st\u00f4p<\/li>\n<li>max. energie 64 mJ \/ pin<\/li>\n<li>prenosn\u00fd syst\u00e9m s ovl\u00e1dan\u00edm dotykov\u00fdm LCD displejom<\/li>\n<li>hmotnos\u0165 syst\u00e9mu 8,5 kg<\/li>\n<li>aplik\u00e1cie:\n<ul>\n<li>vr\u00e1sky<\/li>\n<li>jazvi\u010dky po akn\u00e9<\/li>\n<li>nerovnomernos\u0165 text\u00fary pleti<\/li>\n<li>pov\u00e4dla poko\u017eka<\/li>\n<\/ul>\n<\/li>\n<\/ul>\n<\/div><div class=\"fusion-reading-box-container reading-box-container-1\" style=\"--awb-title-color:var(--awb-color8);--awb-margin-top:0px;--awb-margin-bottom:20px;\"><div class=\"reading-box\" style=\"background-color:var(--awb-color2);border-width:1px;border-color:rgba(226,226,226,0);border-top-width:3px;border-top-color:var(--primary_color);border-style:solid;\"><div class=\"reading-box-additional\">\n<h3>SelectPulse &#8211; nastavenie optim\u00e1lnych parametrov pre jednotliv\u00e9 typy z\u00e1krokov<\/h3>\n<p style=\"text-align: justify;\">V priebehu o\u0161etrenia pr\u00edstrojom eMatrix je ka\u017ed\u00fdm pulzom r\u00e1diofrekven\u010dnej energie vytvoren\u00e1 v poko\u017eke a ko\u017enej vrstve mrie\u017eka tepeln\u00fdch bodov s nastavite\u013enou intenzitou a h\u013abkou. Neporu\u0161en\u00e9 okolit\u00e9 tkanivo ur\u00fdch\u013euje hojenie. V zrovnan\u00ed s frak\u010dn\u00fdm laserom je minim\u00e1lne po\u0161koden\u00e1 poko\u017eka.<\/p>\n<\/div><div class=\"fusion-clearfix\"><\/div><\/div><\/div><\/div><\/div><div class=\"fusion-layout-column fusion_builder_column fusion-builder-column-1 fusion_builder_column_3_5 3_5 fusion-flex-column\" style=\"--awb-bg-size:cover;--awb-width-large:60%;--awb-margin-top-large:0px;--awb-spacing-right-large:3.2%;--awb-margin-bottom-large:20px;--awb-spacing-left-large:3.84%;--awb-width-medium:60%;--awb-spacing-right-medium:3.2%;--awb-spacing-left-medium:3.84%;--awb-width-small:100%;--awb-spacing-right-small:1.92%;--awb-spacing-left-small:1.92%;\"><div class=\"fusion-column-wrapper fusion-flex-justify-content-flex-start fusion-content-layout-column\"><div class=\"fusion-image-element \" style=\"text-align:center;--awb-caption-title-font-family:var(--h2_typography-font-family);--awb-caption-title-font-weight:var(--h2_typography-font-weight);--awb-caption-title-font-style:var(--h2_typography-font-style);--awb-caption-title-size:var(--h2_typography-font-size);--awb-caption-title-transform:var(--h2_typography-text-transform);--awb-caption-title-line-height:var(--h2_typography-line-height);--awb-caption-title-letter-spacing:var(--h2_typography-letter-spacing);\"><span class=\" fusion-imageframe imageframe-none imageframe-1 hover-type-none\"><img decoding=\"async\" width=\"190\" height=\"143\" alt=\"eMatrix\" title=\"Syneron eMatrix\" src=\"https:\/\/www.felymalaser.sk\/wp-content\/uploads\/2017\/02\/Syneron-ematrix.jpg\" class=\"img-responsive wp-image-13365\"\/><\/span><\/div><div class=\"fusion-separator fusion-full-width-sep\" style=\"align-self: center;margin-left: auto;margin-right: auto;margin-top:10px;width:100%;\"><\/div><div class=\"fusion-text fusion-text-2\"><p style=\"text-align: center;\"><img decoding=\"async\" class=\"size-full wp-image-13062 aligncenter\" src=\"https:\/\/www.felymalaser.sk\/wp-content\/uploads\/2017\/02\/pdf.png\" alt=\"\" width=\"32\" height=\"32\" \/><a href=\"https:\/\/www.felymalaser.sk\/wp-content\/uploads\/2017\/SyneronEmatrix.pdf\" target=\"_blank\" rel=\"noopener\">Syneron eMatrix<\/a><\/p>\n<p style=\"text-align: center;\"><a href=\"https:\/\/www.felymalaser.sk\/wp-content\/uploads\/2017\/ematrix_estetika.pdf\" target=\"_blank\" rel=\"noopener\">eMatrix Estetika<\/a><\/p>\n<\/div><div class=\"fusion-separator fusion-full-width-sep\" style=\"align-self: center;margin-left: auto;margin-right: auto;margin-top:30px;width:100%;\"><\/div><div class=\"fusion-image-element \" style=\"text-align:center;--awb-caption-title-font-family:var(--h2_typography-font-family);--awb-caption-title-font-weight:var(--h2_typography-font-weight);--awb-caption-title-font-style:var(--h2_typography-font-style);--awb-caption-title-size:var(--h2_typography-font-size);--awb-caption-title-transform:var(--h2_typography-text-transform);--awb-caption-title-line-height:var(--h2_typography-line-height);--awb-caption-title-letter-spacing:var(--h2_typography-letter-spacing);\"><span class=\" fusion-imageframe imageframe-none imageframe-2 hover-type-none\"><img decoding=\"async\" width=\"379\" height=\"263\" title=\"Syneron-ematrix-subablativevstraditional\" src=\"https:\/\/www.felymalaser.sk\/wp-content\/uploads\/2017\/02\/Syneron-ematrix-subablativevstraditional.jpg\" alt class=\"img-responsive wp-image-13366\" srcset=\"https:\/\/www.felymalaser.sk\/wp-content\/uploads\/2017\/02\/Syneron-ematrix-subablativevstraditional-200x139.jpg 200w, https:\/\/www.felymalaser.sk\/wp-content\/uploads\/2017\/02\/Syneron-ematrix-subablativevstraditional.jpg 379w\" sizes=\"(max-width: 640px) 100vw, 379px\" \/><\/span><\/div><div class=\"fusion-separator fusion-full-width-sep\" style=\"align-self: center;margin-left: auto;margin-right: auto;margin-top:50px;width:100%;\"><\/div><div class=\"fusion-image-element \" style=\"text-align:center;--awb-caption-title-font-family:var(--h2_typography-font-family);--awb-caption-title-font-weight:var(--h2_typography-font-weight);--awb-caption-title-font-style:var(--h2_typography-font-style);--awb-caption-title-size:var(--h2_typography-font-size);--awb-caption-title-transform:var(--h2_typography-text-transform);--awb-caption-title-line-height:var(--h2_typography-line-height);--awb-caption-title-letter-spacing:var(--h2_typography-letter-spacing);\"><span class=\" fusion-imageframe imageframe-none imageframe-3 hover-type-none\"><img decoding=\"async\" width=\"500\" height=\"147\" title=\"Syneron-ematrix-programyabc\" src=\"https:\/\/www.felymalaser.sk\/wp-content\/uploads\/2017\/02\/Syneron-ematrix-programyabc.jpg\" alt class=\"img-responsive wp-image-13391\" srcset=\"https:\/\/www.felymalaser.sk\/wp-content\/uploads\/2017\/02\/Syneron-ematrix-programyabc-200x59.jpg 200w, https:\/\/www.felymalaser.sk\/wp-content\/uploads\/2017\/02\/Syneron-ematrix-programyabc-400x118.jpg 400w, https:\/\/www.felymalaser.sk\/wp-content\/uploads\/2017\/02\/Syneron-ematrix-programyabc.jpg 500w\" sizes=\"(max-width: 640px) 100vw, 500px\" \/><\/span><\/div><\/div><\/div><\/div><\/div>\n","protected":false},"excerpt":{"rendered":"","protected":false},"author":1,"featured_media":0,"parent":12990,"menu_order":0,"comment_status":"closed","ping_status":"closed","template":"","meta":{"footnotes":""},"class_list":["post-13364","page","type-page","status-publish","hentry"],"_links":{"self":[{"href":"https:\/\/www.felymalaser.sk\/index.php\/wp-json\/wp\/v2\/pages\/13364","targetHints":{"allow":["GET"]}}],"collection":[{"href":"https:\/\/www.felymalaser.sk\/index.php\/wp-json\/wp\/v2\/pages"}],"about":[{"href":"https:\/\/www.felymalaser.sk\/index.php\/wp-json\/wp\/v2\/types\/page"}],"author":[{"embeddable":true,"href":"https:\/\/www.felymalaser.sk\/index.php\/wp-json\/wp\/v2\/users\/1"}],"replies":[{"embeddable":true,"href":"https:\/\/www.felymalaser.sk\/index.php\/wp-json\/wp\/v2\/comments?post=13364"}],"version-history":[{"count":24,"href":"https:\/\/www.felymalaser.sk\/index.php\/wp-json\/wp\/v2\/pages\/13364\/revisions"}],"predecessor-version":[{"id":15042,"href":"https:\/\/www.felymalaser.sk\/index.php\/wp-json\/wp\/v2\/pages\/13364\/revisions\/15042"}],"up":[{"embeddable":true,"href":"https:\/\/www.felymalaser.sk\/index.php\/wp-json\/wp\/v2\/pages\/12990"}],"wp:attachment":[{"href":"https:\/\/www.felymalaser.sk\/index.php\/wp-json\/wp\/v2\/media?parent=13364"}],"curies":[{"name":"wp","href":"https:\/\/api.w.org\/{rel}","templated":true}]}}