{"id":13342,"date":"2017-02-14T17:22:05","date_gmt":"2017-02-14T16:22:05","guid":{"rendered":"http:\/\/www.felymalaser.sk\/?page_id=13342"},"modified":"2022-04-07T09:18:25","modified_gmt":"2022-04-07T07:18:25","slug":"tulip-tip-vlakno","status":"publish","type":"page","link":"https:\/\/www.felymalaser.sk\/index.php\/produkty\/laserove-vlakna\/tulip-tip-vlakno\/","title":{"rendered":"Tulip &#8211; tip vl\u00e1kno"},"content":{"rendered":"<div class=\"fusion-fullwidth fullwidth-box fusion-builder-row-1 fusion-flex-container nonhundred-percent-fullwidth non-hundred-percent-height-scrolling\" style=\"--awb-background-position:left top;--awb-border-radius-top-left:0px;--awb-border-radius-top-right:0px;--awb-border-radius-bottom-right:0px;--awb-border-radius-bottom-left:0px;--awb-padding-top:20px;--awb-padding-bottom:20px;--awb-border-sizes-top:0px;--awb-border-sizes-bottom:0px;--awb-flex-wrap:wrap;\" ><div class=\"fusion-builder-row fusion-row fusion-flex-align-items-flex-start fusion-flex-content-wrap\" style=\"max-width:1216.8px;margin-left: calc(-4% \/ 2 );margin-right: calc(-4% \/ 2 );\"><div class=\"fusion-layout-column fusion_builder_column fusion-builder-column-0 fusion_builder_column_3_4 3_4 fusion-flex-column\" style=\"--awb-bg-size:cover;--awb-width-large:75%;--awb-margin-top-large:0px;--awb-spacing-right-large:3.84%;--awb-margin-bottom-large:20px;--awb-spacing-left-large:2.56%;--awb-width-medium:75%;--awb-spacing-right-medium:3.84%;--awb-spacing-left-medium:2.56%;--awb-width-small:100%;--awb-spacing-right-small:1.92%;--awb-spacing-left-small:1.92%;\"><div class=\"fusion-column-wrapper fusion-flex-justify-content-flex-start fusion-content-layout-column\"><div class=\"fusion-text fusion-text-1\"><p style=\"text-align: justify;\"><strong>Prv\u00e1 gener\u00e1cia endoven\u00f3znej laserovej abl\u00e1cie EVLA <\/strong>pou\u017e\u00edva tenk\u00e9 vl\u00e1kna s lasermi s vlnovou d\u013a\u017ekou 810 nm. Hoci pou\u017e\u00edvanie t\u00fdchto vl\u00e1kien a laserov je relat\u00edvne, jednou z ich nev\u00fdhod je priamy kontakt pr\u00edli\u0161 hor\u00faceho konca vl\u00e1kna a steny v\u00e9ny. Uveden\u00fd priamy kontakt sp\u00f4sobuje nerovnomern\u00fa de\u0161trukciu \u017eilovej steny s ulcer\u00e1ciou, perfor\u00e1ciu v\u00e9ny a de\u0161trukciu periven\u00f3zneho tkaniva. Perfor\u00e1cia v\u00e9ny je spojen\u00e1 s poopera\u010dnou ekchym\u00f3zou. De\u0161trukcia periven\u00f3zneho tkaniva sp\u00f4sobuje poopera\u010dn\u00e9 z\u00e1palov\u00e9 reakcie a bolesti. Vlnov\u00e1 d\u013a\u017eka 810 nm p\u00f4sob\u00ed na hemoglob\u00edn. V\u00fdsledkom je prebytok karbonizovanej krvi vo v\u00e9ne , ktor\u00e1 sp\u00f4sobuje okrem in\u00e9ho pachu\u0165 v \u00fastnej dutine pacientov, nepriamy a nerovnomern\u00fd prenos tepla do \u017eilovej steny a s t\u00fdm spojen\u00e9 rizik\u00e1 rekanaliz\u00e1cie v\u00e9ny po EVLA.<\/p>\n<p><strong>Tretia gener\u00e1cia EVLA <\/strong>pou\u017e\u00edva centrovan\u00e9 bezkontaktn\u00e9 vl\u00e1kno Tulip-Tip (tvaru d\u00e1\u017ednika) a laser s vlnovou d\u013a\u017ekou 1470 nm, ktor\u00e1 p\u00f4sob\u00ed na molekuly vody. Tulip-Tip zabra\u0148uje kontaktu hor\u00faceho konca vl\u00e1kna a cievnej steny, centruje koniec vl\u00e1kna v lumene v\u00e9ny, \u010d\u00edm predch\u00e1dza perfor\u00e1ci\u00e1m a zabezpe\u010duje homog\u00e9nny \u00fa\u010dinok na cievnu stenu. Laser s vlnovou d\u013a\u017ekou 1470 nm p\u00f4sob\u00ed na molekuly vody v cievnej stene , nie na hemoglob\u00edn. Vlnov\u00e1 d\u013a\u017eka 1470 nm je 1500 n\u00e1sobne viac absorbovan\u00e1 vodou ako vlnov\u00e1 d\u013a\u017eka 810 nm. Pou\u017eit\u00edm Tulip-Tip vl\u00e1kna a lasera s vlnovou d\u013a\u017ekou 1470 nm docielime ve\u013emi efekt\u00edvnu lie\u010dbu s men\u0161ou poopera\u010dnou boles\u0165ou, ve\u013emi malou ekchym\u00f3zou, bez pachute v \u00fastach pacienta so spo\u013eahlivej\u0161\u00edm uz\u00e1verom v\u00e9ny<\/p>\n<p><strong>\u0160pecifik\u00e1cia EVLA sady:<\/strong><br \/>\nVl\u00e1kno: 3m, 600\u00b5m, s Tulip-Tip<br \/>\nKat\u00e9ter: 6,8Fr s dilat\u00e1torom, 70cm, s cm mierkou<br \/>\nSprievodn\u00fd vodi\u010d: 1,5m, 0,035 palca, potiahnut\u00fd J-tip a rovn\u00fd koniec<br \/>\nIhla: 18G, 7cm<\/p>\n<p><strong>\u0160pecifik\u00e1cia laseru:<\/strong><br \/>\nVlnov\u00e1 dl\u017eka: 1470 nm<br \/>\nV\u00fdkon (nomin\u00e1lny): 12w<br \/>\nZameriavac\u00ed l\u00fa\u010d: \u010derven\u00fd, prisp\u00f4sobite\u013en\u00fd<br \/>\nElektrick\u00e9 po\u017eiadavky: 100-240V AC; jedna f\u00e1za;<br \/>\n50-60hz; 3A; 300VA<\/p>\n<\/div><\/div><\/div><div class=\"fusion-layout-column fusion_builder_column fusion-builder-column-1 fusion_builder_column_1_4 1_4 fusion-flex-column\" style=\"--awb-bg-size:cover;--awb-width-large:25%;--awb-margin-top-large:0px;--awb-spacing-right-large:7.68%;--awb-margin-bottom-large:20px;--awb-spacing-left-large:3.84%;--awb-width-medium:25%;--awb-spacing-right-medium:7.68%;--awb-spacing-left-medium:3.84%;--awb-width-small:100%;--awb-spacing-right-small:1.92%;--awb-spacing-left-small:1.92%;\"><div class=\"fusion-column-wrapper fusion-flex-justify-content-flex-start fusion-content-layout-column\"><div class=\"fusion-image-element \" style=\"text-align:center;--awb-caption-title-font-family:var(--h2_typography-font-family);--awb-caption-title-font-weight:var(--h2_typography-font-weight);--awb-caption-title-font-style:var(--h2_typography-font-style);--awb-caption-title-size:var(--h2_typography-font-size);--awb-caption-title-transform:var(--h2_typography-text-transform);--awb-caption-title-line-height:var(--h2_typography-line-height);--awb-caption-title-letter-spacing:var(--h2_typography-letter-spacing);\"><span class=\" fusion-imageframe imageframe-none imageframe-1 hover-type-none\"><img decoding=\"async\" width=\"249\" height=\"355\" title=\"tultip02\" src=\"https:\/\/www.felymalaser.sk\/wp-content\/uploads\/2017\/02\/tultip02.png\" alt class=\"img-responsive wp-image-13343\" srcset=\"https:\/\/www.felymalaser.sk\/wp-content\/uploads\/2017\/02\/tultip02-200x285.png 200w, https:\/\/www.felymalaser.sk\/wp-content\/uploads\/2017\/02\/tultip02.png 249w\" sizes=\"(max-width: 640px) 100vw, 249px\" \/><\/span><\/div><div class=\"fusion-text fusion-text-2\"><p><img decoding=\"async\" class=\"aligncenter size-full wp-image-13062\" src=\"https:\/\/www.felymalaser.sk\/wp-content\/uploads\/2017\/02\/pdf.png\" alt=\"\" width=\"32\" height=\"32\" \/><\/p>\n<p style=\"text-align: center;\"><a href=\"https:\/\/www.felymalaser.sk\/wp-content\/uploads\/2017\/tulip.pdf\" target=\"_blank\" rel=\"noopener\">Tulip-tip vl\u00e1kno<\/a><\/p>\n<p style=\"text-align: center;\"><a href=\"https:\/\/www.felymalaser.sk\/wp-content\/uploads\/2017\/2009TulipV1.pdf\" target=\"_blank\" rel=\"noopener\">2009-12IFU Tulip V1<\/a><\/p>\n<\/div><\/div><\/div><\/div><\/div>\n","protected":false},"excerpt":{"rendered":"","protected":false},"author":1,"featured_media":0,"parent":12998,"menu_order":0,"comment_status":"closed","ping_status":"closed","template":"","meta":{"footnotes":""},"class_list":["post-13342","page","type-page","status-publish","hentry"],"_links":{"self":[{"href":"https:\/\/www.felymalaser.sk\/index.php\/wp-json\/wp\/v2\/pages\/13342","targetHints":{"allow":["GET"]}}],"collection":[{"href":"https:\/\/www.felymalaser.sk\/index.php\/wp-json\/wp\/v2\/pages"}],"about":[{"href":"https:\/\/www.felymalaser.sk\/index.php\/wp-json\/wp\/v2\/types\/page"}],"author":[{"embeddable":true,"href":"https:\/\/www.felymalaser.sk\/index.php\/wp-json\/wp\/v2\/users\/1"}],"replies":[{"embeddable":true,"href":"https:\/\/www.felymalaser.sk\/index.php\/wp-json\/wp\/v2\/comments?post=13342"}],"version-history":[{"count":2,"href":"https:\/\/www.felymalaser.sk\/index.php\/wp-json\/wp\/v2\/pages\/13342\/revisions"}],"predecessor-version":[{"id":14947,"href":"https:\/\/www.felymalaser.sk\/index.php\/wp-json\/wp\/v2\/pages\/13342\/revisions\/14947"}],"up":[{"embeddable":true,"href":"https:\/\/www.felymalaser.sk\/index.php\/wp-json\/wp\/v2\/pages\/12998"}],"wp:attachment":[{"href":"https:\/\/www.felymalaser.sk\/index.php\/wp-json\/wp\/v2\/media?parent=13342"}],"curies":[{"name":"wp","href":"https:\/\/api.w.org\/{rel}","templated":true}]}}