{"id":13304,"date":"2017-02-14T16:32:56","date_gmt":"2017-02-14T15:32:56","guid":{"rendered":"http:\/\/www.felymalaser.sk\/?page_id=13304"},"modified":"2022-04-07T09:18:29","modified_gmt":"2022-04-07T07:18:29","slug":"youlaser-co2","status":"publish","type":"page","link":"https:\/\/www.felymalaser.sk\/index.php\/produkty\/laserova-technika\/quanta\/youlaser-co2\/","title":{"rendered":"YouLaser CO2"},"content":{"rendered":"<div class=\"fusion-fullwidth fullwidth-box fusion-builder-row-1 fusion-flex-container nonhundred-percent-fullwidth non-hundred-percent-height-scrolling\" style=\"--awb-background-position:left top;--awb-border-radius-top-left:0px;--awb-border-radius-top-right:0px;--awb-border-radius-bottom-right:0px;--awb-border-radius-bottom-left:0px;--awb-padding-top:20px;--awb-padding-bottom:20px;--awb-border-sizes-top:0px;--awb-border-sizes-bottom:0px;--awb-flex-wrap:wrap;\" ><div class=\"fusion-builder-row fusion-row fusion-flex-align-items-flex-start fusion-flex-content-wrap\" style=\"max-width:1216.8px;margin-left: calc(-4% \/ 2 );margin-right: calc(-4% \/ 2 );\"><div class=\"fusion-layout-column fusion_builder_column fusion-builder-column-0 fusion_builder_column_2_3 2_3 fusion-flex-column\" style=\"--awb-bg-size:cover;--awb-width-large:66.666666666667%;--awb-margin-top-large:0px;--awb-spacing-right-large:3.84%;--awb-margin-bottom-large:20px;--awb-spacing-left-large:2.88%;--awb-width-medium:66.666666666667%;--awb-spacing-right-medium:3.84%;--awb-spacing-left-medium:2.88%;--awb-width-small:100%;--awb-spacing-right-small:1.92%;--awb-spacing-left-small:1.92%;\"><div class=\"fusion-column-wrapper fusion-flex-justify-content-flex-start fusion-content-layout-column\"><div class=\"fusion-text fusion-text-1\"><h3>CO2 frak\u010dn\u00fd laser<\/h3>\n<ul>\n<li>CO2 laser &#8211; 10600 nm<\/li>\n<li>maxim\u00e1lny v\u00fdkon 30 W<\/li>\n<li>d\u013a\u017eka pulzov 50 &#8211; 20.000 us<\/li>\n<li>priemerom stopy laseru pri skenovan\u00ed 0,2 mm<\/li>\n<li>maxim\u00e1lna ve\u013ekos\u0165 skenu od 21&#215;21 mm<\/li>\n<li>3 tvary, ve\u013ekosti a hustoty pokrytia skenovanej oblasti\n<ul>\n<li>redukcia a odstr\u00e1nenie vr\u00e1sok v\u0161etk\u00fdch stup\u0148ov<\/li>\n<li>hyperpigmentacia<\/li>\n<li>jazvy vr\u00e1tane jazvi\u010diek po akn\u00e9<\/li>\n<li>vypnutie poko\u017eky<\/li>\n<li>zlep\u0161en\u00ed text\u00fary pleti<\/li>\n<li>obnova produkcie kolag\u00e9nu<\/li>\n<\/ul>\n<\/li>\n<\/ul>\n<\/div><\/div><\/div><div class=\"fusion-layout-column fusion_builder_column fusion-builder-column-1 fusion_builder_column_1_3 1_3 fusion-flex-column\" style=\"--awb-bg-size:cover;--awb-width-large:33.333333333333%;--awb-margin-top-large:0px;--awb-spacing-right-large:5.76%;--awb-margin-bottom-large:20px;--awb-spacing-left-large:3.8399999999999%;--awb-width-medium:33.333333333333%;--awb-spacing-right-medium:5.76%;--awb-spacing-left-medium:3.8399999999999%;--awb-width-small:100%;--awb-spacing-right-small:1.92%;--awb-spacing-left-small:1.92%;\"><div class=\"fusion-column-wrapper fusion-flex-justify-content-flex-start fusion-content-layout-column\"><div class=\"fusion-image-element \" style=\"text-align:center;--awb-caption-title-font-family:var(--h2_typography-font-family);--awb-caption-title-font-weight:var(--h2_typography-font-weight);--awb-caption-title-font-style:var(--h2_typography-font-style);--awb-caption-title-size:var(--h2_typography-font-size);--awb-caption-title-transform:var(--h2_typography-text-transform);--awb-caption-title-line-height:var(--h2_typography-line-height);--awb-caption-title-letter-spacing:var(--h2_typography-letter-spacing);\"><span class=\" fusion-imageframe imageframe-none imageframe-1 hover-type-none\"><a href=\"https:\/\/www.felymalaser.sk\/wp-content\/uploads\/2017\/02\/Quanta-youlaser.jpg\" class=\"fusion-lightbox\" data-rel=\"iLightbox[e45a6ecd3de822d2d45]\" data-caption=\"Quanta Youlaser CO2 \" data-title=\"Quanta Youlaser CO2 &#8211; frak\u010dn\u00fd laser\" title=\"Quanta Youlaser CO2 &#8211; frak\u010dn\u00fd laser\"><img decoding=\"async\" width=\"148\" height=\"357\" alt=\"Quanta Youlaser CO2\" src=\"https:\/\/www.felymalaser.sk\/wp-content\/uploads\/2017\/02\/Quanta-youlaser.jpg\" class=\"img-responsive wp-image-13305\" srcset=\"https:\/\/www.felymalaser.sk\/wp-content\/uploads\/2017\/02\/Quanta-youlaser-124x300.jpg 124w, https:\/\/www.felymalaser.sk\/wp-content\/uploads\/2017\/02\/Quanta-youlaser.jpg 148w\" sizes=\"(max-width: 148px) 100vw, 148px\" \/><\/a><\/span><\/div><div class=\"fusion-text fusion-text-2\"><p style=\"text-align: center;\"><img decoding=\"async\" class=\"aligncenter size-full wp-image-13062\" src=\"https:\/\/www.felymalaser.sk\/wp-content\/uploads\/2017\/02\/pdf.png\" alt=\"\" width=\"32\" height=\"32\" \/><\/p>\n<p style=\"text-align: center;\"><a href=\"https:\/\/www.felymalaser.sk\/wp-content\/uploads\/2017\/QuantaYouLaserCO2.pdf\" target=\"_blank\" rel=\"noopener\">Quanta YouLaser CO2<\/a><\/p>\n<\/div><\/div><\/div><\/div><\/div>\n","protected":false},"excerpt":{"rendered":"","protected":false},"author":1,"featured_media":0,"parent":13015,"menu_order":0,"comment_status":"closed","ping_status":"closed","template":"","meta":{"footnotes":""},"class_list":["post-13304","page","type-page","status-publish","hentry"],"_links":{"self":[{"href":"https:\/\/www.felymalaser.sk\/index.php\/wp-json\/wp\/v2\/pages\/13304","targetHints":{"allow":["GET"]}}],"collection":[{"href":"https:\/\/www.felymalaser.sk\/index.php\/wp-json\/wp\/v2\/pages"}],"about":[{"href":"https:\/\/www.felymalaser.sk\/index.php\/wp-json\/wp\/v2\/types\/page"}],"author":[{"embeddable":true,"href":"https:\/\/www.felymalaser.sk\/index.php\/wp-json\/wp\/v2\/users\/1"}],"replies":[{"embeddable":true,"href":"https:\/\/www.felymalaser.sk\/index.php\/wp-json\/wp\/v2\/comments?post=13304"}],"version-history":[{"count":3,"href":"https:\/\/www.felymalaser.sk\/index.php\/wp-json\/wp\/v2\/pages\/13304\/revisions"}],"predecessor-version":[{"id":14956,"href":"https:\/\/www.felymalaser.sk\/index.php\/wp-json\/wp\/v2\/pages\/13304\/revisions\/14956"}],"up":[{"embeddable":true,"href":"https:\/\/www.felymalaser.sk\/index.php\/wp-json\/wp\/v2\/pages\/13015"}],"wp:attachment":[{"href":"https:\/\/www.felymalaser.sk\/index.php\/wp-json\/wp\/v2\/media?parent=13304"}],"curies":[{"name":"wp","href":"https:\/\/api.w.org\/{rel}","templated":true}]}}