{"id":13038,"date":"2017-02-13T11:29:38","date_gmt":"2017-02-13T10:29:38","guid":{"rendered":"http:\/\/www.felymalaser.sk\/?page_id=13038"},"modified":"2022-04-07T09:18:33","modified_gmt":"2022-04-07T07:18:33","slug":"core","status":"publish","type":"page","link":"https:\/\/www.felymalaser.sk\/index.php\/produkty\/laserova-technika\/candela\/core\/","title":{"rendered":"CO2RE"},"content":{"rendered":"<p><div class=\"fusion-fullwidth fullwidth-box fusion-builder-row-1 fusion-flex-container nonhundred-percent-fullwidth non-hundred-percent-height-scrolling\" style=\"--awb-background-position:left top;--awb-border-radius-top-left:0px;--awb-border-radius-top-right:0px;--awb-border-radius-bottom-right:0px;--awb-border-radius-bottom-left:0px;--awb-padding-top:20px;--awb-padding-bottom:20px;--awb-border-sizes-top:0px;--awb-border-sizes-bottom:0px;--awb-flex-wrap:wrap;\" ><div class=\"fusion-builder-row fusion-row fusion-flex-align-items-flex-start fusion-flex-content-wrap\" style=\"max-width:1216.8px;margin-left: calc(-4% \/ 2 );margin-right: calc(-4% \/ 2 );\"><div class=\"fusion-layout-column fusion_builder_column fusion-builder-column-0 fusion_builder_column_2_3 2_3 fusion-flex-column\" style=\"--awb-bg-size:cover;--awb-width-large:66.666666666667%;--awb-margin-top-large:0px;--awb-spacing-right-large:3.84%;--awb-margin-bottom-large:20px;--awb-spacing-left-large:2.88%;--awb-width-medium:66.666666666667%;--awb-spacing-right-medium:3.84%;--awb-spacing-left-medium:2.88%;--awb-width-small:100%;--awb-spacing-right-small:1.92%;--awb-spacing-left-small:1.92%;\"><div class=\"fusion-column-wrapper fusion-flex-justify-content-flex-start fusion-content-layout-column\"><div class=\"fusion-text fusion-text-1\"><h3>V\u0161estrann\u00fd frak\u010dn\u00fd CO<sub>2<\/sub> laser s r\u00fdchlymi digit\u00e1lnymi skenermi<\/h3>\n<ul>\n<li>CO<sub>2<\/sub> laser vlnov\u00e9 d\u013a\u017eky 10600 nm<\/li>\n<li>maxim\u00e1lny v\u00fdkon 60 W<\/li>\n<li>nastavite\u013en\u00e1 energia pulzu 1 &#8211; 90 mJ<\/li>\n<li>koncovka s priemerom stopy 0,15 mm (volite\u013en\u00e9 0,12 a 0,19 mm)<\/li>\n<li>prv\u00fd laser s ultra\u013eahk\u00fdm ramenom so skenermi zabudovan\u00fdmi v hlave laseru<\/li>\n<li>r\u00fdchla zmena parametrov l\u00fa\u010da behom z\u00e1kroku dovo\u013euje zasahova\u0165 r\u00f4zne \u010dasti obrazca skenu do rozdielnej h\u013abky tkane<\/li>\n<li>vo\u013eby typu z\u00e1kroku &#8211; 4 frak\u010dn\u00e9 ablat\u00edvne, 2 rezacie s definovan\u00fdm rezom a mo\u017enos\u0165 pr\u00e1ce z vo\u013enej ruky<\/li>\n<\/ul>\n<p>Aplik\u00e1cie:<\/p>\n<ul>\n<li>skin resurfacing<\/li>\n<li>redukcia a odstr\u00e1nenie vr\u00e1sok v\u0161etk\u00fdch stup\u0148ov<\/li>\n<li>hyperpigmentacia<\/li>\n<li>jazvy vr\u00e1tane jazvi\u010diek po akn\u00e9<\/li>\n<li>vypnutie poko\u017eky<\/li>\n<li>zlep\u0161enie text\u00fary pleti<\/li>\n<li>obnova produkcie kolag\u00e9nu<\/li>\n<li>men\u0161ie ko\u017en\u00e9 exc\u00edzie<\/li>\n<\/ul>\n<\/div><\/div><\/div><div class=\"fusion-layout-column fusion_builder_column fusion-builder-column-1 fusion_builder_column_1_3 1_3 fusion-flex-column\" style=\"--awb-bg-size:cover;--awb-width-large:33.333333333333%;--awb-margin-top-large:0px;--awb-spacing-right-large:5.76%;--awb-margin-bottom-large:20px;--awb-spacing-left-large:3.8399999999999%;--awb-width-medium:33.333333333333%;--awb-spacing-right-medium:5.76%;--awb-spacing-left-medium:3.8399999999999%;--awb-width-small:100%;--awb-spacing-right-small:1.92%;--awb-spacing-left-small:1.92%;\"><div class=\"fusion-column-wrapper fusion-flex-justify-content-flex-start fusion-content-layout-column\"><div class=\"fusion-image-element \" style=\"text-align:center;--awb-caption-title-font-family:var(--h2_typography-font-family);--awb-caption-title-font-weight:var(--h2_typography-font-weight);--awb-caption-title-font-style:var(--h2_typography-font-style);--awb-caption-title-size:var(--h2_typography-font-size);--awb-caption-title-transform:var(--h2_typography-text-transform);--awb-caption-title-line-height:var(--h2_typography-line-height);--awb-caption-title-letter-spacing:var(--h2_typography-letter-spacing);\"><span class=\" fusion-imageframe imageframe-none imageframe-1 hover-type-zoomin\"><a href=\"https:\/\/www.felymalaser.sk\/wp-content\/uploads\/2017\/02\/Candela-core.jpg\" class=\"fusion-lightbox\" data-rel=\"iLightbox[7db7091d6258c4f6786]\" data-caption=\"co2re\" data-title=\"Candela Co2re &#8211; V\u0161estrann\u00fd frak\u010dn\u00fd CO2 laser\" title=\"Candela Co2re &#8211; V\u0161estrann\u00fd frak\u010dn\u00fd CO2 laser\"><img decoding=\"async\" width=\"100\" height=\"296\" alt=\"co2re\" src=\"https:\/\/www.felymalaser.sk\/wp-content\/uploads\/2017\/02\/Candela-core.jpg\" class=\"img-responsive wp-image-13076\"\/><\/a><\/span><\/div><div class=\"fusion-separator fusion-full-width-sep\" style=\"align-self: center;margin-left: auto;margin-right: auto;margin-top:20px;width:100%;\"><\/div><div class=\"fusion-text fusion-text-2\"><p><img decoding=\"async\" class=\"alignnone size-full wp-image-13062 aligncenter\" src=\"https:\/\/www.felymalaser.sk\/wp-content\/uploads\/2017\/02\/pdf.png\" alt=\"\" width=\"32\" height=\"32\" \/><\/p>\n<\/div><div class=\"fusion-separator fusion-full-width-sep\" style=\"align-self: center;margin-left: auto;margin-right: auto;margin-top:10px;width:100%;\"><\/div><div class=\"fusion-text fusion-text-3\"><p style=\"text-align: center;\"><a href=\"https:\/\/www.felymalaser.sk\/wp-content\/uploads\/2017\/CandelaCore.pdf\" target=\"_blank\" rel=\"noopener\">CandelaCore<\/a><\/p>\n<\/div><\/div><\/div><\/div><\/div><div class=\"fusion-fullwidth fullwidth-box fusion-builder-row-2 fusion-flex-container nonhundred-percent-fullwidth non-hundred-percent-height-scrolling\" style=\"--awb-background-position:left top;--awb-border-radius-top-left:0px;--awb-border-radius-top-right:0px;--awb-border-radius-bottom-right:0px;--awb-border-radius-bottom-left:0px;--awb-padding-top:20px;--awb-padding-bottom:20px;--awb-border-sizes-top:0px;--awb-border-sizes-bottom:0px;--awb-flex-wrap:wrap;\" ><div class=\"fusion-builder-row fusion-row fusion-flex-align-items-flex-start fusion-flex-content-wrap\" style=\"max-width:1216.8px;margin-left: calc(-4% \/ 2 );margin-right: calc(-4% \/ 2 );\"><div class=\"fusion-layout-column fusion_builder_column fusion-builder-column-2 fusion_builder_column_1_2 1_2 fusion-flex-column\" style=\"--awb-bg-size:cover;--awb-width-large:50%;--awb-margin-top-large:0px;--awb-spacing-right-large:3.84%;--awb-margin-bottom-large:20px;--awb-spacing-left-large:3.84%;--awb-width-medium:50%;--awb-spacing-right-medium:3.84%;--awb-spacing-left-medium:3.84%;--awb-width-small:100%;--awb-spacing-right-small:1.92%;--awb-spacing-left-small:1.92%;\"><div class=\"fusion-column-wrapper fusion-flex-justify-content-flex-start fusion-content-layout-column\"><div class=\"fusion-text fusion-text-4\"><h3>CO<sub>2<\/sub>RE inov\u00e1cia<\/h3>\n<p style=\"text-align: justify;\">CO<sub>2<\/sub>RE laser prich\u00e1dza so z\u00e1sadnou zmenou kon\u0161trukcie CO2 frak\u010dn\u00e9ho laseru. Skenery, ktor\u00e9 maj\u00fa be\u017en\u00e9 lasery v koncovke, boli premiestnen\u00e9 do hlavy laseru. Rameno laseru je v\u00fdrazne od\u013eah\u010den\u00e9, bez elektrick\u00fdch vodi\u010dov, koncovka kompaktn\u00e1 a ergonomick\u00e1. Robustn\u00e9 skenery s\u00fa digit\u00e1lne riaden\u00e9, ve\u013emi r\u00fdchle a prec\u00edzne &#8211; tak\u00e9 ak\u00e9 sa pou\u017e\u00edvaj\u00fa v priemyslov\u00fdch popisovac\u00edch laseroch. Ved\u013ea vysokej spo\u013eahlivosti t\u00e1to technol\u00f3gia umo\u017enila miesto jednoduchej siete bodov be\u017en\u00e9ho CO2 laseru vytv\u00e1ra\u0165 zlo\u017eit\u00e9 mikroobr\u00e1zky s premennou h\u013abkou prieniku laserov\u00e9ho l\u00fa\u010da do tkane. Interakt\u00edvny dotykov\u00fd displej ukazuje zasiahnutie jednotliv\u00fdch vrstiev tkane pre nastaven\u00fd re\u017eim pr\u00e1ce.<\/p>\n<\/div><div class=\"fusion-separator\" style=\"align-self: center;margin-left: auto;margin-right: auto;margin-top:20px;width:100%;max-width:50px;\"><div class=\"fusion-separator-border sep-single sep-solid\" style=\"--awb-height:20px;--awb-amount:20px;border-color:var(--awb-color3);border-top-width:1px;\"><\/div><\/div><div class=\"fusion-image-element \" style=\"text-align:center;--awb-caption-title-font-family:var(--h2_typography-font-family);--awb-caption-title-font-weight:var(--h2_typography-font-weight);--awb-caption-title-font-style:var(--h2_typography-font-style);--awb-caption-title-size:var(--h2_typography-font-size);--awb-caption-title-transform:var(--h2_typography-text-transform);--awb-caption-title-line-height:var(--h2_typography-line-height);--awb-caption-title-letter-spacing:var(--h2_typography-letter-spacing);\"><span class=\" fusion-imageframe imageframe-none imageframe-2 hover-type-zoomin\"><img decoding=\"async\" width=\"389\" height=\"119\" title=\"Candela-core-1\" src=\"https:\/\/www.felymalaser.sk\/wp-content\/uploads\/2017\/02\/Candela-core-1.jpg\" alt class=\"img-responsive wp-image-13256\" srcset=\"https:\/\/www.felymalaser.sk\/wp-content\/uploads\/2017\/02\/Candela-core-1-200x61.jpg 200w, https:\/\/www.felymalaser.sk\/wp-content\/uploads\/2017\/02\/Candela-core-1.jpg 389w\" sizes=\"(max-width: 640px) 100vw, 389px\" \/><\/span><\/div><div class=\"fusion-separator fusion-full-width-sep\" style=\"align-self: center;margin-left: auto;margin-right: auto;margin-top:20px;width:100%;\"><\/div><div class=\"fusion-image-element \" style=\"text-align:center;--awb-caption-title-font-family:var(--h2_typography-font-family);--awb-caption-title-font-weight:var(--h2_typography-font-weight);--awb-caption-title-font-style:var(--h2_typography-font-style);--awb-caption-title-size:var(--h2_typography-font-size);--awb-caption-title-transform:var(--h2_typography-text-transform);--awb-caption-title-line-height:var(--h2_typography-line-height);--awb-caption-title-letter-spacing:var(--h2_typography-letter-spacing);\"><span class=\" fusion-imageframe imageframe-none imageframe-3 hover-type-zoomin\"><img decoding=\"async\" width=\"388\" height=\"119\" title=\"Candela-core-3\" src=\"https:\/\/www.felymalaser.sk\/wp-content\/uploads\/2017\/02\/Candela-core-3.jpg\" alt class=\"img-responsive wp-image-13257\" srcset=\"https:\/\/www.felymalaser.sk\/wp-content\/uploads\/2017\/02\/Candela-core-3-200x61.jpg 200w, https:\/\/www.felymalaser.sk\/wp-content\/uploads\/2017\/02\/Candela-core-3.jpg 388w\" sizes=\"(max-width: 640px) 100vw, 388px\" \/><\/span><\/div><div class=\"fusion-separator fusion-full-width-sep\" style=\"align-self: center;margin-left: auto;margin-right: auto;margin-top:20px;width:100%;\"><\/div><div class=\"fusion-image-element \" style=\"text-align:center;--awb-caption-title-font-family:var(--h2_typography-font-family);--awb-caption-title-font-weight:var(--h2_typography-font-weight);--awb-caption-title-font-style:var(--h2_typography-font-style);--awb-caption-title-size:var(--h2_typography-font-size);--awb-caption-title-transform:var(--h2_typography-text-transform);--awb-caption-title-line-height:var(--h2_typography-line-height);--awb-caption-title-letter-spacing:var(--h2_typography-letter-spacing);\"><span class=\" fusion-imageframe imageframe-none imageframe-4 hover-type-zoomin\"><img decoding=\"async\" width=\"388\" height=\"119\" title=\"Candela-core-2\" src=\"https:\/\/www.felymalaser.sk\/wp-content\/uploads\/2017\/02\/Candela-core-2.jpg\" alt class=\"img-responsive wp-image-13258\" srcset=\"https:\/\/www.felymalaser.sk\/wp-content\/uploads\/2017\/02\/Candela-core-2-200x61.jpg 200w, https:\/\/www.felymalaser.sk\/wp-content\/uploads\/2017\/02\/Candela-core-2.jpg 388w\" sizes=\"(max-width: 640px) 100vw, 388px\" \/><\/span><\/div><\/div><\/div><div class=\"fusion-layout-column fusion_builder_column fusion-builder-column-3 fusion_builder_column_1_2 1_2 fusion-flex-column\" style=\"--awb-bg-size:cover;--awb-width-large:50%;--awb-margin-top-large:0px;--awb-spacing-right-large:3.84%;--awb-margin-bottom-large:20px;--awb-spacing-left-large:3.84%;--awb-width-medium:50%;--awb-spacing-right-medium:3.84%;--awb-spacing-left-medium:3.84%;--awb-width-small:100%;--awb-spacing-right-small:1.92%;--awb-spacing-left-small:1.92%;\"><div class=\"fusion-column-wrapper fusion-flex-justify-content-flex-start fusion-content-layout-column\"><div class=\"fusion-image-element \" style=\"--awb-caption-title-font-family:var(--h2_typography-font-family);--awb-caption-title-font-weight:var(--h2_typography-font-weight);--awb-caption-title-font-style:var(--h2_typography-font-style);--awb-caption-title-size:var(--h2_typography-font-size);--awb-caption-title-transform:var(--h2_typography-text-transform);--awb-caption-title-line-height:var(--h2_typography-line-height);--awb-caption-title-letter-spacing:var(--h2_typography-letter-spacing);\"><span class=\" fusion-imageframe imageframe-none imageframe-5 hover-type-zoomin\"><img decoding=\"async\" width=\"388\" height=\"416\" title=\"core_treat1\" src=\"https:\/\/www.felymalaser.sk\/wp-content\/uploads\/2017\/02\/core_treat1.jpg\" alt class=\"img-responsive wp-image-13082\" srcset=\"https:\/\/www.felymalaser.sk\/wp-content\/uploads\/2017\/02\/core_treat1-200x214.jpg 200w, https:\/\/www.felymalaser.sk\/wp-content\/uploads\/2017\/02\/core_treat1.jpg 388w\" sizes=\"(max-width: 640px) 100vw, 388px\" \/><\/span><\/div><div class=\"fusion-image-element \" style=\"--awb-caption-title-font-family:var(--h2_typography-font-family);--awb-caption-title-font-weight:var(--h2_typography-font-weight);--awb-caption-title-font-style:var(--h2_typography-font-style);--awb-caption-title-size:var(--h2_typography-font-size);--awb-caption-title-transform:var(--h2_typography-text-transform);--awb-caption-title-line-height:var(--h2_typography-line-height);--awb-caption-title-letter-spacing:var(--h2_typography-letter-spacing);\"><span class=\" fusion-imageframe imageframe-none imageframe-6 hover-type-zoomin\"><img decoding=\"async\" width=\"388\" height=\"415\" title=\"core_treat2\" src=\"https:\/\/www.felymalaser.sk\/wp-content\/uploads\/2017\/02\/core_treat2.jpg\" alt class=\"img-responsive wp-image-13083\" srcset=\"https:\/\/www.felymalaser.sk\/wp-content\/uploads\/2017\/02\/core_treat2-200x214.jpg 200w, https:\/\/www.felymalaser.sk\/wp-content\/uploads\/2017\/02\/core_treat2.jpg 388w\" sizes=\"(max-width: 640px) 100vw, 388px\" \/><\/span><\/div><\/div><\/div><\/div><\/div><\/p>\n","protected":false},"excerpt":{"rendered":"","protected":false},"author":1,"featured_media":0,"parent":13013,"menu_order":0,"comment_status":"closed","ping_status":"closed","template":"","meta":{"footnotes":""},"class_list":["post-13038","page","type-page","status-publish","hentry"],"_links":{"self":[{"href":"https:\/\/www.felymalaser.sk\/index.php\/wp-json\/wp\/v2\/pages\/13038","targetHints":{"allow":["GET"]}}],"collection":[{"href":"https:\/\/www.felymalaser.sk\/index.php\/wp-json\/wp\/v2\/pages"}],"about":[{"href":"https:\/\/www.felymalaser.sk\/index.php\/wp-json\/wp\/v2\/types\/page"}],"author":[{"embeddable":true,"href":"https:\/\/www.felymalaser.sk\/index.php\/wp-json\/wp\/v2\/users\/1"}],"replies":[{"embeddable":true,"href":"https:\/\/www.felymalaser.sk\/index.php\/wp-json\/wp\/v2\/comments?post=13038"}],"version-history":[{"count":39,"href":"https:\/\/www.felymalaser.sk\/index.php\/wp-json\/wp\/v2\/pages\/13038\/revisions"}],"predecessor-version":[{"id":14963,"href":"https:\/\/www.felymalaser.sk\/index.php\/wp-json\/wp\/v2\/pages\/13038\/revisions\/14963"}],"up":[{"embeddable":true,"href":"https:\/\/www.felymalaser.sk\/index.php\/wp-json\/wp\/v2\/pages\/13013"}],"wp:attachment":[{"href":"https:\/\/www.felymalaser.sk\/index.php\/wp-json\/wp\/v2\/media?parent=13038"}],"curies":[{"name":"wp","href":"https:\/\/api.w.org\/{rel}","templated":true}]}}