{"id":12980,"date":"2017-02-13T09:33:23","date_gmt":"2017-02-13T08:33:23","guid":{"rendered":"http:\/\/www.felymalaser.sk\/?page_id=12980"},"modified":"2025-02-19T15:07:02","modified_gmt":"2025-02-19T14:07:02","slug":"kontakt","status":"publish","type":"page","link":"https:\/\/www.felymalaser.sk\/index.php\/kontakt\/","title":{"rendered":"KONTAKT"},"content":{"rendered":"<div class=\"fusion-fullwidth fullwidth-box fusion-builder-row-1 fusion-flex-container nonhundred-percent-fullwidth non-hundred-percent-height-scrolling\" style=\"--awb-background-position:left top;--awb-border-sizes-top:0px;--awb-border-sizes-bottom:0px;--awb-border-sizes-left:0px;--awb-border-sizes-right:0px;--awb-border-radius-top-left:0px;--awb-border-radius-top-right:0px;--awb-border-radius-bottom-right:0px;--awb-border-radius-bottom-left:0px;--awb-padding-top:20px;--awb-padding-bottom:20px;--awb-flex-wrap:wrap;\" ><div class=\"fusion-builder-row fusion-row fusion-flex-align-items-flex-start fusion-flex-content-wrap\" style=\"max-width:1216.8px;margin-left: calc(-4% \/ 2 );margin-right: calc(-4% \/ 2 );\"><div class=\"fusion-layout-column fusion_builder_column fusion-builder-column-0 fusion_builder_column_1_2 1_2 fusion-flex-column\" style=\"--awb-bg-size:cover;--awb-width-large:50%;--awb-margin-top-large:0px;--awb-spacing-right-large:3.84%;--awb-margin-bottom-large:20px;--awb-spacing-left-large:3.84%;--awb-width-medium:50%;--awb-spacing-right-medium:3.84%;--awb-spacing-left-medium:3.84%;--awb-width-small:100%;--awb-spacing-right-small:1.92%;--awb-spacing-left-small:1.92%;\"><div class=\"fusion-column-wrapper fusion-flex-justify-content-flex-start fusion-content-layout-column\"><div class=\"fusion-text fusion-text-1\" style=\"--awb-text-transform:none;\"><h3><strong>FELYMA spol. s r.o.<\/strong><br \/>\nM. R. \u0160tef\u00e1nika 7845\/53<br \/>\n960 01 Zvolen<\/h3>\n<p><strong>I\u010cO: <\/strong>360 47 996<br \/>\n<strong>DI\u010c: <\/strong>2020069656<br \/>\n<strong>I\u010c DPH: <\/strong>SK2020069656<\/p>\n<p style=\"text-align: justify;\">Spolo\u010dnos\u0165 zap\u00edsan\u00e1 v Obchodnom registri Okresn\u00e9ho s\u00fadu Bansk\u00e1 Bystrica, vl. \u010d. 7074\/S<\/p>\n<p style=\"text-align: justify;\">Tel.\/Fax: +421 45 5321 685<br \/>\nE-mail: <a href=\"mailto:felyma@felymalaser.sk\">felyma@felymalaser.sk<\/a><\/p>\n<\/div><div class=\"fusion-title title fusion-title-1 fusion-sep-none fusion-title-text fusion-title-size-two\"><h2 class=\"fusion-title-heading title-heading-left\" style=\"margin:0;\"><hr \/>\n<p>Nap\u00ed\u0161te n\u00e1m:<\/p><\/h2><\/div><div class=\"fusion-form fusion-form-builder fusion-form-form-wrapper fusion-form-15296\" style=\"--awb-tooltip-text-color:#ffffff;--awb-tooltip-background-color:#333333;\" data-form-id=\"15296\" data-config=\"{&quot;form_id&quot;:&quot;15296&quot;,&quot;form_post_id&quot;:&quot;15296&quot;,&quot;post_id&quot;:12980,&quot;form_type&quot;:&quot;ajax&quot;,&quot;confirmation_type&quot;:&quot;message&quot;,&quot;redirect_url&quot;:&quot;&quot;,&quot;field_labels&quot;:{&quot;meno_a_priezvisko&quot;:&quot;Meno a priezvisko&quot;,&quot;e-mail:&quot;:&quot;E-mail:&quot;,&quot;telefon:&quot;:&quot;Telef\\u00f3n:&quot;,&quot;sprava&quot;:&quot;Spr\\u00e1va:&quot;},&quot;field_logics&quot;:{&quot;meno_a_priezvisko&quot;:&quot;&quot;,&quot;e-mail:&quot;:&quot;&quot;,&quot;telefon:&quot;:&quot;&quot;,&quot;sprava&quot;:&quot;&quot;},&quot;field_types&quot;:{&quot;meno_a_priezvisko&quot;:&quot;text&quot;,&quot;e-mail:&quot;:&quot;email&quot;,&quot;telefon:&quot;:&quot;phone_number&quot;,&quot;sprava&quot;:&quot;textarea&quot;,&quot;submit_1&quot;:&quot;submit&quot;},&quot;nonce_method&quot;:&quot;ajax&quot;}\"><form action=\"https:\/\/www.felymalaser.sk\/index.php\/kontakt\/\" method=\"post\" class=\"fusion-form fusion-form-15296\"><div class=\"fusion-fullwidth fullwidth-box fusion-builder-row-1-1 fusion-flex-container has-pattern-background has-mask-background nonhundred-percent-fullwidth non-hundred-percent-height-scrolling\" style=\"--awb-border-radius-top-left:0px;--awb-border-radius-top-right:0px;--awb-border-radius-bottom-right:0px;--awb-border-radius-bottom-left:0px;--awb-flex-wrap:wrap;\" ><div class=\"fusion-builder-row fusion-row fusion-flex-align-items-flex-start fusion-flex-content-wrap\" style=\"width:104% !important;max-width:104% !important;margin-left: calc(-4% \/ 2 );margin-right: calc(-4% \/ 2 );\"><div class=\"fusion-layout-column fusion_builder_column fusion-builder-column-1 fusion_builder_column_1_1 1_1 fusion-flex-column\" style=\"--awb-bg-size:cover;--awb-width-large:100%;--awb-margin-top-large:0px;--awb-spacing-right-large:1.92%;--awb-margin-bottom-large:20px;--awb-spacing-left-large:1.92%;--awb-width-medium:100%;--awb-order-medium:0;--awb-spacing-right-medium:1.92%;--awb-spacing-left-medium:1.92%;--awb-width-small:100%;--awb-order-small:0;--awb-spacing-right-small:1.92%;--awb-spacing-left-small:1.92%;\"><div class=\"fusion-column-wrapper fusion-column-has-shadow fusion-flex-justify-content-flex-start fusion-content-layout-column\"><div class=\"fusion-form-field fusion-form-text-field fusion-form-label-above\" style=\"\" data-form-id=\"15296\"><div class=\"fusion-form-label-wrapper\"><label for=\"meno_a_priezvisko\">Meno a priezvisko <abbr class=\"fusion-form-element-required\" title=\"required\">*<\/abbr><\/label><\/div><input type=\"text\" name=\"meno_a_priezvisko\" id=\"meno_a_priezvisko\" value=\"\"  class=\"fusion-form-input\" required=\"true\" aria-required=\"true\" data-holds-private-data=\"false\" minlength=\"0\"\/><\/div><div class=\"fusion-form-field fusion-form-email-field fusion-form-label-above\" style=\"\" data-form-id=\"15296\"><div class=\"fusion-form-label-wrapper\"><label for=\"e-mail:\">E-mail: <abbr class=\"fusion-form-element-required\" title=\"required\">*<\/abbr><\/label><\/div><div class=\"fusion-form-input-with-icon\"><i class=\"awb-form-icon fa-at fas\"><\/i><input type=\"email\" name=\"e-mail:\" id=\"e-mail:\" value=\"\"  class=\"fusion-form-input\" required=\"true\" aria-required=\"true\" data-holds-private-data=\"false\"\/><\/div><\/div><div class=\"fusion-form-field fusion-form-phone-number-field fusion-form-label-above\" style=\"\" data-form-id=\"15296\"><div class=\"fusion-form-label-wrapper\"><label for=\"telefon:\">Telef\u00f3n:<\/label><\/div><div class=\"fusion-form-input-with-icon\"><i class=\"awb-form-icon fa-phone-square-alt fas\"><\/i><input type=\"tel\" name=\"telefon:\" id=\"telefon:\" value=\"\"  class=\"fusion-form-input\" data-holds-private-data=\"false\"\/><\/div><\/div><div class=\"fusion-form-field fusion-form-textarea-field fusion-form-label-above\" style=\"\" data-form-id=\"15296\"><label for=\"sprava\">Spr\u00e1va: <abbr class=\"fusion-form-element-required\" title=\"required\">*<\/abbr><\/label><textarea cols=\"40\"  minlength=\"0\"  rows=\"2\" tabindex=\"\" id=\"sprava\" name=\"sprava\" class=\"fusion-form-input\" required=\"true\" aria-required=\"true\" data-holds-private-data=\"false\"><\/textarea><\/div><div class=\"fusion-form-field fusion-form-submit-field fusion-form-label-above\" style=\"\" data-form-id=\"15296\"><div ><button type=\"submit\" class=\"fusion-button button-flat fusion-button-default-size button-default fusion-button-default button-1 fusion-button-default-span  form-form-submit button-default\" data-form-number=\"15296\" tabindex=\"\"><span class=\"fusion-button-text\">Odosla\u0165<\/span><\/button><\/div><\/div><\/div><\/div><\/div><\/div><input type=\"hidden\" name=\"fusion_privacy_store_ip_ua\" value=\"false\"><input type=\"hidden\" name=\"fusion_privacy_expiration_interval\" value=\"48\"><input type=\"hidden\" name=\"privacy_expiration_action\" value=\"anonymize\"><\/form><\/div><\/div><\/div><div class=\"fusion-layout-column fusion_builder_column fusion-builder-column-2 fusion_builder_column_1_2 1_2 fusion-flex-column\" style=\"--awb-bg-size:cover;--awb-width-large:50%;--awb-margin-top-large:0px;--awb-spacing-right-large:3.84%;--awb-margin-bottom-large:20px;--awb-spacing-left-large:3.84%;--awb-width-medium:50%;--awb-spacing-right-medium:3.84%;--awb-spacing-left-medium:3.84%;--awb-width-small:100%;--awb-spacing-right-small:1.92%;--awb-spacing-left-small:1.92%;\"><div class=\"fusion-column-wrapper fusion-flex-justify-content-flex-start fusion-content-layout-column\"><div class=\"fusion-text fusion-text-2\" style=\"--awb-text-transform:none;\"><h3><span style=\"font-family: 'trebuchet ms', geneva, sans-serif;\">MARKETING A PREDAJ LASEROVEJ TECHNIKY:<\/span><\/h3>\n<blockquote>\n<p><strong>Franti\u0161ek Hropko<\/strong><br \/>\nTel.:+421 905 801 785<br \/>\nE-mail:\u00a0<a href=\"mailto:hropko@felymalaser.sk\">hropko@felymalaser.sk<\/a><\/p>\n<p style=\"text-align: justify;\"><strong>Pavol Dvor\u0161\u010d\u00edk<\/strong><br \/>\nTel.: +421 903 250 462<br \/>\nE-mail: <a href=\"mailto:dvorscik@felymalaser.sk\">dvorscik@felymalaser.sk<\/a><\/p>\n<\/blockquote>\n<h3 style=\"text-align: justify;\"><span style=\"font-family: 'trebuchet ms', geneva, sans-serif;\">SERVIS:<\/span><\/h3>\n<blockquote>\n<p style=\"text-align: justify;\"><strong>Samuel Pint\u00e9r<\/strong><br \/>\nTel.: +421 917 364 160<br \/>\nE-mail: <a href=\"mailto:pinter@felymalaser.sk\">pinter@felymalaser.sk<\/a><\/p>\n<p style=\"text-align: justify;\"><strong>Pavol Dvor\u0161\u010d\u00edk<\/strong><br \/>\nTel.: +421 903 250 462<br \/>\nE-mail: <a href=\"mailto:dvorscik@felymalaser.sk\">dvorscik@felymalaser.sk<\/a><\/p>\n<\/blockquote>\n<h3><span style=\"font-family: 'trebuchet ms', geneva, sans-serif;\">SEKRETARI\u00c1T:<\/span><\/h3>\n<blockquote>\n<div>\n<div>\n<div><strong>Vikt\u00f3ria Menyhertov\u00e1<\/strong><\/div>\n<div>Tel.: +421 45 5321 685<\/div>\n<div>E-mail:\u00a0<a href=\"mailto:felyma@felyma.sk\" target=\"_blank\" rel=\"noopener\">felyma@felyma.sk<\/a><\/div>\n<\/div>\n<\/div>\n<\/blockquote>\n<\/div><\/div><\/div><\/div><\/div>\n","protected":false},"excerpt":{"rendered":"","protected":false},"author":1,"featured_media":0,"parent":0,"menu_order":0,"comment_status":"closed","ping_status":"closed","template":"","meta":{"footnotes":""},"class_list":["post-12980","page","type-page","status-publish","hentry"],"_links":{"self":[{"href":"https:\/\/www.felymalaser.sk\/index.php\/wp-json\/wp\/v2\/pages\/12980","targetHints":{"allow":["GET"]}}],"collection":[{"href":"https:\/\/www.felymalaser.sk\/index.php\/wp-json\/wp\/v2\/pages"}],"about":[{"href":"https:\/\/www.felymalaser.sk\/index.php\/wp-json\/wp\/v2\/types\/page"}],"author":[{"embeddable":true,"href":"https:\/\/www.felymalaser.sk\/index.php\/wp-json\/wp\/v2\/users\/1"}],"replies":[{"embeddable":true,"href":"https:\/\/www.felymalaser.sk\/index.php\/wp-json\/wp\/v2\/comments?post=12980"}],"version-history":[{"count":41,"href":"https:\/\/www.felymalaser.sk\/index.php\/wp-json\/wp\/v2\/pages\/12980\/revisions"}],"predecessor-version":[{"id":15300,"href":"https:\/\/www.felymalaser.sk\/index.php\/wp-json\/wp\/v2\/pages\/12980\/revisions\/15300"}],"wp:attachment":[{"href":"https:\/\/www.felymalaser.sk\/index.php\/wp-json\/wp\/v2\/media?parent=12980"}],"curies":[{"name":"wp","href":"https:\/\/api.w.org\/{rel}","templated":true}]}}